{"id":7216,"date":"2018-05-03T14:38:43","date_gmt":"2018-05-03T12:38:43","guid":{"rendered":"https:\/\/fruehwald.hu\/termekek\/caramizi-pentru-santuri\/"},"modified":"2024-03-27T14:07:05","modified_gmt":"2024-03-27T13:07:05","slug":"caramizi-pentru-santuri","status":"publish","type":"product","link":"https:\/\/fruehwald.hu\/ro\/produse\/caramizi-pentru-santuri\/","title":{"rendered":"C\u0103r\u0103mizi pentru \u0219an\u021buri"},"content":{"rendered":"<p>C\u0103r\u0103mida pentru \u0219an\u021buri ofer\u0103 o solu\u021bie pentru canalele de drenaj deschise \u0219i \u00eenchise pentru apele pluviale \u00een zonele interioare \u0219i exterioare.<\/p>\n<p>M\u0103rimi:<\/p>\n<p style=\"text-align: left;\"><b>AT 65:<\/b><br \/>\n65 x 50 x 40 x (31) cm<\/p>\n","protected":false},"excerpt":{"rendered":"<p>C\u0103r\u0103mida pentru \u0219an\u021buri ofer\u0103 o solu\u021bie pentru canalele de drenaj deschise \u0219i \u00eenchise pentru apele pluviale \u00een zonele interioare \u0219i exterioare. M\u0103rimi: AT 65: 65 x 50 x 40 x (31) cm<\/p>\n","protected":false},"featured_media":13648,"template":"","product-cat":[332],"product-color":[316],"product-coating":[],"product-usage-area":[],"product-load-capacity":[],"product-features":[317],"yoast_head":"<!-- This site is optimized with the Yoast SEO plugin v18.8 - https:\/\/yoast.com\/wordpress\/plugins\/seo\/ -->\n<title>C\u0103r\u0103mizi pentru \u0219an\u021buri - Fr\u00fchwald HU<\/title>\n<meta name=\"robots\" content=\"index, follow, max-snippet:-1, max-image-preview:large, max-video-preview:-1\" \/>\n<link rel=\"canonical\" href=\"https:\/\/fruehwald.hu\/ro\/produse\/caramizi-pentru-santuri\/\" \/>\n<meta property=\"og:locale\" content=\"ro_RO\" \/>\n<meta property=\"og:type\" content=\"article\" \/>\n<meta property=\"og:title\" content=\"C\u0103r\u0103mizi pentru \u0219an\u021buri - Fr\u00fchwald HU\" \/>\n<meta property=\"og:description\" content=\"C\u0103r\u0103mida pentru \u0219an\u021buri ofer\u0103 o solu\u021bie pentru canalele de drenaj deschise \u0219i \u00eenchise pentru apele pluviale \u00een zonele interioare \u0219i exterioare. M\u0103rimi: AT 65: 65 x 50 x 40 x (31) cm\" \/>\n<meta property=\"og:url\" content=\"https:\/\/fruehwald.hu\/ro\/produse\/caramizi-pentru-santuri\/\" \/>\n<meta property=\"og:site_name\" content=\"Fr\u00fchwald HU\" \/>\n<meta property=\"article:modified_time\" content=\"2024-03-27T13:07:05+00:00\" \/>\n<meta property=\"og:image\" content=\"https:\/\/fruehwald.hu\/wp-content\/uploads\/sites\/5\/2018\/05\/Entwaesserung_Image2-scaled.jpg\" \/>\n\t<meta property=\"og:image:width\" content=\"3000\" \/>\n\t<meta property=\"og:image:height\" content=\"2000\" \/>\n\t<meta property=\"og:image:type\" content=\"image\/jpeg\" \/>\n<meta name=\"twitter:card\" content=\"summary_large_image\" \/>\n<script type=\"application\/ld+json\" class=\"yoast-schema-graph\">{\"@context\":\"https:\/\/schema.org\",\"@graph\":[{\"@type\":\"WebSite\",\"@id\":\"https:\/\/fruehwald.hu\/#website\",\"url\":\"https:\/\/fruehwald.hu\/\",\"name\":\"Fr\u00fchwald HU\",\"description\":\"Fr\u00fchwald\",\"potentialAction\":[{\"@type\":\"SearchAction\",\"target\":{\"@type\":\"EntryPoint\",\"urlTemplate\":\"https:\/\/fruehwald.hu\/?s={search_term_string}\"},\"query-input\":\"required name=search_term_string\"}],\"inLanguage\":\"ro-RO\"},{\"@type\":\"ImageObject\",\"inLanguage\":\"ro-RO\",\"@id\":\"https:\/\/fruehwald.hu\/ro\/produse\/caramizi-pentru-santuri\/#primaryimage\",\"url\":\"https:\/\/fruehwald.hu\/wp-content\/uploads\/sites\/5\/2018\/05\/Weboldal_kategoria_Aroktegla.jpg\",\"contentUrl\":\"https:\/\/fruehwald.hu\/wp-content\/uploads\/sites\/5\/2018\/05\/Weboldal_kategoria_Aroktegla.jpg\",\"width\":969,\"height\":928},{\"@type\":\"WebPage\",\"@id\":\"https:\/\/fruehwald.hu\/ro\/produse\/caramizi-pentru-santuri\/#webpage\",\"url\":\"https:\/\/fruehwald.hu\/ro\/produse\/caramizi-pentru-santuri\/\",\"name\":\"C\u0103r\u0103mizi pentru \u0219an\u021buri - Fr\u00fchwald HU\",\"isPartOf\":{\"@id\":\"https:\/\/fruehwald.hu\/#website\"},\"primaryImageOfPage\":{\"@id\":\"https:\/\/fruehwald.hu\/ro\/produse\/caramizi-pentru-santuri\/#primaryimage\"},\"datePublished\":\"2018-05-03T12:38:43+00:00\",\"dateModified\":\"2024-03-27T13:07:05+00:00\",\"breadcrumb\":{\"@id\":\"https:\/\/fruehwald.hu\/ro\/produse\/caramizi-pentru-santuri\/#breadcrumb\"},\"inLanguage\":\"ro-RO\",\"potentialAction\":[{\"@type\":\"ReadAction\",\"target\":[\"https:\/\/fruehwald.hu\/ro\/produse\/caramizi-pentru-santuri\/\"]}]},{\"@type\":\"BreadcrumbList\",\"@id\":\"https:\/\/fruehwald.hu\/ro\/produse\/caramizi-pentru-santuri\/#breadcrumb\",\"itemListElement\":[{\"@type\":\"ListItem\",\"position\":1,\"name\":\"Products\",\"item\":\"https:\/\/fruehwald.hu\/products\/\"},{\"@type\":\"ListItem\",\"position\":2,\"name\":\"C\u0103r\u0103mizi pentru \u0219an\u021buri\"}]}]}<\/script>\n<!-- \/ Yoast SEO plugin. -->","yoast_head_json":{"title":"C\u0103r\u0103mizi pentru \u0219an\u021buri - Fr\u00fchwald HU","robots":{"index":"index","follow":"follow","max-snippet":"max-snippet:-1","max-image-preview":"max-image-preview:large","max-video-preview":"max-video-preview:-1"},"canonical":"https:\/\/fruehwald.hu\/ro\/produse\/caramizi-pentru-santuri\/","og_locale":"ro_RO","og_type":"article","og_title":"C\u0103r\u0103mizi pentru \u0219an\u021buri - Fr\u00fchwald HU","og_description":"C\u0103r\u0103mida pentru \u0219an\u021buri ofer\u0103 o solu\u021bie pentru canalele de drenaj deschise \u0219i \u00eenchise pentru apele pluviale \u00een zonele interioare \u0219i exterioare. M\u0103rimi: AT 65: 65 x 50 x 40 x (31) cm","og_url":"https:\/\/fruehwald.hu\/ro\/produse\/caramizi-pentru-santuri\/","og_site_name":"Fr\u00fchwald HU","article_modified_time":"2024-03-27T13:07:05+00:00","og_image":[{"width":3000,"height":2000,"url":"https:\/\/fruehwald.hu\/wp-content\/uploads\/sites\/5\/2018\/05\/Entwaesserung_Image2-scaled.jpg","type":"image\/jpeg"}],"twitter_card":"summary_large_image","schema":{"@context":"https:\/\/schema.org","@graph":[{"@type":"WebSite","@id":"https:\/\/fruehwald.hu\/#website","url":"https:\/\/fruehwald.hu\/","name":"Fr\u00fchwald HU","description":"Fr\u00fchwald","potentialAction":[{"@type":"SearchAction","target":{"@type":"EntryPoint","urlTemplate":"https:\/\/fruehwald.hu\/?s={search_term_string}"},"query-input":"required name=search_term_string"}],"inLanguage":"ro-RO"},{"@type":"ImageObject","inLanguage":"ro-RO","@id":"https:\/\/fruehwald.hu\/ro\/produse\/caramizi-pentru-santuri\/#primaryimage","url":"https:\/\/fruehwald.hu\/wp-content\/uploads\/sites\/5\/2018\/05\/Weboldal_kategoria_Aroktegla.jpg","contentUrl":"https:\/\/fruehwald.hu\/wp-content\/uploads\/sites\/5\/2018\/05\/Weboldal_kategoria_Aroktegla.jpg","width":969,"height":928},{"@type":"WebPage","@id":"https:\/\/fruehwald.hu\/ro\/produse\/caramizi-pentru-santuri\/#webpage","url":"https:\/\/fruehwald.hu\/ro\/produse\/caramizi-pentru-santuri\/","name":"C\u0103r\u0103mizi pentru \u0219an\u021buri - Fr\u00fchwald HU","isPartOf":{"@id":"https:\/\/fruehwald.hu\/#website"},"primaryImageOfPage":{"@id":"https:\/\/fruehwald.hu\/ro\/produse\/caramizi-pentru-santuri\/#primaryimage"},"datePublished":"2018-05-03T12:38:43+00:00","dateModified":"2024-03-27T13:07:05+00:00","breadcrumb":{"@id":"https:\/\/fruehwald.hu\/ro\/produse\/caramizi-pentru-santuri\/#breadcrumb"},"inLanguage":"ro-RO","potentialAction":[{"@type":"ReadAction","target":["https:\/\/fruehwald.hu\/ro\/produse\/caramizi-pentru-santuri\/"]}]},{"@type":"BreadcrumbList","@id":"https:\/\/fruehwald.hu\/ro\/produse\/caramizi-pentru-santuri\/#breadcrumb","itemListElement":[{"@type":"ListItem","position":1,"name":"Products","item":"https:\/\/fruehwald.hu\/products\/"},{"@type":"ListItem","position":2,"name":"C\u0103r\u0103mizi pentru \u0219an\u021buri"}]}]}},"acf":[],"_links":{"self":[{"href":"https:\/\/fruehwald.hu\/ro\/wp-json\/wp\/v2\/product\/7216"}],"collection":[{"href":"https:\/\/fruehwald.hu\/ro\/wp-json\/wp\/v2\/product"}],"about":[{"href":"https:\/\/fruehwald.hu\/ro\/wp-json\/wp\/v2\/types\/product"}],"wp:featuredmedia":[{"embeddable":true,"href":"https:\/\/fruehwald.hu\/ro\/wp-json\/wp\/v2\/media\/13648"}],"wp:attachment":[{"href":"https:\/\/fruehwald.hu\/ro\/wp-json\/wp\/v2\/media?parent=7216"}],"wp:term":[{"taxonomy":"product-cat","embeddable":true,"href":"https:\/\/fruehwald.hu\/ro\/wp-json\/wp\/v2\/product-cat?post=7216"},{"taxonomy":"product-color","embeddable":true,"href":"https:\/\/fruehwald.hu\/ro\/wp-json\/wp\/v2\/product-color?post=7216"},{"taxonomy":"product-coating","embeddable":true,"href":"https:\/\/fruehwald.hu\/ro\/wp-json\/wp\/v2\/product-coating?post=7216"},{"taxonomy":"product-usage-area","embeddable":true,"href":"https:\/\/fruehwald.hu\/ro\/wp-json\/wp\/v2\/product-usage-area?post=7216"},{"taxonomy":"product-load-capacity","embeddable":true,"href":"https:\/\/fruehwald.hu\/ro\/wp-json\/wp\/v2\/product-load-capacity?post=7216"},{"taxonomy":"product-features","embeddable":true,"href":"https:\/\/fruehwald.hu\/ro\/wp-json\/wp\/v2\/product-features?post=7216"}],"curies":[{"name":"wp","href":"https:\/\/api.w.org\/{rel}","templated":true}]}}