{"id":7215,"date":"2022-09-16T13:49:20","date_gmt":"2022-09-16T11:49:20","guid":{"rendered":"https:\/\/fruehwald.hu\/termekek\/caramizi-de-cofraj\/"},"modified":"2024-03-27T14:04:13","modified_gmt":"2024-03-27T13:04:13","slug":"caramizi-de-cofraj","status":"publish","type":"product","link":"https:\/\/fruehwald.hu\/ro\/produse\/caramizi-de-cofraj\/","title":{"rendered":"C\u0103r\u0103mizi de cofraj"},"content":{"rendered":"\n<div class=\"wp-block-columns\">\n<div class=\"wp-block-column\">\n<h2 class=\"\">Descriere<\/h2>\n\n\n\n<p class=\"\">Cel mai frecvent utilizat cofraj. Acesta accelereaz\u0103 procesul de execu\u021bie. Un element de cofraj gol \u00een interior, adecvat pentru construirea unui perete sau al unui soclu din beton monolit, cu turnarea ulterioar\u0103 a betonului.<\/p>\n<\/div>\n<\/div>\n","protected":false},"excerpt":{"rendered":"<p>Descriere Cel mai frecvent utilizat cofraj. Acesta accelereaz\u0103 procesul de execu\u021bie. Un element de cofraj gol \u00een interior, adecvat pentru construirea unui perete sau al unui soclu din beton monolit, cu turnarea ulterioar\u0103 a betonului.<\/p>\n","protected":false},"featured_media":13187,"template":"","product-cat":[331],"product-color":[316],"product-coating":[321],"product-usage-area":[],"product-load-capacity":[],"product-features":[318],"yoast_head":"<!-- This site is optimized with the Yoast SEO plugin v18.8 - https:\/\/yoast.com\/wordpress\/plugins\/seo\/ -->\n<title>C\u0103r\u0103mizi de cofraj - Fr\u00fchwald HU<\/title>\n<meta name=\"robots\" content=\"index, follow, max-snippet:-1, max-image-preview:large, max-video-preview:-1\" \/>\n<link rel=\"canonical\" href=\"https:\/\/fruehwald.hu\/ro\/produse\/caramizi-de-cofraj\/\" \/>\n<meta property=\"og:locale\" content=\"ro_RO\" \/>\n<meta property=\"og:type\" content=\"article\" \/>\n<meta property=\"og:title\" content=\"C\u0103r\u0103mizi de cofraj - Fr\u00fchwald HU\" \/>\n<meta property=\"og:description\" content=\"Descriere Cel mai frecvent utilizat cofraj. Acesta accelereaz\u0103 procesul de execu\u021bie. Un element de cofraj gol \u00een interior, adecvat pentru construirea unui perete sau al unui soclu din beton monolit, cu turnarea ulterioar\u0103 a betonului.\" \/>\n<meta property=\"og:url\" content=\"https:\/\/fruehwald.hu\/ro\/produse\/caramizi-de-cofraj\/\" \/>\n<meta property=\"og:site_name\" content=\"Fr\u00fchwald HU\" \/>\n<meta property=\"article:modified_time\" content=\"2024-03-27T13:04:13+00:00\" \/>\n<meta property=\"og:image\" content=\"https:\/\/fruehwald.hu\/wp-content\/uploads\/sites\/5\/2022\/09\/11158025.jpg\" \/>\n\t<meta property=\"og:image:width\" content=\"1000\" \/>\n\t<meta property=\"og:image:height\" content=\"1000\" \/>\n\t<meta property=\"og:image:type\" content=\"image\/jpeg\" \/>\n<meta name=\"twitter:card\" content=\"summary_large_image\" \/>\n<script type=\"application\/ld+json\" class=\"yoast-schema-graph\">{\"@context\":\"https:\/\/schema.org\",\"@graph\":[{\"@type\":\"WebSite\",\"@id\":\"https:\/\/fruehwald.hu\/#website\",\"url\":\"https:\/\/fruehwald.hu\/\",\"name\":\"Fr\u00fchwald HU\",\"description\":\"Fr\u00fchwald\",\"potentialAction\":[{\"@type\":\"SearchAction\",\"target\":{\"@type\":\"EntryPoint\",\"urlTemplate\":\"https:\/\/fruehwald.hu\/?s={search_term_string}\"},\"query-input\":\"required name=search_term_string\"}],\"inLanguage\":\"ro-RO\"},{\"@type\":\"ImageObject\",\"inLanguage\":\"ro-RO\",\"@id\":\"https:\/\/fruehwald.hu\/ro\/produse\/caramizi-de-cofraj\/#primaryimage\",\"url\":\"https:\/\/fruehwald.hu\/wp-content\/uploads\/sites\/5\/2022\/09\/Weboldal_slide_Zsaluko.jpg\",\"contentUrl\":\"https:\/\/fruehwald.hu\/wp-content\/uploads\/sites\/5\/2022\/09\/Weboldal_slide_Zsaluko.jpg\",\"width\":1920,\"height\":1080},{\"@type\":\"WebPage\",\"@id\":\"https:\/\/fruehwald.hu\/ro\/produse\/caramizi-de-cofraj\/#webpage\",\"url\":\"https:\/\/fruehwald.hu\/ro\/produse\/caramizi-de-cofraj\/\",\"name\":\"C\u0103r\u0103mizi de cofraj - Fr\u00fchwald HU\",\"isPartOf\":{\"@id\":\"https:\/\/fruehwald.hu\/#website\"},\"primaryImageOfPage\":{\"@id\":\"https:\/\/fruehwald.hu\/ro\/produse\/caramizi-de-cofraj\/#primaryimage\"},\"datePublished\":\"2022-09-16T11:49:20+00:00\",\"dateModified\":\"2024-03-27T13:04:13+00:00\",\"breadcrumb\":{\"@id\":\"https:\/\/fruehwald.hu\/ro\/produse\/caramizi-de-cofraj\/#breadcrumb\"},\"inLanguage\":\"ro-RO\",\"potentialAction\":[{\"@type\":\"ReadAction\",\"target\":[\"https:\/\/fruehwald.hu\/ro\/produse\/caramizi-de-cofraj\/\"]}]},{\"@type\":\"BreadcrumbList\",\"@id\":\"https:\/\/fruehwald.hu\/ro\/produse\/caramizi-de-cofraj\/#breadcrumb\",\"itemListElement\":[{\"@type\":\"ListItem\",\"position\":1,\"name\":\"Products\",\"item\":\"https:\/\/fruehwald.hu\/products\/\"},{\"@type\":\"ListItem\",\"position\":2,\"name\":\"C\u0103r\u0103mizi de cofraj\"}]}]}<\/script>\n<!-- \/ Yoast SEO plugin. -->","yoast_head_json":{"title":"C\u0103r\u0103mizi de cofraj - Fr\u00fchwald HU","robots":{"index":"index","follow":"follow","max-snippet":"max-snippet:-1","max-image-preview":"max-image-preview:large","max-video-preview":"max-video-preview:-1"},"canonical":"https:\/\/fruehwald.hu\/ro\/produse\/caramizi-de-cofraj\/","og_locale":"ro_RO","og_type":"article","og_title":"C\u0103r\u0103mizi de cofraj - Fr\u00fchwald HU","og_description":"Descriere Cel mai frecvent utilizat cofraj. Acesta accelereaz\u0103 procesul de execu\u021bie. Un element de cofraj gol \u00een interior, adecvat pentru construirea unui perete sau al unui soclu din beton monolit, cu turnarea ulterioar\u0103 a betonului.","og_url":"https:\/\/fruehwald.hu\/ro\/produse\/caramizi-de-cofraj\/","og_site_name":"Fr\u00fchwald HU","article_modified_time":"2024-03-27T13:04:13+00:00","og_image":[{"width":1000,"height":1000,"url":"https:\/\/fruehwald.hu\/wp-content\/uploads\/sites\/5\/2022\/09\/11158025.jpg","type":"image\/jpeg"}],"twitter_card":"summary_large_image","schema":{"@context":"https:\/\/schema.org","@graph":[{"@type":"WebSite","@id":"https:\/\/fruehwald.hu\/#website","url":"https:\/\/fruehwald.hu\/","name":"Fr\u00fchwald HU","description":"Fr\u00fchwald","potentialAction":[{"@type":"SearchAction","target":{"@type":"EntryPoint","urlTemplate":"https:\/\/fruehwald.hu\/?s={search_term_string}"},"query-input":"required name=search_term_string"}],"inLanguage":"ro-RO"},{"@type":"ImageObject","inLanguage":"ro-RO","@id":"https:\/\/fruehwald.hu\/ro\/produse\/caramizi-de-cofraj\/#primaryimage","url":"https:\/\/fruehwald.hu\/wp-content\/uploads\/sites\/5\/2022\/09\/Weboldal_slide_Zsaluko.jpg","contentUrl":"https:\/\/fruehwald.hu\/wp-content\/uploads\/sites\/5\/2022\/09\/Weboldal_slide_Zsaluko.jpg","width":1920,"height":1080},{"@type":"WebPage","@id":"https:\/\/fruehwald.hu\/ro\/produse\/caramizi-de-cofraj\/#webpage","url":"https:\/\/fruehwald.hu\/ro\/produse\/caramizi-de-cofraj\/","name":"C\u0103r\u0103mizi de cofraj - Fr\u00fchwald HU","isPartOf":{"@id":"https:\/\/fruehwald.hu\/#website"},"primaryImageOfPage":{"@id":"https:\/\/fruehwald.hu\/ro\/produse\/caramizi-de-cofraj\/#primaryimage"},"datePublished":"2022-09-16T11:49:20+00:00","dateModified":"2024-03-27T13:04:13+00:00","breadcrumb":{"@id":"https:\/\/fruehwald.hu\/ro\/produse\/caramizi-de-cofraj\/#breadcrumb"},"inLanguage":"ro-RO","potentialAction":[{"@type":"ReadAction","target":["https:\/\/fruehwald.hu\/ro\/produse\/caramizi-de-cofraj\/"]}]},{"@type":"BreadcrumbList","@id":"https:\/\/fruehwald.hu\/ro\/produse\/caramizi-de-cofraj\/#breadcrumb","itemListElement":[{"@type":"ListItem","position":1,"name":"Products","item":"https:\/\/fruehwald.hu\/products\/"},{"@type":"ListItem","position":2,"name":"C\u0103r\u0103mizi de cofraj"}]}]}},"acf":[],"_links":{"self":[{"href":"https:\/\/fruehwald.hu\/ro\/wp-json\/wp\/v2\/product\/7215"}],"collection":[{"href":"https:\/\/fruehwald.hu\/ro\/wp-json\/wp\/v2\/product"}],"about":[{"href":"https:\/\/fruehwald.hu\/ro\/wp-json\/wp\/v2\/types\/product"}],"wp:featuredmedia":[{"embeddable":true,"href":"https:\/\/fruehwald.hu\/ro\/wp-json\/wp\/v2\/media\/13187"}],"wp:attachment":[{"href":"https:\/\/fruehwald.hu\/ro\/wp-json\/wp\/v2\/media?parent=7215"}],"wp:term":[{"taxonomy":"product-cat","embeddable":true,"href":"https:\/\/fruehwald.hu\/ro\/wp-json\/wp\/v2\/product-cat?post=7215"},{"taxonomy":"product-color","embeddable":true,"href":"https:\/\/fruehwald.hu\/ro\/wp-json\/wp\/v2\/product-color?post=7215"},{"taxonomy":"product-coating","embeddable":true,"href":"https:\/\/fruehwald.hu\/ro\/wp-json\/wp\/v2\/product-coating?post=7215"},{"taxonomy":"product-usage-area","embeddable":true,"href":"https:\/\/fruehwald.hu\/ro\/wp-json\/wp\/v2\/product-usage-area?post=7215"},{"taxonomy":"product-load-capacity","embeddable":true,"href":"https:\/\/fruehwald.hu\/ro\/wp-json\/wp\/v2\/product-load-capacity?post=7215"},{"taxonomy":"product-features","embeddable":true,"href":"https:\/\/fruehwald.hu\/ro\/wp-json\/wp\/v2\/product-features?post=7215"}],"curies":[{"name":"wp","href":"https:\/\/api.w.org\/{rel}","templated":true}]}}