{"id":7214,"date":"2022-09-16T14:04:23","date_gmt":"2022-09-16T12:04:23","guid":{"rendered":"https:\/\/fruehwald.hu\/termekek\/constructii-la-inaltime\/"},"modified":"2024-03-27T14:02:32","modified_gmt":"2024-03-27T13:02:32","slug":"constructii-la-inaltime","status":"publish","type":"product","link":"https:\/\/fruehwald.hu\/ro\/produse\/constructii-la-inaltime\/","title":{"rendered":"Construc\u021bii la \u00een\u0103l\u021bime"},"content":{"rendered":"\n<div class=\"wp-block-columns\">\n<div class=\"wp-block-column\">\n<h2 class=\"\">Descriere<\/h2>\n\n\n\n<p class=\"\">Cel mai frecvent utilizat cofraj. Acesta accelereaz\u0103 procesul de execu\u021bie. Bol\u021bar din beton pentru cofraj, corespunz\u0103tor la construirea de st\u00e2lpi sau de coloane monolitice, cu turnarea ulterioar\u0103 a betonului.<\/p>\n<\/div>\n<\/div>\n","protected":false},"excerpt":{"rendered":"<p>Descriere Cel mai frecvent utilizat cofraj. Acesta accelereaz\u0103 procesul de execu\u021bie. Bol\u021bar din beton pentru cofraj, corespunz\u0103tor la construirea de st\u00e2lpi sau de coloane monolitice, cu turnarea ulterioar\u0103 a betonului.<\/p>\n","protected":false},"featured_media":13184,"template":"","product-cat":[331],"product-color":[316],"product-coating":[321],"product-usage-area":[],"product-load-capacity":[],"product-features":[318],"yoast_head":"<!-- This site is optimized with the Yoast SEO plugin v18.8 - https:\/\/yoast.com\/wordpress\/plugins\/seo\/ -->\n<title>Construc\u021bii la \u00een\u0103l\u021bime - Fr\u00fchwald HU<\/title>\n<meta name=\"robots\" content=\"index, follow, max-snippet:-1, max-image-preview:large, max-video-preview:-1\" \/>\n<link rel=\"canonical\" href=\"https:\/\/fruehwald.hu\/ro\/produse\/constructii-la-inaltime\/\" \/>\n<meta property=\"og:locale\" content=\"ro_RO\" \/>\n<meta property=\"og:type\" content=\"article\" \/>\n<meta property=\"og:title\" content=\"Construc\u021bii la \u00een\u0103l\u021bime - Fr\u00fchwald HU\" \/>\n<meta property=\"og:description\" content=\"Descriere Cel mai frecvent utilizat cofraj. Acesta accelereaz\u0103 procesul de execu\u021bie. Bol\u021bar din beton pentru cofraj, corespunz\u0103tor la construirea de st\u00e2lpi sau de coloane monolitice, cu turnarea ulterioar\u0103 a betonului.\" \/>\n<meta property=\"og:url\" content=\"https:\/\/fruehwald.hu\/ro\/produse\/constructii-la-inaltime\/\" \/>\n<meta property=\"og:site_name\" content=\"Fr\u00fchwald HU\" \/>\n<meta property=\"article:modified_time\" content=\"2024-03-27T13:02:32+00:00\" \/>\n<meta property=\"og:image\" content=\"https:\/\/fruehwald.hu\/wp-content\/uploads\/sites\/5\/2022\/09\/11158018.jpg\" \/>\n\t<meta property=\"og:image:width\" content=\"1000\" \/>\n\t<meta property=\"og:image:height\" content=\"1000\" \/>\n\t<meta property=\"og:image:type\" content=\"image\/jpeg\" \/>\n<meta name=\"twitter:card\" content=\"summary_large_image\" \/>\n<script type=\"application\/ld+json\" class=\"yoast-schema-graph\">{\"@context\":\"https:\/\/schema.org\",\"@graph\":[{\"@type\":\"WebSite\",\"@id\":\"https:\/\/fruehwald.hu\/#website\",\"url\":\"https:\/\/fruehwald.hu\/\",\"name\":\"Fr\u00fchwald HU\",\"description\":\"Fr\u00fchwald\",\"potentialAction\":[{\"@type\":\"SearchAction\",\"target\":{\"@type\":\"EntryPoint\",\"urlTemplate\":\"https:\/\/fruehwald.hu\/?s={search_term_string}\"},\"query-input\":\"required name=search_term_string\"}],\"inLanguage\":\"ro-RO\"},{\"@type\":\"ImageObject\",\"inLanguage\":\"ro-RO\",\"@id\":\"https:\/\/fruehwald.hu\/ro\/produse\/constructii-la-inaltime\/#primaryimage\",\"url\":\"https:\/\/fruehwald.hu\/wp-content\/uploads\/sites\/5\/2022\/09\/Weboldal_slide_Oszlopzsalu.jpg\",\"contentUrl\":\"https:\/\/fruehwald.hu\/wp-content\/uploads\/sites\/5\/2022\/09\/Weboldal_slide_Oszlopzsalu.jpg\",\"width\":1920,\"height\":1080},{\"@type\":\"WebPage\",\"@id\":\"https:\/\/fruehwald.hu\/ro\/produse\/constructii-la-inaltime\/#webpage\",\"url\":\"https:\/\/fruehwald.hu\/ro\/produse\/constructii-la-inaltime\/\",\"name\":\"Construc\u021bii la \u00een\u0103l\u021bime - Fr\u00fchwald HU\",\"isPartOf\":{\"@id\":\"https:\/\/fruehwald.hu\/#website\"},\"primaryImageOfPage\":{\"@id\":\"https:\/\/fruehwald.hu\/ro\/produse\/constructii-la-inaltime\/#primaryimage\"},\"datePublished\":\"2022-09-16T12:04:23+00:00\",\"dateModified\":\"2024-03-27T13:02:32+00:00\",\"breadcrumb\":{\"@id\":\"https:\/\/fruehwald.hu\/ro\/produse\/constructii-la-inaltime\/#breadcrumb\"},\"inLanguage\":\"ro-RO\",\"potentialAction\":[{\"@type\":\"ReadAction\",\"target\":[\"https:\/\/fruehwald.hu\/ro\/produse\/constructii-la-inaltime\/\"]}]},{\"@type\":\"BreadcrumbList\",\"@id\":\"https:\/\/fruehwald.hu\/ro\/produse\/constructii-la-inaltime\/#breadcrumb\",\"itemListElement\":[{\"@type\":\"ListItem\",\"position\":1,\"name\":\"Products\",\"item\":\"https:\/\/fruehwald.hu\/products\/\"},{\"@type\":\"ListItem\",\"position\":2,\"name\":\"Construc\u021bii la \u00een\u0103l\u021bime\"}]}]}<\/script>\n<!-- \/ Yoast SEO plugin. -->","yoast_head_json":{"title":"Construc\u021bii la \u00een\u0103l\u021bime - Fr\u00fchwald HU","robots":{"index":"index","follow":"follow","max-snippet":"max-snippet:-1","max-image-preview":"max-image-preview:large","max-video-preview":"max-video-preview:-1"},"canonical":"https:\/\/fruehwald.hu\/ro\/produse\/constructii-la-inaltime\/","og_locale":"ro_RO","og_type":"article","og_title":"Construc\u021bii la \u00een\u0103l\u021bime - Fr\u00fchwald HU","og_description":"Descriere Cel mai frecvent utilizat cofraj. Acesta accelereaz\u0103 procesul de execu\u021bie. Bol\u021bar din beton pentru cofraj, corespunz\u0103tor la construirea de st\u00e2lpi sau de coloane monolitice, cu turnarea ulterioar\u0103 a betonului.","og_url":"https:\/\/fruehwald.hu\/ro\/produse\/constructii-la-inaltime\/","og_site_name":"Fr\u00fchwald HU","article_modified_time":"2024-03-27T13:02:32+00:00","og_image":[{"width":1000,"height":1000,"url":"https:\/\/fruehwald.hu\/wp-content\/uploads\/sites\/5\/2022\/09\/11158018.jpg","type":"image\/jpeg"}],"twitter_card":"summary_large_image","schema":{"@context":"https:\/\/schema.org","@graph":[{"@type":"WebSite","@id":"https:\/\/fruehwald.hu\/#website","url":"https:\/\/fruehwald.hu\/","name":"Fr\u00fchwald HU","description":"Fr\u00fchwald","potentialAction":[{"@type":"SearchAction","target":{"@type":"EntryPoint","urlTemplate":"https:\/\/fruehwald.hu\/?s={search_term_string}"},"query-input":"required name=search_term_string"}],"inLanguage":"ro-RO"},{"@type":"ImageObject","inLanguage":"ro-RO","@id":"https:\/\/fruehwald.hu\/ro\/produse\/constructii-la-inaltime\/#primaryimage","url":"https:\/\/fruehwald.hu\/wp-content\/uploads\/sites\/5\/2022\/09\/Weboldal_slide_Oszlopzsalu.jpg","contentUrl":"https:\/\/fruehwald.hu\/wp-content\/uploads\/sites\/5\/2022\/09\/Weboldal_slide_Oszlopzsalu.jpg","width":1920,"height":1080},{"@type":"WebPage","@id":"https:\/\/fruehwald.hu\/ro\/produse\/constructii-la-inaltime\/#webpage","url":"https:\/\/fruehwald.hu\/ro\/produse\/constructii-la-inaltime\/","name":"Construc\u021bii la \u00een\u0103l\u021bime - Fr\u00fchwald HU","isPartOf":{"@id":"https:\/\/fruehwald.hu\/#website"},"primaryImageOfPage":{"@id":"https:\/\/fruehwald.hu\/ro\/produse\/constructii-la-inaltime\/#primaryimage"},"datePublished":"2022-09-16T12:04:23+00:00","dateModified":"2024-03-27T13:02:32+00:00","breadcrumb":{"@id":"https:\/\/fruehwald.hu\/ro\/produse\/constructii-la-inaltime\/#breadcrumb"},"inLanguage":"ro-RO","potentialAction":[{"@type":"ReadAction","target":["https:\/\/fruehwald.hu\/ro\/produse\/constructii-la-inaltime\/"]}]},{"@type":"BreadcrumbList","@id":"https:\/\/fruehwald.hu\/ro\/produse\/constructii-la-inaltime\/#breadcrumb","itemListElement":[{"@type":"ListItem","position":1,"name":"Products","item":"https:\/\/fruehwald.hu\/products\/"},{"@type":"ListItem","position":2,"name":"Construc\u021bii la \u00een\u0103l\u021bime"}]}]}},"acf":[],"_links":{"self":[{"href":"https:\/\/fruehwald.hu\/ro\/wp-json\/wp\/v2\/product\/7214"}],"collection":[{"href":"https:\/\/fruehwald.hu\/ro\/wp-json\/wp\/v2\/product"}],"about":[{"href":"https:\/\/fruehwald.hu\/ro\/wp-json\/wp\/v2\/types\/product"}],"wp:featuredmedia":[{"embeddable":true,"href":"https:\/\/fruehwald.hu\/ro\/wp-json\/wp\/v2\/media\/13184"}],"wp:attachment":[{"href":"https:\/\/fruehwald.hu\/ro\/wp-json\/wp\/v2\/media?parent=7214"}],"wp:term":[{"taxonomy":"product-cat","embeddable":true,"href":"https:\/\/fruehwald.hu\/ro\/wp-json\/wp\/v2\/product-cat?post=7214"},{"taxonomy":"product-color","embeddable":true,"href":"https:\/\/fruehwald.hu\/ro\/wp-json\/wp\/v2\/product-color?post=7214"},{"taxonomy":"product-coating","embeddable":true,"href":"https:\/\/fruehwald.hu\/ro\/wp-json\/wp\/v2\/product-coating?post=7214"},{"taxonomy":"product-usage-area","embeddable":true,"href":"https:\/\/fruehwald.hu\/ro\/wp-json\/wp\/v2\/product-usage-area?post=7214"},{"taxonomy":"product-load-capacity","embeddable":true,"href":"https:\/\/fruehwald.hu\/ro\/wp-json\/wp\/v2\/product-load-capacity?post=7214"},{"taxonomy":"product-features","embeddable":true,"href":"https:\/\/fruehwald.hu\/ro\/wp-json\/wp\/v2\/product-features?post=7214"}],"curies":[{"name":"wp","href":"https:\/\/api.w.org\/{rel}","templated":true}]}}