{"id":7213,"date":"2022-09-16T14:07:35","date_gmt":"2022-09-16T12:07:35","guid":{"rendered":"https:\/\/fruehwald.hu\/termekek\/plansee-caramizi-pentru-plansee\/"},"modified":"2024-03-27T14:00:25","modified_gmt":"2024-03-27T13:00:25","slug":"plansee-caramizi-pentru-plansee","status":"publish","type":"product","link":"https:\/\/fruehwald.hu\/ro\/produse\/plansee-caramizi-pentru-plansee\/","title":{"rendered":"Plan\u0219ee, c\u0103r\u0103mizi pentru plan\u0219ee"},"content":{"rendered":"\n<div class=\"wp-block-columns\">\n<div class=\"wp-block-column\">\n<h2 class=\"\">Descriere<\/h2>\n\n\n\n<p class=\"\">C\u0103r\u0103mizile pentru plan\u0219ee sunt componente ale plan\u0219eului. Amplasate \u00eentre grinzile de beton armat, \u00eempreun\u0103 cu acestea formeaz\u0103 plan\u0219eul.<\/p>\n<\/div>\n<\/div>\n","protected":false},"excerpt":{"rendered":"<p>Descriere C\u0103r\u0103mizile pentru plan\u0219ee sunt componente ale plan\u0219eului. Amplasate \u00eentre grinzile de beton armat, \u00eempreun\u0103 cu acestea formeaz\u0103 plan\u0219eul.<\/p>\n","protected":false},"featured_media":13180,"template":"","product-cat":[331],"product-color":[316],"product-coating":[321],"product-usage-area":[],"product-load-capacity":[],"product-features":[318],"yoast_head":"<!-- This site is optimized with the Yoast SEO plugin v18.8 - https:\/\/yoast.com\/wordpress\/plugins\/seo\/ -->\n<title>Plan\u0219ee, c\u0103r\u0103mizi pentru plan\u0219ee - Fr\u00fchwald HU<\/title>\n<meta name=\"robots\" content=\"index, follow, max-snippet:-1, max-image-preview:large, max-video-preview:-1\" \/>\n<link rel=\"canonical\" href=\"https:\/\/fruehwald.hu\/ro\/produse\/plansee-caramizi-pentru-plansee\/\" \/>\n<meta property=\"og:locale\" content=\"ro_RO\" \/>\n<meta property=\"og:type\" content=\"article\" \/>\n<meta property=\"og:title\" content=\"Plan\u0219ee, c\u0103r\u0103mizi pentru plan\u0219ee - Fr\u00fchwald HU\" \/>\n<meta property=\"og:description\" content=\"Descriere C\u0103r\u0103mizile pentru plan\u0219ee sunt componente ale plan\u0219eului. Amplasate \u00eentre grinzile de beton armat, \u00eempreun\u0103 cu acestea formeaz\u0103 plan\u0219eul.\" \/>\n<meta property=\"og:url\" content=\"https:\/\/fruehwald.hu\/ro\/produse\/plansee-caramizi-pentru-plansee\/\" \/>\n<meta property=\"og:site_name\" content=\"Fr\u00fchwald HU\" \/>\n<meta property=\"article:modified_time\" content=\"2024-03-27T13:00:25+00:00\" \/>\n<meta property=\"og:image\" content=\"https:\/\/fruehwald.hu\/wp-content\/uploads\/sites\/5\/2022\/09\/11158046.jpg\" \/>\n\t<meta property=\"og:image:width\" content=\"1000\" \/>\n\t<meta property=\"og:image:height\" content=\"1000\" \/>\n\t<meta property=\"og:image:type\" content=\"image\/jpeg\" \/>\n<meta name=\"twitter:card\" content=\"summary_large_image\" \/>\n<script type=\"application\/ld+json\" class=\"yoast-schema-graph\">{\"@context\":\"https:\/\/schema.org\",\"@graph\":[{\"@type\":\"WebSite\",\"@id\":\"https:\/\/fruehwald.hu\/#website\",\"url\":\"https:\/\/fruehwald.hu\/\",\"name\":\"Fr\u00fchwald HU\",\"description\":\"Fr\u00fchwald\",\"potentialAction\":[{\"@type\":\"SearchAction\",\"target\":{\"@type\":\"EntryPoint\",\"urlTemplate\":\"https:\/\/fruehwald.hu\/?s={search_term_string}\"},\"query-input\":\"required name=search_term_string\"}],\"inLanguage\":\"ro-RO\"},{\"@type\":\"ImageObject\",\"inLanguage\":\"ro-RO\",\"@id\":\"https:\/\/fruehwald.hu\/ro\/produse\/plansee-caramizi-pentru-plansee\/#primaryimage\",\"url\":\"https:\/\/fruehwald.hu\/wp-content\/uploads\/sites\/5\/2022\/09\/Weboldal_slide_Belestest.jpg\",\"contentUrl\":\"https:\/\/fruehwald.hu\/wp-content\/uploads\/sites\/5\/2022\/09\/Weboldal_slide_Belestest.jpg\",\"width\":1920,\"height\":1080},{\"@type\":\"WebPage\",\"@id\":\"https:\/\/fruehwald.hu\/ro\/produse\/plansee-caramizi-pentru-plansee\/#webpage\",\"url\":\"https:\/\/fruehwald.hu\/ro\/produse\/plansee-caramizi-pentru-plansee\/\",\"name\":\"Plan\u0219ee, c\u0103r\u0103mizi pentru plan\u0219ee - Fr\u00fchwald HU\",\"isPartOf\":{\"@id\":\"https:\/\/fruehwald.hu\/#website\"},\"primaryImageOfPage\":{\"@id\":\"https:\/\/fruehwald.hu\/ro\/produse\/plansee-caramizi-pentru-plansee\/#primaryimage\"},\"datePublished\":\"2022-09-16T12:07:35+00:00\",\"dateModified\":\"2024-03-27T13:00:25+00:00\",\"breadcrumb\":{\"@id\":\"https:\/\/fruehwald.hu\/ro\/produse\/plansee-caramizi-pentru-plansee\/#breadcrumb\"},\"inLanguage\":\"ro-RO\",\"potentialAction\":[{\"@type\":\"ReadAction\",\"target\":[\"https:\/\/fruehwald.hu\/ro\/produse\/plansee-caramizi-pentru-plansee\/\"]}]},{\"@type\":\"BreadcrumbList\",\"@id\":\"https:\/\/fruehwald.hu\/ro\/produse\/plansee-caramizi-pentru-plansee\/#breadcrumb\",\"itemListElement\":[{\"@type\":\"ListItem\",\"position\":1,\"name\":\"Products\",\"item\":\"https:\/\/fruehwald.hu\/products\/\"},{\"@type\":\"ListItem\",\"position\":2,\"name\":\"Plan\u0219ee, c\u0103r\u0103mizi pentru plan\u0219ee\"}]}]}<\/script>\n<!-- \/ Yoast SEO plugin. -->","yoast_head_json":{"title":"Plan\u0219ee, c\u0103r\u0103mizi pentru plan\u0219ee - Fr\u00fchwald HU","robots":{"index":"index","follow":"follow","max-snippet":"max-snippet:-1","max-image-preview":"max-image-preview:large","max-video-preview":"max-video-preview:-1"},"canonical":"https:\/\/fruehwald.hu\/ro\/produse\/plansee-caramizi-pentru-plansee\/","og_locale":"ro_RO","og_type":"article","og_title":"Plan\u0219ee, c\u0103r\u0103mizi pentru plan\u0219ee - Fr\u00fchwald HU","og_description":"Descriere C\u0103r\u0103mizile pentru plan\u0219ee sunt componente ale plan\u0219eului. Amplasate \u00eentre grinzile de beton armat, \u00eempreun\u0103 cu acestea formeaz\u0103 plan\u0219eul.","og_url":"https:\/\/fruehwald.hu\/ro\/produse\/plansee-caramizi-pentru-plansee\/","og_site_name":"Fr\u00fchwald HU","article_modified_time":"2024-03-27T13:00:25+00:00","og_image":[{"width":1000,"height":1000,"url":"https:\/\/fruehwald.hu\/wp-content\/uploads\/sites\/5\/2022\/09\/11158046.jpg","type":"image\/jpeg"}],"twitter_card":"summary_large_image","schema":{"@context":"https:\/\/schema.org","@graph":[{"@type":"WebSite","@id":"https:\/\/fruehwald.hu\/#website","url":"https:\/\/fruehwald.hu\/","name":"Fr\u00fchwald HU","description":"Fr\u00fchwald","potentialAction":[{"@type":"SearchAction","target":{"@type":"EntryPoint","urlTemplate":"https:\/\/fruehwald.hu\/?s={search_term_string}"},"query-input":"required name=search_term_string"}],"inLanguage":"ro-RO"},{"@type":"ImageObject","inLanguage":"ro-RO","@id":"https:\/\/fruehwald.hu\/ro\/produse\/plansee-caramizi-pentru-plansee\/#primaryimage","url":"https:\/\/fruehwald.hu\/wp-content\/uploads\/sites\/5\/2022\/09\/Weboldal_slide_Belestest.jpg","contentUrl":"https:\/\/fruehwald.hu\/wp-content\/uploads\/sites\/5\/2022\/09\/Weboldal_slide_Belestest.jpg","width":1920,"height":1080},{"@type":"WebPage","@id":"https:\/\/fruehwald.hu\/ro\/produse\/plansee-caramizi-pentru-plansee\/#webpage","url":"https:\/\/fruehwald.hu\/ro\/produse\/plansee-caramizi-pentru-plansee\/","name":"Plan\u0219ee, c\u0103r\u0103mizi pentru plan\u0219ee - Fr\u00fchwald HU","isPartOf":{"@id":"https:\/\/fruehwald.hu\/#website"},"primaryImageOfPage":{"@id":"https:\/\/fruehwald.hu\/ro\/produse\/plansee-caramizi-pentru-plansee\/#primaryimage"},"datePublished":"2022-09-16T12:07:35+00:00","dateModified":"2024-03-27T13:00:25+00:00","breadcrumb":{"@id":"https:\/\/fruehwald.hu\/ro\/produse\/plansee-caramizi-pentru-plansee\/#breadcrumb"},"inLanguage":"ro-RO","potentialAction":[{"@type":"ReadAction","target":["https:\/\/fruehwald.hu\/ro\/produse\/plansee-caramizi-pentru-plansee\/"]}]},{"@type":"BreadcrumbList","@id":"https:\/\/fruehwald.hu\/ro\/produse\/plansee-caramizi-pentru-plansee\/#breadcrumb","itemListElement":[{"@type":"ListItem","position":1,"name":"Products","item":"https:\/\/fruehwald.hu\/products\/"},{"@type":"ListItem","position":2,"name":"Plan\u0219ee, c\u0103r\u0103mizi pentru plan\u0219ee"}]}]}},"acf":[],"_links":{"self":[{"href":"https:\/\/fruehwald.hu\/ro\/wp-json\/wp\/v2\/product\/7213"}],"collection":[{"href":"https:\/\/fruehwald.hu\/ro\/wp-json\/wp\/v2\/product"}],"about":[{"href":"https:\/\/fruehwald.hu\/ro\/wp-json\/wp\/v2\/types\/product"}],"wp:featuredmedia":[{"embeddable":true,"href":"https:\/\/fruehwald.hu\/ro\/wp-json\/wp\/v2\/media\/13180"}],"wp:attachment":[{"href":"https:\/\/fruehwald.hu\/ro\/wp-json\/wp\/v2\/media?parent=7213"}],"wp:term":[{"taxonomy":"product-cat","embeddable":true,"href":"https:\/\/fruehwald.hu\/ro\/wp-json\/wp\/v2\/product-cat?post=7213"},{"taxonomy":"product-color","embeddable":true,"href":"https:\/\/fruehwald.hu\/ro\/wp-json\/wp\/v2\/product-color?post=7213"},{"taxonomy":"product-coating","embeddable":true,"href":"https:\/\/fruehwald.hu\/ro\/wp-json\/wp\/v2\/product-coating?post=7213"},{"taxonomy":"product-usage-area","embeddable":true,"href":"https:\/\/fruehwald.hu\/ro\/wp-json\/wp\/v2\/product-usage-area?post=7213"},{"taxonomy":"product-load-capacity","embeddable":true,"href":"https:\/\/fruehwald.hu\/ro\/wp-json\/wp\/v2\/product-load-capacity?post=7213"},{"taxonomy":"product-features","embeddable":true,"href":"https:\/\/fruehwald.hu\/ro\/wp-json\/wp\/v2\/product-features?post=7213"}],"curies":[{"name":"wp","href":"https:\/\/api.w.org\/{rel}","templated":true}]}}