{"id":7206,"date":"2018-05-03T10:38:44","date_gmt":"2018-05-03T08:38:44","guid":{"rendered":"https:\/\/fruehwald.hu\/termekek\/pietre-de-bordura\/"},"modified":"2024-03-27T12:33:33","modified_gmt":"2024-03-27T11:33:33","slug":"pietre-de-bordura","status":"publish","type":"product","link":"https:\/\/fruehwald.hu\/ro\/produse\/pietre-de-bordura\/","title":{"rendered":"Borduri pentru trotuare"},"content":{"rendered":"<p class=\"p1\">Fie c\u0103 este vorba de \u00eencadrarea r\u0103sadurilor de flori sau a gazonului sau pur \u0219i simplu de idei de design: Bordurile creeaz\u0103 o structur\u0103 durabil\u0103 \u0219i se integreaz\u0103 \u00een orice mediu cu suprafe\u021bele lor asem\u0103n\u0103toare la netezime cubetonul \u0219i cu culoarea lor atemporal\u0103. Func\u021bional, aspectuos, modern &#8211; \u0219i pentru construc\u021bia de drumuri!<\/p>\n<ul>\n<li>Aplica\u021bie universal\u0103<\/li>\n<li>Produs complementar optim, se armonizeaz\u0103 cu toate suprafe\u021bele<\/li>\n<li>Amplasare simpl\u0103<\/li>\n<li>Rezisten\u021b\u0103 la \u00eenghe\u021b<\/li>\n<\/ul>\n<p style=\"text-align: left;\"><span style=\"font-size: 18px;\">Forme<\/span><\/p>\n<hr>\n<p style=\"text-align: left;\"><b>Curbate:<\/b><br \/>\n100 x 5 x 15 cm<br \/>\n100 x 5 x 20 cm<br \/>\n100 x 5 x 25 cm<\/p>\n<p><b>P\u0103trate:<\/b><br \/>\n100 x 5 x 20 cm<br \/>\n100 x 5 x 30 cm<\/p>\n<p>(lungime x l\u0103\u021bime x \u00een\u0103l\u021bime)<\/p>\n","protected":false},"excerpt":{"rendered":"<p>.<\/p>\n","protected":false},"featured_media":5344,"template":"","product-cat":[330],"product-color":[316],"product-coating":[],"product-usage-area":[],"product-load-capacity":[],"product-features":[317],"yoast_head":"<!-- This site is optimized with the Yoast SEO plugin v18.8 - https:\/\/yoast.com\/wordpress\/plugins\/seo\/ -->\n<title>Borduri pentru trotuare - Fr\u00fchwald HU<\/title>\n<meta name=\"robots\" content=\"index, follow, max-snippet:-1, max-image-preview:large, max-video-preview:-1\" \/>\n<link rel=\"canonical\" href=\"https:\/\/fruehwald.hu\/ro\/produse\/pietre-de-bordura\/\" \/>\n<meta property=\"og:locale\" content=\"ro_RO\" \/>\n<meta property=\"og:type\" content=\"article\" \/>\n<meta property=\"og:title\" content=\"Borduri pentru trotuare - Fr\u00fchwald HU\" \/>\n<meta property=\"og:description\" content=\".\" \/>\n<meta property=\"og:url\" content=\"https:\/\/fruehwald.hu\/ro\/produse\/pietre-de-bordura\/\" \/>\n<meta property=\"og:site_name\" content=\"Fr\u00fchwald HU\" \/>\n<meta property=\"article:modified_time\" content=\"2024-03-27T11:33:33+00:00\" \/>\n<meta property=\"og:image\" content=\"https:\/\/fruehwald.hu\/wp-content\/uploads\/sites\/5\/2022\/08\/Randleisten_Image_Beitragsbild.jpg\" \/>\n\t<meta property=\"og:image:width\" content=\"1920\" \/>\n\t<meta property=\"og:image:height\" content=\"1080\" \/>\n\t<meta property=\"og:image:type\" content=\"image\/jpeg\" \/>\n<meta name=\"twitter:card\" content=\"summary_large_image\" \/>\n<meta name=\"twitter:label1\" content=\"Timp estimat pentru citire\" \/>\n\t<meta name=\"twitter:data1\" content=\"1 minut\" \/>\n<script type=\"application\/ld+json\" class=\"yoast-schema-graph\">{\"@context\":\"https:\/\/schema.org\",\"@graph\":[{\"@type\":\"WebSite\",\"@id\":\"https:\/\/fruehwald.hu\/#website\",\"url\":\"https:\/\/fruehwald.hu\/\",\"name\":\"Fr\u00fchwald HU\",\"description\":\"Fr\u00fchwald\",\"potentialAction\":[{\"@type\":\"SearchAction\",\"target\":{\"@type\":\"EntryPoint\",\"urlTemplate\":\"https:\/\/fruehwald.hu\/?s={search_term_string}\"},\"query-input\":\"required name=search_term_string\"}],\"inLanguage\":\"ro-RO\"},{\"@type\":\"ImageObject\",\"inLanguage\":\"ro-RO\",\"@id\":\"https:\/\/fruehwald.hu\/ro\/produse\/pietre-de-bordura\/#primaryimage\",\"url\":\"https:\/\/fruehwald.hu\/wp-content\/uploads\/sites\/5\/2022\/08\/Randleisten_Image_Beitragsbild.jpg\",\"contentUrl\":\"https:\/\/fruehwald.hu\/wp-content\/uploads\/sites\/5\/2022\/08\/Randleisten_Image_Beitragsbild.jpg\",\"width\":1920,\"height\":1080},{\"@type\":\"WebPage\",\"@id\":\"https:\/\/fruehwald.hu\/ro\/produse\/pietre-de-bordura\/#webpage\",\"url\":\"https:\/\/fruehwald.hu\/ro\/produse\/pietre-de-bordura\/\",\"name\":\"Borduri pentru trotuare - Fr\u00fchwald HU\",\"isPartOf\":{\"@id\":\"https:\/\/fruehwald.hu\/#website\"},\"primaryImageOfPage\":{\"@id\":\"https:\/\/fruehwald.hu\/ro\/produse\/pietre-de-bordura\/#primaryimage\"},\"datePublished\":\"2018-05-03T08:38:44+00:00\",\"dateModified\":\"2024-03-27T11:33:33+00:00\",\"breadcrumb\":{\"@id\":\"https:\/\/fruehwald.hu\/ro\/produse\/pietre-de-bordura\/#breadcrumb\"},\"inLanguage\":\"ro-RO\",\"potentialAction\":[{\"@type\":\"ReadAction\",\"target\":[\"https:\/\/fruehwald.hu\/ro\/produse\/pietre-de-bordura\/\"]}]},{\"@type\":\"BreadcrumbList\",\"@id\":\"https:\/\/fruehwald.hu\/ro\/produse\/pietre-de-bordura\/#breadcrumb\",\"itemListElement\":[{\"@type\":\"ListItem\",\"position\":1,\"name\":\"Products\",\"item\":\"https:\/\/fruehwald.hu\/products\/\"},{\"@type\":\"ListItem\",\"position\":2,\"name\":\"Borduri pentru trotuare\"}]}]}<\/script>\n<!-- \/ Yoast SEO plugin. -->","yoast_head_json":{"title":"Borduri pentru trotuare - Fr\u00fchwald HU","robots":{"index":"index","follow":"follow","max-snippet":"max-snippet:-1","max-image-preview":"max-image-preview:large","max-video-preview":"max-video-preview:-1"},"canonical":"https:\/\/fruehwald.hu\/ro\/produse\/pietre-de-bordura\/","og_locale":"ro_RO","og_type":"article","og_title":"Borduri pentru trotuare - Fr\u00fchwald HU","og_description":".","og_url":"https:\/\/fruehwald.hu\/ro\/produse\/pietre-de-bordura\/","og_site_name":"Fr\u00fchwald HU","article_modified_time":"2024-03-27T11:33:33+00:00","og_image":[{"width":1920,"height":1080,"url":"https:\/\/fruehwald.hu\/wp-content\/uploads\/sites\/5\/2022\/08\/Randleisten_Image_Beitragsbild.jpg","type":"image\/jpeg"}],"twitter_card":"summary_large_image","twitter_misc":{"Timp estimat pentru citire":"1 minut"},"schema":{"@context":"https:\/\/schema.org","@graph":[{"@type":"WebSite","@id":"https:\/\/fruehwald.hu\/#website","url":"https:\/\/fruehwald.hu\/","name":"Fr\u00fchwald HU","description":"Fr\u00fchwald","potentialAction":[{"@type":"SearchAction","target":{"@type":"EntryPoint","urlTemplate":"https:\/\/fruehwald.hu\/?s={search_term_string}"},"query-input":"required name=search_term_string"}],"inLanguage":"ro-RO"},{"@type":"ImageObject","inLanguage":"ro-RO","@id":"https:\/\/fruehwald.hu\/ro\/produse\/pietre-de-bordura\/#primaryimage","url":"https:\/\/fruehwald.hu\/wp-content\/uploads\/sites\/5\/2022\/08\/Randleisten_Image_Beitragsbild.jpg","contentUrl":"https:\/\/fruehwald.hu\/wp-content\/uploads\/sites\/5\/2022\/08\/Randleisten_Image_Beitragsbild.jpg","width":1920,"height":1080},{"@type":"WebPage","@id":"https:\/\/fruehwald.hu\/ro\/produse\/pietre-de-bordura\/#webpage","url":"https:\/\/fruehwald.hu\/ro\/produse\/pietre-de-bordura\/","name":"Borduri pentru trotuare - Fr\u00fchwald HU","isPartOf":{"@id":"https:\/\/fruehwald.hu\/#website"},"primaryImageOfPage":{"@id":"https:\/\/fruehwald.hu\/ro\/produse\/pietre-de-bordura\/#primaryimage"},"datePublished":"2018-05-03T08:38:44+00:00","dateModified":"2024-03-27T11:33:33+00:00","breadcrumb":{"@id":"https:\/\/fruehwald.hu\/ro\/produse\/pietre-de-bordura\/#breadcrumb"},"inLanguage":"ro-RO","potentialAction":[{"@type":"ReadAction","target":["https:\/\/fruehwald.hu\/ro\/produse\/pietre-de-bordura\/"]}]},{"@type":"BreadcrumbList","@id":"https:\/\/fruehwald.hu\/ro\/produse\/pietre-de-bordura\/#breadcrumb","itemListElement":[{"@type":"ListItem","position":1,"name":"Products","item":"https:\/\/fruehwald.hu\/products\/"},{"@type":"ListItem","position":2,"name":"Borduri pentru trotuare"}]}]}},"acf":[],"_links":{"self":[{"href":"https:\/\/fruehwald.hu\/ro\/wp-json\/wp\/v2\/product\/7206"}],"collection":[{"href":"https:\/\/fruehwald.hu\/ro\/wp-json\/wp\/v2\/product"}],"about":[{"href":"https:\/\/fruehwald.hu\/ro\/wp-json\/wp\/v2\/types\/product"}],"wp:featuredmedia":[{"embeddable":true,"href":"https:\/\/fruehwald.hu\/ro\/wp-json\/wp\/v2\/media\/5344"}],"wp:attachment":[{"href":"https:\/\/fruehwald.hu\/ro\/wp-json\/wp\/v2\/media?parent=7206"}],"wp:term":[{"taxonomy":"product-cat","embeddable":true,"href":"https:\/\/fruehwald.hu\/ro\/wp-json\/wp\/v2\/product-cat?post=7206"},{"taxonomy":"product-color","embeddable":true,"href":"https:\/\/fruehwald.hu\/ro\/wp-json\/wp\/v2\/product-color?post=7206"},{"taxonomy":"product-coating","embeddable":true,"href":"https:\/\/fruehwald.hu\/ro\/wp-json\/wp\/v2\/product-coating?post=7206"},{"taxonomy":"product-usage-area","embeddable":true,"href":"https:\/\/fruehwald.hu\/ro\/wp-json\/wp\/v2\/product-usage-area?post=7206"},{"taxonomy":"product-load-capacity","embeddable":true,"href":"https:\/\/fruehwald.hu\/ro\/wp-json\/wp\/v2\/product-load-capacity?post=7206"},{"taxonomy":"product-features","embeddable":true,"href":"https:\/\/fruehwald.hu\/ro\/wp-json\/wp\/v2\/product-features?post=7206"}],"curies":[{"name":"wp","href":"https:\/\/api.w.org\/{rel}","templated":true}]}}