{"id":7199,"date":"2022-02-07T14:41:02","date_gmt":"2022-02-07T13:41:02","guid":{"rendered":"https:\/\/fruehwald.hu\/termekek\/scara-din-blocuri-de-piatra\/"},"modified":"2024-03-27T12:03:52","modified_gmt":"2024-03-27T11:03:52","slug":"scara-din-blocuri-de-piatra","status":"publish","type":"product","link":"https:\/\/fruehwald.hu\/ro\/produse\/scara-din-blocuri-de-piatra\/","title":{"rendered":"Scar\u0103 din blocuri de piatr\u0103"},"content":{"rendered":"\n<div class=\"wp-block-columns\">\n<div class=\"wp-block-column\">\n<h2 class=\"\">Descriere<\/h2>\n\n\n\n<p class=\"\">Treptele din blocuri de piatr\u0103 Fr\u00fchwald asigur\u0103 aspectul perfect al gr\u0103dinii dumneavoastr\u0103. Liniile drepte \u0219i culorile elegante creeaz\u0103 o combina\u021bie armonioas\u0103 cu restul gamei noastre. Treptele din blocuri nu sunt doar un element de design la mod\u0103, ci adaug\u0103 \u0219i func\u021bionalitate practic\u0103 aspectului gr\u0103dinii dumneavoastr\u0103.<\/p>\n<\/div>\n<\/div>\n","protected":false},"excerpt":{"rendered":"<p>Treptele din blocuri nu sunt doar un element de design la mod\u0103, ci adaug\u0103 \u0219i func\u021bionalitate practic\u0103 aspectului gr\u0103dinii dumneavoastr\u0103.<\/p>\n","protected":false},"featured_media":5503,"template":"","product-cat":[328],"product-color":[316],"product-coating":[315],"product-usage-area":[],"product-load-capacity":[],"product-features":[317],"yoast_head":"<!-- This site is optimized with the Yoast SEO plugin v18.8 - https:\/\/yoast.com\/wordpress\/plugins\/seo\/ -->\n<title>Scar\u0103 din blocuri de piatr\u0103 - Fr\u00fchwald HU<\/title>\n<meta name=\"robots\" content=\"index, follow, max-snippet:-1, max-image-preview:large, max-video-preview:-1\" \/>\n<link rel=\"canonical\" href=\"https:\/\/fruehwald.hu\/ro\/produse\/scara-din-blocuri-de-piatra\/\" \/>\n<meta property=\"og:locale\" content=\"ro_RO\" \/>\n<meta property=\"og:type\" content=\"article\" \/>\n<meta property=\"og:title\" content=\"Scar\u0103 din blocuri de piatr\u0103 - Fr\u00fchwald HU\" \/>\n<meta property=\"og:description\" content=\"Treptele din blocuri nu sunt doar un element de design la mod\u0103, ci adaug\u0103 \u0219i func\u021bionalitate practic\u0103 aspectului gr\u0103dinii dumneavoastr\u0103.\" \/>\n<meta property=\"og:url\" content=\"https:\/\/fruehwald.hu\/ro\/produse\/scara-din-blocuri-de-piatra\/\" \/>\n<meta property=\"og:site_name\" content=\"Fr\u00fchwald HU\" \/>\n<meta property=\"article:modified_time\" content=\"2024-03-27T11:03:52+00:00\" \/>\n<meta property=\"og:image\" content=\"https:\/\/fruehwald.hu\/wp-content\/uploads\/sites\/5\/2022\/08\/Blockstufen_Image_Beitragsbild.jpg\" \/>\n\t<meta property=\"og:image:width\" content=\"1920\" \/>\n\t<meta property=\"og:image:height\" content=\"1080\" \/>\n\t<meta property=\"og:image:type\" content=\"image\/jpeg\" \/>\n<meta name=\"twitter:card\" content=\"summary_large_image\" \/>\n<script type=\"application\/ld+json\" class=\"yoast-schema-graph\">{\"@context\":\"https:\/\/schema.org\",\"@graph\":[{\"@type\":\"WebSite\",\"@id\":\"https:\/\/fruehwald.hu\/#website\",\"url\":\"https:\/\/fruehwald.hu\/\",\"name\":\"Fr\u00fchwald HU\",\"description\":\"Fr\u00fchwald\",\"potentialAction\":[{\"@type\":\"SearchAction\",\"target\":{\"@type\":\"EntryPoint\",\"urlTemplate\":\"https:\/\/fruehwald.hu\/?s={search_term_string}\"},\"query-input\":\"required name=search_term_string\"}],\"inLanguage\":\"ro-RO\"},{\"@type\":\"ImageObject\",\"inLanguage\":\"ro-RO\",\"@id\":\"https:\/\/fruehwald.hu\/ro\/produse\/scara-din-blocuri-de-piatra\/#primaryimage\",\"url\":\"https:\/\/fruehwald.hu\/wp-content\/uploads\/sites\/5\/2022\/08\/Blockstufen_Image_Beitragsbild.jpg\",\"contentUrl\":\"https:\/\/fruehwald.hu\/wp-content\/uploads\/sites\/5\/2022\/08\/Blockstufen_Image_Beitragsbild.jpg\",\"width\":1920,\"height\":1080},{\"@type\":\"WebPage\",\"@id\":\"https:\/\/fruehwald.hu\/ro\/produse\/scara-din-blocuri-de-piatra\/#webpage\",\"url\":\"https:\/\/fruehwald.hu\/ro\/produse\/scara-din-blocuri-de-piatra\/\",\"name\":\"Scar\u0103 din blocuri de piatr\u0103 - Fr\u00fchwald HU\",\"isPartOf\":{\"@id\":\"https:\/\/fruehwald.hu\/#website\"},\"primaryImageOfPage\":{\"@id\":\"https:\/\/fruehwald.hu\/ro\/produse\/scara-din-blocuri-de-piatra\/#primaryimage\"},\"datePublished\":\"2022-02-07T13:41:02+00:00\",\"dateModified\":\"2024-03-27T11:03:52+00:00\",\"breadcrumb\":{\"@id\":\"https:\/\/fruehwald.hu\/ro\/produse\/scara-din-blocuri-de-piatra\/#breadcrumb\"},\"inLanguage\":\"ro-RO\",\"potentialAction\":[{\"@type\":\"ReadAction\",\"target\":[\"https:\/\/fruehwald.hu\/ro\/produse\/scara-din-blocuri-de-piatra\/\"]}]},{\"@type\":\"BreadcrumbList\",\"@id\":\"https:\/\/fruehwald.hu\/ro\/produse\/scara-din-blocuri-de-piatra\/#breadcrumb\",\"itemListElement\":[{\"@type\":\"ListItem\",\"position\":1,\"name\":\"Products\",\"item\":\"https:\/\/fruehwald.hu\/products\/\"},{\"@type\":\"ListItem\",\"position\":2,\"name\":\"Scar\u0103 din blocuri de piatr\u0103\"}]}]}<\/script>\n<!-- \/ Yoast SEO plugin. -->","yoast_head_json":{"title":"Scar\u0103 din blocuri de piatr\u0103 - Fr\u00fchwald HU","robots":{"index":"index","follow":"follow","max-snippet":"max-snippet:-1","max-image-preview":"max-image-preview:large","max-video-preview":"max-video-preview:-1"},"canonical":"https:\/\/fruehwald.hu\/ro\/produse\/scara-din-blocuri-de-piatra\/","og_locale":"ro_RO","og_type":"article","og_title":"Scar\u0103 din blocuri de piatr\u0103 - Fr\u00fchwald HU","og_description":"Treptele din blocuri nu sunt doar un element de design la mod\u0103, ci adaug\u0103 \u0219i func\u021bionalitate practic\u0103 aspectului gr\u0103dinii dumneavoastr\u0103.","og_url":"https:\/\/fruehwald.hu\/ro\/produse\/scara-din-blocuri-de-piatra\/","og_site_name":"Fr\u00fchwald HU","article_modified_time":"2024-03-27T11:03:52+00:00","og_image":[{"width":1920,"height":1080,"url":"https:\/\/fruehwald.hu\/wp-content\/uploads\/sites\/5\/2022\/08\/Blockstufen_Image_Beitragsbild.jpg","type":"image\/jpeg"}],"twitter_card":"summary_large_image","schema":{"@context":"https:\/\/schema.org","@graph":[{"@type":"WebSite","@id":"https:\/\/fruehwald.hu\/#website","url":"https:\/\/fruehwald.hu\/","name":"Fr\u00fchwald HU","description":"Fr\u00fchwald","potentialAction":[{"@type":"SearchAction","target":{"@type":"EntryPoint","urlTemplate":"https:\/\/fruehwald.hu\/?s={search_term_string}"},"query-input":"required name=search_term_string"}],"inLanguage":"ro-RO"},{"@type":"ImageObject","inLanguage":"ro-RO","@id":"https:\/\/fruehwald.hu\/ro\/produse\/scara-din-blocuri-de-piatra\/#primaryimage","url":"https:\/\/fruehwald.hu\/wp-content\/uploads\/sites\/5\/2022\/08\/Blockstufen_Image_Beitragsbild.jpg","contentUrl":"https:\/\/fruehwald.hu\/wp-content\/uploads\/sites\/5\/2022\/08\/Blockstufen_Image_Beitragsbild.jpg","width":1920,"height":1080},{"@type":"WebPage","@id":"https:\/\/fruehwald.hu\/ro\/produse\/scara-din-blocuri-de-piatra\/#webpage","url":"https:\/\/fruehwald.hu\/ro\/produse\/scara-din-blocuri-de-piatra\/","name":"Scar\u0103 din blocuri de piatr\u0103 - Fr\u00fchwald HU","isPartOf":{"@id":"https:\/\/fruehwald.hu\/#website"},"primaryImageOfPage":{"@id":"https:\/\/fruehwald.hu\/ro\/produse\/scara-din-blocuri-de-piatra\/#primaryimage"},"datePublished":"2022-02-07T13:41:02+00:00","dateModified":"2024-03-27T11:03:52+00:00","breadcrumb":{"@id":"https:\/\/fruehwald.hu\/ro\/produse\/scara-din-blocuri-de-piatra\/#breadcrumb"},"inLanguage":"ro-RO","potentialAction":[{"@type":"ReadAction","target":["https:\/\/fruehwald.hu\/ro\/produse\/scara-din-blocuri-de-piatra\/"]}]},{"@type":"BreadcrumbList","@id":"https:\/\/fruehwald.hu\/ro\/produse\/scara-din-blocuri-de-piatra\/#breadcrumb","itemListElement":[{"@type":"ListItem","position":1,"name":"Products","item":"https:\/\/fruehwald.hu\/products\/"},{"@type":"ListItem","position":2,"name":"Scar\u0103 din blocuri de piatr\u0103"}]}]}},"acf":[],"_links":{"self":[{"href":"https:\/\/fruehwald.hu\/ro\/wp-json\/wp\/v2\/product\/7199"}],"collection":[{"href":"https:\/\/fruehwald.hu\/ro\/wp-json\/wp\/v2\/product"}],"about":[{"href":"https:\/\/fruehwald.hu\/ro\/wp-json\/wp\/v2\/types\/product"}],"wp:featuredmedia":[{"embeddable":true,"href":"https:\/\/fruehwald.hu\/ro\/wp-json\/wp\/v2\/media\/5503"}],"wp:attachment":[{"href":"https:\/\/fruehwald.hu\/ro\/wp-json\/wp\/v2\/media?parent=7199"}],"wp:term":[{"taxonomy":"product-cat","embeddable":true,"href":"https:\/\/fruehwald.hu\/ro\/wp-json\/wp\/v2\/product-cat?post=7199"},{"taxonomy":"product-color","embeddable":true,"href":"https:\/\/fruehwald.hu\/ro\/wp-json\/wp\/v2\/product-color?post=7199"},{"taxonomy":"product-coating","embeddable":true,"href":"https:\/\/fruehwald.hu\/ro\/wp-json\/wp\/v2\/product-coating?post=7199"},{"taxonomy":"product-usage-area","embeddable":true,"href":"https:\/\/fruehwald.hu\/ro\/wp-json\/wp\/v2\/product-usage-area?post=7199"},{"taxonomy":"product-load-capacity","embeddable":true,"href":"https:\/\/fruehwald.hu\/ro\/wp-json\/wp\/v2\/product-load-capacity?post=7199"},{"taxonomy":"product-features","embeddable":true,"href":"https:\/\/fruehwald.hu\/ro\/wp-json\/wp\/v2\/product-features?post=7199"}],"curies":[{"name":"wp","href":"https:\/\/api.w.org\/{rel}","templated":true}]}}