{"id":7198,"date":"2023-04-26T14:44:10","date_gmt":"2023-04-26T12:44:10","guid":{"rendered":"https:\/\/fruehwald.hu\/termekek\/friza-antica\/"},"modified":"2024-03-27T12:01:09","modified_gmt":"2024-03-27T11:01:09","slug":"friza-antica","status":"publish","type":"product","link":"https:\/\/fruehwald.hu\/ro\/produse\/friza-antica\/","title":{"rendered":"Friz\u0103 Antic\u0103"},"content":{"rendered":"\n<div class=\"wp-block-columns\">\n<div class=\"wp-block-column\">\n<h2 class=\"\">Descriere<\/h2>\n\n\n\n<p class=\"\">Cu Fr\u00fchwald Fr\u00edz, pute\u021bi da por\u021bii, aleii sau terasei dvs. un aspect unic de design. Combin\u00e2nd \u00een mod creativ diferite culori, forme \u0219i finisaje, pute\u021bi ob\u021bine un aspect unic, dar armonios. <\/p>\n<\/div>\n<\/div>\n","protected":false},"excerpt":{"rendered":"<p>Pune\u021bi-v\u0103 \u00een cadru gr\u0103dina sau terasa!<br \/>\nOdat\u0103 cu introducerea Fr\u00fchwald Fr\u00edz, pute\u021bi da suprafe\u021bei dvs. pavate un design unic.<\/p>\n","protected":false},"featured_media":5707,"template":"","product-cat":[328],"product-color":[316],"product-coating":[315],"product-usage-area":[],"product-load-capacity":[],"product-features":[317],"yoast_head":"<!-- This site is optimized with the Yoast SEO plugin v18.8 - https:\/\/yoast.com\/wordpress\/plugins\/seo\/ -->\n<title>Friz\u0103 Antic\u0103 - Fr\u00fchwald HU<\/title>\n<meta name=\"description\" content=\"Cu Fr\u00fchwald Fr\u00edz, pute\u021bi da por\u021bii, aleii sau terasei dvs. un aspect unic de design. .\" \/>\n<meta name=\"robots\" content=\"index, follow, max-snippet:-1, max-image-preview:large, max-video-preview:-1\" \/>\n<link rel=\"canonical\" href=\"https:\/\/fruehwald.hu\/ro\/produse\/friza-antica\/\" \/>\n<meta property=\"og:locale\" content=\"ro_RO\" \/>\n<meta property=\"og:type\" content=\"article\" \/>\n<meta property=\"og:title\" content=\"Friz\u0103 Antic\u0103 - Fr\u00fchwald HU\" \/>\n<meta property=\"og:description\" content=\"Cu Fr\u00fchwald Fr\u00edz, pute\u021bi da por\u021bii, aleii sau terasei dvs. un aspect unic de design. .\" \/>\n<meta property=\"og:url\" content=\"https:\/\/fruehwald.hu\/ro\/produse\/friza-antica\/\" \/>\n<meta property=\"og:site_name\" content=\"Fr\u00fchwald HU\" \/>\n<meta property=\"article:modified_time\" content=\"2024-03-27T11:01:09+00:00\" \/>\n<meta property=\"og:image\" content=\"https:\/\/fruehwald.hu\/wp-content\/uploads\/sites\/5\/2023\/04\/Design_Blog_Image_3.jpg\" \/>\n\t<meta property=\"og:image:width\" content=\"660\" \/>\n\t<meta property=\"og:image:height\" content=\"440\" \/>\n\t<meta property=\"og:image:type\" content=\"image\/jpeg\" \/>\n<meta name=\"twitter:card\" content=\"summary_large_image\" \/>\n<script type=\"application\/ld+json\" class=\"yoast-schema-graph\">{\"@context\":\"https:\/\/schema.org\",\"@graph\":[{\"@type\":\"WebSite\",\"@id\":\"https:\/\/fruehwald.hu\/#website\",\"url\":\"https:\/\/fruehwald.hu\/\",\"name\":\"Fr\u00fchwald HU\",\"description\":\"Fr\u00fchwald\",\"potentialAction\":[{\"@type\":\"SearchAction\",\"target\":{\"@type\":\"EntryPoint\",\"urlTemplate\":\"https:\/\/fruehwald.hu\/?s={search_term_string}\"},\"query-input\":\"required name=search_term_string\"}],\"inLanguage\":\"ro-RO\"},{\"@type\":\"ImageObject\",\"inLanguage\":\"ro-RO\",\"@id\":\"https:\/\/fruehwald.hu\/ro\/produse\/friza-antica\/#primaryimage\",\"url\":\"https:\/\/fruehwald.hu\/wp-content\/uploads\/sites\/5\/2023\/04\/Design_Blog_Image_3.jpg\",\"contentUrl\":\"https:\/\/fruehwald.hu\/wp-content\/uploads\/sites\/5\/2023\/04\/Design_Blog_Image_3.jpg\",\"width\":660,\"height\":440},{\"@type\":\"WebPage\",\"@id\":\"https:\/\/fruehwald.hu\/ro\/produse\/friza-antica\/#webpage\",\"url\":\"https:\/\/fruehwald.hu\/ro\/produse\/friza-antica\/\",\"name\":\"Friz\u0103 Antic\u0103 - Fr\u00fchwald HU\",\"isPartOf\":{\"@id\":\"https:\/\/fruehwald.hu\/#website\"},\"primaryImageOfPage\":{\"@id\":\"https:\/\/fruehwald.hu\/ro\/produse\/friza-antica\/#primaryimage\"},\"datePublished\":\"2023-04-26T12:44:10+00:00\",\"dateModified\":\"2024-03-27T11:01:09+00:00\",\"description\":\"Cu Fr\u00fchwald Fr\u00edz, pute\u021bi da por\u021bii, aleii sau terasei dvs. un aspect unic de design. .\",\"breadcrumb\":{\"@id\":\"https:\/\/fruehwald.hu\/ro\/produse\/friza-antica\/#breadcrumb\"},\"inLanguage\":\"ro-RO\",\"potentialAction\":[{\"@type\":\"ReadAction\",\"target\":[\"https:\/\/fruehwald.hu\/ro\/produse\/friza-antica\/\"]}]},{\"@type\":\"BreadcrumbList\",\"@id\":\"https:\/\/fruehwald.hu\/ro\/produse\/friza-antica\/#breadcrumb\",\"itemListElement\":[{\"@type\":\"ListItem\",\"position\":1,\"name\":\"Products\",\"item\":\"https:\/\/fruehwald.hu\/products\/\"},{\"@type\":\"ListItem\",\"position\":2,\"name\":\"Friz\u0103 Antic\u0103\"}]}]}<\/script>\n<!-- \/ Yoast SEO plugin. -->","yoast_head_json":{"title":"Friz\u0103 Antic\u0103 - Fr\u00fchwald HU","description":"Cu Fr\u00fchwald Fr\u00edz, pute\u021bi da por\u021bii, aleii sau terasei dvs. un aspect unic de design. .","robots":{"index":"index","follow":"follow","max-snippet":"max-snippet:-1","max-image-preview":"max-image-preview:large","max-video-preview":"max-video-preview:-1"},"canonical":"https:\/\/fruehwald.hu\/ro\/produse\/friza-antica\/","og_locale":"ro_RO","og_type":"article","og_title":"Friz\u0103 Antic\u0103 - Fr\u00fchwald HU","og_description":"Cu Fr\u00fchwald Fr\u00edz, pute\u021bi da por\u021bii, aleii sau terasei dvs. un aspect unic de design. .","og_url":"https:\/\/fruehwald.hu\/ro\/produse\/friza-antica\/","og_site_name":"Fr\u00fchwald HU","article_modified_time":"2024-03-27T11:01:09+00:00","og_image":[{"width":660,"height":440,"url":"https:\/\/fruehwald.hu\/wp-content\/uploads\/sites\/5\/2023\/04\/Design_Blog_Image_3.jpg","type":"image\/jpeg"}],"twitter_card":"summary_large_image","schema":{"@context":"https:\/\/schema.org","@graph":[{"@type":"WebSite","@id":"https:\/\/fruehwald.hu\/#website","url":"https:\/\/fruehwald.hu\/","name":"Fr\u00fchwald HU","description":"Fr\u00fchwald","potentialAction":[{"@type":"SearchAction","target":{"@type":"EntryPoint","urlTemplate":"https:\/\/fruehwald.hu\/?s={search_term_string}"},"query-input":"required name=search_term_string"}],"inLanguage":"ro-RO"},{"@type":"ImageObject","inLanguage":"ro-RO","@id":"https:\/\/fruehwald.hu\/ro\/produse\/friza-antica\/#primaryimage","url":"https:\/\/fruehwald.hu\/wp-content\/uploads\/sites\/5\/2023\/04\/Design_Blog_Image_3.jpg","contentUrl":"https:\/\/fruehwald.hu\/wp-content\/uploads\/sites\/5\/2023\/04\/Design_Blog_Image_3.jpg","width":660,"height":440},{"@type":"WebPage","@id":"https:\/\/fruehwald.hu\/ro\/produse\/friza-antica\/#webpage","url":"https:\/\/fruehwald.hu\/ro\/produse\/friza-antica\/","name":"Friz\u0103 Antic\u0103 - Fr\u00fchwald HU","isPartOf":{"@id":"https:\/\/fruehwald.hu\/#website"},"primaryImageOfPage":{"@id":"https:\/\/fruehwald.hu\/ro\/produse\/friza-antica\/#primaryimage"},"datePublished":"2023-04-26T12:44:10+00:00","dateModified":"2024-03-27T11:01:09+00:00","description":"Cu Fr\u00fchwald Fr\u00edz, pute\u021bi da por\u021bii, aleii sau terasei dvs. un aspect unic de design. .","breadcrumb":{"@id":"https:\/\/fruehwald.hu\/ro\/produse\/friza-antica\/#breadcrumb"},"inLanguage":"ro-RO","potentialAction":[{"@type":"ReadAction","target":["https:\/\/fruehwald.hu\/ro\/produse\/friza-antica\/"]}]},{"@type":"BreadcrumbList","@id":"https:\/\/fruehwald.hu\/ro\/produse\/friza-antica\/#breadcrumb","itemListElement":[{"@type":"ListItem","position":1,"name":"Products","item":"https:\/\/fruehwald.hu\/products\/"},{"@type":"ListItem","position":2,"name":"Friz\u0103 Antic\u0103"}]}]}},"acf":[],"_links":{"self":[{"href":"https:\/\/fruehwald.hu\/ro\/wp-json\/wp\/v2\/product\/7198"}],"collection":[{"href":"https:\/\/fruehwald.hu\/ro\/wp-json\/wp\/v2\/product"}],"about":[{"href":"https:\/\/fruehwald.hu\/ro\/wp-json\/wp\/v2\/types\/product"}],"wp:featuredmedia":[{"embeddable":true,"href":"https:\/\/fruehwald.hu\/ro\/wp-json\/wp\/v2\/media\/5707"}],"wp:attachment":[{"href":"https:\/\/fruehwald.hu\/ro\/wp-json\/wp\/v2\/media?parent=7198"}],"wp:term":[{"taxonomy":"product-cat","embeddable":true,"href":"https:\/\/fruehwald.hu\/ro\/wp-json\/wp\/v2\/product-cat?post=7198"},{"taxonomy":"product-color","embeddable":true,"href":"https:\/\/fruehwald.hu\/ro\/wp-json\/wp\/v2\/product-color?post=7198"},{"taxonomy":"product-coating","embeddable":true,"href":"https:\/\/fruehwald.hu\/ro\/wp-json\/wp\/v2\/product-coating?post=7198"},{"taxonomy":"product-usage-area","embeddable":true,"href":"https:\/\/fruehwald.hu\/ro\/wp-json\/wp\/v2\/product-usage-area?post=7198"},{"taxonomy":"product-load-capacity","embeddable":true,"href":"https:\/\/fruehwald.hu\/ro\/wp-json\/wp\/v2\/product-load-capacity?post=7198"},{"taxonomy":"product-features","embeddable":true,"href":"https:\/\/fruehwald.hu\/ro\/wp-json\/wp\/v2\/product-features?post=7198"}],"curies":[{"name":"wp","href":"https:\/\/api.w.org\/{rel}","templated":true}]}}