{"id":7189,"date":"2018-05-02T13:52:43","date_gmt":"2018-05-02T11:52:43","guid":{"rendered":"https:\/\/fruehwald.hu\/termekek\/piatra-grila-pentru-gazon\/"},"modified":"2024-03-27T11:04:29","modified_gmt":"2024-03-27T10:04:29","slug":"piatra-grila-pentru-gazon","status":"publish","type":"product","link":"https:\/\/fruehwald.hu\/ro\/produse\/piatra-grila-pentru-gazon\/","title":{"rendered":"Piatr\u0103 gril\u0103 pentru gazon"},"content":{"rendered":"\n<div class=\"wp-block-columns\">\n<div class=\"wp-block-column\">\n<h2 class=\"\">Descriere<\/h2>\n\n\n\n<p class=\"\">C\u00e2nd vine vorba de fixarea suprafe\u021belor parcurilor, grilajul de piatr\u0103 pentru gazon combin\u0103 stabilitatea perfect\u0103 cu un nivel ridicat de naturale\u021be. Fie c\u0103 este vorba de o bordur\u0103 sau de o alee, aceast\u0103 piatr\u0103 este la fel de impresionant\u0103 pe o proprietate privat\u0103 ca \u0219i pe o proprietate public\u0103.<\/p>\n\n\n\n<ul><li class=\"p1\">Gam\u0103 deosebit de larg\u0103 de op\u021biuni de executare<\/li><li class=\"p1\">Rezisten\u021b\u0103 la alunecare \u0219i abraziune<\/li><li class=\"p1\">Rezisten\u021b\u0103 la \u00eenghe\u021b \u0219i sarea antiderapant\u0103<\/li><\/ul>\n<\/div>\n\n\n\n<div class=\"wp-block-column\">\n<figure class=\"wp-block-image size-full is-resized\"><img loading=\"lazy\" src=\"https:\/\/fruehwald.hu\/wp-content\/uploads\/sites\/5\/2022\/08\/Eco_Paver_Icon.png\" alt=\"\" class=\"wp-image-6161\" width=\"170\" height=\"178\"\/><\/figure>\n<\/div>\n<\/div>\n","protected":false},"excerpt":{"rendered":"<p>Fie c\u0103 este vorba de o bordur\u0103 sau de o alee, aceast\u0103 piatr\u0103 este la fel de impresionant\u0103 pe o proprietate privat\u0103 ca \u0219i pe o proprietate public\u0103.<\/p>\n","protected":false},"featured_media":5253,"template":"","product-cat":[314],"product-color":[316],"product-coating":[],"product-usage-area":[],"product-load-capacity":[319],"product-features":[317,322],"yoast_head":"<!-- This site is optimized with the Yoast SEO plugin v18.8 - https:\/\/yoast.com\/wordpress\/plugins\/seo\/ -->\n<title>Piatr\u0103 gril\u0103 pentru gazon - Fr\u00fchwald HU<\/title>\n<meta name=\"robots\" content=\"index, follow, max-snippet:-1, max-image-preview:large, max-video-preview:-1\" \/>\n<link rel=\"canonical\" href=\"https:\/\/fruehwald.hu\/ro\/produse\/piatra-grila-pentru-gazon\/\" \/>\n<meta property=\"og:locale\" content=\"ro_RO\" \/>\n<meta property=\"og:type\" content=\"article\" \/>\n<meta property=\"og:title\" content=\"Piatr\u0103 gril\u0103 pentru gazon - Fr\u00fchwald HU\" \/>\n<meta property=\"og:description\" content=\"Fie c\u0103 este vorba de o bordur\u0103 sau de o alee, aceast\u0103 piatr\u0103 este la fel de impresionant\u0103 pe o proprietate privat\u0103 ca \u0219i pe o proprietate public\u0103.\" \/>\n<meta property=\"og:url\" content=\"https:\/\/fruehwald.hu\/ro\/produse\/piatra-grila-pentru-gazon\/\" \/>\n<meta property=\"og:site_name\" content=\"Fr\u00fchwald HU\" \/>\n<meta property=\"article:modified_time\" content=\"2024-03-27T10:04:29+00:00\" \/>\n<meta property=\"og:image\" content=\"https:\/\/fruehwald.hu\/wp-content\/uploads\/sites\/5\/2022\/08\/Rasengitter_Image_Beitragsbild.jpg\" \/>\n\t<meta property=\"og:image:width\" content=\"4000\" \/>\n\t<meta property=\"og:image:height\" content=\"2250\" \/>\n\t<meta property=\"og:image:type\" content=\"image\/jpeg\" \/>\n<meta name=\"twitter:card\" content=\"summary_large_image\" \/>\n<script type=\"application\/ld+json\" class=\"yoast-schema-graph\">{\"@context\":\"https:\/\/schema.org\",\"@graph\":[{\"@type\":\"WebSite\",\"@id\":\"https:\/\/fruehwald.hu\/#website\",\"url\":\"https:\/\/fruehwald.hu\/\",\"name\":\"Fr\u00fchwald HU\",\"description\":\"Fr\u00fchwald\",\"potentialAction\":[{\"@type\":\"SearchAction\",\"target\":{\"@type\":\"EntryPoint\",\"urlTemplate\":\"https:\/\/fruehwald.hu\/?s={search_term_string}\"},\"query-input\":\"required name=search_term_string\"}],\"inLanguage\":\"ro-RO\"},{\"@type\":\"ImageObject\",\"inLanguage\":\"ro-RO\",\"@id\":\"https:\/\/fruehwald.hu\/ro\/produse\/piatra-grila-pentru-gazon\/#primaryimage\",\"url\":\"https:\/\/fruehwald.hu\/wp-content\/uploads\/sites\/5\/2022\/08\/Rasengitter_Image_Beitragsbild.jpg\",\"contentUrl\":\"https:\/\/fruehwald.hu\/wp-content\/uploads\/sites\/5\/2022\/08\/Rasengitter_Image_Beitragsbild.jpg\",\"width\":4000,\"height\":2250},{\"@type\":\"WebPage\",\"@id\":\"https:\/\/fruehwald.hu\/ro\/produse\/piatra-grila-pentru-gazon\/#webpage\",\"url\":\"https:\/\/fruehwald.hu\/ro\/produse\/piatra-grila-pentru-gazon\/\",\"name\":\"Piatr\u0103 gril\u0103 pentru gazon - Fr\u00fchwald HU\",\"isPartOf\":{\"@id\":\"https:\/\/fruehwald.hu\/#website\"},\"primaryImageOfPage\":{\"@id\":\"https:\/\/fruehwald.hu\/ro\/produse\/piatra-grila-pentru-gazon\/#primaryimage\"},\"datePublished\":\"2018-05-02T11:52:43+00:00\",\"dateModified\":\"2024-03-27T10:04:29+00:00\",\"breadcrumb\":{\"@id\":\"https:\/\/fruehwald.hu\/ro\/produse\/piatra-grila-pentru-gazon\/#breadcrumb\"},\"inLanguage\":\"ro-RO\",\"potentialAction\":[{\"@type\":\"ReadAction\",\"target\":[\"https:\/\/fruehwald.hu\/ro\/produse\/piatra-grila-pentru-gazon\/\"]}]},{\"@type\":\"BreadcrumbList\",\"@id\":\"https:\/\/fruehwald.hu\/ro\/produse\/piatra-grila-pentru-gazon\/#breadcrumb\",\"itemListElement\":[{\"@type\":\"ListItem\",\"position\":1,\"name\":\"Products\",\"item\":\"https:\/\/fruehwald.hu\/products\/\"},{\"@type\":\"ListItem\",\"position\":2,\"name\":\"Piatr\u0103 gril\u0103 pentru gazon\"}]}]}<\/script>\n<!-- \/ Yoast SEO plugin. -->","yoast_head_json":{"title":"Piatr\u0103 gril\u0103 pentru gazon - Fr\u00fchwald HU","robots":{"index":"index","follow":"follow","max-snippet":"max-snippet:-1","max-image-preview":"max-image-preview:large","max-video-preview":"max-video-preview:-1"},"canonical":"https:\/\/fruehwald.hu\/ro\/produse\/piatra-grila-pentru-gazon\/","og_locale":"ro_RO","og_type":"article","og_title":"Piatr\u0103 gril\u0103 pentru gazon - Fr\u00fchwald HU","og_description":"Fie c\u0103 este vorba de o bordur\u0103 sau de o alee, aceast\u0103 piatr\u0103 este la fel de impresionant\u0103 pe o proprietate privat\u0103 ca \u0219i pe o proprietate public\u0103.","og_url":"https:\/\/fruehwald.hu\/ro\/produse\/piatra-grila-pentru-gazon\/","og_site_name":"Fr\u00fchwald HU","article_modified_time":"2024-03-27T10:04:29+00:00","og_image":[{"width":4000,"height":2250,"url":"https:\/\/fruehwald.hu\/wp-content\/uploads\/sites\/5\/2022\/08\/Rasengitter_Image_Beitragsbild.jpg","type":"image\/jpeg"}],"twitter_card":"summary_large_image","schema":{"@context":"https:\/\/schema.org","@graph":[{"@type":"WebSite","@id":"https:\/\/fruehwald.hu\/#website","url":"https:\/\/fruehwald.hu\/","name":"Fr\u00fchwald HU","description":"Fr\u00fchwald","potentialAction":[{"@type":"SearchAction","target":{"@type":"EntryPoint","urlTemplate":"https:\/\/fruehwald.hu\/?s={search_term_string}"},"query-input":"required name=search_term_string"}],"inLanguage":"ro-RO"},{"@type":"ImageObject","inLanguage":"ro-RO","@id":"https:\/\/fruehwald.hu\/ro\/produse\/piatra-grila-pentru-gazon\/#primaryimage","url":"https:\/\/fruehwald.hu\/wp-content\/uploads\/sites\/5\/2022\/08\/Rasengitter_Image_Beitragsbild.jpg","contentUrl":"https:\/\/fruehwald.hu\/wp-content\/uploads\/sites\/5\/2022\/08\/Rasengitter_Image_Beitragsbild.jpg","width":4000,"height":2250},{"@type":"WebPage","@id":"https:\/\/fruehwald.hu\/ro\/produse\/piatra-grila-pentru-gazon\/#webpage","url":"https:\/\/fruehwald.hu\/ro\/produse\/piatra-grila-pentru-gazon\/","name":"Piatr\u0103 gril\u0103 pentru gazon - Fr\u00fchwald HU","isPartOf":{"@id":"https:\/\/fruehwald.hu\/#website"},"primaryImageOfPage":{"@id":"https:\/\/fruehwald.hu\/ro\/produse\/piatra-grila-pentru-gazon\/#primaryimage"},"datePublished":"2018-05-02T11:52:43+00:00","dateModified":"2024-03-27T10:04:29+00:00","breadcrumb":{"@id":"https:\/\/fruehwald.hu\/ro\/produse\/piatra-grila-pentru-gazon\/#breadcrumb"},"inLanguage":"ro-RO","potentialAction":[{"@type":"ReadAction","target":["https:\/\/fruehwald.hu\/ro\/produse\/piatra-grila-pentru-gazon\/"]}]},{"@type":"BreadcrumbList","@id":"https:\/\/fruehwald.hu\/ro\/produse\/piatra-grila-pentru-gazon\/#breadcrumb","itemListElement":[{"@type":"ListItem","position":1,"name":"Products","item":"https:\/\/fruehwald.hu\/products\/"},{"@type":"ListItem","position":2,"name":"Piatr\u0103 gril\u0103 pentru gazon"}]}]}},"acf":[],"_links":{"self":[{"href":"https:\/\/fruehwald.hu\/ro\/wp-json\/wp\/v2\/product\/7189"}],"collection":[{"href":"https:\/\/fruehwald.hu\/ro\/wp-json\/wp\/v2\/product"}],"about":[{"href":"https:\/\/fruehwald.hu\/ro\/wp-json\/wp\/v2\/types\/product"}],"wp:featuredmedia":[{"embeddable":true,"href":"https:\/\/fruehwald.hu\/ro\/wp-json\/wp\/v2\/media\/5253"}],"wp:attachment":[{"href":"https:\/\/fruehwald.hu\/ro\/wp-json\/wp\/v2\/media?parent=7189"}],"wp:term":[{"taxonomy":"product-cat","embeddable":true,"href":"https:\/\/fruehwald.hu\/ro\/wp-json\/wp\/v2\/product-cat?post=7189"},{"taxonomy":"product-color","embeddable":true,"href":"https:\/\/fruehwald.hu\/ro\/wp-json\/wp\/v2\/product-color?post=7189"},{"taxonomy":"product-coating","embeddable":true,"href":"https:\/\/fruehwald.hu\/ro\/wp-json\/wp\/v2\/product-coating?post=7189"},{"taxonomy":"product-usage-area","embeddable":true,"href":"https:\/\/fruehwald.hu\/ro\/wp-json\/wp\/v2\/product-usage-area?post=7189"},{"taxonomy":"product-load-capacity","embeddable":true,"href":"https:\/\/fruehwald.hu\/ro\/wp-json\/wp\/v2\/product-load-capacity?post=7189"},{"taxonomy":"product-features","embeddable":true,"href":"https:\/\/fruehwald.hu\/ro\/wp-json\/wp\/v2\/product-features?post=7189"}],"curies":[{"name":"wp","href":"https:\/\/api.w.org\/{rel}","templated":true}]}}