{"id":7187,"date":"2022-02-07T15:39:33","date_gmt":"2022-02-07T14:39:33","guid":{"rendered":"https:\/\/fruehwald.hu\/termekek\/pietre-de-pavaj-ecologice\/"},"modified":"2024-03-27T10:59:58","modified_gmt":"2024-03-27T09:59:58","slug":"pietre-de-pavaj-ecologice","status":"publish","type":"product","link":"https:\/\/fruehwald.hu\/ro\/produse\/pietre-de-pavaj-ecologice\/","title":{"rendered":"Pietre de pavaj ecologice"},"content":{"rendered":"\n<h2 class=\"\">Descriere<\/h2>\n\n<p class=\"\">Ideal pentru pavarea ecologic\u0103 a parc\u0103rilor. Pietrele de pavaj ecologice permit ca iarba s\u0103 creasc\u0103 \u00een mod natural \u0219i permite drenarea apei de ploaie. Ofer\u0103 o gam\u0103 larg\u0103 de aplica\u021bii at\u00e2t \u00een spa\u021bii private, c\u00e2t \u0219i publice.<\/p>\n\n<div class=\"wp-block-columns\">\n<div class=\"wp-block-column\">\n<ul><li>gam\u0103 larg\u0103 de aplica\u021bii<\/li><li>drenajul apei pluviale<\/li><li>rezisten\u021b\u0103 la alunecare \u0219i abraziune<\/li><li>rezisten\u021b\u0103 la sarea anti-\u00eenghe\u021b \u0219i sarea antiderapant\u0103<\/li><\/ul>\n<\/div>\n\n\n\n<div class=\"wp-block-column\">\n<figure class=\"wp-block-image size-full is-resized\"><img loading=\"lazy\" src=\"https:\/\/fruehwald.hu\/wp-content\/uploads\/sites\/5\/2022\/08\/Eco_Paver_Icon.png\" alt=\"\" class=\"wp-image-6161\" width=\"224\" height=\"225\"\/><\/figure>\n<\/div>\n<\/div>\n","protected":false},"excerpt":{"rendered":"<p>Pietrele de pavaj ecologice permit ca iarba s\u0103 creasc\u0103 \u00een mod natural \u0219i permite drenarea apei de ploaie.<\/p>\n","protected":false},"featured_media":5499,"template":"","product-cat":[314],"product-color":[316],"product-coating":[],"product-usage-area":[],"product-load-capacity":[319],"product-features":[317,322],"yoast_head":"<!-- This site is optimized with the Yoast SEO plugin v18.8 - https:\/\/yoast.com\/wordpress\/plugins\/seo\/ -->\n<title>Pietre de pavaj ecologice - Fr\u00fchwald HU<\/title>\n<meta name=\"robots\" content=\"index, follow, max-snippet:-1, max-image-preview:large, max-video-preview:-1\" \/>\n<link rel=\"canonical\" href=\"https:\/\/fruehwald.hu\/ro\/produse\/pietre-de-pavaj-ecologice\/\" \/>\n<meta property=\"og:locale\" content=\"ro_RO\" \/>\n<meta property=\"og:type\" content=\"article\" \/>\n<meta property=\"og:title\" content=\"Pietre de pavaj ecologice - Fr\u00fchwald HU\" \/>\n<meta property=\"og:description\" content=\"Pietrele de pavaj ecologice permit ca iarba s\u0103 creasc\u0103 \u00een mod natural \u0219i permite drenarea apei de ploaie.\" \/>\n<meta property=\"og:url\" content=\"https:\/\/fruehwald.hu\/ro\/produse\/pietre-de-pavaj-ecologice\/\" \/>\n<meta property=\"og:site_name\" content=\"Fr\u00fchwald HU\" \/>\n<meta property=\"article:modified_time\" content=\"2024-03-27T09:59:58+00:00\" \/>\n<meta property=\"og:image\" content=\"https:\/\/fruehwald.hu\/wp-content\/uploads\/sites\/5\/2022\/08\/OekoTerkoe_Image_Beitragsbild.jpg\" \/>\n\t<meta property=\"og:image:width\" content=\"4000\" \/>\n\t<meta property=\"og:image:height\" content=\"2250\" \/>\n\t<meta property=\"og:image:type\" content=\"image\/jpeg\" \/>\n<meta name=\"twitter:card\" content=\"summary_large_image\" \/>\n<script type=\"application\/ld+json\" class=\"yoast-schema-graph\">{\"@context\":\"https:\/\/schema.org\",\"@graph\":[{\"@type\":\"WebSite\",\"@id\":\"https:\/\/fruehwald.hu\/#website\",\"url\":\"https:\/\/fruehwald.hu\/\",\"name\":\"Fr\u00fchwald HU\",\"description\":\"Fr\u00fchwald\",\"potentialAction\":[{\"@type\":\"SearchAction\",\"target\":{\"@type\":\"EntryPoint\",\"urlTemplate\":\"https:\/\/fruehwald.hu\/?s={search_term_string}\"},\"query-input\":\"required name=search_term_string\"}],\"inLanguage\":\"ro-RO\"},{\"@type\":\"ImageObject\",\"inLanguage\":\"ro-RO\",\"@id\":\"https:\/\/fruehwald.hu\/ro\/produse\/pietre-de-pavaj-ecologice\/#primaryimage\",\"url\":\"https:\/\/fruehwald.hu\/wp-content\/uploads\/sites\/5\/2022\/08\/OekoTerkoe_Image_Beitragsbild.jpg\",\"contentUrl\":\"https:\/\/fruehwald.hu\/wp-content\/uploads\/sites\/5\/2022\/08\/OekoTerkoe_Image_Beitragsbild.jpg\",\"width\":4000,\"height\":2250},{\"@type\":\"WebPage\",\"@id\":\"https:\/\/fruehwald.hu\/ro\/produse\/pietre-de-pavaj-ecologice\/#webpage\",\"url\":\"https:\/\/fruehwald.hu\/ro\/produse\/pietre-de-pavaj-ecologice\/\",\"name\":\"Pietre de pavaj ecologice - Fr\u00fchwald HU\",\"isPartOf\":{\"@id\":\"https:\/\/fruehwald.hu\/#website\"},\"primaryImageOfPage\":{\"@id\":\"https:\/\/fruehwald.hu\/ro\/produse\/pietre-de-pavaj-ecologice\/#primaryimage\"},\"datePublished\":\"2022-02-07T14:39:33+00:00\",\"dateModified\":\"2024-03-27T09:59:58+00:00\",\"breadcrumb\":{\"@id\":\"https:\/\/fruehwald.hu\/ro\/produse\/pietre-de-pavaj-ecologice\/#breadcrumb\"},\"inLanguage\":\"ro-RO\",\"potentialAction\":[{\"@type\":\"ReadAction\",\"target\":[\"https:\/\/fruehwald.hu\/ro\/produse\/pietre-de-pavaj-ecologice\/\"]}]},{\"@type\":\"BreadcrumbList\",\"@id\":\"https:\/\/fruehwald.hu\/ro\/produse\/pietre-de-pavaj-ecologice\/#breadcrumb\",\"itemListElement\":[{\"@type\":\"ListItem\",\"position\":1,\"name\":\"Products\",\"item\":\"https:\/\/fruehwald.hu\/products\/\"},{\"@type\":\"ListItem\",\"position\":2,\"name\":\"Pietre de pavaj ecologice\"}]}]}<\/script>\n<!-- \/ Yoast SEO plugin. -->","yoast_head_json":{"title":"Pietre de pavaj ecologice - Fr\u00fchwald HU","robots":{"index":"index","follow":"follow","max-snippet":"max-snippet:-1","max-image-preview":"max-image-preview:large","max-video-preview":"max-video-preview:-1"},"canonical":"https:\/\/fruehwald.hu\/ro\/produse\/pietre-de-pavaj-ecologice\/","og_locale":"ro_RO","og_type":"article","og_title":"Pietre de pavaj ecologice - Fr\u00fchwald HU","og_description":"Pietrele de pavaj ecologice permit ca iarba s\u0103 creasc\u0103 \u00een mod natural \u0219i permite drenarea apei de ploaie.","og_url":"https:\/\/fruehwald.hu\/ro\/produse\/pietre-de-pavaj-ecologice\/","og_site_name":"Fr\u00fchwald HU","article_modified_time":"2024-03-27T09:59:58+00:00","og_image":[{"width":4000,"height":2250,"url":"https:\/\/fruehwald.hu\/wp-content\/uploads\/sites\/5\/2022\/08\/OekoTerkoe_Image_Beitragsbild.jpg","type":"image\/jpeg"}],"twitter_card":"summary_large_image","schema":{"@context":"https:\/\/schema.org","@graph":[{"@type":"WebSite","@id":"https:\/\/fruehwald.hu\/#website","url":"https:\/\/fruehwald.hu\/","name":"Fr\u00fchwald HU","description":"Fr\u00fchwald","potentialAction":[{"@type":"SearchAction","target":{"@type":"EntryPoint","urlTemplate":"https:\/\/fruehwald.hu\/?s={search_term_string}"},"query-input":"required name=search_term_string"}],"inLanguage":"ro-RO"},{"@type":"ImageObject","inLanguage":"ro-RO","@id":"https:\/\/fruehwald.hu\/ro\/produse\/pietre-de-pavaj-ecologice\/#primaryimage","url":"https:\/\/fruehwald.hu\/wp-content\/uploads\/sites\/5\/2022\/08\/OekoTerkoe_Image_Beitragsbild.jpg","contentUrl":"https:\/\/fruehwald.hu\/wp-content\/uploads\/sites\/5\/2022\/08\/OekoTerkoe_Image_Beitragsbild.jpg","width":4000,"height":2250},{"@type":"WebPage","@id":"https:\/\/fruehwald.hu\/ro\/produse\/pietre-de-pavaj-ecologice\/#webpage","url":"https:\/\/fruehwald.hu\/ro\/produse\/pietre-de-pavaj-ecologice\/","name":"Pietre de pavaj ecologice - Fr\u00fchwald HU","isPartOf":{"@id":"https:\/\/fruehwald.hu\/#website"},"primaryImageOfPage":{"@id":"https:\/\/fruehwald.hu\/ro\/produse\/pietre-de-pavaj-ecologice\/#primaryimage"},"datePublished":"2022-02-07T14:39:33+00:00","dateModified":"2024-03-27T09:59:58+00:00","breadcrumb":{"@id":"https:\/\/fruehwald.hu\/ro\/produse\/pietre-de-pavaj-ecologice\/#breadcrumb"},"inLanguage":"ro-RO","potentialAction":[{"@type":"ReadAction","target":["https:\/\/fruehwald.hu\/ro\/produse\/pietre-de-pavaj-ecologice\/"]}]},{"@type":"BreadcrumbList","@id":"https:\/\/fruehwald.hu\/ro\/produse\/pietre-de-pavaj-ecologice\/#breadcrumb","itemListElement":[{"@type":"ListItem","position":1,"name":"Products","item":"https:\/\/fruehwald.hu\/products\/"},{"@type":"ListItem","position":2,"name":"Pietre de pavaj ecologice"}]}]}},"acf":[],"_links":{"self":[{"href":"https:\/\/fruehwald.hu\/ro\/wp-json\/wp\/v2\/product\/7187"}],"collection":[{"href":"https:\/\/fruehwald.hu\/ro\/wp-json\/wp\/v2\/product"}],"about":[{"href":"https:\/\/fruehwald.hu\/ro\/wp-json\/wp\/v2\/types\/product"}],"wp:featuredmedia":[{"embeddable":true,"href":"https:\/\/fruehwald.hu\/ro\/wp-json\/wp\/v2\/media\/5499"}],"wp:attachment":[{"href":"https:\/\/fruehwald.hu\/ro\/wp-json\/wp\/v2\/media?parent=7187"}],"wp:term":[{"taxonomy":"product-cat","embeddable":true,"href":"https:\/\/fruehwald.hu\/ro\/wp-json\/wp\/v2\/product-cat?post=7187"},{"taxonomy":"product-color","embeddable":true,"href":"https:\/\/fruehwald.hu\/ro\/wp-json\/wp\/v2\/product-color?post=7187"},{"taxonomy":"product-coating","embeddable":true,"href":"https:\/\/fruehwald.hu\/ro\/wp-json\/wp\/v2\/product-coating?post=7187"},{"taxonomy":"product-usage-area","embeddable":true,"href":"https:\/\/fruehwald.hu\/ro\/wp-json\/wp\/v2\/product-usage-area?post=7187"},{"taxonomy":"product-load-capacity","embeddable":true,"href":"https:\/\/fruehwald.hu\/ro\/wp-json\/wp\/v2\/product-load-capacity?post=7187"},{"taxonomy":"product-features","embeddable":true,"href":"https:\/\/fruehwald.hu\/ro\/wp-json\/wp\/v2\/product-features?post=7187"}],"curies":[{"name":"wp","href":"https:\/\/api.w.org\/{rel}","templated":true}]}}