{"id":7184,"date":"2022-08-25T16:52:20","date_gmt":"2022-08-25T14:52:20","guid":{"rendered":"https:\/\/fruehwald.hu\/termekek\/infrastructura-clasica-2\/"},"modified":"2024-03-27T10:38:26","modified_gmt":"2024-03-27T09:38:26","slug":"infrastructura-clasica-2","status":"publish","type":"product","link":"https:\/\/fruehwald.hu\/ro\/produse\/infrastructura-clasica-2\/","title":{"rendered":"Infrastructur\u0103 clasic\u0103"},"content":{"rendered":"\n<div class=\"wp-block-columns\">\n<div class=\"wp-block-column\">\n<h2 class=\"\">Descriere<\/h2>\n\n\n\n<p class=\"\">Elegan\u021b\u0103 clasic\u0103 care poate fi aplicat\u0103 peste tot. Cu o \u00een\u0103l\u021bime a pietrei de 8 cm, are o capacitate portant\u0103 extrem\u0103, ceea ce o face ideal\u0103 pentru pavarea spa\u021biilor publice. Posibilit\u0103\u021bile de amplasare sunt infinite!<\/p>\n\n\n\n<ul><li>Gam\u0103 deosebit de larg\u0103 de op\u021biuni de executare<\/li><li>Rezisten\u021b\u0103 la alunecare \u0219i abraziune<\/li><li>Rezisten\u021b\u0103 la \u00eenghe\u021b \u0219i sarea antiderapant\u0103<\/li><\/ul>\n\n\n\n<p class=\"\">Cu aspect de beton grunjos<\/p>\n<\/div>\n<\/div>\n","protected":false},"excerpt":{"rendered":"<p>Atemporal, combinabil cu versatilitate, discret!<\/p>\n","protected":false},"featured_media":11989,"template":"","product-cat":[314],"product-color":[316],"product-coating":[],"product-usage-area":[323],"product-load-capacity":[],"product-features":[317],"yoast_head":"<!-- This site is optimized with the Yoast SEO plugin v18.8 - https:\/\/yoast.com\/wordpress\/plugins\/seo\/ -->\n<title>Infrastructur\u0103 clasic\u0103 - Fr\u00fchwald HU<\/title>\n<meta name=\"robots\" content=\"index, follow, max-snippet:-1, max-image-preview:large, max-video-preview:-1\" \/>\n<link rel=\"canonical\" href=\"https:\/\/fruehwald.hu\/ro\/produse\/infrastructura-clasica-2\/\" \/>\n<meta property=\"og:locale\" content=\"ro_RO\" \/>\n<meta property=\"og:type\" content=\"article\" \/>\n<meta property=\"og:title\" content=\"Infrastructur\u0103 clasic\u0103 - Fr\u00fchwald HU\" \/>\n<meta property=\"og:description\" content=\"Atemporal, combinabil cu versatilitate, discret!\" \/>\n<meta property=\"og:url\" content=\"https:\/\/fruehwald.hu\/ro\/produse\/infrastructura-clasica-2\/\" \/>\n<meta property=\"og:site_name\" content=\"Fr\u00fchwald HU\" \/>\n<meta property=\"article:modified_time\" content=\"2024-03-27T09:38:26+00:00\" \/>\n<meta property=\"og:image\" content=\"https:\/\/fruehwald.hu\/wp-content\/uploads\/sites\/5\/2022\/08\/Classic-Infrstruktur_Image_Beitragsbild.jpg\" \/>\n\t<meta property=\"og:image:width\" content=\"4000\" \/>\n\t<meta property=\"og:image:height\" content=\"2250\" \/>\n\t<meta property=\"og:image:type\" content=\"image\/jpeg\" \/>\n<meta name=\"twitter:card\" content=\"summary_large_image\" \/>\n<script type=\"application\/ld+json\" class=\"yoast-schema-graph\">{\"@context\":\"https:\/\/schema.org\",\"@graph\":[{\"@type\":\"WebSite\",\"@id\":\"https:\/\/fruehwald.hu\/#website\",\"url\":\"https:\/\/fruehwald.hu\/\",\"name\":\"Fr\u00fchwald HU\",\"description\":\"Fr\u00fchwald\",\"potentialAction\":[{\"@type\":\"SearchAction\",\"target\":{\"@type\":\"EntryPoint\",\"urlTemplate\":\"https:\/\/fruehwald.hu\/?s={search_term_string}\"},\"query-input\":\"required name=search_term_string\"}],\"inLanguage\":\"ro-RO\"},{\"@type\":\"ImageObject\",\"inLanguage\":\"ro-RO\",\"@id\":\"https:\/\/fruehwald.hu\/ro\/produse\/infrastructura-clasica-2\/#primaryimage\",\"url\":\"https:\/\/fruehwald.hu\/wp-content\/uploads\/sites\/5\/2022\/08\/Infrasturktura_Kep_1.jpg\",\"contentUrl\":\"https:\/\/fruehwald.hu\/wp-content\/uploads\/sites\/5\/2022\/08\/Infrasturktura_Kep_1.jpg\",\"width\":1586,\"height\":928},{\"@type\":\"WebPage\",\"@id\":\"https:\/\/fruehwald.hu\/ro\/produse\/infrastructura-clasica-2\/#webpage\",\"url\":\"https:\/\/fruehwald.hu\/ro\/produse\/infrastructura-clasica-2\/\",\"name\":\"Infrastructur\u0103 clasic\u0103 - Fr\u00fchwald HU\",\"isPartOf\":{\"@id\":\"https:\/\/fruehwald.hu\/#website\"},\"primaryImageOfPage\":{\"@id\":\"https:\/\/fruehwald.hu\/ro\/produse\/infrastructura-clasica-2\/#primaryimage\"},\"datePublished\":\"2022-08-25T14:52:20+00:00\",\"dateModified\":\"2024-03-27T09:38:26+00:00\",\"breadcrumb\":{\"@id\":\"https:\/\/fruehwald.hu\/ro\/produse\/infrastructura-clasica-2\/#breadcrumb\"},\"inLanguage\":\"ro-RO\",\"potentialAction\":[{\"@type\":\"ReadAction\",\"target\":[\"https:\/\/fruehwald.hu\/ro\/produse\/infrastructura-clasica-2\/\"]}]},{\"@type\":\"BreadcrumbList\",\"@id\":\"https:\/\/fruehwald.hu\/ro\/produse\/infrastructura-clasica-2\/#breadcrumb\",\"itemListElement\":[{\"@type\":\"ListItem\",\"position\":1,\"name\":\"Products\",\"item\":\"https:\/\/fruehwald.hu\/products\/\"},{\"@type\":\"ListItem\",\"position\":2,\"name\":\"Infrastructur\u0103 clasic\u0103\"}]}]}<\/script>\n<!-- \/ Yoast SEO plugin. -->","yoast_head_json":{"title":"Infrastructur\u0103 clasic\u0103 - Fr\u00fchwald HU","robots":{"index":"index","follow":"follow","max-snippet":"max-snippet:-1","max-image-preview":"max-image-preview:large","max-video-preview":"max-video-preview:-1"},"canonical":"https:\/\/fruehwald.hu\/ro\/produse\/infrastructura-clasica-2\/","og_locale":"ro_RO","og_type":"article","og_title":"Infrastructur\u0103 clasic\u0103 - Fr\u00fchwald HU","og_description":"Atemporal, combinabil cu versatilitate, discret!","og_url":"https:\/\/fruehwald.hu\/ro\/produse\/infrastructura-clasica-2\/","og_site_name":"Fr\u00fchwald HU","article_modified_time":"2024-03-27T09:38:26+00:00","og_image":[{"width":4000,"height":2250,"url":"https:\/\/fruehwald.hu\/wp-content\/uploads\/sites\/5\/2022\/08\/Classic-Infrstruktur_Image_Beitragsbild.jpg","type":"image\/jpeg"}],"twitter_card":"summary_large_image","schema":{"@context":"https:\/\/schema.org","@graph":[{"@type":"WebSite","@id":"https:\/\/fruehwald.hu\/#website","url":"https:\/\/fruehwald.hu\/","name":"Fr\u00fchwald HU","description":"Fr\u00fchwald","potentialAction":[{"@type":"SearchAction","target":{"@type":"EntryPoint","urlTemplate":"https:\/\/fruehwald.hu\/?s={search_term_string}"},"query-input":"required name=search_term_string"}],"inLanguage":"ro-RO"},{"@type":"ImageObject","inLanguage":"ro-RO","@id":"https:\/\/fruehwald.hu\/ro\/produse\/infrastructura-clasica-2\/#primaryimage","url":"https:\/\/fruehwald.hu\/wp-content\/uploads\/sites\/5\/2022\/08\/Infrasturktura_Kep_1.jpg","contentUrl":"https:\/\/fruehwald.hu\/wp-content\/uploads\/sites\/5\/2022\/08\/Infrasturktura_Kep_1.jpg","width":1586,"height":928},{"@type":"WebPage","@id":"https:\/\/fruehwald.hu\/ro\/produse\/infrastructura-clasica-2\/#webpage","url":"https:\/\/fruehwald.hu\/ro\/produse\/infrastructura-clasica-2\/","name":"Infrastructur\u0103 clasic\u0103 - Fr\u00fchwald HU","isPartOf":{"@id":"https:\/\/fruehwald.hu\/#website"},"primaryImageOfPage":{"@id":"https:\/\/fruehwald.hu\/ro\/produse\/infrastructura-clasica-2\/#primaryimage"},"datePublished":"2022-08-25T14:52:20+00:00","dateModified":"2024-03-27T09:38:26+00:00","breadcrumb":{"@id":"https:\/\/fruehwald.hu\/ro\/produse\/infrastructura-clasica-2\/#breadcrumb"},"inLanguage":"ro-RO","potentialAction":[{"@type":"ReadAction","target":["https:\/\/fruehwald.hu\/ro\/produse\/infrastructura-clasica-2\/"]}]},{"@type":"BreadcrumbList","@id":"https:\/\/fruehwald.hu\/ro\/produse\/infrastructura-clasica-2\/#breadcrumb","itemListElement":[{"@type":"ListItem","position":1,"name":"Products","item":"https:\/\/fruehwald.hu\/products\/"},{"@type":"ListItem","position":2,"name":"Infrastructur\u0103 clasic\u0103"}]}]}},"acf":[],"_links":{"self":[{"href":"https:\/\/fruehwald.hu\/ro\/wp-json\/wp\/v2\/product\/7184"}],"collection":[{"href":"https:\/\/fruehwald.hu\/ro\/wp-json\/wp\/v2\/product"}],"about":[{"href":"https:\/\/fruehwald.hu\/ro\/wp-json\/wp\/v2\/types\/product"}],"wp:featuredmedia":[{"embeddable":true,"href":"https:\/\/fruehwald.hu\/ro\/wp-json\/wp\/v2\/media\/11989"}],"wp:attachment":[{"href":"https:\/\/fruehwald.hu\/ro\/wp-json\/wp\/v2\/media?parent=7184"}],"wp:term":[{"taxonomy":"product-cat","embeddable":true,"href":"https:\/\/fruehwald.hu\/ro\/wp-json\/wp\/v2\/product-cat?post=7184"},{"taxonomy":"product-color","embeddable":true,"href":"https:\/\/fruehwald.hu\/ro\/wp-json\/wp\/v2\/product-color?post=7184"},{"taxonomy":"product-coating","embeddable":true,"href":"https:\/\/fruehwald.hu\/ro\/wp-json\/wp\/v2\/product-coating?post=7184"},{"taxonomy":"product-usage-area","embeddable":true,"href":"https:\/\/fruehwald.hu\/ro\/wp-json\/wp\/v2\/product-usage-area?post=7184"},{"taxonomy":"product-load-capacity","embeddable":true,"href":"https:\/\/fruehwald.hu\/ro\/wp-json\/wp\/v2\/product-load-capacity?post=7184"},{"taxonomy":"product-features","embeddable":true,"href":"https:\/\/fruehwald.hu\/ro\/wp-json\/wp\/v2\/product-features?post=7184"}],"curies":[{"name":"wp","href":"https:\/\/api.w.org\/{rel}","templated":true}]}}