{"id":7176,"date":"2018-05-02T10:55:24","date_gmt":"2018-05-02T08:55:24","guid":{"rendered":"https:\/\/fruehwald.hu\/termekek\/toscana-2\/"},"modified":"2024-03-27T10:26:39","modified_gmt":"2024-03-27T09:26:39","slug":"toscana-2","status":"publish","type":"product","link":"https:\/\/fruehwald.hu\/ro\/produse\/toscana-2\/","title":{"rendered":"Toscana"},"content":{"rendered":"\n<div class=\"wp-block-columns\">\n<div class=\"wp-block-column\">\n<h2 class=\"\">Descriere<\/h2>\n\n\n\n<p class=\"\">Gr\u0103dina pavat\u0103 cu piatra Toscana v\u0103 invit\u0103 s\u0103 v\u0103 relaxa\u021bi cu romantism mediteranean. Elegan\u021ba atemporal\u0103 \u0219i farmecul mediteranean sunt completate de combina\u021bii cu caracter \u0219i design exterior unic.<\/p>\n\n\n\n<ul><li class=\"p1\">Gam\u0103 deosebit de larg\u0103 de op\u021biuni de executare<\/li><li class=\"p1\">Rezisten\u021b\u0103 la alunecare \u0219i abraziune<\/li><li class=\"p1\">Rezisten\u021b\u0103 la \u00eenghe\u021b \u0219i sarea antiderapant\u0103<\/li><\/ul>\n<\/div>\n<\/div>\n","protected":false},"excerpt":{"rendered":"<p>Dac\u0103 terasa v\u0103 cheam\u0103 s\u0103 v\u0103 lua\u021bi o scurt\u0103 vacan\u021b\u0103 cu romantismul Floren\u021bei, Toscana este cu siguran\u021b\u0103 o parte din ea.<\/p>\n","protected":false},"featured_media":5230,"template":"","product-cat":[314],"product-color":[316],"product-coating":[],"product-usage-area":[323],"product-load-capacity":[319],"product-features":[317,322],"yoast_head":"<!-- This site is optimized with the Yoast SEO plugin v18.8 - https:\/\/yoast.com\/wordpress\/plugins\/seo\/ -->\n<title>Toscana - Fr\u00fchwald HU<\/title>\n<meta name=\"robots\" content=\"index, follow, max-snippet:-1, max-image-preview:large, max-video-preview:-1\" \/>\n<link rel=\"canonical\" href=\"https:\/\/fruehwald.hu\/ro\/produse\/toscana-2\/\" \/>\n<meta property=\"og:locale\" content=\"ro_RO\" \/>\n<meta property=\"og:type\" content=\"article\" \/>\n<meta property=\"og:title\" content=\"Toscana - Fr\u00fchwald HU\" \/>\n<meta property=\"og:description\" content=\"Dac\u0103 terasa v\u0103 cheam\u0103 s\u0103 v\u0103 lua\u021bi o scurt\u0103 vacan\u021b\u0103 cu romantismul Floren\u021bei, Toscana este cu siguran\u021b\u0103 o parte din ea.\" \/>\n<meta property=\"og:url\" content=\"https:\/\/fruehwald.hu\/ro\/produse\/toscana-2\/\" \/>\n<meta property=\"og:site_name\" content=\"Fr\u00fchwald HU\" \/>\n<meta property=\"article:modified_time\" content=\"2024-03-27T09:26:39+00:00\" \/>\n<meta property=\"og:image\" content=\"https:\/\/fruehwald.hu\/wp-content\/uploads\/sites\/5\/2022\/08\/Toscana_Image_Beitragsbild.jpg\" \/>\n\t<meta property=\"og:image:width\" content=\"4000\" \/>\n\t<meta property=\"og:image:height\" content=\"2250\" \/>\n\t<meta property=\"og:image:type\" content=\"image\/jpeg\" \/>\n<meta name=\"twitter:card\" content=\"summary_large_image\" \/>\n<script type=\"application\/ld+json\" class=\"yoast-schema-graph\">{\"@context\":\"https:\/\/schema.org\",\"@graph\":[{\"@type\":\"WebSite\",\"@id\":\"https:\/\/fruehwald.hu\/#website\",\"url\":\"https:\/\/fruehwald.hu\/\",\"name\":\"Fr\u00fchwald HU\",\"description\":\"Fr\u00fchwald\",\"potentialAction\":[{\"@type\":\"SearchAction\",\"target\":{\"@type\":\"EntryPoint\",\"urlTemplate\":\"https:\/\/fruehwald.hu\/?s={search_term_string}\"},\"query-input\":\"required name=search_term_string\"}],\"inLanguage\":\"ro-RO\"},{\"@type\":\"ImageObject\",\"inLanguage\":\"ro-RO\",\"@id\":\"https:\/\/fruehwald.hu\/ro\/produse\/toscana-2\/#primaryimage\",\"url\":\"https:\/\/fruehwald.hu\/wp-content\/uploads\/sites\/5\/2022\/08\/Toscana_Image_Beitragsbild.jpg\",\"contentUrl\":\"https:\/\/fruehwald.hu\/wp-content\/uploads\/sites\/5\/2022\/08\/Toscana_Image_Beitragsbild.jpg\",\"width\":4000,\"height\":2250},{\"@type\":\"WebPage\",\"@id\":\"https:\/\/fruehwald.hu\/ro\/produse\/toscana-2\/#webpage\",\"url\":\"https:\/\/fruehwald.hu\/ro\/produse\/toscana-2\/\",\"name\":\"Toscana - Fr\u00fchwald HU\",\"isPartOf\":{\"@id\":\"https:\/\/fruehwald.hu\/#website\"},\"primaryImageOfPage\":{\"@id\":\"https:\/\/fruehwald.hu\/ro\/produse\/toscana-2\/#primaryimage\"},\"datePublished\":\"2018-05-02T08:55:24+00:00\",\"dateModified\":\"2024-03-27T09:26:39+00:00\",\"breadcrumb\":{\"@id\":\"https:\/\/fruehwald.hu\/ro\/produse\/toscana-2\/#breadcrumb\"},\"inLanguage\":\"ro-RO\",\"potentialAction\":[{\"@type\":\"ReadAction\",\"target\":[\"https:\/\/fruehwald.hu\/ro\/produse\/toscana-2\/\"]}]},{\"@type\":\"BreadcrumbList\",\"@id\":\"https:\/\/fruehwald.hu\/ro\/produse\/toscana-2\/#breadcrumb\",\"itemListElement\":[{\"@type\":\"ListItem\",\"position\":1,\"name\":\"Products\",\"item\":\"https:\/\/fruehwald.hu\/products\/\"},{\"@type\":\"ListItem\",\"position\":2,\"name\":\"Toscana\"}]}]}<\/script>\n<!-- \/ Yoast SEO plugin. -->","yoast_head_json":{"title":"Toscana - Fr\u00fchwald HU","robots":{"index":"index","follow":"follow","max-snippet":"max-snippet:-1","max-image-preview":"max-image-preview:large","max-video-preview":"max-video-preview:-1"},"canonical":"https:\/\/fruehwald.hu\/ro\/produse\/toscana-2\/","og_locale":"ro_RO","og_type":"article","og_title":"Toscana - Fr\u00fchwald HU","og_description":"Dac\u0103 terasa v\u0103 cheam\u0103 s\u0103 v\u0103 lua\u021bi o scurt\u0103 vacan\u021b\u0103 cu romantismul Floren\u021bei, Toscana este cu siguran\u021b\u0103 o parte din ea.","og_url":"https:\/\/fruehwald.hu\/ro\/produse\/toscana-2\/","og_site_name":"Fr\u00fchwald HU","article_modified_time":"2024-03-27T09:26:39+00:00","og_image":[{"width":4000,"height":2250,"url":"https:\/\/fruehwald.hu\/wp-content\/uploads\/sites\/5\/2022\/08\/Toscana_Image_Beitragsbild.jpg","type":"image\/jpeg"}],"twitter_card":"summary_large_image","schema":{"@context":"https:\/\/schema.org","@graph":[{"@type":"WebSite","@id":"https:\/\/fruehwald.hu\/#website","url":"https:\/\/fruehwald.hu\/","name":"Fr\u00fchwald HU","description":"Fr\u00fchwald","potentialAction":[{"@type":"SearchAction","target":{"@type":"EntryPoint","urlTemplate":"https:\/\/fruehwald.hu\/?s={search_term_string}"},"query-input":"required name=search_term_string"}],"inLanguage":"ro-RO"},{"@type":"ImageObject","inLanguage":"ro-RO","@id":"https:\/\/fruehwald.hu\/ro\/produse\/toscana-2\/#primaryimage","url":"https:\/\/fruehwald.hu\/wp-content\/uploads\/sites\/5\/2022\/08\/Toscana_Image_Beitragsbild.jpg","contentUrl":"https:\/\/fruehwald.hu\/wp-content\/uploads\/sites\/5\/2022\/08\/Toscana_Image_Beitragsbild.jpg","width":4000,"height":2250},{"@type":"WebPage","@id":"https:\/\/fruehwald.hu\/ro\/produse\/toscana-2\/#webpage","url":"https:\/\/fruehwald.hu\/ro\/produse\/toscana-2\/","name":"Toscana - Fr\u00fchwald HU","isPartOf":{"@id":"https:\/\/fruehwald.hu\/#website"},"primaryImageOfPage":{"@id":"https:\/\/fruehwald.hu\/ro\/produse\/toscana-2\/#primaryimage"},"datePublished":"2018-05-02T08:55:24+00:00","dateModified":"2024-03-27T09:26:39+00:00","breadcrumb":{"@id":"https:\/\/fruehwald.hu\/ro\/produse\/toscana-2\/#breadcrumb"},"inLanguage":"ro-RO","potentialAction":[{"@type":"ReadAction","target":["https:\/\/fruehwald.hu\/ro\/produse\/toscana-2\/"]}]},{"@type":"BreadcrumbList","@id":"https:\/\/fruehwald.hu\/ro\/produse\/toscana-2\/#breadcrumb","itemListElement":[{"@type":"ListItem","position":1,"name":"Products","item":"https:\/\/fruehwald.hu\/products\/"},{"@type":"ListItem","position":2,"name":"Toscana"}]}]}},"acf":[],"_links":{"self":[{"href":"https:\/\/fruehwald.hu\/ro\/wp-json\/wp\/v2\/product\/7176"}],"collection":[{"href":"https:\/\/fruehwald.hu\/ro\/wp-json\/wp\/v2\/product"}],"about":[{"href":"https:\/\/fruehwald.hu\/ro\/wp-json\/wp\/v2\/types\/product"}],"wp:featuredmedia":[{"embeddable":true,"href":"https:\/\/fruehwald.hu\/ro\/wp-json\/wp\/v2\/media\/5230"}],"wp:attachment":[{"href":"https:\/\/fruehwald.hu\/ro\/wp-json\/wp\/v2\/media?parent=7176"}],"wp:term":[{"taxonomy":"product-cat","embeddable":true,"href":"https:\/\/fruehwald.hu\/ro\/wp-json\/wp\/v2\/product-cat?post=7176"},{"taxonomy":"product-color","embeddable":true,"href":"https:\/\/fruehwald.hu\/ro\/wp-json\/wp\/v2\/product-color?post=7176"},{"taxonomy":"product-coating","embeddable":true,"href":"https:\/\/fruehwald.hu\/ro\/wp-json\/wp\/v2\/product-coating?post=7176"},{"taxonomy":"product-usage-area","embeddable":true,"href":"https:\/\/fruehwald.hu\/ro\/wp-json\/wp\/v2\/product-usage-area?post=7176"},{"taxonomy":"product-load-capacity","embeddable":true,"href":"https:\/\/fruehwald.hu\/ro\/wp-json\/wp\/v2\/product-load-capacity?post=7176"},{"taxonomy":"product-features","embeddable":true,"href":"https:\/\/fruehwald.hu\/ro\/wp-json\/wp\/v2\/product-features?post=7176"}],"curies":[{"name":"wp","href":"https:\/\/api.w.org\/{rel}","templated":true}]}}