{"id":7172,"date":"2018-04-30T14:59:11","date_gmt":"2018-04-30T12:59:11","guid":{"rendered":"https:\/\/fruehwald.hu\/termekek\/il-lungo\/"},"modified":"2024-03-27T10:06:12","modified_gmt":"2024-03-27T09:06:12","slug":"il-lungo","status":"publish","type":"product","link":"https:\/\/fruehwald.hu\/ro\/produse\/il-lungo\/","title":{"rendered":"Il Lungo"},"content":{"rendered":"\n<div class=\"wp-block-columns\">\n<div class=\"wp-block-column\">\n<h2 class=\"\">Descriere<\/h2>\n\n\n\n<p class=\"\">Tranzi\u021bii cromatice caracteristice, nuan\u021be vibrante, compozi\u021bii cromatice rafinate &#8211; toate acestea, combinate cu o palet\u0103 larg\u0103 de op\u021biuni de combinare, creeaz\u0103 un efect general uimitor.<\/p>\n\n\n\n<ul><li class=\"p1\">O gam\u0103 deosebit de larg\u0103 de op\u021biuni de execu\u021bie<\/li><li class=\"p1\">Rezisten\u021b\u0103 la alunecare \u0219i abraziune<\/li><li class=\"p1\">Rezisten\u021b\u0103 la \u00eenghe\u021b \u0219i sarea antiderapant\u0103<\/li><\/ul>\n\n\n\n<p class=\"has-text-align-left\"><\/p>\n<\/div>\n\n\n\n<div class=\"wp-block-column\">\n<h2 class=\"has-text-align-center\">Form\u0103 combin\u0103t\u0103<\/h2>\n\n\n\n<p class=\"has-text-align-center\">60 x 30 x 6 cm (3 buc\u0103\u021bi)<br\/>30 x 30 x 6 cm (3 buc\u0103\u021bi)<br\/>30 x 15 x 6 cm (3 buc\u0103\u021bi)<\/p>\n<\/div>\n<\/div>\n","protected":false},"excerpt":{"rendered":"<p>Tranzi\u021bii de culori vii \u00een gradient de culori<\/p>\n","protected":false},"featured_media":13686,"template":"","product-cat":[314],"product-color":[316],"product-coating":[],"product-usage-area":[323],"product-load-capacity":[319],"product-features":[317,322],"yoast_head":"<!-- This site is optimized with the Yoast SEO plugin v18.8 - https:\/\/yoast.com\/wordpress\/plugins\/seo\/ -->\n<title>Il Lungo - Fr\u00fchwald HU<\/title>\n<meta name=\"robots\" content=\"index, follow, max-snippet:-1, max-image-preview:large, max-video-preview:-1\" \/>\n<link rel=\"canonical\" href=\"https:\/\/fruehwald.hu\/ro\/produse\/il-lungo\/\" \/>\n<meta property=\"og:locale\" content=\"ro_RO\" \/>\n<meta property=\"og:type\" content=\"article\" \/>\n<meta property=\"og:title\" content=\"Il Lungo - Fr\u00fchwald HU\" \/>\n<meta property=\"og:description\" content=\"Tranzi\u021bii de culori vii \u00een gradient de culori\" \/>\n<meta property=\"og:url\" content=\"https:\/\/fruehwald.hu\/ro\/produse\/il-lungo\/\" \/>\n<meta property=\"og:site_name\" content=\"Fr\u00fchwald HU\" \/>\n<meta property=\"article:modified_time\" content=\"2024-03-27T09:06:12+00:00\" \/>\n<meta property=\"og:image\" content=\"https:\/\/fruehwald.hu\/wp-content\/uploads\/sites\/5\/2018\/04\/Il-Lungo-Foto-fent.jpg\" \/>\n\t<meta property=\"og:image:width\" content=\"660\" \/>\n\t<meta property=\"og:image:height\" content=\"440\" \/>\n\t<meta property=\"og:image:type\" content=\"image\/jpeg\" \/>\n<meta name=\"twitter:card\" content=\"summary_large_image\" \/>\n<script type=\"application\/ld+json\" class=\"yoast-schema-graph\">{\"@context\":\"https:\/\/schema.org\",\"@graph\":[{\"@type\":\"WebSite\",\"@id\":\"https:\/\/fruehwald.hu\/#website\",\"url\":\"https:\/\/fruehwald.hu\/\",\"name\":\"Fr\u00fchwald HU\",\"description\":\"Fr\u00fchwald\",\"potentialAction\":[{\"@type\":\"SearchAction\",\"target\":{\"@type\":\"EntryPoint\",\"urlTemplate\":\"https:\/\/fruehwald.hu\/?s={search_term_string}\"},\"query-input\":\"required name=search_term_string\"}],\"inLanguage\":\"ro-RO\"},{\"@type\":\"ImageObject\",\"inLanguage\":\"ro-RO\",\"@id\":\"https:\/\/fruehwald.hu\/ro\/produse\/il-lungo\/#primaryimage\",\"url\":\"https:\/\/fruehwald.hu\/wp-content\/uploads\/sites\/5\/2018\/04\/Weboldal_slide_Il_Lungo.jpg\",\"contentUrl\":\"https:\/\/fruehwald.hu\/wp-content\/uploads\/sites\/5\/2018\/04\/Weboldal_slide_Il_Lungo.jpg\",\"width\":1920,\"height\":1080},{\"@type\":\"WebPage\",\"@id\":\"https:\/\/fruehwald.hu\/ro\/produse\/il-lungo\/#webpage\",\"url\":\"https:\/\/fruehwald.hu\/ro\/produse\/il-lungo\/\",\"name\":\"Il Lungo - Fr\u00fchwald HU\",\"isPartOf\":{\"@id\":\"https:\/\/fruehwald.hu\/#website\"},\"primaryImageOfPage\":{\"@id\":\"https:\/\/fruehwald.hu\/ro\/produse\/il-lungo\/#primaryimage\"},\"datePublished\":\"2018-04-30T12:59:11+00:00\",\"dateModified\":\"2024-03-27T09:06:12+00:00\",\"breadcrumb\":{\"@id\":\"https:\/\/fruehwald.hu\/ro\/produse\/il-lungo\/#breadcrumb\"},\"inLanguage\":\"ro-RO\",\"potentialAction\":[{\"@type\":\"ReadAction\",\"target\":[\"https:\/\/fruehwald.hu\/ro\/produse\/il-lungo\/\"]}]},{\"@type\":\"BreadcrumbList\",\"@id\":\"https:\/\/fruehwald.hu\/ro\/produse\/il-lungo\/#breadcrumb\",\"itemListElement\":[{\"@type\":\"ListItem\",\"position\":1,\"name\":\"Products\",\"item\":\"https:\/\/fruehwald.hu\/products\/\"},{\"@type\":\"ListItem\",\"position\":2,\"name\":\"Il Lungo\"}]}]}<\/script>\n<!-- \/ Yoast SEO plugin. -->","yoast_head_json":{"title":"Il Lungo - Fr\u00fchwald HU","robots":{"index":"index","follow":"follow","max-snippet":"max-snippet:-1","max-image-preview":"max-image-preview:large","max-video-preview":"max-video-preview:-1"},"canonical":"https:\/\/fruehwald.hu\/ro\/produse\/il-lungo\/","og_locale":"ro_RO","og_type":"article","og_title":"Il Lungo - Fr\u00fchwald HU","og_description":"Tranzi\u021bii de culori vii \u00een gradient de culori","og_url":"https:\/\/fruehwald.hu\/ro\/produse\/il-lungo\/","og_site_name":"Fr\u00fchwald HU","article_modified_time":"2024-03-27T09:06:12+00:00","og_image":[{"width":660,"height":440,"url":"https:\/\/fruehwald.hu\/wp-content\/uploads\/sites\/5\/2018\/04\/Il-Lungo-Foto-fent.jpg","type":"image\/jpeg"}],"twitter_card":"summary_large_image","schema":{"@context":"https:\/\/schema.org","@graph":[{"@type":"WebSite","@id":"https:\/\/fruehwald.hu\/#website","url":"https:\/\/fruehwald.hu\/","name":"Fr\u00fchwald HU","description":"Fr\u00fchwald","potentialAction":[{"@type":"SearchAction","target":{"@type":"EntryPoint","urlTemplate":"https:\/\/fruehwald.hu\/?s={search_term_string}"},"query-input":"required name=search_term_string"}],"inLanguage":"ro-RO"},{"@type":"ImageObject","inLanguage":"ro-RO","@id":"https:\/\/fruehwald.hu\/ro\/produse\/il-lungo\/#primaryimage","url":"https:\/\/fruehwald.hu\/wp-content\/uploads\/sites\/5\/2018\/04\/Weboldal_slide_Il_Lungo.jpg","contentUrl":"https:\/\/fruehwald.hu\/wp-content\/uploads\/sites\/5\/2018\/04\/Weboldal_slide_Il_Lungo.jpg","width":1920,"height":1080},{"@type":"WebPage","@id":"https:\/\/fruehwald.hu\/ro\/produse\/il-lungo\/#webpage","url":"https:\/\/fruehwald.hu\/ro\/produse\/il-lungo\/","name":"Il Lungo - Fr\u00fchwald HU","isPartOf":{"@id":"https:\/\/fruehwald.hu\/#website"},"primaryImageOfPage":{"@id":"https:\/\/fruehwald.hu\/ro\/produse\/il-lungo\/#primaryimage"},"datePublished":"2018-04-30T12:59:11+00:00","dateModified":"2024-03-27T09:06:12+00:00","breadcrumb":{"@id":"https:\/\/fruehwald.hu\/ro\/produse\/il-lungo\/#breadcrumb"},"inLanguage":"ro-RO","potentialAction":[{"@type":"ReadAction","target":["https:\/\/fruehwald.hu\/ro\/produse\/il-lungo\/"]}]},{"@type":"BreadcrumbList","@id":"https:\/\/fruehwald.hu\/ro\/produse\/il-lungo\/#breadcrumb","itemListElement":[{"@type":"ListItem","position":1,"name":"Products","item":"https:\/\/fruehwald.hu\/products\/"},{"@type":"ListItem","position":2,"name":"Il Lungo"}]}]}},"acf":[],"_links":{"self":[{"href":"https:\/\/fruehwald.hu\/ro\/wp-json\/wp\/v2\/product\/7172"}],"collection":[{"href":"https:\/\/fruehwald.hu\/ro\/wp-json\/wp\/v2\/product"}],"about":[{"href":"https:\/\/fruehwald.hu\/ro\/wp-json\/wp\/v2\/types\/product"}],"wp:featuredmedia":[{"embeddable":true,"href":"https:\/\/fruehwald.hu\/ro\/wp-json\/wp\/v2\/media\/13686"}],"wp:attachment":[{"href":"https:\/\/fruehwald.hu\/ro\/wp-json\/wp\/v2\/media?parent=7172"}],"wp:term":[{"taxonomy":"product-cat","embeddable":true,"href":"https:\/\/fruehwald.hu\/ro\/wp-json\/wp\/v2\/product-cat?post=7172"},{"taxonomy":"product-color","embeddable":true,"href":"https:\/\/fruehwald.hu\/ro\/wp-json\/wp\/v2\/product-color?post=7172"},{"taxonomy":"product-coating","embeddable":true,"href":"https:\/\/fruehwald.hu\/ro\/wp-json\/wp\/v2\/product-coating?post=7172"},{"taxonomy":"product-usage-area","embeddable":true,"href":"https:\/\/fruehwald.hu\/ro\/wp-json\/wp\/v2\/product-usage-area?post=7172"},{"taxonomy":"product-load-capacity","embeddable":true,"href":"https:\/\/fruehwald.hu\/ro\/wp-json\/wp\/v2\/product-load-capacity?post=7172"},{"taxonomy":"product-features","embeddable":true,"href":"https:\/\/fruehwald.hu\/ro\/wp-json\/wp\/v2\/product-features?post=7172"}],"curies":[{"name":"wp","href":"https:\/\/api.w.org\/{rel}","templated":true}]}}