{"id":6770,"date":"2018-04-30T14:47:18","date_gmt":"2018-04-30T12:47:18","guid":{"rendered":"https:\/\/fruehwald.hu\/termekek\/stelvio\/"},"modified":"2024-03-12T18:25:54","modified_gmt":"2024-03-12T17:25:54","slug":"stelvio","status":"publish","type":"product","link":"https:\/\/fruehwald.hu\/ro\/produse\/stelvio\/","title":{"rendered":"Stelvio"},"content":{"rendered":"\n<div class=\"wp-block-columns\">\n<div class=\"wp-block-column\">\n<h2 class=\"\">Descriere<\/h2>\n\n\n\n<p class=\"\">Aceast\u0103 perl\u0103 hexagonal\u0103 confer\u0103 un aspect geometric unic at\u00e2t suprafe\u021belor mici, c\u00e2t \u0219i celor mari. C\u00e2nd vine vorba de pavaje exterioare, Stelvio deschide o nou\u0103 dimensiune, deschiz\u00e2nd o lume nou\u0103 de posibilit\u0103\u021bi de design. Pe l\u00e2ng\u0103 aspectul estetic, caracteristicile sale tehnice \u00eel fac o alegere excelent\u0103 pentru spa\u021biile publice. <\/p>\n\n\n\n<ul><li>Gam\u0103 deosebit de larg\u0103 de op\u021biuni de executare<\/li><li>Rezisten\u021b\u0103 la alunecare \u0219i abraziune<\/li><li>Rezisten\u021b\u0103 la \u00eenghe\u021b \u0219i sarea antiderapant\u0103<\/li><\/ul>\n<\/div>\n<\/div>\n","protected":false},"excerpt":{"rendered":"<p>Stelvio este o piatr\u0103 pre\u021bioas\u0103 hexagonal\u0103 pentru suprafe\u021be de design modern. <\/p>\n","protected":false},"featured_media":5695,"template":"","product-cat":[314],"product-color":[],"product-coating":[315],"product-usage-area":[],"product-load-capacity":[319],"product-features":[317,322],"yoast_head":"<!-- This site is optimized with the Yoast SEO plugin v18.8 - https:\/\/yoast.com\/wordpress\/plugins\/seo\/ -->\n<title>Stelvio este o piatr\u0103 pre\u021bioas\u0103 hexagonal\u0103 pentru suprafe\u021be de design modern.<\/title>\n<meta name=\"description\" content=\"Aceast\u0103 perl\u0103 hexagonal\u0103 confer\u0103 un aspect geometric unic at\u00e2t suprafe\u021belor mici, c\u00e2t \u0219i celor mari.\" \/>\n<meta name=\"robots\" content=\"index, follow, max-snippet:-1, max-image-preview:large, max-video-preview:-1\" \/>\n<link rel=\"canonical\" href=\"https:\/\/fruehwald.hu\/ro\/termekek\/stelvio\/\" \/>\n<meta property=\"og:locale\" content=\"ro_RO\" \/>\n<meta property=\"og:type\" content=\"article\" \/>\n<meta property=\"og:title\" content=\"Stelvio este o piatr\u0103 pre\u021bioas\u0103 hexagonal\u0103 pentru suprafe\u021be de design modern.\" \/>\n<meta property=\"og:description\" content=\"Aceast\u0103 perl\u0103 hexagonal\u0103 confer\u0103 un aspect geometric unic at\u00e2t suprafe\u021belor mici, c\u00e2t \u0219i celor mari.\" \/>\n<meta property=\"og:url\" content=\"https:\/\/fruehwald.hu\/ro\/termekek\/stelvio\/\" \/>\n<meta property=\"og:site_name\" content=\"Fr\u00fchwald HU\" \/>\n<meta property=\"article:modified_time\" content=\"2024-03-12T17:25:54+00:00\" \/>\n<meta property=\"og:image\" content=\"https:\/\/fruehwald.hu\/wp-content\/uploads\/sites\/5\/2018\/04\/Stelvio-Foto-fent.jpg\" \/>\n\t<meta property=\"og:image:width\" content=\"660\" \/>\n\t<meta property=\"og:image:height\" content=\"440\" \/>\n\t<meta property=\"og:image:type\" content=\"image\/jpeg\" \/>\n<meta name=\"twitter:card\" content=\"summary_large_image\" \/>\n<script type=\"application\/ld+json\" class=\"yoast-schema-graph\">{\"@context\":\"https:\/\/schema.org\",\"@graph\":[{\"@type\":\"WebSite\",\"@id\":\"https:\/\/fruehwald.hu\/#website\",\"url\":\"https:\/\/fruehwald.hu\/\",\"name\":\"Fr\u00fchwald HU\",\"description\":\"Fr\u00fchwald\",\"potentialAction\":[{\"@type\":\"SearchAction\",\"target\":{\"@type\":\"EntryPoint\",\"urlTemplate\":\"https:\/\/fruehwald.hu\/?s={search_term_string}\"},\"query-input\":\"required name=search_term_string\"}],\"inLanguage\":\"ro-RO\"},{\"@type\":\"ImageObject\",\"inLanguage\":\"ro-RO\",\"@id\":\"https:\/\/fruehwald.hu\/ro\/termekek\/stelvio\/#primaryimage\",\"url\":\"https:\/\/fruehwald.hu\/wp-content\/uploads\/sites\/5\/2018\/04\/Stelvio-Foto-fent.jpg\",\"contentUrl\":\"https:\/\/fruehwald.hu\/wp-content\/uploads\/sites\/5\/2018\/04\/Stelvio-Foto-fent.jpg\",\"width\":660,\"height\":440},{\"@type\":\"WebPage\",\"@id\":\"https:\/\/fruehwald.hu\/ro\/termekek\/stelvio\/#webpage\",\"url\":\"https:\/\/fruehwald.hu\/ro\/termekek\/stelvio\/\",\"name\":\"Stelvio este o piatr\u0103 pre\u021bioas\u0103 hexagonal\u0103 pentru suprafe\u021be de design modern.\",\"isPartOf\":{\"@id\":\"https:\/\/fruehwald.hu\/#website\"},\"primaryImageOfPage\":{\"@id\":\"https:\/\/fruehwald.hu\/ro\/termekek\/stelvio\/#primaryimage\"},\"datePublished\":\"2018-04-30T12:47:18+00:00\",\"dateModified\":\"2024-03-12T17:25:54+00:00\",\"description\":\"Aceast\u0103 perl\u0103 hexagonal\u0103 confer\u0103 un aspect geometric unic at\u00e2t suprafe\u021belor mici, c\u00e2t \u0219i celor mari.\",\"breadcrumb\":{\"@id\":\"https:\/\/fruehwald.hu\/ro\/termekek\/stelvio\/#breadcrumb\"},\"inLanguage\":\"ro-RO\",\"potentialAction\":[{\"@type\":\"ReadAction\",\"target\":[\"https:\/\/fruehwald.hu\/ro\/termekek\/stelvio\/\"]}]},{\"@type\":\"BreadcrumbList\",\"@id\":\"https:\/\/fruehwald.hu\/ro\/termekek\/stelvio\/#breadcrumb\",\"itemListElement\":[{\"@type\":\"ListItem\",\"position\":1,\"name\":\"Products\",\"item\":\"https:\/\/fruehwald.hu\/products\/\"},{\"@type\":\"ListItem\",\"position\":2,\"name\":\"Stelvio\"}]}]}<\/script>\n<!-- \/ Yoast SEO plugin. -->","yoast_head_json":{"title":"Stelvio este o piatr\u0103 pre\u021bioas\u0103 hexagonal\u0103 pentru suprafe\u021be de design modern.","description":"Aceast\u0103 perl\u0103 hexagonal\u0103 confer\u0103 un aspect geometric unic at\u00e2t suprafe\u021belor mici, c\u00e2t \u0219i celor mari.","robots":{"index":"index","follow":"follow","max-snippet":"max-snippet:-1","max-image-preview":"max-image-preview:large","max-video-preview":"max-video-preview:-1"},"canonical":"https:\/\/fruehwald.hu\/ro\/termekek\/stelvio\/","og_locale":"ro_RO","og_type":"article","og_title":"Stelvio este o piatr\u0103 pre\u021bioas\u0103 hexagonal\u0103 pentru suprafe\u021be de design modern.","og_description":"Aceast\u0103 perl\u0103 hexagonal\u0103 confer\u0103 un aspect geometric unic at\u00e2t suprafe\u021belor mici, c\u00e2t \u0219i celor mari.","og_url":"https:\/\/fruehwald.hu\/ro\/termekek\/stelvio\/","og_site_name":"Fr\u00fchwald HU","article_modified_time":"2024-03-12T17:25:54+00:00","og_image":[{"width":660,"height":440,"url":"https:\/\/fruehwald.hu\/wp-content\/uploads\/sites\/5\/2018\/04\/Stelvio-Foto-fent.jpg","type":"image\/jpeg"}],"twitter_card":"summary_large_image","schema":{"@context":"https:\/\/schema.org","@graph":[{"@type":"WebSite","@id":"https:\/\/fruehwald.hu\/#website","url":"https:\/\/fruehwald.hu\/","name":"Fr\u00fchwald HU","description":"Fr\u00fchwald","potentialAction":[{"@type":"SearchAction","target":{"@type":"EntryPoint","urlTemplate":"https:\/\/fruehwald.hu\/?s={search_term_string}"},"query-input":"required name=search_term_string"}],"inLanguage":"ro-RO"},{"@type":"ImageObject","inLanguage":"ro-RO","@id":"https:\/\/fruehwald.hu\/ro\/termekek\/stelvio\/#primaryimage","url":"https:\/\/fruehwald.hu\/wp-content\/uploads\/sites\/5\/2018\/04\/Stelvio-Foto-fent.jpg","contentUrl":"https:\/\/fruehwald.hu\/wp-content\/uploads\/sites\/5\/2018\/04\/Stelvio-Foto-fent.jpg","width":660,"height":440},{"@type":"WebPage","@id":"https:\/\/fruehwald.hu\/ro\/termekek\/stelvio\/#webpage","url":"https:\/\/fruehwald.hu\/ro\/termekek\/stelvio\/","name":"Stelvio este o piatr\u0103 pre\u021bioas\u0103 hexagonal\u0103 pentru suprafe\u021be de design modern.","isPartOf":{"@id":"https:\/\/fruehwald.hu\/#website"},"primaryImageOfPage":{"@id":"https:\/\/fruehwald.hu\/ro\/termekek\/stelvio\/#primaryimage"},"datePublished":"2018-04-30T12:47:18+00:00","dateModified":"2024-03-12T17:25:54+00:00","description":"Aceast\u0103 perl\u0103 hexagonal\u0103 confer\u0103 un aspect geometric unic at\u00e2t suprafe\u021belor mici, c\u00e2t \u0219i celor mari.","breadcrumb":{"@id":"https:\/\/fruehwald.hu\/ro\/termekek\/stelvio\/#breadcrumb"},"inLanguage":"ro-RO","potentialAction":[{"@type":"ReadAction","target":["https:\/\/fruehwald.hu\/ro\/termekek\/stelvio\/"]}]},{"@type":"BreadcrumbList","@id":"https:\/\/fruehwald.hu\/ro\/termekek\/stelvio\/#breadcrumb","itemListElement":[{"@type":"ListItem","position":1,"name":"Products","item":"https:\/\/fruehwald.hu\/products\/"},{"@type":"ListItem","position":2,"name":"Stelvio"}]}]}},"acf":[],"_links":{"self":[{"href":"https:\/\/fruehwald.hu\/ro\/wp-json\/wp\/v2\/product\/6770"}],"collection":[{"href":"https:\/\/fruehwald.hu\/ro\/wp-json\/wp\/v2\/product"}],"about":[{"href":"https:\/\/fruehwald.hu\/ro\/wp-json\/wp\/v2\/types\/product"}],"wp:featuredmedia":[{"embeddable":true,"href":"https:\/\/fruehwald.hu\/ro\/wp-json\/wp\/v2\/media\/5695"}],"wp:attachment":[{"href":"https:\/\/fruehwald.hu\/ro\/wp-json\/wp\/v2\/media?parent=6770"}],"wp:term":[{"taxonomy":"product-cat","embeddable":true,"href":"https:\/\/fruehwald.hu\/ro\/wp-json\/wp\/v2\/product-cat?post=6770"},{"taxonomy":"product-color","embeddable":true,"href":"https:\/\/fruehwald.hu\/ro\/wp-json\/wp\/v2\/product-color?post=6770"},{"taxonomy":"product-coating","embeddable":true,"href":"https:\/\/fruehwald.hu\/ro\/wp-json\/wp\/v2\/product-coating?post=6770"},{"taxonomy":"product-usage-area","embeddable":true,"href":"https:\/\/fruehwald.hu\/ro\/wp-json\/wp\/v2\/product-usage-area?post=6770"},{"taxonomy":"product-load-capacity","embeddable":true,"href":"https:\/\/fruehwald.hu\/ro\/wp-json\/wp\/v2\/product-load-capacity?post=6770"},{"taxonomy":"product-features","embeddable":true,"href":"https:\/\/fruehwald.hu\/ro\/wp-json\/wp\/v2\/product-features?post=6770"}],"curies":[{"name":"wp","href":"https:\/\/api.w.org\/{rel}","templated":true}]}}