{"id":6768,"date":"2020-02-24T13:27:09","date_gmt":"2020-02-24T12:27:09","guid":{"rendered":"https:\/\/fruehwald.hu\/termekek\/terano-2\/"},"modified":"2024-03-12T18:17:13","modified_gmt":"2024-03-12T17:17:13","slug":"terano-2","status":"publish","type":"product","link":"https:\/\/fruehwald.hu\/ro\/produse\/terano-2\/","title":{"rendered":"Terano"},"content":{"rendered":"\n<div class=\"wp-block-columns\">\n<div class=\"wp-block-column\">\n<h2 class=\"\">Descriere<\/h2>\n\n\n\n<p class=\"\">Terano este o piatr\u0103 de pavaj unic\u0103, cu aspect natural. Producerea de forme diferite \u00eentr-o singur\u0103 imprimare &#8211; prin intermediul formei combinate &#8211; permite ca culorile s\u0103 se armonizeze perfect \u00eentre ele. Acest lucru, combinat cu suprafa\u021ba neuniform\u0103, structurat\u0103, creeaz\u0103 un caracter exclusivist.<\/p>\n\n\n\n<ul><li class=\"p1\">U\u0219or de umblat pe el<\/li><li class=\"p1\">Rezisten\u021b\u0103 la alunecare \u0219i abraziune<\/li><li class=\"p1\">Rezisten\u021b\u0103 la \u00eenghe\u021b \u0219i sarea antiderapant\u0103<\/li><\/ul>\n\n\n\n<p class=\"has-text-align-left\"><\/p>\n<\/div>\n\n\n\n<div class=\"wp-block-column\">\n<h2 class=\"has-text-align-center\">Form\u0103 combin\u0103t\u0103<\/h2>\n\n\n\n<div class=\"wp-block-image\"><figure class=\"aligncenter size-full\"><img src=\"https:\/\/fruehwald.hu\/wp-content\/uploads\/sites\/5\/2022\/03\/Terano_Produkt.png\" alt=\"\" class=\"wp-image-1465\"\/><\/figure><\/div>\n\n\n\n<p class=\"has-text-align-center\">40 x 40 x 6 cm (2 buc\u0103\u021bi) <br\/>40 x 20 x 6 cm (6 buc\u0103\u021bi) <br\/>20 x 20 x 6 cm (4 buc\u0103\u021bi)<\/p>\n<\/div>\n<\/div>\n","protected":false},"excerpt":{"rendered":"<p>.<\/p>\n","protected":false},"featured_media":5420,"template":"","product-cat":[314],"product-color":[316],"product-coating":[315,321],"product-usage-area":[323],"product-load-capacity":[],"product-features":[317,318,322],"yoast_head":"<!-- This site is optimized with the Yoast SEO plugin v18.8 - https:\/\/yoast.com\/wordpress\/plugins\/seo\/ -->\n<title>Terano - Fr\u00fchwald HU<\/title>\n<meta name=\"description\" content=\"Terano este o piatr\u0103 de pavaj unic\u0103, cu aspect natural. Acest lucru, combinat cu suprafa\u021ba neuniform\u0103, structurat\u0103, creeaz\u0103 un caracter exclusivist.\" \/>\n<meta name=\"robots\" content=\"index, follow, max-snippet:-1, max-image-preview:large, max-video-preview:-1\" \/>\n<link rel=\"canonical\" href=\"https:\/\/fruehwald.hu\/ro\/termekek\/terano-2\/\" \/>\n<meta property=\"og:locale\" content=\"ro_RO\" \/>\n<meta property=\"og:type\" content=\"article\" \/>\n<meta property=\"og:title\" content=\"Terano - Fr\u00fchwald HU\" \/>\n<meta property=\"og:description\" content=\"Terano este o piatr\u0103 de pavaj unic\u0103, cu aspect natural. Acest lucru, combinat cu suprafa\u021ba neuniform\u0103, structurat\u0103, creeaz\u0103 un caracter exclusivist.\" \/>\n<meta property=\"og:url\" content=\"https:\/\/fruehwald.hu\/ro\/termekek\/terano-2\/\" \/>\n<meta property=\"og:site_name\" content=\"Fr\u00fchwald HU\" \/>\n<meta property=\"article:modified_time\" content=\"2024-03-12T17:17:13+00:00\" \/>\n<meta property=\"og:image\" content=\"https:\/\/fruehwald.hu\/wp-content\/uploads\/sites\/5\/2022\/08\/Terano_Kombi_Antracit_Image_Beitragsbild.jpg\" \/>\n\t<meta property=\"og:image:width\" content=\"4000\" \/>\n\t<meta property=\"og:image:height\" content=\"2250\" \/>\n\t<meta property=\"og:image:type\" content=\"image\/jpeg\" \/>\n<meta name=\"twitter:card\" content=\"summary_large_image\" \/>\n<script type=\"application\/ld+json\" class=\"yoast-schema-graph\">{\"@context\":\"https:\/\/schema.org\",\"@graph\":[{\"@type\":\"WebSite\",\"@id\":\"https:\/\/fruehwald.hu\/#website\",\"url\":\"https:\/\/fruehwald.hu\/\",\"name\":\"Fr\u00fchwald HU\",\"description\":\"Fr\u00fchwald\",\"potentialAction\":[{\"@type\":\"SearchAction\",\"target\":{\"@type\":\"EntryPoint\",\"urlTemplate\":\"https:\/\/fruehwald.hu\/?s={search_term_string}\"},\"query-input\":\"required name=search_term_string\"}],\"inLanguage\":\"ro-RO\"},{\"@type\":\"ImageObject\",\"inLanguage\":\"ro-RO\",\"@id\":\"https:\/\/fruehwald.hu\/ro\/termekek\/terano-2\/#primaryimage\",\"url\":\"https:\/\/fruehwald.hu\/wp-content\/uploads\/sites\/5\/2022\/08\/Terano_Kombi_Antracit_Image_Beitragsbild.jpg\",\"contentUrl\":\"https:\/\/fruehwald.hu\/wp-content\/uploads\/sites\/5\/2022\/08\/Terano_Kombi_Antracit_Image_Beitragsbild.jpg\",\"width\":4000,\"height\":2250},{\"@type\":\"WebPage\",\"@id\":\"https:\/\/fruehwald.hu\/ro\/termekek\/terano-2\/#webpage\",\"url\":\"https:\/\/fruehwald.hu\/ro\/termekek\/terano-2\/\",\"name\":\"Terano - Fr\u00fchwald HU\",\"isPartOf\":{\"@id\":\"https:\/\/fruehwald.hu\/#website\"},\"primaryImageOfPage\":{\"@id\":\"https:\/\/fruehwald.hu\/ro\/termekek\/terano-2\/#primaryimage\"},\"datePublished\":\"2020-02-24T12:27:09+00:00\",\"dateModified\":\"2024-03-12T17:17:13+00:00\",\"description\":\"Terano este o piatr\u0103 de pavaj unic\u0103, cu aspect natural. Acest lucru, combinat cu suprafa\u021ba neuniform\u0103, structurat\u0103, creeaz\u0103 un caracter exclusivist.\",\"breadcrumb\":{\"@id\":\"https:\/\/fruehwald.hu\/ro\/termekek\/terano-2\/#breadcrumb\"},\"inLanguage\":\"ro-RO\",\"potentialAction\":[{\"@type\":\"ReadAction\",\"target\":[\"https:\/\/fruehwald.hu\/ro\/termekek\/terano-2\/\"]}]},{\"@type\":\"BreadcrumbList\",\"@id\":\"https:\/\/fruehwald.hu\/ro\/termekek\/terano-2\/#breadcrumb\",\"itemListElement\":[{\"@type\":\"ListItem\",\"position\":1,\"name\":\"Products\",\"item\":\"https:\/\/fruehwald.hu\/products\/\"},{\"@type\":\"ListItem\",\"position\":2,\"name\":\"Terano\"}]}]}<\/script>\n<!-- \/ Yoast SEO plugin. -->","yoast_head_json":{"title":"Terano - Fr\u00fchwald HU","description":"Terano este o piatr\u0103 de pavaj unic\u0103, cu aspect natural. Acest lucru, combinat cu suprafa\u021ba neuniform\u0103, structurat\u0103, creeaz\u0103 un caracter exclusivist.","robots":{"index":"index","follow":"follow","max-snippet":"max-snippet:-1","max-image-preview":"max-image-preview:large","max-video-preview":"max-video-preview:-1"},"canonical":"https:\/\/fruehwald.hu\/ro\/termekek\/terano-2\/","og_locale":"ro_RO","og_type":"article","og_title":"Terano - Fr\u00fchwald HU","og_description":"Terano este o piatr\u0103 de pavaj unic\u0103, cu aspect natural. Acest lucru, combinat cu suprafa\u021ba neuniform\u0103, structurat\u0103, creeaz\u0103 un caracter exclusivist.","og_url":"https:\/\/fruehwald.hu\/ro\/termekek\/terano-2\/","og_site_name":"Fr\u00fchwald HU","article_modified_time":"2024-03-12T17:17:13+00:00","og_image":[{"width":4000,"height":2250,"url":"https:\/\/fruehwald.hu\/wp-content\/uploads\/sites\/5\/2022\/08\/Terano_Kombi_Antracit_Image_Beitragsbild.jpg","type":"image\/jpeg"}],"twitter_card":"summary_large_image","schema":{"@context":"https:\/\/schema.org","@graph":[{"@type":"WebSite","@id":"https:\/\/fruehwald.hu\/#website","url":"https:\/\/fruehwald.hu\/","name":"Fr\u00fchwald HU","description":"Fr\u00fchwald","potentialAction":[{"@type":"SearchAction","target":{"@type":"EntryPoint","urlTemplate":"https:\/\/fruehwald.hu\/?s={search_term_string}"},"query-input":"required name=search_term_string"}],"inLanguage":"ro-RO"},{"@type":"ImageObject","inLanguage":"ro-RO","@id":"https:\/\/fruehwald.hu\/ro\/termekek\/terano-2\/#primaryimage","url":"https:\/\/fruehwald.hu\/wp-content\/uploads\/sites\/5\/2022\/08\/Terano_Kombi_Antracit_Image_Beitragsbild.jpg","contentUrl":"https:\/\/fruehwald.hu\/wp-content\/uploads\/sites\/5\/2022\/08\/Terano_Kombi_Antracit_Image_Beitragsbild.jpg","width":4000,"height":2250},{"@type":"WebPage","@id":"https:\/\/fruehwald.hu\/ro\/termekek\/terano-2\/#webpage","url":"https:\/\/fruehwald.hu\/ro\/termekek\/terano-2\/","name":"Terano - Fr\u00fchwald HU","isPartOf":{"@id":"https:\/\/fruehwald.hu\/#website"},"primaryImageOfPage":{"@id":"https:\/\/fruehwald.hu\/ro\/termekek\/terano-2\/#primaryimage"},"datePublished":"2020-02-24T12:27:09+00:00","dateModified":"2024-03-12T17:17:13+00:00","description":"Terano este o piatr\u0103 de pavaj unic\u0103, cu aspect natural. Acest lucru, combinat cu suprafa\u021ba neuniform\u0103, structurat\u0103, creeaz\u0103 un caracter exclusivist.","breadcrumb":{"@id":"https:\/\/fruehwald.hu\/ro\/termekek\/terano-2\/#breadcrumb"},"inLanguage":"ro-RO","potentialAction":[{"@type":"ReadAction","target":["https:\/\/fruehwald.hu\/ro\/termekek\/terano-2\/"]}]},{"@type":"BreadcrumbList","@id":"https:\/\/fruehwald.hu\/ro\/termekek\/terano-2\/#breadcrumb","itemListElement":[{"@type":"ListItem","position":1,"name":"Products","item":"https:\/\/fruehwald.hu\/products\/"},{"@type":"ListItem","position":2,"name":"Terano"}]}]}},"acf":[],"_links":{"self":[{"href":"https:\/\/fruehwald.hu\/ro\/wp-json\/wp\/v2\/product\/6768"}],"collection":[{"href":"https:\/\/fruehwald.hu\/ro\/wp-json\/wp\/v2\/product"}],"about":[{"href":"https:\/\/fruehwald.hu\/ro\/wp-json\/wp\/v2\/types\/product"}],"wp:featuredmedia":[{"embeddable":true,"href":"https:\/\/fruehwald.hu\/ro\/wp-json\/wp\/v2\/media\/5420"}],"wp:attachment":[{"href":"https:\/\/fruehwald.hu\/ro\/wp-json\/wp\/v2\/media?parent=6768"}],"wp:term":[{"taxonomy":"product-cat","embeddable":true,"href":"https:\/\/fruehwald.hu\/ro\/wp-json\/wp\/v2\/product-cat?post=6768"},{"taxonomy":"product-color","embeddable":true,"href":"https:\/\/fruehwald.hu\/ro\/wp-json\/wp\/v2\/product-color?post=6768"},{"taxonomy":"product-coating","embeddable":true,"href":"https:\/\/fruehwald.hu\/ro\/wp-json\/wp\/v2\/product-coating?post=6768"},{"taxonomy":"product-usage-area","embeddable":true,"href":"https:\/\/fruehwald.hu\/ro\/wp-json\/wp\/v2\/product-usage-area?post=6768"},{"taxonomy":"product-load-capacity","embeddable":true,"href":"https:\/\/fruehwald.hu\/ro\/wp-json\/wp\/v2\/product-load-capacity?post=6768"},{"taxonomy":"product-features","embeddable":true,"href":"https:\/\/fruehwald.hu\/ro\/wp-json\/wp\/v2\/product-features?post=6768"}],"curies":[{"name":"wp","href":"https:\/\/api.w.org\/{rel}","templated":true}]}}