{"id":6765,"date":"2023-02-10T11:48:14","date_gmt":"2023-02-10T10:48:14","guid":{"rendered":"https:\/\/fruehwald.hu\/termekek\/balatimo-2\/"},"modified":"2024-03-12T17:05:41","modified_gmt":"2024-03-12T16:05:41","slug":"balatimo-2","status":"publish","type":"product","link":"https:\/\/fruehwald.hu\/ro\/produse\/balatimo-2\/","title":{"rendered":"Balatimo"},"content":{"rendered":"\n<h2 class=\"\">Descriere<\/h2>\n\n<p class=\"\">Gama de produse Balatimo este o combina\u021bie de suprafe\u021be unice \u0219i inovatoare StarDust cu forme combinate tradi\u021bionale. <\/p>\n\n<p class=\"\">Pute\u021bi combina suprafe\u021bele Balatimo \u0219i StarDust \u00eentre ele, sau s\u0103 alege\u021bi o culoare \u0219i combina\u021bi forma Balatimo cu forma <a href=\"https:\/\/fruehwald.hu\/termekek\/maretimo-2\/\">Maretimo<\/a> \u00een aceea\u0219i culoare!<\/p>\n\n<p class=\"\">3 nuan\u021be unice \u00eentr-un format combo cu 3 elemente &#8211; efectul wow este garantat!<\/p>\n\n<h4 class=\"\">\u00a0<\/h4>\n\n<h4 class=\"\">Caracteristici:<\/h4>\n\n<ul><li class=\"p1\">Protec\u021bie asigurat\u0103 de c\u0103tre Fr\u00fchwald Protect\u00ae<\/li><li>Gam\u0103 deosebit de larg\u0103 de op\u021biuni de proiectare<\/li><li class=\"p1\">Rezisten\u021b\u0103 la alunecare \u0219i abraziune<\/li><li class=\"p1\">Rezisten\u021b\u0103 la \u00eenghe\u021b \u0219i sarea antiderapant\u0103<\/li><\/ul>\n\n<p class=\"has-text-align-left\"><span style=\"font-size: 18px\">Form\u0103 combinat\u0103<br\/><\/span>15 x 30 x 6 cm (3 buc\u0103\u021bi)<br\/>30 x 30 x 6 cm (3 buc\u0103\u021bi)<br\/>60 x 30 x 6 cm (3 buc\u0103\u021bi)<\/p>\n","protected":false},"excerpt":{"rendered":"<p>A Balatimo term\u00e9kcsal\u00e1d a leginnovat\u00edvabb StarDust fel\u00fclet\u00fcnk 3 trendi sz\u00edn\u00e1rnyalat\u00e1ban k\u00e9sz\u00fclt kombi form\u00e1tum\u00fa t\u00e9rk\u0151.<\/p>\n","protected":false},"featured_media":5679,"template":"","product-cat":[314],"product-color":[316],"product-coating":[315,321],"product-usage-area":[323],"product-load-capacity":[319],"product-features":[317,318,322],"yoast_head":"<!-- This site is optimized with the Yoast SEO plugin v18.8 - https:\/\/yoast.com\/wordpress\/plugins\/seo\/ -->\n<title>.<\/title>\n<meta name=\"description\" content=\"Gama de produse Balatimo dispune de ceam inovatoare suprafa\u021b\u0103 StarDust \u00een 3 nuan\u021be de culori la mod\u0103, \u00een format combinat.\" \/>\n<meta name=\"robots\" content=\"index, follow, max-snippet:-1, max-image-preview:large, max-video-preview:-1\" \/>\n<link rel=\"canonical\" href=\"https:\/\/fruehwald.hu\/ro\/termekek\/balatimo-2\/\" \/>\n<meta property=\"og:locale\" content=\"ro_RO\" \/>\n<meta property=\"og:type\" content=\"article\" \/>\n<meta property=\"og:title\" content=\".\" \/>\n<meta property=\"og:description\" content=\"Gama de produse Balatimo dispune de ceam inovatoare suprafa\u021b\u0103 StarDust \u00een 3 nuan\u021be de culori la mod\u0103, \u00een format combinat.\" \/>\n<meta property=\"og:url\" content=\"https:\/\/fruehwald.hu\/ro\/termekek\/balatimo-2\/\" \/>\n<meta property=\"og:site_name\" content=\"Fr\u00fchwald HU\" \/>\n<meta property=\"article:modified_time\" content=\"2024-03-12T16:05:41+00:00\" \/>\n<meta property=\"og:image\" content=\"https:\/\/fruehwald.hu\/wp-content\/uploads\/sites\/5\/2023\/02\/Balatimo_slide.jpg\" \/>\n\t<meta property=\"og:image:width\" content=\"1920\" \/>\n\t<meta property=\"og:image:height\" content=\"1080\" \/>\n\t<meta property=\"og:image:type\" content=\"image\/jpeg\" \/>\n<meta name=\"twitter:card\" content=\"summary_large_image\" \/>\n<meta name=\"twitter:label1\" content=\"Timp estimat pentru citire\" \/>\n\t<meta name=\"twitter:data1\" content=\"1 minut\" \/>\n<script type=\"application\/ld+json\" class=\"yoast-schema-graph\">{\"@context\":\"https:\/\/schema.org\",\"@graph\":[{\"@type\":\"WebSite\",\"@id\":\"https:\/\/fruehwald.hu\/#website\",\"url\":\"https:\/\/fruehwald.hu\/\",\"name\":\"Fr\u00fchwald HU\",\"description\":\"Fr\u00fchwald\",\"potentialAction\":[{\"@type\":\"SearchAction\",\"target\":{\"@type\":\"EntryPoint\",\"urlTemplate\":\"https:\/\/fruehwald.hu\/?s={search_term_string}\"},\"query-input\":\"required name=search_term_string\"}],\"inLanguage\":\"ro-RO\"},{\"@type\":\"ImageObject\",\"inLanguage\":\"ro-RO\",\"@id\":\"https:\/\/fruehwald.hu\/ro\/termekek\/balatimo-2\/#primaryimage\",\"url\":\"https:\/\/fruehwald.hu\/wp-content\/uploads\/sites\/5\/2023\/02\/Balatimo_slide.jpg\",\"contentUrl\":\"https:\/\/fruehwald.hu\/wp-content\/uploads\/sites\/5\/2023\/02\/Balatimo_slide.jpg\",\"width\":1920,\"height\":1080},{\"@type\":\"WebPage\",\"@id\":\"https:\/\/fruehwald.hu\/ro\/termekek\/balatimo-2\/#webpage\",\"url\":\"https:\/\/fruehwald.hu\/ro\/termekek\/balatimo-2\/\",\"name\":\".\",\"isPartOf\":{\"@id\":\"https:\/\/fruehwald.hu\/#website\"},\"primaryImageOfPage\":{\"@id\":\"https:\/\/fruehwald.hu\/ro\/termekek\/balatimo-2\/#primaryimage\"},\"datePublished\":\"2023-02-10T10:48:14+00:00\",\"dateModified\":\"2024-03-12T16:05:41+00:00\",\"description\":\"Gama de produse Balatimo dispune de ceam inovatoare suprafa\u021b\u0103 StarDust \u00een 3 nuan\u021be de culori la mod\u0103, \u00een format combinat.\",\"breadcrumb\":{\"@id\":\"https:\/\/fruehwald.hu\/ro\/termekek\/balatimo-2\/#breadcrumb\"},\"inLanguage\":\"ro-RO\",\"potentialAction\":[{\"@type\":\"ReadAction\",\"target\":[\"https:\/\/fruehwald.hu\/ro\/termekek\/balatimo-2\/\"]}]},{\"@type\":\"BreadcrumbList\",\"@id\":\"https:\/\/fruehwald.hu\/ro\/termekek\/balatimo-2\/#breadcrumb\",\"itemListElement\":[{\"@type\":\"ListItem\",\"position\":1,\"name\":\"Products\",\"item\":\"https:\/\/fruehwald.hu\/products\/\"},{\"@type\":\"ListItem\",\"position\":2,\"name\":\"Balatimo\"}]}]}<\/script>\n<!-- \/ Yoast SEO plugin. -->","yoast_head_json":{"title":".","description":"Gama de produse Balatimo dispune de ceam inovatoare suprafa\u021b\u0103 StarDust \u00een 3 nuan\u021be de culori la mod\u0103, \u00een format combinat.","robots":{"index":"index","follow":"follow","max-snippet":"max-snippet:-1","max-image-preview":"max-image-preview:large","max-video-preview":"max-video-preview:-1"},"canonical":"https:\/\/fruehwald.hu\/ro\/termekek\/balatimo-2\/","og_locale":"ro_RO","og_type":"article","og_title":".","og_description":"Gama de produse Balatimo dispune de ceam inovatoare suprafa\u021b\u0103 StarDust \u00een 3 nuan\u021be de culori la mod\u0103, \u00een format combinat.","og_url":"https:\/\/fruehwald.hu\/ro\/termekek\/balatimo-2\/","og_site_name":"Fr\u00fchwald HU","article_modified_time":"2024-03-12T16:05:41+00:00","og_image":[{"width":1920,"height":1080,"url":"https:\/\/fruehwald.hu\/wp-content\/uploads\/sites\/5\/2023\/02\/Balatimo_slide.jpg","type":"image\/jpeg"}],"twitter_card":"summary_large_image","twitter_misc":{"Timp estimat pentru citire":"1 minut"},"schema":{"@context":"https:\/\/schema.org","@graph":[{"@type":"WebSite","@id":"https:\/\/fruehwald.hu\/#website","url":"https:\/\/fruehwald.hu\/","name":"Fr\u00fchwald HU","description":"Fr\u00fchwald","potentialAction":[{"@type":"SearchAction","target":{"@type":"EntryPoint","urlTemplate":"https:\/\/fruehwald.hu\/?s={search_term_string}"},"query-input":"required name=search_term_string"}],"inLanguage":"ro-RO"},{"@type":"ImageObject","inLanguage":"ro-RO","@id":"https:\/\/fruehwald.hu\/ro\/termekek\/balatimo-2\/#primaryimage","url":"https:\/\/fruehwald.hu\/wp-content\/uploads\/sites\/5\/2023\/02\/Balatimo_slide.jpg","contentUrl":"https:\/\/fruehwald.hu\/wp-content\/uploads\/sites\/5\/2023\/02\/Balatimo_slide.jpg","width":1920,"height":1080},{"@type":"WebPage","@id":"https:\/\/fruehwald.hu\/ro\/termekek\/balatimo-2\/#webpage","url":"https:\/\/fruehwald.hu\/ro\/termekek\/balatimo-2\/","name":".","isPartOf":{"@id":"https:\/\/fruehwald.hu\/#website"},"primaryImageOfPage":{"@id":"https:\/\/fruehwald.hu\/ro\/termekek\/balatimo-2\/#primaryimage"},"datePublished":"2023-02-10T10:48:14+00:00","dateModified":"2024-03-12T16:05:41+00:00","description":"Gama de produse Balatimo dispune de ceam inovatoare suprafa\u021b\u0103 StarDust \u00een 3 nuan\u021be de culori la mod\u0103, \u00een format combinat.","breadcrumb":{"@id":"https:\/\/fruehwald.hu\/ro\/termekek\/balatimo-2\/#breadcrumb"},"inLanguage":"ro-RO","potentialAction":[{"@type":"ReadAction","target":["https:\/\/fruehwald.hu\/ro\/termekek\/balatimo-2\/"]}]},{"@type":"BreadcrumbList","@id":"https:\/\/fruehwald.hu\/ro\/termekek\/balatimo-2\/#breadcrumb","itemListElement":[{"@type":"ListItem","position":1,"name":"Products","item":"https:\/\/fruehwald.hu\/products\/"},{"@type":"ListItem","position":2,"name":"Balatimo"}]}]}},"acf":[],"_links":{"self":[{"href":"https:\/\/fruehwald.hu\/ro\/wp-json\/wp\/v2\/product\/6765"}],"collection":[{"href":"https:\/\/fruehwald.hu\/ro\/wp-json\/wp\/v2\/product"}],"about":[{"href":"https:\/\/fruehwald.hu\/ro\/wp-json\/wp\/v2\/types\/product"}],"wp:featuredmedia":[{"embeddable":true,"href":"https:\/\/fruehwald.hu\/ro\/wp-json\/wp\/v2\/media\/5679"}],"wp:attachment":[{"href":"https:\/\/fruehwald.hu\/ro\/wp-json\/wp\/v2\/media?parent=6765"}],"wp:term":[{"taxonomy":"product-cat","embeddable":true,"href":"https:\/\/fruehwald.hu\/ro\/wp-json\/wp\/v2\/product-cat?post=6765"},{"taxonomy":"product-color","embeddable":true,"href":"https:\/\/fruehwald.hu\/ro\/wp-json\/wp\/v2\/product-color?post=6765"},{"taxonomy":"product-coating","embeddable":true,"href":"https:\/\/fruehwald.hu\/ro\/wp-json\/wp\/v2\/product-coating?post=6765"},{"taxonomy":"product-usage-area","embeddable":true,"href":"https:\/\/fruehwald.hu\/ro\/wp-json\/wp\/v2\/product-usage-area?post=6765"},{"taxonomy":"product-load-capacity","embeddable":true,"href":"https:\/\/fruehwald.hu\/ro\/wp-json\/wp\/v2\/product-load-capacity?post=6765"},{"taxonomy":"product-features","embeddable":true,"href":"https:\/\/fruehwald.hu\/ro\/wp-json\/wp\/v2\/product-features?post=6765"}],"curies":[{"name":"wp","href":"https:\/\/api.w.org\/{rel}","templated":true}]}}