{"id":6763,"date":"2018-04-30T10:49:46","date_gmt":"2018-04-30T08:49:46","guid":{"rendered":"https:\/\/fruehwald.hu\/termekek\/la-piazza-grande-pietre-de-pavaj\/"},"modified":"2024-03-12T16:55:52","modified_gmt":"2024-03-12T15:55:52","slug":"la-piazza-grande-pietre-de-pavaj","status":"publish","type":"product","link":"https:\/\/fruehwald.hu\/ro\/produse\/la-piazza-grande-pietre-de-pavaj\/","title":{"rendered":"La Piazza Grande Pietre de pavaj"},"content":{"rendered":"\n<div class=\"wp-block-columns\">\n<div class=\"wp-block-column\">\n<h2 class=\"\">Descriere<\/h2>\n\n\n\n<p class=\"\">La Piazza Grande: Simplu, dar eficient! Suprafa\u021b\u0103 grunjoas\u0103 de beton universal\u0103, 6 nuan\u021be de culori la mod\u0103, forma variate: posibilit\u0103\u021bile de a\u0219ezare \u0219i combinare sunt nelimitate!<\/p>\n\n\n\n<p class=\"\">La Pizza Grande 80x40x6cm este accesibil doar pe jos. (Cu tehnologie integrat\u0103 de \u00eembinare a fugilor, care \u00eempiedic\u0103 deplasarea pl\u0103cilor.)<\/p>\n\n\n\n<ul><li class=\"p1\">Protec\u021bie asigurat\u0103 de c\u0103tre Fr\u00fchwald Protect\u00ae<\/li><li class=\"p1\">Form\u0103 combinat\u0103 pentru amplasare u\u0219oar\u0103<\/li><li class=\"p1\">Rezisten\u021b\u0103 la alunecare \u0219i abraziune<\/li><li class=\"p1\">Rezisten\u021b\u0103 la \u00eenghe\u021b \u0219i sarea antiderapant\u0103<\/li><\/ul>\n\n\n\n<p class=\"has-text-align-left\"><\/p>\n<\/div>\n\n\n\n<div class=\"wp-block-column\">\n<h2 class=\"has-text-align-center\">Form\u0103 combin\u0103t\u0103<\/h2>\n\n\n\n<p class=\"has-text-align-center\">60 x 30 x 6 cm (3 buc\u0103\u021bi)<br\/>30 x 30 x 6 cm (3 buc\u0103\u021bi)<br\/>30 x 15 x 6 cm (3 buc\u0103\u021bi)<\/p>\n<\/div>\n<\/div>\n","protected":false},"excerpt":{"rendered":"<p>Suprafa\u021b\u0103 grunjoas\u0103 de beton universal\u0103, 6 nuan\u021be de culori la mod\u0103, posibilit\u0103\u021bi de combinare variate! Puritan, modern, armonios. Puritan, modern, armonios.<\/p>\n","protected":false},"featured_media":5110,"template":"","product-cat":[314],"product-color":[316],"product-coating":[315,321],"product-usage-area":[323],"product-load-capacity":[319],"product-features":[317],"yoast_head":"<!-- This site is optimized with the Yoast SEO plugin v18.8 - https:\/\/yoast.com\/wordpress\/plugins\/seo\/ -->\n<title>La Piazza Grande Pietre de pavaj - Fr\u00fchwald HU<\/title>\n<meta name=\"description\" content=\"La Piazza Grande: Simplu, dar eficient! Suprafa\u021b\u0103 grunjoas\u0103 de beton universal\u0103, 6 nuan\u021be de culori la mod\u0103, posibilit\u0103\u021bi de combinare variate!\" \/>\n<meta name=\"robots\" content=\"index, follow, max-snippet:-1, max-image-preview:large, max-video-preview:-1\" \/>\n<link rel=\"canonical\" href=\"https:\/\/fruehwald.hu\/ro\/termekek\/la-piazza-grande-pietre-de-pavaj\/\" \/>\n<meta property=\"og:locale\" content=\"ro_RO\" \/>\n<meta property=\"og:type\" content=\"article\" \/>\n<meta property=\"og:title\" content=\"La Piazza Grande Pietre de pavaj - Fr\u00fchwald HU\" \/>\n<meta property=\"og:description\" content=\"La Piazza Grande: Simplu, dar eficient! Suprafa\u021b\u0103 grunjoas\u0103 de beton universal\u0103, 6 nuan\u021be de culori la mod\u0103, posibilit\u0103\u021bi de combinare variate!\" \/>\n<meta property=\"og:url\" content=\"https:\/\/fruehwald.hu\/ro\/termekek\/la-piazza-grande-pietre-de-pavaj\/\" \/>\n<meta property=\"og:site_name\" content=\"Fr\u00fchwald HU\" \/>\n<meta property=\"article:modified_time\" content=\"2024-03-12T15:55:52+00:00\" \/>\n<meta property=\"og:image\" content=\"https:\/\/fruehwald.hu\/wp-content\/uploads\/sites\/5\/2018\/04\/LaPiazzaGrande_Cremeweiss_Image_Beitragsbild.jpg\" \/>\n\t<meta property=\"og:image:width\" content=\"1920\" \/>\n\t<meta property=\"og:image:height\" content=\"1080\" \/>\n\t<meta property=\"og:image:type\" content=\"image\/jpeg\" \/>\n<meta name=\"twitter:card\" content=\"summary_large_image\" \/>\n<script type=\"application\/ld+json\" class=\"yoast-schema-graph\">{\"@context\":\"https:\/\/schema.org\",\"@graph\":[{\"@type\":\"WebSite\",\"@id\":\"https:\/\/fruehwald.hu\/#website\",\"url\":\"https:\/\/fruehwald.hu\/\",\"name\":\"Fr\u00fchwald HU\",\"description\":\"Fr\u00fchwald\",\"potentialAction\":[{\"@type\":\"SearchAction\",\"target\":{\"@type\":\"EntryPoint\",\"urlTemplate\":\"https:\/\/fruehwald.hu\/?s={search_term_string}\"},\"query-input\":\"required name=search_term_string\"}],\"inLanguage\":\"ro-RO\"},{\"@type\":\"ImageObject\",\"inLanguage\":\"ro-RO\",\"@id\":\"https:\/\/fruehwald.hu\/ro\/termekek\/la-piazza-grande-pietre-de-pavaj\/#primaryimage\",\"url\":\"https:\/\/fruehwald.hu\/wp-content\/uploads\/sites\/5\/2018\/04\/LaPiazzaGrande_Cremeweiss_Image_Beitragsbild.jpg\",\"contentUrl\":\"https:\/\/fruehwald.hu\/wp-content\/uploads\/sites\/5\/2018\/04\/LaPiazzaGrande_Cremeweiss_Image_Beitragsbild.jpg\",\"width\":1920,\"height\":1080},{\"@type\":\"WebPage\",\"@id\":\"https:\/\/fruehwald.hu\/ro\/termekek\/la-piazza-grande-pietre-de-pavaj\/#webpage\",\"url\":\"https:\/\/fruehwald.hu\/ro\/termekek\/la-piazza-grande-pietre-de-pavaj\/\",\"name\":\"La Piazza Grande Pietre de pavaj - Fr\u00fchwald HU\",\"isPartOf\":{\"@id\":\"https:\/\/fruehwald.hu\/#website\"},\"primaryImageOfPage\":{\"@id\":\"https:\/\/fruehwald.hu\/ro\/termekek\/la-piazza-grande-pietre-de-pavaj\/#primaryimage\"},\"datePublished\":\"2018-04-30T08:49:46+00:00\",\"dateModified\":\"2024-03-12T15:55:52+00:00\",\"description\":\"La Piazza Grande: Simplu, dar eficient! Suprafa\u021b\u0103 grunjoas\u0103 de beton universal\u0103, 6 nuan\u021be de culori la mod\u0103, posibilit\u0103\u021bi de combinare variate!\",\"breadcrumb\":{\"@id\":\"https:\/\/fruehwald.hu\/ro\/termekek\/la-piazza-grande-pietre-de-pavaj\/#breadcrumb\"},\"inLanguage\":\"ro-RO\",\"potentialAction\":[{\"@type\":\"ReadAction\",\"target\":[\"https:\/\/fruehwald.hu\/ro\/termekek\/la-piazza-grande-pietre-de-pavaj\/\"]}]},{\"@type\":\"BreadcrumbList\",\"@id\":\"https:\/\/fruehwald.hu\/ro\/termekek\/la-piazza-grande-pietre-de-pavaj\/#breadcrumb\",\"itemListElement\":[{\"@type\":\"ListItem\",\"position\":1,\"name\":\"Products\",\"item\":\"https:\/\/fruehwald.hu\/products\/\"},{\"@type\":\"ListItem\",\"position\":2,\"name\":\"La Piazza Grande Pietre de pavaj\"}]}]}<\/script>\n<!-- \/ Yoast SEO plugin. -->","yoast_head_json":{"title":"La Piazza Grande Pietre de pavaj - Fr\u00fchwald HU","description":"La Piazza Grande: Simplu, dar eficient! Suprafa\u021b\u0103 grunjoas\u0103 de beton universal\u0103, 6 nuan\u021be de culori la mod\u0103, posibilit\u0103\u021bi de combinare variate!","robots":{"index":"index","follow":"follow","max-snippet":"max-snippet:-1","max-image-preview":"max-image-preview:large","max-video-preview":"max-video-preview:-1"},"canonical":"https:\/\/fruehwald.hu\/ro\/termekek\/la-piazza-grande-pietre-de-pavaj\/","og_locale":"ro_RO","og_type":"article","og_title":"La Piazza Grande Pietre de pavaj - Fr\u00fchwald HU","og_description":"La Piazza Grande: Simplu, dar eficient! Suprafa\u021b\u0103 grunjoas\u0103 de beton universal\u0103, 6 nuan\u021be de culori la mod\u0103, posibilit\u0103\u021bi de combinare variate!","og_url":"https:\/\/fruehwald.hu\/ro\/termekek\/la-piazza-grande-pietre-de-pavaj\/","og_site_name":"Fr\u00fchwald HU","article_modified_time":"2024-03-12T15:55:52+00:00","og_image":[{"width":1920,"height":1080,"url":"https:\/\/fruehwald.hu\/wp-content\/uploads\/sites\/5\/2018\/04\/LaPiazzaGrande_Cremeweiss_Image_Beitragsbild.jpg","type":"image\/jpeg"}],"twitter_card":"summary_large_image","schema":{"@context":"https:\/\/schema.org","@graph":[{"@type":"WebSite","@id":"https:\/\/fruehwald.hu\/#website","url":"https:\/\/fruehwald.hu\/","name":"Fr\u00fchwald HU","description":"Fr\u00fchwald","potentialAction":[{"@type":"SearchAction","target":{"@type":"EntryPoint","urlTemplate":"https:\/\/fruehwald.hu\/?s={search_term_string}"},"query-input":"required name=search_term_string"}],"inLanguage":"ro-RO"},{"@type":"ImageObject","inLanguage":"ro-RO","@id":"https:\/\/fruehwald.hu\/ro\/termekek\/la-piazza-grande-pietre-de-pavaj\/#primaryimage","url":"https:\/\/fruehwald.hu\/wp-content\/uploads\/sites\/5\/2018\/04\/LaPiazzaGrande_Cremeweiss_Image_Beitragsbild.jpg","contentUrl":"https:\/\/fruehwald.hu\/wp-content\/uploads\/sites\/5\/2018\/04\/LaPiazzaGrande_Cremeweiss_Image_Beitragsbild.jpg","width":1920,"height":1080},{"@type":"WebPage","@id":"https:\/\/fruehwald.hu\/ro\/termekek\/la-piazza-grande-pietre-de-pavaj\/#webpage","url":"https:\/\/fruehwald.hu\/ro\/termekek\/la-piazza-grande-pietre-de-pavaj\/","name":"La Piazza Grande Pietre de pavaj - Fr\u00fchwald HU","isPartOf":{"@id":"https:\/\/fruehwald.hu\/#website"},"primaryImageOfPage":{"@id":"https:\/\/fruehwald.hu\/ro\/termekek\/la-piazza-grande-pietre-de-pavaj\/#primaryimage"},"datePublished":"2018-04-30T08:49:46+00:00","dateModified":"2024-03-12T15:55:52+00:00","description":"La Piazza Grande: Simplu, dar eficient! Suprafa\u021b\u0103 grunjoas\u0103 de beton universal\u0103, 6 nuan\u021be de culori la mod\u0103, posibilit\u0103\u021bi de combinare variate!","breadcrumb":{"@id":"https:\/\/fruehwald.hu\/ro\/termekek\/la-piazza-grande-pietre-de-pavaj\/#breadcrumb"},"inLanguage":"ro-RO","potentialAction":[{"@type":"ReadAction","target":["https:\/\/fruehwald.hu\/ro\/termekek\/la-piazza-grande-pietre-de-pavaj\/"]}]},{"@type":"BreadcrumbList","@id":"https:\/\/fruehwald.hu\/ro\/termekek\/la-piazza-grande-pietre-de-pavaj\/#breadcrumb","itemListElement":[{"@type":"ListItem","position":1,"name":"Products","item":"https:\/\/fruehwald.hu\/products\/"},{"@type":"ListItem","position":2,"name":"La Piazza Grande Pietre de pavaj"}]}]}},"acf":[],"_links":{"self":[{"href":"https:\/\/fruehwald.hu\/ro\/wp-json\/wp\/v2\/product\/6763"}],"collection":[{"href":"https:\/\/fruehwald.hu\/ro\/wp-json\/wp\/v2\/product"}],"about":[{"href":"https:\/\/fruehwald.hu\/ro\/wp-json\/wp\/v2\/types\/product"}],"wp:featuredmedia":[{"embeddable":true,"href":"https:\/\/fruehwald.hu\/ro\/wp-json\/wp\/v2\/media\/5110"}],"wp:attachment":[{"href":"https:\/\/fruehwald.hu\/ro\/wp-json\/wp\/v2\/media?parent=6763"}],"wp:term":[{"taxonomy":"product-cat","embeddable":true,"href":"https:\/\/fruehwald.hu\/ro\/wp-json\/wp\/v2\/product-cat?post=6763"},{"taxonomy":"product-color","embeddable":true,"href":"https:\/\/fruehwald.hu\/ro\/wp-json\/wp\/v2\/product-color?post=6763"},{"taxonomy":"product-coating","embeddable":true,"href":"https:\/\/fruehwald.hu\/ro\/wp-json\/wp\/v2\/product-coating?post=6763"},{"taxonomy":"product-usage-area","embeddable":true,"href":"https:\/\/fruehwald.hu\/ro\/wp-json\/wp\/v2\/product-usage-area?post=6763"},{"taxonomy":"product-load-capacity","embeddable":true,"href":"https:\/\/fruehwald.hu\/ro\/wp-json\/wp\/v2\/product-load-capacity?post=6763"},{"taxonomy":"product-features","embeddable":true,"href":"https:\/\/fruehwald.hu\/ro\/wp-json\/wp\/v2\/product-features?post=6763"}],"curies":[{"name":"wp","href":"https:\/\/api.w.org\/{rel}","templated":true}]}}