{"id":6761,"date":"2018-04-19T12:35:20","date_gmt":"2018-04-19T10:35:20","guid":{"rendered":"https:\/\/fruehwald.hu\/termekek\/pietre-de-pavaj-tiziano\/"},"modified":"2024-03-13T13:41:33","modified_gmt":"2024-03-13T12:41:33","slug":"pietre-de-pavaj-tiziano","status":"publish","type":"product","link":"https:\/\/fruehwald.hu\/ro\/produse\/pietre-de-pavaj-tiziano\/","title":{"rendered":"Pietre de pavaj Tiziano"},"content":{"rendered":"\n<div class=\"wp-block-columns\">\n<div class=\"wp-block-column\">\n<h2 class=\"\">Descriere<\/h2>\n\n\n\n<p class=\"\">Datorit\u0103 utiliz\u0103rii materialelor naturale, suprafa\u021ba fiec\u0103rei pietre Tiziano este unic\u0103. Aspectul puritan \u0219i elegant va crea o atmosfer\u0103 pl\u0103cut\u0103 \u00een gr\u0103dina dumneavoastr\u0103!<\/p>\n\n\n\n<ul><li>Protec\u021bie asigurat\u0103 de c\u0103tre Fr\u00fchwald Protect\u00ae<\/li><li>Forme armonizate \u00een mod optim<\/li><li>Rezisten\u021b\u0103 la alunecare \u0219i abraziune<\/li><li>Rezisten\u021b\u0103 la \u00eenghe\u021b \u0219i sarea antiderapant\u0103<\/li><\/ul>\n\n\n\n<p class=\"has-text-align-left\"><\/p>\n<\/div>\n\n\n\n<div class=\"wp-block-column\">\n<h2 class=\"\">Form\u0103 combin\u0103t\u0103<\/h2>\n\n\n\n<p class=\"has-text-align-left\">60 x 30 x 6 cm (3 buc\u0103\u021bi)<br\/>30 x 30 x 6 cm (3 buc\u0103\u021bi)<br\/>30 x 15 x 6 cm (3 buc\u0103\u021bi)<\/p>\n\n\n\n<figure class=\"wp-block-image size-full is-resized\"><img loading=\"lazy\" src=\"https:\/\/fruehwald.hu\/wp-content\/uploads\/sites\/5\/2018\/04\/11101015.jpg\" alt=\"\" class=\"wp-image-5892\" width=\"239\" height=\"239\"\/><\/figure>\n<\/div>\n<\/div>\n","protected":false},"excerpt":{"rendered":"<p>Textura exclusiv\u0103 a suprafe\u021bei, aspect unic, culori la mod\u0103, elegan\u021b\u0103 curat\u0103!<\/p>\n","protected":false},"featured_media":5078,"template":"","product-cat":[314],"product-color":[316],"product-coating":[315,321],"product-usage-area":[323],"product-load-capacity":[319],"product-features":[317,318,322],"yoast_head":"<!-- This site is optimized with the Yoast SEO plugin v18.8 - https:\/\/yoast.com\/wordpress\/plugins\/seo\/ -->\n<title>Pietre de pavaj Tiziano - Fr\u00fchwald HU<\/title>\n<meta name=\"description\" content=\"Datorit\u0103 utiliz\u0103rii materialelor naturale, suprafa\u021ba fiec\u0103rei pietre Tiziano este unic\u0103. Aspectul puritan \u0219i elegant va crea o atmosfer\u0103 pl\u0103cut\u0103 \u00een gr\u0103dina dumneavoastr\u0103!\" \/>\n<meta name=\"robots\" content=\"index, follow, max-snippet:-1, max-image-preview:large, max-video-preview:-1\" \/>\n<link rel=\"canonical\" href=\"https:\/\/fruehwald.hu\/ro\/termekek\/pietre-de-pavaj-tiziano\/\" \/>\n<meta property=\"og:locale\" content=\"ro_RO\" \/>\n<meta property=\"og:type\" content=\"article\" \/>\n<meta property=\"og:title\" content=\"Pietre de pavaj Tiziano - Fr\u00fchwald HU\" \/>\n<meta property=\"og:description\" content=\"Datorit\u0103 utiliz\u0103rii materialelor naturale, suprafa\u021ba fiec\u0103rei pietre Tiziano este unic\u0103. Aspectul puritan \u0219i elegant va crea o atmosfer\u0103 pl\u0103cut\u0103 \u00een gr\u0103dina dumneavoastr\u0103!\" \/>\n<meta property=\"og:url\" content=\"https:\/\/fruehwald.hu\/ro\/termekek\/pietre-de-pavaj-tiziano\/\" \/>\n<meta property=\"og:site_name\" content=\"Fr\u00fchwald HU\" \/>\n<meta property=\"article:modified_time\" content=\"2024-03-13T12:41:33+00:00\" \/>\n<meta property=\"og:image\" content=\"https:\/\/fruehwald.hu\/wp-content\/uploads\/sites\/5\/2018\/04\/Tiziano-Pflaster-anthrazit-grau-1920x1080px-38.jpg-150.jpg\" \/>\n\t<meta property=\"og:image:width\" content=\"4000\" \/>\n\t<meta property=\"og:image:height\" content=\"2250\" \/>\n\t<meta property=\"og:image:type\" content=\"image\/jpeg\" \/>\n<meta name=\"twitter:card\" content=\"summary_large_image\" \/>\n<script type=\"application\/ld+json\" class=\"yoast-schema-graph\">{\"@context\":\"https:\/\/schema.org\",\"@graph\":[{\"@type\":\"WebSite\",\"@id\":\"https:\/\/fruehwald.hu\/#website\",\"url\":\"https:\/\/fruehwald.hu\/\",\"name\":\"Fr\u00fchwald HU\",\"description\":\"Fr\u00fchwald\",\"potentialAction\":[{\"@type\":\"SearchAction\",\"target\":{\"@type\":\"EntryPoint\",\"urlTemplate\":\"https:\/\/fruehwald.hu\/?s={search_term_string}\"},\"query-input\":\"required name=search_term_string\"}],\"inLanguage\":\"ro-RO\"},{\"@type\":\"ImageObject\",\"inLanguage\":\"ro-RO\",\"@id\":\"https:\/\/fruehwald.hu\/ro\/termekek\/pietre-de-pavaj-tiziano\/#primaryimage\",\"url\":\"https:\/\/fruehwald.hu\/wp-content\/uploads\/sites\/5\/2018\/04\/Tiziano-Pflaster-anthrazit-grau-1920x1080px-38.jpg-150.jpg\",\"contentUrl\":\"https:\/\/fruehwald.hu\/wp-content\/uploads\/sites\/5\/2018\/04\/Tiziano-Pflaster-anthrazit-grau-1920x1080px-38.jpg-150.jpg\",\"width\":4000,\"height\":2250},{\"@type\":\"WebPage\",\"@id\":\"https:\/\/fruehwald.hu\/ro\/termekek\/pietre-de-pavaj-tiziano\/#webpage\",\"url\":\"https:\/\/fruehwald.hu\/ro\/termekek\/pietre-de-pavaj-tiziano\/\",\"name\":\"Pietre de pavaj Tiziano - Fr\u00fchwald HU\",\"isPartOf\":{\"@id\":\"https:\/\/fruehwald.hu\/#website\"},\"primaryImageOfPage\":{\"@id\":\"https:\/\/fruehwald.hu\/ro\/termekek\/pietre-de-pavaj-tiziano\/#primaryimage\"},\"datePublished\":\"2018-04-19T10:35:20+00:00\",\"dateModified\":\"2024-03-13T12:41:33+00:00\",\"description\":\"Datorit\u0103 utiliz\u0103rii materialelor naturale, suprafa\u021ba fiec\u0103rei pietre Tiziano este unic\u0103. Aspectul puritan \u0219i elegant va crea o atmosfer\u0103 pl\u0103cut\u0103 \u00een gr\u0103dina dumneavoastr\u0103!\",\"breadcrumb\":{\"@id\":\"https:\/\/fruehwald.hu\/ro\/termekek\/pietre-de-pavaj-tiziano\/#breadcrumb\"},\"inLanguage\":\"ro-RO\",\"potentialAction\":[{\"@type\":\"ReadAction\",\"target\":[\"https:\/\/fruehwald.hu\/ro\/termekek\/pietre-de-pavaj-tiziano\/\"]}]},{\"@type\":\"BreadcrumbList\",\"@id\":\"https:\/\/fruehwald.hu\/ro\/termekek\/pietre-de-pavaj-tiziano\/#breadcrumb\",\"itemListElement\":[{\"@type\":\"ListItem\",\"position\":1,\"name\":\"Products\",\"item\":\"https:\/\/fruehwald.hu\/products\/\"},{\"@type\":\"ListItem\",\"position\":2,\"name\":\"Pietre de pavaj Tiziano\"}]}]}<\/script>\n<!-- \/ Yoast SEO plugin. -->","yoast_head_json":{"title":"Pietre de pavaj Tiziano - Fr\u00fchwald HU","description":"Datorit\u0103 utiliz\u0103rii materialelor naturale, suprafa\u021ba fiec\u0103rei pietre Tiziano este unic\u0103. Aspectul puritan \u0219i elegant va crea o atmosfer\u0103 pl\u0103cut\u0103 \u00een gr\u0103dina dumneavoastr\u0103!","robots":{"index":"index","follow":"follow","max-snippet":"max-snippet:-1","max-image-preview":"max-image-preview:large","max-video-preview":"max-video-preview:-1"},"canonical":"https:\/\/fruehwald.hu\/ro\/termekek\/pietre-de-pavaj-tiziano\/","og_locale":"ro_RO","og_type":"article","og_title":"Pietre de pavaj Tiziano - Fr\u00fchwald HU","og_description":"Datorit\u0103 utiliz\u0103rii materialelor naturale, suprafa\u021ba fiec\u0103rei pietre Tiziano este unic\u0103. Aspectul puritan \u0219i elegant va crea o atmosfer\u0103 pl\u0103cut\u0103 \u00een gr\u0103dina dumneavoastr\u0103!","og_url":"https:\/\/fruehwald.hu\/ro\/termekek\/pietre-de-pavaj-tiziano\/","og_site_name":"Fr\u00fchwald HU","article_modified_time":"2024-03-13T12:41:33+00:00","og_image":[{"width":4000,"height":2250,"url":"https:\/\/fruehwald.hu\/wp-content\/uploads\/sites\/5\/2018\/04\/Tiziano-Pflaster-anthrazit-grau-1920x1080px-38.jpg-150.jpg","type":"image\/jpeg"}],"twitter_card":"summary_large_image","schema":{"@context":"https:\/\/schema.org","@graph":[{"@type":"WebSite","@id":"https:\/\/fruehwald.hu\/#website","url":"https:\/\/fruehwald.hu\/","name":"Fr\u00fchwald HU","description":"Fr\u00fchwald","potentialAction":[{"@type":"SearchAction","target":{"@type":"EntryPoint","urlTemplate":"https:\/\/fruehwald.hu\/?s={search_term_string}"},"query-input":"required name=search_term_string"}],"inLanguage":"ro-RO"},{"@type":"ImageObject","inLanguage":"ro-RO","@id":"https:\/\/fruehwald.hu\/ro\/termekek\/pietre-de-pavaj-tiziano\/#primaryimage","url":"https:\/\/fruehwald.hu\/wp-content\/uploads\/sites\/5\/2018\/04\/Tiziano-Pflaster-anthrazit-grau-1920x1080px-38.jpg-150.jpg","contentUrl":"https:\/\/fruehwald.hu\/wp-content\/uploads\/sites\/5\/2018\/04\/Tiziano-Pflaster-anthrazit-grau-1920x1080px-38.jpg-150.jpg","width":4000,"height":2250},{"@type":"WebPage","@id":"https:\/\/fruehwald.hu\/ro\/termekek\/pietre-de-pavaj-tiziano\/#webpage","url":"https:\/\/fruehwald.hu\/ro\/termekek\/pietre-de-pavaj-tiziano\/","name":"Pietre de pavaj Tiziano - Fr\u00fchwald HU","isPartOf":{"@id":"https:\/\/fruehwald.hu\/#website"},"primaryImageOfPage":{"@id":"https:\/\/fruehwald.hu\/ro\/termekek\/pietre-de-pavaj-tiziano\/#primaryimage"},"datePublished":"2018-04-19T10:35:20+00:00","dateModified":"2024-03-13T12:41:33+00:00","description":"Datorit\u0103 utiliz\u0103rii materialelor naturale, suprafa\u021ba fiec\u0103rei pietre Tiziano este unic\u0103. Aspectul puritan \u0219i elegant va crea o atmosfer\u0103 pl\u0103cut\u0103 \u00een gr\u0103dina dumneavoastr\u0103!","breadcrumb":{"@id":"https:\/\/fruehwald.hu\/ro\/termekek\/pietre-de-pavaj-tiziano\/#breadcrumb"},"inLanguage":"ro-RO","potentialAction":[{"@type":"ReadAction","target":["https:\/\/fruehwald.hu\/ro\/termekek\/pietre-de-pavaj-tiziano\/"]}]},{"@type":"BreadcrumbList","@id":"https:\/\/fruehwald.hu\/ro\/termekek\/pietre-de-pavaj-tiziano\/#breadcrumb","itemListElement":[{"@type":"ListItem","position":1,"name":"Products","item":"https:\/\/fruehwald.hu\/products\/"},{"@type":"ListItem","position":2,"name":"Pietre de pavaj Tiziano"}]}]}},"acf":[],"_links":{"self":[{"href":"https:\/\/fruehwald.hu\/ro\/wp-json\/wp\/v2\/product\/6761"}],"collection":[{"href":"https:\/\/fruehwald.hu\/ro\/wp-json\/wp\/v2\/product"}],"about":[{"href":"https:\/\/fruehwald.hu\/ro\/wp-json\/wp\/v2\/types\/product"}],"wp:featuredmedia":[{"embeddable":true,"href":"https:\/\/fruehwald.hu\/ro\/wp-json\/wp\/v2\/media\/5078"}],"wp:attachment":[{"href":"https:\/\/fruehwald.hu\/ro\/wp-json\/wp\/v2\/media?parent=6761"}],"wp:term":[{"taxonomy":"product-cat","embeddable":true,"href":"https:\/\/fruehwald.hu\/ro\/wp-json\/wp\/v2\/product-cat?post=6761"},{"taxonomy":"product-color","embeddable":true,"href":"https:\/\/fruehwald.hu\/ro\/wp-json\/wp\/v2\/product-color?post=6761"},{"taxonomy":"product-coating","embeddable":true,"href":"https:\/\/fruehwald.hu\/ro\/wp-json\/wp\/v2\/product-coating?post=6761"},{"taxonomy":"product-usage-area","embeddable":true,"href":"https:\/\/fruehwald.hu\/ro\/wp-json\/wp\/v2\/product-usage-area?post=6761"},{"taxonomy":"product-load-capacity","embeddable":true,"href":"https:\/\/fruehwald.hu\/ro\/wp-json\/wp\/v2\/product-load-capacity?post=6761"},{"taxonomy":"product-features","embeddable":true,"href":"https:\/\/fruehwald.hu\/ro\/wp-json\/wp\/v2\/product-features?post=6761"}],"curies":[{"name":"wp","href":"https:\/\/api.w.org\/{rel}","templated":true}]}}