{"id":6675,"date":"2022-11-28T12:07:16","date_gmt":"2022-11-28T11:07:16","guid":{"rendered":"https:\/\/fruehwald.hu\/fruhwald-unde-va-simtiti-ca-acasa\/"},"modified":"2024-03-26T14:52:20","modified_gmt":"2024-03-26T13:52:20","slug":"fruhwald-unde-va-simtiti-ca-acasa","status":"publish","type":"page","link":"https:\/\/fruehwald.hu\/ro\/","title":{"rendered":"Fr\u00fchwald &#8211; Unde v\u0103 sim\u021bi\u021bi ca acas\u0103"},"content":{"rendered":"\n<div style=\"height:100px\" aria-hidden=\"true\" class=\"wp-block-spacer\"><\/div>\n\n<div class=\"wp-block-fruehwald-area container\">\n<div class=\"wp-block-columns\">\n<div class=\"wp-block-column\" style=\"flex-basis:40%\">\n<h1 class=\"\" data-aos=\"fade-up\">FR\u00dcHWALD<\/h1>\n\n\n\n<p class=\"has-font-font1\" data-aos=\"fade-up\">UNDE V\u0102 SIM\u021aI\u021aI CA ACAS\u0102<\/p>\n\n\n\n<p class=\"\" data-aos=\"fade-up\">Identificarea \u0219i satisfacerea nevoilor clien\u021bilor no\u0219tri a fost \u00eentotdeauna piatra de temelie a succesului nostru. Tr\u0103im valorile unei afaceri de familie, astfel \u00eenc\u00e2t comunicarea personal\u0103 cu toate p\u0103r\u021bile interesate, clien\u021bii \u0219i partenerii no\u0219tri de pia\u021b\u0103 este extrem de important\u0103.<\/p>\n\n\n\n<div style=\"height:20px\" aria-hidden=\"true\" class=\"wp-block-spacer\"><\/div>\n\n\n\n<div class=\"wp-container-1 wp-block-buttons\">\n<div class=\"wp-block-button\"><a class=\"wp-block-button__link\" href=\"https:\/\/fruehwald.hu\/a-fruehwald-rol\/\">AFLA\u021aI MAI MULTE<\/a><\/div>\n<\/div>\n<\/div>\n\n\n\n<div class=\"wp-block-column\" style=\"flex-basis:60%\"><div class=\"sf-image-fader\" style=\"text-align:right; transform-origin:right\" id=\"sf-image-fader-83f3c780e4754ba3ebe14dae684e98cf\">\n    <ul>\n\t\t            <li style=\"background-image: url(https:\/\/fruehwald.hu\/wp-content\/uploads\/sites\/5\/2022\/11\/GeoCeramica_Bassena_Grau_3000x2000-10-2880x1080-1.png)\" data-sf-scroll='{\"from\":{\"x\":200,\"opacity\":0},\"to\":{\"x\":0,\"opacity\":1}}' data-target=\"#sf-image-fader-83f3c780e4754ba3ebe14dae684e98cf\" data-position=\"1.5\"><\/li>\n\t\t            <li style=\"background-image: url(https:\/\/fruehwald.hu\/wp-content\/uploads\/sites\/5\/2022\/11\/Designelemente_Teaser_Caesar-scaled@2x.png)\" data-sf-scroll='{\"from\":{\"x\":-400,\"opacity\":0},\"to\":{\"x\":0,\"opacity\":1}}' data-target=\"#sf-image-fader-83f3c780e4754ba3ebe14dae684e98cf\" data-position=\"1.5\"><\/li>\n\t\t            <li style=\"background-image: url(https:\/\/fruehwald.hu\/wp-content\/uploads\/sites\/5\/2022\/11\/Classic_schwarz_Band_tiziano_Teaser-scaled@2x.png)\" data-sf-scroll='{\"from\":{\"x\":400,\"opacity\":0},\"to\":{\"x\":0,\"opacity\":1}}' data-target=\"#sf-image-fader-83f3c780e4754ba3ebe14dae684e98cf\" data-position=\"1.5\"><\/li>\n\t\t            <li style=\"background-image: url(https:\/\/fruehwald.hu\/wp-content\/uploads\/sites\/5\/2022\/11\/ASM_0017_Maretimo_Silbergrau-Dust@2x.png)\" data-sf-scroll='{\"from\":{\"x\":-200,\"opacity\":0},\"to\":{\"x\":0,\"opacity\":1}}' data-target=\"#sf-image-fader-83f3c780e4754ba3ebe14dae684e98cf\" data-position=\"1.5\"><\/li>\n\t\t    <\/ul>\n<\/div>\n<\/div>\n<\/div>\n<\/div>\n\n<div style=\"height:100px\" aria-hidden=\"true\" class=\"wp-block-spacer\"><\/div>\n\n<div class=\"wp-container-2 wp-block-group has-background\" style=\"background-color:#f6f6f6\"><div class=\"wp-block-group__inner-container\">\n<div style=\"height:100px\" aria-hidden=\"true\" class=\"wp-block-spacer\"><\/div>\n\n\n\n<blockquote class=\"wp-block-quote has-text-align-center\" data-aos=\"fade-up\"><p>&#8222;Atunci c\u00e2nd o companie cu un palmares excelent investe\u0219te \u00een viitorul s\u0103u, va fi \u00eentotdeauna lider.&#8221;<\/p><cite><strong>Robert F. Holzer, Mag.<br \/><\/strong>CEO Fr\u00fchwald Group<\/cite><\/blockquote>\n\n\n\n<div style=\"height:100px\" aria-hidden=\"true\" class=\"wp-block-spacer\"><\/div>\n<\/div><\/div>\n\n<div class=\"wp-block-fruehwald-area container\"><div class=\"horizontal-image-list\">\n    <ul>\n\t\t            <li>\n                <a href=\"https:\/\/fruehwald.hu\/ro\/despre-fruhwald-fruhwald-ltd\/\" target=\"_self\">\n                    <div class=\"background\" style=\"background-image: url(https:\/\/fruehwald.hu\/wp-content\/uploads\/sites\/5\/2022\/11\/Tiziano-Platte-3000x2000px-2880x1080-1-1.jpg)\"><\/div>\n                    <span class=\"carpet\"><\/span>\n                    <span class=\"content\">\n                    <h2 class=\"title\">Despre Fr\u00fchwald Fr\u00fchwald Ltd.<\/h2>\n                <\/span>\n                    <div class=\"arrow right thin color-light\"><\/div>\n                <\/a>\n            <\/li>\n\t\t            <li>\n                <a href=\"https:\/\/fruehwald.hu\/ro\/design-cu-culori\/\" target=\"_self\">\n                    <div class=\"background\" style=\"background-image: url(https:\/\/fruehwald.hu\/wp-content\/uploads\/sites\/5\/2022\/11\/PrimsuColori-Kombi_Image_Beitragsbild.jpg)\"><\/div>\n                    <span class=\"carpet\"><\/span>\n                    <span class=\"content\">\n                    <h2 class=\"title\">Inspira\u021bie<\/h2>\n                <\/span>\n                    <div class=\"arrow right thin color-light\"><\/div>\n                <\/a>\n            <\/li>\n\t\t            <li>\n                <a href=\"\" target=\"_self\">\n                    <div class=\"background\" style=\"background-image: url(https:\/\/fruehwald.hu\/wp-content\/uploads\/sites\/5\/2022\/11\/vertrieb-660x440-1.png)\"><\/div>\n                    <span class=\"carpet\"><\/span>\n                    <span class=\"content\">\n                    <h2 class=\"title\">distribuitori<\/h2>\n                <\/span>\n                    <div class=\"arrow right thin color-light\"><\/div>\n                <\/a>\n            <\/li>\n\t\t            <li>\n                <a href=\"https:\/\/fruehwald.hu\/termekek\" target=\"_self\">\n                    <div class=\"background\" style=\"background-image: url(https:\/\/fruehwald.hu\/wp-content\/uploads\/sites\/5\/2022\/11\/S3_1_Terrasse_Baum-2.jpg)\"><\/div>\n                    <span class=\"carpet\"><\/span>\n                    <span class=\"content\">\n                    <h2 class=\"title\">Produse<\/h2>\n                <\/span>\n                    <div class=\"arrow right thin color-light\"><\/div>\n                <\/a>\n            <\/li>\n\t\t    <\/ul>\n<\/div>\n\n<script>\n    if (typeof initAllSliders === 'function') {\n        initAllSliders()\n    }\n<\/script>\n<\/div>\n\n<div class=\"wp-block-fruehwald-area container\">\n<div class=\"grey-bar-container grey-bar-left\"><div class=\"wp-block-media-text alignwide is-stacked-on-mobile\"><figure class=\"wp-block-media-text__media\"><img loading=\"lazy\" width=\"1278\" height=\"980\" src=\"https:\/\/fruehwald.hu\/wp-content\/uploads\/sites\/5\/2022\/11\/FW_news_1140x605_03.jpg\" alt=\"\" class=\"wp-image-37 size-full\" \/><\/figure><div class=\"wp-block-media-text__content\">\n<h1 class=\"\" data-aos=\"fade-up\">Program de proiectare a gr\u0103dinii Garden Creator<\/h1>\n\n\n\n<p class=\"\" data-aos=\"fade-up\">\u00cenc\u0103rca\u021bi fotografia, c\u00e2teva clicuri \u0219i sunte\u021bi gata s\u0103 \u00eencepe\u021bi s\u0103 proiecta\u021bi! Alege\u021bi produsul, culoarea, forma \u0219i modelul ideal de amplasare care v\u0103 plac! De asemenea, pute\u021bi utiliza modul SplitScreen &#8211; divizarea ecranului &#8211; pentru a compara op\u021biunile posibile.<\/p>\n\n\n\n<div style=\"height:20px\" aria-hidden=\"true\" class=\"wp-block-spacer\"><\/div>\n\n\n\n<div class=\"wp-container-3 wp-block-buttons\">\n<div class=\"wp-block-button\" data-aos=\"fade-up\"><a class=\"wp-block-button__link\" href=\"https:\/\/fruehwald.esignserver2.com\/gallery.do;jsessionid=BED36C6631599F78B4D501938984E330\" target=\"_blank\" rel=\"noreferrer noopener\">\u00ceNCEPE\u021aI<\/a><\/div>\n<\/div>\n<\/div><\/div><div class=\"sf-grey-bar\" style=\"width:50%;height:75%\"><\/div><\/div>\n<\/div>\n\n<div style=\"height:100px\" aria-hidden=\"true\" class=\"wp-block-spacer\"><\/div>\n\n<div class=\"wp-block-fruehwald-area container\">\n<div class=\"grey-bar-container grey-bar-right\"><div class=\"wp-block-media-text alignwide has-media-on-the-right is-stacked-on-mobile\"><figure class=\"wp-block-media-text__media\"><img loading=\"lazy\" width=\"1024\" height=\"763\" src=\"http:\/\/fruehwald.hu\/wp-content\/uploads\/sites\/5\/2022\/11\/Screenshot-from-2022-06-28-01-37-08-1024x763.png\" alt=\"\" class=\"wp-image-39 size-full\" srcset=\"https:\/\/fruehwald.hu\/wp-content\/uploads\/sites\/5\/2022\/11\/Screenshot-from-2022-06-28-01-37-08-1024x763.png 1024w, https:\/\/fruehwald.hu\/wp-content\/uploads\/sites\/5\/2022\/11\/Screenshot-from-2022-06-28-01-37-08-300x223.png 300w, https:\/\/fruehwald.hu\/wp-content\/uploads\/sites\/5\/2022\/11\/Screenshot-from-2022-06-28-01-37-08-768x572.png 768w, https:\/\/fruehwald.hu\/wp-content\/uploads\/sites\/5\/2022\/11\/Screenshot-from-2022-06-28-01-37-08.png 1034w\" sizes=\"(max-width: 1024px) 100vw, 1024px\" \/><\/figure><div class=\"wp-block-media-text__content\">\n<h1 class=\"\" data-aos=\"fade-up\">Designer&#8230;<\/h1>\n\n\n\n<p class=\"\" data-aos=\"fade-up\">Calculatorul nostru de cerere v\u0103 ofer\u0103 o imagine de ansamblu a modelelor de depunere, a cantit\u0103\u021bilor necesare \u0219i v\u0103 ajut\u0103 s\u0103 lua\u021bi rapid decizia corect\u0103.<\/p>\n\n\n\n<div style=\"height:20px\" aria-hidden=\"true\" class=\"wp-block-spacer\"><\/div>\n\n\n\n<div class=\"wp-container-4 wp-block-buttons\">\n<div class=\"wp-block-button\" data-aos=\"fade-up\"><a class=\"wp-block-button__link\" href=\"https:\/\/fruehwald.hu\/tervezes\/koncepcio\/mennyiseg-kalkulator\/\">\u00ceNCEPE\u021aI<\/a><\/div>\n<\/div>\n<\/div><\/div><div class=\"sf-grey-bar\" style=\"width:50%;height:75%\"><\/div><\/div>\n<\/div>\n\n<div style=\"height:100px\" aria-hidden=\"true\" class=\"wp-block-spacer\"><\/div>\n\n<p class=\"\"><\/p>\n","protected":false},"excerpt":{"rendered":"<p>&#8222;Atunci c\u00e2nd o companie cu un palmares excelent investe\u0219te \u00een viitorul s\u0103u, va fi \u00eentotdeauna lider.&#8221; Robert F. Holzer, Mag.CEO Fr\u00fchwald Group<\/p>\n","protected":false},"author":7,"featured_media":0,"parent":0,"menu_order":20,"comment_status":"closed","ping_status":"closed","template":"","meta":{"inline_featured_image":false},"yoast_head":"<!-- This site is optimized with the Yoast SEO plugin v18.8 - https:\/\/yoast.com\/wordpress\/plugins\/seo\/ -->\n<title>Fr\u00fchwald - Unde v\u0103 sim\u021bi\u021bi ca acas\u0103 - Fr\u00fchwald HU<\/title>\n<meta name=\"robots\" content=\"index, follow, max-snippet:-1, max-image-preview:large, max-video-preview:-1\" \/>\n<link rel=\"canonical\" href=\"https:\/\/fruehwald.hu\/ro\/\" \/>\n<meta property=\"og:locale\" content=\"ro_RO\" \/>\n<meta property=\"og:type\" content=\"article\" \/>\n<meta property=\"og:title\" content=\"Fr\u00fchwald - Unde v\u0103 sim\u021bi\u021bi ca acas\u0103 - Fr\u00fchwald HU\" \/>\n<meta property=\"og:description\" content=\"&#8222;Atunci c\u00e2nd o companie cu un palmares excelent investe\u0219te \u00een viitorul s\u0103u, va fi \u00eentotdeauna lider.&#8221; Robert F. Holzer, Mag.CEO Fr\u00fchwald Group\" \/>\n<meta property=\"og:url\" content=\"https:\/\/fruehwald.hu\/ro\/\" \/>\n<meta property=\"og:site_name\" content=\"Fr\u00fchwald HU\" \/>\n<meta property=\"article:modified_time\" content=\"2024-03-26T13:52:20+00:00\" \/>\n<meta property=\"og:image\" content=\"http:\/\/fruehwald.hu\/wp-content\/uploads\/sites\/5\/2022\/11\/FW_news_1140x605_03.jpg\" \/>\n<meta name=\"twitter:card\" content=\"summary_large_image\" \/>\n<meta name=\"twitter:label1\" content=\"Timp estimat pentru citire\" \/>\n\t<meta name=\"twitter:data1\" content=\"1 minut\" \/>\n<script type=\"application\/ld+json\" class=\"yoast-schema-graph\">{\"@context\":\"https:\/\/schema.org\",\"@graph\":[{\"@type\":\"WebSite\",\"@id\":\"https:\/\/fruehwald.hu\/#website\",\"url\":\"https:\/\/fruehwald.hu\/\",\"name\":\"Fr\u00fchwald HU\",\"description\":\"Fr\u00fchwald\",\"potentialAction\":[{\"@type\":\"SearchAction\",\"target\":{\"@type\":\"EntryPoint\",\"urlTemplate\":\"https:\/\/fruehwald.hu\/?s={search_term_string}\"},\"query-input\":\"required name=search_term_string\"}],\"inLanguage\":\"ro-RO\"},{\"@type\":\"ImageObject\",\"inLanguage\":\"ro-RO\",\"@id\":\"https:\/\/fruehwald.hu\/ro\/#primaryimage\",\"url\":\"https:\/\/fruehwald.hu\/wp-content\/uploads\/sites\/5\/2022\/11\/FW_news_1140x605_03.jpg\",\"contentUrl\":\"https:\/\/fruehwald.hu\/wp-content\/uploads\/sites\/5\/2022\/11\/FW_news_1140x605_03.jpg\",\"width\":1278,\"height\":980},{\"@type\":\"WebPage\",\"@id\":\"https:\/\/fruehwald.hu\/ro\/#webpage\",\"url\":\"https:\/\/fruehwald.hu\/ro\/\",\"name\":\"Fr\u00fchwald - Unde v\u0103 sim\u021bi\u021bi ca acas\u0103 - Fr\u00fchwald HU\",\"isPartOf\":{\"@id\":\"https:\/\/fruehwald.hu\/#website\"},\"primaryImageOfPage\":{\"@id\":\"https:\/\/fruehwald.hu\/ro\/#primaryimage\"},\"datePublished\":\"2022-11-28T11:07:16+00:00\",\"dateModified\":\"2024-03-26T13:52:20+00:00\",\"breadcrumb\":{\"@id\":\"https:\/\/fruehwald.hu\/ro\/#breadcrumb\"},\"inLanguage\":\"ro-RO\",\"potentialAction\":[{\"@type\":\"ReadAction\",\"target\":[\"https:\/\/fruehwald.hu\/ro\/\"]}]},{\"@type\":\"BreadcrumbList\",\"@id\":\"https:\/\/fruehwald.hu\/ro\/#breadcrumb\",\"itemListElement\":[{\"@type\":\"ListItem\",\"position\":1,\"name\":\"Fr\u00fchwald &#8211; Unde v\u0103 sim\u021bi\u021bi ca acas\u0103\"}]}]}<\/script>\n<!-- \/ Yoast SEO plugin. -->","yoast_head_json":{"title":"Fr\u00fchwald - Unde v\u0103 sim\u021bi\u021bi ca acas\u0103 - Fr\u00fchwald HU","robots":{"index":"index","follow":"follow","max-snippet":"max-snippet:-1","max-image-preview":"max-image-preview:large","max-video-preview":"max-video-preview:-1"},"canonical":"https:\/\/fruehwald.hu\/ro\/","og_locale":"ro_RO","og_type":"article","og_title":"Fr\u00fchwald - Unde v\u0103 sim\u021bi\u021bi ca acas\u0103 - Fr\u00fchwald HU","og_description":"&#8222;Atunci c\u00e2nd o companie cu un palmares excelent investe\u0219te \u00een viitorul s\u0103u, va fi \u00eentotdeauna lider.&#8221; Robert F. Holzer, Mag.CEO Fr\u00fchwald Group","og_url":"https:\/\/fruehwald.hu\/ro\/","og_site_name":"Fr\u00fchwald HU","article_modified_time":"2024-03-26T13:52:20+00:00","og_image":[{"url":"http:\/\/fruehwald.hu\/wp-content\/uploads\/sites\/5\/2022\/11\/FW_news_1140x605_03.jpg"}],"twitter_card":"summary_large_image","twitter_misc":{"Timp estimat pentru citire":"1 minut"},"schema":{"@context":"https:\/\/schema.org","@graph":[{"@type":"WebSite","@id":"https:\/\/fruehwald.hu\/#website","url":"https:\/\/fruehwald.hu\/","name":"Fr\u00fchwald HU","description":"Fr\u00fchwald","potentialAction":[{"@type":"SearchAction","target":{"@type":"EntryPoint","urlTemplate":"https:\/\/fruehwald.hu\/?s={search_term_string}"},"query-input":"required name=search_term_string"}],"inLanguage":"ro-RO"},{"@type":"ImageObject","inLanguage":"ro-RO","@id":"https:\/\/fruehwald.hu\/ro\/#primaryimage","url":"https:\/\/fruehwald.hu\/wp-content\/uploads\/sites\/5\/2022\/11\/FW_news_1140x605_03.jpg","contentUrl":"https:\/\/fruehwald.hu\/wp-content\/uploads\/sites\/5\/2022\/11\/FW_news_1140x605_03.jpg","width":1278,"height":980},{"@type":"WebPage","@id":"https:\/\/fruehwald.hu\/ro\/#webpage","url":"https:\/\/fruehwald.hu\/ro\/","name":"Fr\u00fchwald - Unde v\u0103 sim\u021bi\u021bi ca acas\u0103 - Fr\u00fchwald HU","isPartOf":{"@id":"https:\/\/fruehwald.hu\/#website"},"primaryImageOfPage":{"@id":"https:\/\/fruehwald.hu\/ro\/#primaryimage"},"datePublished":"2022-11-28T11:07:16+00:00","dateModified":"2024-03-26T13:52:20+00:00","breadcrumb":{"@id":"https:\/\/fruehwald.hu\/ro\/#breadcrumb"},"inLanguage":"ro-RO","potentialAction":[{"@type":"ReadAction","target":["https:\/\/fruehwald.hu\/ro\/"]}]},{"@type":"BreadcrumbList","@id":"https:\/\/fruehwald.hu\/ro\/#breadcrumb","itemListElement":[{"@type":"ListItem","position":1,"name":"Fr\u00fchwald &#8211; Unde v\u0103 sim\u021bi\u021bi ca acas\u0103"}]}]}},"acf":[],"_links":{"self":[{"href":"https:\/\/fruehwald.hu\/ro\/wp-json\/wp\/v2\/pages\/6675"}],"collection":[{"href":"https:\/\/fruehwald.hu\/ro\/wp-json\/wp\/v2\/pages"}],"about":[{"href":"https:\/\/fruehwald.hu\/ro\/wp-json\/wp\/v2\/types\/page"}],"author":[{"embeddable":true,"href":"https:\/\/fruehwald.hu\/ro\/wp-json\/wp\/v2\/users\/7"}],"replies":[{"embeddable":true,"href":"https:\/\/fruehwald.hu\/ro\/wp-json\/wp\/v2\/comments?post=6675"}],"version-history":[{"count":4,"href":"https:\/\/fruehwald.hu\/ro\/wp-json\/wp\/v2\/pages\/6675\/revisions"}],"predecessor-version":[{"id":6857,"href":"https:\/\/fruehwald.hu\/ro\/wp-json\/wp\/v2\/pages\/6675\/revisions\/6857"}],"wp:attachment":[{"href":"https:\/\/fruehwald.hu\/ro\/wp-json\/wp\/v2\/media?parent=6675"}],"curies":[{"name":"wp","href":"https:\/\/api.w.org\/{rel}","templated":true}]}}