{"id":6671,"date":"2022-11-28T13:11:44","date_gmt":"2022-11-28T12:11:44","guid":{"rendered":"https:\/\/fruehwald.hu\/modern\/"},"modified":"2024-03-06T15:11:29","modified_gmt":"2024-03-06T14:11:29","slug":"modern","status":"publish","type":"page","link":"https:\/\/fruehwald.hu\/ro\/modern\/","title":{"rendered":"Modern"},"content":{"rendered":"\t<div class=\"sf-hero-image\" id=\"sf-hero-image-89b803b848df8658885750284e6522a48da3a532cf75ec7c53c69fd81e4c462a\" style=\"background-image: url(https:\/\/fruehwald.hu\/wp-content\/uploads\/sites\/5\/2022\/11\/Tiziano_Platte_Silbergrau-Granit_Image_Beitragsbild.jpg); background-position: center center\">\n        <div class=\"carpet\"><\/div>\n                    <div class=\"inner\">\n\t                                <h1>Modern<\/h1>\n\t            \t                        <\/div>\n        \n        \n        \n        \t<\/div>\n\t    <style>\n                    <\/style>\n    \n<div style=\"height:150px\" aria-hidden=\"true\" class=\"wp-block-spacer\"><\/div>\n\n<div class=\"wp-block-fruehwald-area container\">\n<p class=\"has-text-align-center\">Mediul exterior ar trebui s\u0103 se potriveasc\u0103 cu casa dumneavoastr\u0103 \u0219i cu preferin\u021bele dumneavoastr\u0103 personale. <br\/>Dorim s\u0103 v\u0103 oferim \u00eendrum\u0103ri pentru a v\u0103 bucura \u00een mod modern \u0219i durabil de mediul dvs. exterior. <\/p>\n<\/div>\n\n<div style=\"height:150px\" aria-hidden=\"true\" class=\"wp-block-spacer\"><\/div>\n\n<div class=\"wp-block-fruehwald-area container\">\n<div class=\"grey-bar-container grey-bar-right\"><div class=\"wp-block-media-text alignwide has-media-on-the-right is-stacked-on-mobile\"><figure class=\"wp-block-media-text__media\"><img loading=\"lazy\" width=\"1278\" height=\"980\" src=\"https:\/\/fruehwald.hu\/wp-content\/uploads\/sites\/5\/2022\/11\/shutterstock_765683062.jpg\" alt=\"\" class=\"wp-image-138 size-full\"\/><\/figure><div class=\"wp-block-media-text__content\">\n<p class=\"\">Tonurile p\u0103m\u00e2ntii sunt foarte la mod\u0103 \u0219i au un efect nobil, cald. <br\/>Finisajul satinat fin confer\u0103 terasei dvs. o dinamic\u0103 natural\u0103.<\/p>\n\n\n\n<p class=\"\"><\/p>\n\n\n\n<p class=\"\"><a href=\"https:\/\/fruehwald.hu\/termekek\/primus_colori-terko\/\">PrimusColori<\/a> \u00een Terra Lava<\/p>\n<\/div><\/div><div class=\"sf-grey-bar\" style=\"width:50%;height:75%;transform:translateX(150px) translateY(-50%)\"><\/div><\/div>\n<\/div>\n\n<div style=\"height:150px\" aria-hidden=\"true\" class=\"wp-block-spacer\"><\/div>\n\n<div class=\"wp-block-fruehwald-area container\">\n<div class=\"grey-bar-container grey-bar-left\"><div class=\"wp-block-media-text alignwide is-stacked-on-mobile\"><figure class=\"wp-block-media-text__media\"><img loading=\"lazy\" width=\"1278\" height=\"980\" src=\"https:\/\/fruehwald.hu\/wp-content\/uploads\/sites\/5\/2022\/11\/Tiz_dunkelgrau_4C_neuer_heller.jpg\" alt=\"\" class=\"wp-image-140 size-full\"\/><\/figure><div class=\"wp-block-media-text__content\">\n<p class=\"\" data-aos=\"fade-up\">Un \u0219emineu \u00een stilul unui \u0219emineu radiaz\u0103 elegan\u021b\u0103 \u0219i v\u0103 ofer\u0103 o experien\u021b\u0103 special\u0103 pe terasa dvs.<\/p>\n\n\n\n<p class=\"\"><\/p>\n\n\n\n<p class=\"\"><a href=\"https:\/\/fruehwald.hu\/termekek\/tiziano-laprendszer\/\">Tiziano,<\/a> Antracit<\/p>\n<\/div><\/div><div class=\"sf-grey-bar\" style=\"width:50%;height:75%;transform:translateX(-150px) translateY(-50%)\"><\/div><\/div>\n<\/div>\n\n<div style=\"height:150px\" aria-hidden=\"true\" class=\"wp-block-spacer\"><\/div>\n\n<div class=\"wp-block-fruehwald-area container\">\n<div class=\"grey-bar-container grey-bar-right\"><div class=\"wp-block-media-text alignwide has-media-on-the-right is-stacked-on-mobile\"><figure class=\"wp-block-media-text__media\"><img loading=\"lazy\" width=\"1920\" height=\"1080\" src=\"https:\/\/fruehwald.hu\/wp-content\/uploads\/sites\/5\/2022\/11\/Tiziano_Platte_Silbergrau-Granit_Image_Beitragsbild-1.jpg\" alt=\"\" class=\"wp-image-142 size-full\"\/><\/figure><div class=\"wp-block-media-text__content\">\n<p class=\"\" data-aos=\"fade-up\">Casa dumneavoastr\u0103 are un stil arhitectural modern \u0219i o gr\u0103din\u0103 spa\u021bioas\u0103 cu piscin\u0103? Atunci Maretimo este cea mai bun\u0103 alegere pentru pavarea terasei \u0219i a zonei de relaxare din jurul piscinei. <\/p>\n\n\n\n<p class=\"\"><a href=\"https:\/\/fruehwald.hu\/termekek\/tiziano-laprendszer\/\">Tiziano<\/a><a href=\"https:\/\/fruehwald.hu\/termekek\/maretimo-2\/\">,<\/a> Granit gri argintiu<\/p>\n<\/div><\/div><div class=\"sf-grey-bar\" style=\"width:50%;height:75%;transform:translateX(150px) translateY(-50%)\"><\/div><\/div>\n<\/div>\n\n<div style=\"height:150px\" aria-hidden=\"true\" class=\"wp-block-spacer\"><\/div>\n\n<div class=\"wp-block-fruehwald-area container\">\n<div class=\"grey-bar-container grey-bar-left\"><div class=\"wp-block-media-text alignwide is-stacked-on-mobile\"><figure class=\"wp-block-media-text__media\"><img loading=\"lazy\" width=\"1024\" height=\"599\" src=\"https:\/\/fruehwald.hu\/wp-content\/uploads\/sites\/5\/2022\/11\/Finessa_Pflaster-anthrazit_Image-1024x599-1.jpg\" alt=\"\" class=\"wp-image-144 size-full\"\/><\/figure><div class=\"wp-block-media-text__content\">\n<p class=\"\" data-aos=\"fade-up\">Visa\u021bi la cea mai nou\u0103 anteport\u0103 \u00een culoare antracit? Antracit este cea mai nobil\u0103 nuan\u021b\u0103 de gri \u0219i este de mult timp o culoare la mod\u0103. Extravagant \u0219i de calitate. <\/p>\n\n\n\n<p class=\"\"><\/p>\n\n\n\n<p class=\"\"><a href=\"https:\/\/fruehwald.hu\/termekek\/finessa\/\">Finessa<\/a>, Antracit<\/p>\n<\/div><\/div><div class=\"sf-grey-bar\" style=\"width:50%;height:75%;transform:translateX(-150px) translateY(-50%)\"><\/div><\/div>\n<\/div>\n\n<div style=\"height:150px\" aria-hidden=\"true\" class=\"wp-block-spacer\"><\/div>\n","protected":false},"excerpt":{"rendered":"","protected":false},"author":7,"featured_media":0,"parent":0,"menu_order":11,"comment_status":"closed","ping_status":"closed","template":"","meta":{"inline_featured_image":false},"yoast_head":"<!-- This site is optimized with the Yoast SEO plugin v18.8 - https:\/\/yoast.com\/wordpress\/plugins\/seo\/ -->\n<title>Modern - Fr\u00fchwald HU<\/title>\n<meta name=\"robots\" content=\"index, follow, max-snippet:-1, max-image-preview:large, max-video-preview:-1\" \/>\n<link rel=\"canonical\" href=\"https:\/\/fruehwald.hu\/ro\/modern\/\" \/>\n<meta property=\"og:locale\" content=\"ro_RO\" \/>\n<meta property=\"og:type\" content=\"article\" \/>\n<meta property=\"og:title\" content=\"Modern - Fr\u00fchwald HU\" \/>\n<meta property=\"og:url\" content=\"https:\/\/fruehwald.hu\/ro\/modern\/\" \/>\n<meta property=\"og:site_name\" content=\"Fr\u00fchwald HU\" \/>\n<meta property=\"article:modified_time\" content=\"2024-03-06T14:11:29+00:00\" \/>\n<meta property=\"og:image\" content=\"http:\/\/fruehwald.hu\/wp-content\/uploads\/sites\/5\/2022\/11\/shutterstock_765683062.jpg\" \/>\n<meta name=\"twitter:card\" content=\"summary_large_image\" \/>\n<meta name=\"twitter:label1\" content=\"Timp estimat pentru citire\" \/>\n\t<meta name=\"twitter:data1\" content=\"1 minut\" \/>\n<script type=\"application\/ld+json\" class=\"yoast-schema-graph\">{\"@context\":\"https:\/\/schema.org\",\"@graph\":[{\"@type\":\"WebSite\",\"@id\":\"https:\/\/fruehwald.hu\/#website\",\"url\":\"https:\/\/fruehwald.hu\/\",\"name\":\"Fr\u00fchwald HU\",\"description\":\"Fr\u00fchwald\",\"potentialAction\":[{\"@type\":\"SearchAction\",\"target\":{\"@type\":\"EntryPoint\",\"urlTemplate\":\"https:\/\/fruehwald.hu\/?s={search_term_string}\"},\"query-input\":\"required name=search_term_string\"}],\"inLanguage\":\"ro-RO\"},{\"@type\":\"ImageObject\",\"inLanguage\":\"ro-RO\",\"@id\":\"https:\/\/fruehwald.hu\/ro\/modern\/#primaryimage\",\"url\":\"https:\/\/fruehwald.hu\/wp-content\/uploads\/sites\/5\/2022\/11\/shutterstock_765683062.jpg\",\"contentUrl\":\"https:\/\/fruehwald.hu\/wp-content\/uploads\/sites\/5\/2022\/11\/shutterstock_765683062.jpg\",\"width\":1278,\"height\":980},{\"@type\":\"WebPage\",\"@id\":\"https:\/\/fruehwald.hu\/ro\/modern\/#webpage\",\"url\":\"https:\/\/fruehwald.hu\/ro\/modern\/\",\"name\":\"Modern - Fr\u00fchwald HU\",\"isPartOf\":{\"@id\":\"https:\/\/fruehwald.hu\/#website\"},\"primaryImageOfPage\":{\"@id\":\"https:\/\/fruehwald.hu\/ro\/modern\/#primaryimage\"},\"datePublished\":\"2022-11-28T12:11:44+00:00\",\"dateModified\":\"2024-03-06T14:11:29+00:00\",\"breadcrumb\":{\"@id\":\"https:\/\/fruehwald.hu\/ro\/modern\/#breadcrumb\"},\"inLanguage\":\"ro-RO\",\"potentialAction\":[{\"@type\":\"ReadAction\",\"target\":[\"https:\/\/fruehwald.hu\/ro\/modern\/\"]}]},{\"@type\":\"BreadcrumbList\",\"@id\":\"https:\/\/fruehwald.hu\/ro\/modern\/#breadcrumb\",\"itemListElement\":[{\"@type\":\"ListItem\",\"position\":1,\"name\":\"Modern\"}]}]}<\/script>\n<!-- \/ Yoast SEO plugin. -->","yoast_head_json":{"title":"Modern - Fr\u00fchwald HU","robots":{"index":"index","follow":"follow","max-snippet":"max-snippet:-1","max-image-preview":"max-image-preview:large","max-video-preview":"max-video-preview:-1"},"canonical":"https:\/\/fruehwald.hu\/ro\/modern\/","og_locale":"ro_RO","og_type":"article","og_title":"Modern - Fr\u00fchwald HU","og_url":"https:\/\/fruehwald.hu\/ro\/modern\/","og_site_name":"Fr\u00fchwald HU","article_modified_time":"2024-03-06T14:11:29+00:00","og_image":[{"url":"http:\/\/fruehwald.hu\/wp-content\/uploads\/sites\/5\/2022\/11\/shutterstock_765683062.jpg"}],"twitter_card":"summary_large_image","twitter_misc":{"Timp estimat pentru citire":"1 minut"},"schema":{"@context":"https:\/\/schema.org","@graph":[{"@type":"WebSite","@id":"https:\/\/fruehwald.hu\/#website","url":"https:\/\/fruehwald.hu\/","name":"Fr\u00fchwald HU","description":"Fr\u00fchwald","potentialAction":[{"@type":"SearchAction","target":{"@type":"EntryPoint","urlTemplate":"https:\/\/fruehwald.hu\/?s={search_term_string}"},"query-input":"required name=search_term_string"}],"inLanguage":"ro-RO"},{"@type":"ImageObject","inLanguage":"ro-RO","@id":"https:\/\/fruehwald.hu\/ro\/modern\/#primaryimage","url":"https:\/\/fruehwald.hu\/wp-content\/uploads\/sites\/5\/2022\/11\/shutterstock_765683062.jpg","contentUrl":"https:\/\/fruehwald.hu\/wp-content\/uploads\/sites\/5\/2022\/11\/shutterstock_765683062.jpg","width":1278,"height":980},{"@type":"WebPage","@id":"https:\/\/fruehwald.hu\/ro\/modern\/#webpage","url":"https:\/\/fruehwald.hu\/ro\/modern\/","name":"Modern - Fr\u00fchwald HU","isPartOf":{"@id":"https:\/\/fruehwald.hu\/#website"},"primaryImageOfPage":{"@id":"https:\/\/fruehwald.hu\/ro\/modern\/#primaryimage"},"datePublished":"2022-11-28T12:11:44+00:00","dateModified":"2024-03-06T14:11:29+00:00","breadcrumb":{"@id":"https:\/\/fruehwald.hu\/ro\/modern\/#breadcrumb"},"inLanguage":"ro-RO","potentialAction":[{"@type":"ReadAction","target":["https:\/\/fruehwald.hu\/ro\/modern\/"]}]},{"@type":"BreadcrumbList","@id":"https:\/\/fruehwald.hu\/ro\/modern\/#breadcrumb","itemListElement":[{"@type":"ListItem","position":1,"name":"Modern"}]}]}},"acf":[],"_links":{"self":[{"href":"https:\/\/fruehwald.hu\/ro\/wp-json\/wp\/v2\/pages\/6671"}],"collection":[{"href":"https:\/\/fruehwald.hu\/ro\/wp-json\/wp\/v2\/pages"}],"about":[{"href":"https:\/\/fruehwald.hu\/ro\/wp-json\/wp\/v2\/types\/page"}],"author":[{"embeddable":true,"href":"https:\/\/fruehwald.hu\/ro\/wp-json\/wp\/v2\/users\/7"}],"replies":[{"embeddable":true,"href":"https:\/\/fruehwald.hu\/ro\/wp-json\/wp\/v2\/comments?post=6671"}],"version-history":[{"count":1,"href":"https:\/\/fruehwald.hu\/ro\/wp-json\/wp\/v2\/pages\/6671\/revisions"}],"predecessor-version":[{"id":6672,"href":"https:\/\/fruehwald.hu\/ro\/wp-json\/wp\/v2\/pages\/6671\/revisions\/6672"}],"wp:attachment":[{"href":"https:\/\/fruehwald.hu\/ro\/wp-json\/wp\/v2\/media?parent=6671"}],"curies":[{"name":"wp","href":"https:\/\/api.w.org\/{rel}","templated":true}]}}