{"id":6667,"date":"2022-11-28T13:32:32","date_gmt":"2022-11-28T12:32:32","guid":{"rendered":"https:\/\/fruehwald.hu\/antic\/"},"modified":"2024-03-06T14:36:02","modified_gmt":"2024-03-06T13:36:02","slug":"antic","status":"publish","type":"page","link":"https:\/\/fruehwald.hu\/ro\/antic\/","title":{"rendered":"Antic"},"content":{"rendered":"\t<div class=\"sf-hero-image\" id=\"sf-hero-image-ac283b98dc4d7c48eedde654154789d3930e9ffb816fe1f36dff264a9a54cd20\" style=\"background-image: url(https:\/\/fruehwald.hu\/wp-content\/uploads\/sites\/5\/2022\/11\/Caesar_Antik_Image_Beitragsbild.jpg); background-position: center center\">\n        <div class=\"carpet\"><\/div>\n                    <div class=\"inner\">\n\t                                <h1>Antic<\/h1>\n\t            \t                        <\/div>\n        \n        \n        \n        \t<\/div>\n\t    <style>\n                    <\/style>\n    \n<div style=\"height:150px\" aria-hidden=\"true\" class=\"wp-block-spacer\"><\/div>\n\n<div class=\"wp-block-fruehwald-area container\">\n<p class=\"has-text-align-center\">Pavajele noastre antice se potrivesc la fel de bine \u00een zid\u0103ria istoric\u0103 ca \u0219i \u00een set\u0103rile moderne. Acestea pot fi aplicate oriunde, ad\u0103ug\u00e2nd un plus la aspectul exteriorului.<\/p>\n<\/div>\n\n<div style=\"height:150px\" aria-hidden=\"true\" class=\"wp-block-spacer\"><\/div>\n\n<div class=\"wp-block-fruehwald-area container\">\n<div class=\"grey-bar-container grey-bar-right\"><div class=\"wp-block-media-text alignwide has-media-on-the-right is-stacked-on-mobile\"><figure class=\"wp-block-media-text__media\"><img loading=\"lazy\" width=\"1278\" height=\"980\" src=\"https:\/\/fruehwald.hu\/wp-content\/uploads\/sites\/5\/2022\/11\/Caesar_Ziegel-Antik_300x2000px-4-1586x928-1.jpg\" alt=\"\" class=\"wp-image-181 size-full\"\/><\/figure><div class=\"wp-block-media-text__content\">\n<p class=\"\">Culoarea \u0219i designul pavajelor \u00een stil antic Cezar creeaz\u0103 o atmosfer\u0103 special\u0103. \u00cen timp ce p\u0103streaz\u0103 efectul istoric, pere\u021bii primesc un ton proasp\u0103t. <\/p>\n\n\n\n<p class=\"\"><\/p>\n\n\n\n<p class=\"\">C\u0103r\u0103mizi demolate de tip <a href=\"https:\/\/fruehwald.hu\/termekek\/caesar-hu\/\">Cezar<\/a> <\/p>\n<\/div><\/div><div class=\"sf-grey-bar\" style=\"width:50%;height:75%;transform:translateX(150px) translateY(-50%)\"><\/div><\/div>\n<\/div>\n\n<div style=\"height:150px\" aria-hidden=\"true\" class=\"wp-block-spacer\"><\/div>\n\n<div class=\"wp-block-fruehwald-area container\">\n<div class=\"grey-bar-container grey-bar-left\"><div class=\"wp-block-media-text alignwide is-stacked-on-mobile\"><figure class=\"wp-block-media-text__media\"><img loading=\"lazy\" width=\"1278\" height=\"980\" src=\"https:\/\/fruehwald.hu\/wp-content\/uploads\/sites\/5\/2022\/11\/Via_Fortuna_Oriental_3000x2000px-4-1586x928-1.jpg\" alt=\"\" class=\"wp-image-183 size-full\"\/><\/figure><div class=\"wp-block-media-text__content\">\n<p class=\"\" data-aos=\"fade-up\">Pentru un stil de construc\u021bie aproape juc\u0103u\u0219, cu arcuri \u00een mare parte rotunjite, v\u0103 recomand\u0103m pietrele de pavaj Via Fortuna. Culorile \u0219i curbele rotunjite, care amintesc de lumea oriental\u0103, creeaz\u0103 un aspect deosebit de armonios.<\/p>\n\n\n\n<div style=\"height:50px\" aria-hidden=\"true\" class=\"wp-block-spacer\"><\/div>\n\n\n\n<p class=\"\"><a href=\"https:\/\/fruehwald.hu\/termekek\/via-fortuna-hu\/\">Via Fortuna<\/a>, Oriental <\/p>\n<\/div><\/div><div class=\"sf-grey-bar\" style=\"width:50%;height:75%;transform:translateX(-150px) translateY(-50%)\"><\/div><\/div>\n<\/div>\n\n<div style=\"height:150px\" aria-hidden=\"true\" class=\"wp-block-spacer\"><\/div>\n\n<div class=\"wp-block-fruehwald-area container\">\n<div class=\"grey-bar-container grey-bar-right\"><div class=\"wp-block-media-text alignwide has-media-on-the-right is-stacked-on-mobile\"><figure class=\"wp-block-media-text__media\"><img loading=\"lazy\" width=\"1278\" height=\"980\" src=\"https:\/\/fruehwald.hu\/wp-content\/uploads\/sites\/5\/2022\/11\/8_Caesar_Antracit_Referencia_Szigetmonostor-ret1-CMYK.jpg\" alt=\"\" class=\"wp-image-185 size-full\"\/><\/figure><div class=\"wp-block-media-text__content\">\n<p class=\"\" data-aos=\"fade-up\">Exist\u0103 multe tipuri diferite de gr\u0103dini, de la cele s\u0103lbatice \u0219i juc\u0103u\u0219e la cele regulate \u0219i ordonate. Pentru a ne asigura c\u0103 fiecare direc\u021bie de stil \u00ee\u0219i g\u0103se\u0219te expresia optim\u0103, modelele de pavaj pot fi foarte variate. Astfel, fiecare piatr\u0103 \u00ee\u0219i g\u0103se\u0219te locul \u00een gr\u0103din\u0103. <\/p>\n\n\n\n<div style=\"height:50px\" aria-hidden=\"true\" class=\"wp-block-spacer\"><\/div>\n\n\n\n<p class=\"\"><a href=\"https:\/\/fruehwald.hu\/termekek\/caesar-hu\/\">Caesar<\/a>, Antracit <\/p>\n<\/div><\/div><div class=\"sf-grey-bar\" style=\"width:50%;height:75%;transform:translateX(150px) translateY(-50%)\"><\/div><\/div>\n<\/div>\n\n<div style=\"height:150px\" aria-hidden=\"true\" class=\"wp-block-spacer\"><\/div>\n\n<div class=\"wp-block-fruehwald-area container\">\n<div class=\"grey-bar-container grey-bar-left\"><div class=\"wp-block-media-text alignwide is-stacked-on-mobile grey-bar-container grey-bar-left\"><figure class=\"wp-block-media-text__media\"><img loading=\"lazy\" width=\"600\" height=\"450\" src=\"https:\/\/fruehwald.hu\/wp-content\/uploads\/sites\/5\/2022\/11\/Caesar_Mauerstein_2000x1500px-2.jpg\" alt=\"\" class=\"wp-image-187 size-full\"\/><\/figure><div class=\"wp-block-media-text__content\">\n<p class=\"\" data-aos=\"fade-up\">O f\u00e2nt\u00e2n\u0103 poate fi ornamentul \u0219i bijuteria oric\u0103rei gr\u0103dini. Elementele noastre de zid\u0103rie pot fi folosite pentru a construi diferite tipuri de f\u00e2nt\u00e2ni. <\/p>\n\n\n\n<div style=\"height:50px\" aria-hidden=\"true\" class=\"wp-block-spacer\"><\/div>\n\n\n\n<p class=\"\"><a href=\"https:\/\/fruehwald.hu\/termekek\/caesar-mauerstein-hu\/\">Caesar<\/a>, Clincher belgian<\/p>\n<\/div><\/div><div class=\"sf-grey-bar\" style=\"width:50%;height:75%;transform:translateX(-150px) translateY(-50%)\"><\/div><\/div>\n<\/div>\n\n<div style=\"height:150px\" aria-hidden=\"true\" class=\"wp-block-spacer\"><\/div>\n","protected":false},"excerpt":{"rendered":"","protected":false},"author":7,"featured_media":0,"parent":0,"menu_order":8,"comment_status":"closed","ping_status":"closed","template":"","meta":{"inline_featured_image":false},"yoast_head":"<!-- This site is optimized with the Yoast SEO plugin v18.8 - https:\/\/yoast.com\/wordpress\/plugins\/seo\/ -->\n<title>Antic - Fr\u00fchwald HU<\/title>\n<meta name=\"robots\" content=\"index, follow, max-snippet:-1, max-image-preview:large, max-video-preview:-1\" \/>\n<link rel=\"canonical\" href=\"https:\/\/fruehwald.hu\/ro\/antic\/\" \/>\n<meta property=\"og:locale\" content=\"ro_RO\" \/>\n<meta property=\"og:type\" content=\"article\" \/>\n<meta property=\"og:title\" content=\"Antic - Fr\u00fchwald HU\" \/>\n<meta property=\"og:url\" content=\"https:\/\/fruehwald.hu\/ro\/antic\/\" \/>\n<meta property=\"og:site_name\" content=\"Fr\u00fchwald HU\" \/>\n<meta property=\"article:modified_time\" content=\"2024-03-06T13:36:02+00:00\" \/>\n<meta property=\"og:image\" content=\"http:\/\/fruehwald.hu\/wp-content\/uploads\/sites\/5\/2022\/11\/Caesar_Ziegel-Antik_300x2000px-4-1586x928-1.jpg\" \/>\n<meta name=\"twitter:card\" content=\"summary_large_image\" \/>\n<meta name=\"twitter:label1\" content=\"Timp estimat pentru citire\" \/>\n\t<meta name=\"twitter:data1\" content=\"1 minut\" \/>\n<script type=\"application\/ld+json\" class=\"yoast-schema-graph\">{\"@context\":\"https:\/\/schema.org\",\"@graph\":[{\"@type\":\"WebSite\",\"@id\":\"https:\/\/fruehwald.hu\/#website\",\"url\":\"https:\/\/fruehwald.hu\/\",\"name\":\"Fr\u00fchwald HU\",\"description\":\"Fr\u00fchwald\",\"potentialAction\":[{\"@type\":\"SearchAction\",\"target\":{\"@type\":\"EntryPoint\",\"urlTemplate\":\"https:\/\/fruehwald.hu\/?s={search_term_string}\"},\"query-input\":\"required name=search_term_string\"}],\"inLanguage\":\"ro-RO\"},{\"@type\":\"ImageObject\",\"inLanguage\":\"ro-RO\",\"@id\":\"https:\/\/fruehwald.hu\/ro\/antic\/#primaryimage\",\"url\":\"https:\/\/fruehwald.hu\/wp-content\/uploads\/sites\/5\/2022\/11\/Caesar_Ziegel-Antik_300x2000px-4-1586x928-1.jpg\",\"contentUrl\":\"https:\/\/fruehwald.hu\/wp-content\/uploads\/sites\/5\/2022\/11\/Caesar_Ziegel-Antik_300x2000px-4-1586x928-1.jpg\",\"width\":1278,\"height\":980},{\"@type\":\"WebPage\",\"@id\":\"https:\/\/fruehwald.hu\/ro\/antic\/#webpage\",\"url\":\"https:\/\/fruehwald.hu\/ro\/antic\/\",\"name\":\"Antic - Fr\u00fchwald HU\",\"isPartOf\":{\"@id\":\"https:\/\/fruehwald.hu\/#website\"},\"primaryImageOfPage\":{\"@id\":\"https:\/\/fruehwald.hu\/ro\/antic\/#primaryimage\"},\"datePublished\":\"2022-11-28T12:32:32+00:00\",\"dateModified\":\"2024-03-06T13:36:02+00:00\",\"breadcrumb\":{\"@id\":\"https:\/\/fruehwald.hu\/ro\/antic\/#breadcrumb\"},\"inLanguage\":\"ro-RO\",\"potentialAction\":[{\"@type\":\"ReadAction\",\"target\":[\"https:\/\/fruehwald.hu\/ro\/antic\/\"]}]},{\"@type\":\"BreadcrumbList\",\"@id\":\"https:\/\/fruehwald.hu\/ro\/antic\/#breadcrumb\",\"itemListElement\":[{\"@type\":\"ListItem\",\"position\":1,\"name\":\"Antic\"}]}]}<\/script>\n<!-- \/ Yoast SEO plugin. -->","yoast_head_json":{"title":"Antic - Fr\u00fchwald HU","robots":{"index":"index","follow":"follow","max-snippet":"max-snippet:-1","max-image-preview":"max-image-preview:large","max-video-preview":"max-video-preview:-1"},"canonical":"https:\/\/fruehwald.hu\/ro\/antic\/","og_locale":"ro_RO","og_type":"article","og_title":"Antic - Fr\u00fchwald HU","og_url":"https:\/\/fruehwald.hu\/ro\/antic\/","og_site_name":"Fr\u00fchwald HU","article_modified_time":"2024-03-06T13:36:02+00:00","og_image":[{"url":"http:\/\/fruehwald.hu\/wp-content\/uploads\/sites\/5\/2022\/11\/Caesar_Ziegel-Antik_300x2000px-4-1586x928-1.jpg"}],"twitter_card":"summary_large_image","twitter_misc":{"Timp estimat pentru citire":"1 minut"},"schema":{"@context":"https:\/\/schema.org","@graph":[{"@type":"WebSite","@id":"https:\/\/fruehwald.hu\/#website","url":"https:\/\/fruehwald.hu\/","name":"Fr\u00fchwald HU","description":"Fr\u00fchwald","potentialAction":[{"@type":"SearchAction","target":{"@type":"EntryPoint","urlTemplate":"https:\/\/fruehwald.hu\/?s={search_term_string}"},"query-input":"required name=search_term_string"}],"inLanguage":"ro-RO"},{"@type":"ImageObject","inLanguage":"ro-RO","@id":"https:\/\/fruehwald.hu\/ro\/antic\/#primaryimage","url":"https:\/\/fruehwald.hu\/wp-content\/uploads\/sites\/5\/2022\/11\/Caesar_Ziegel-Antik_300x2000px-4-1586x928-1.jpg","contentUrl":"https:\/\/fruehwald.hu\/wp-content\/uploads\/sites\/5\/2022\/11\/Caesar_Ziegel-Antik_300x2000px-4-1586x928-1.jpg","width":1278,"height":980},{"@type":"WebPage","@id":"https:\/\/fruehwald.hu\/ro\/antic\/#webpage","url":"https:\/\/fruehwald.hu\/ro\/antic\/","name":"Antic - Fr\u00fchwald HU","isPartOf":{"@id":"https:\/\/fruehwald.hu\/#website"},"primaryImageOfPage":{"@id":"https:\/\/fruehwald.hu\/ro\/antic\/#primaryimage"},"datePublished":"2022-11-28T12:32:32+00:00","dateModified":"2024-03-06T13:36:02+00:00","breadcrumb":{"@id":"https:\/\/fruehwald.hu\/ro\/antic\/#breadcrumb"},"inLanguage":"ro-RO","potentialAction":[{"@type":"ReadAction","target":["https:\/\/fruehwald.hu\/ro\/antic\/"]}]},{"@type":"BreadcrumbList","@id":"https:\/\/fruehwald.hu\/ro\/antic\/#breadcrumb","itemListElement":[{"@type":"ListItem","position":1,"name":"Antic"}]}]}},"acf":[],"_links":{"self":[{"href":"https:\/\/fruehwald.hu\/ro\/wp-json\/wp\/v2\/pages\/6667"}],"collection":[{"href":"https:\/\/fruehwald.hu\/ro\/wp-json\/wp\/v2\/pages"}],"about":[{"href":"https:\/\/fruehwald.hu\/ro\/wp-json\/wp\/v2\/types\/page"}],"author":[{"embeddable":true,"href":"https:\/\/fruehwald.hu\/ro\/wp-json\/wp\/v2\/users\/7"}],"replies":[{"embeddable":true,"href":"https:\/\/fruehwald.hu\/ro\/wp-json\/wp\/v2\/comments?post=6667"}],"version-history":[{"count":1,"href":"https:\/\/fruehwald.hu\/ro\/wp-json\/wp\/v2\/pages\/6667\/revisions"}],"predecessor-version":[{"id":6668,"href":"https:\/\/fruehwald.hu\/ro\/wp-json\/wp\/v2\/pages\/6667\/revisions\/6668"}],"wp:attachment":[{"href":"https:\/\/fruehwald.hu\/ro\/wp-json\/wp\/v2\/media?parent=6667"}],"curies":[{"name":"wp","href":"https:\/\/api.w.org\/{rel}","templated":true}]}}