{"id":6665,"date":"2022-11-28T14:09:02","date_gmt":"2022-11-28T13:09:02","guid":{"rendered":"https:\/\/fruehwald.hu\/natural\/"},"modified":"2024-03-06T14:33:12","modified_gmt":"2024-03-06T13:33:12","slug":"natural","status":"publish","type":"page","link":"https:\/\/fruehwald.hu\/ro\/natural\/","title":{"rendered":"Natural"},"content":{"rendered":"\t<div class=\"sf-hero-image\" id=\"sf-hero-image-f2faa93843991b1a20d99edcd382dc1ecdc41b5afe6b5214b9eb97bad81ceb3b\" style=\"background-image: url(https:\/\/fruehwald.hu\/wp-content\/uploads\/sites\/5\/2022\/11\/Tiziano_Image-Brunnen_Beitragsbild.jpg); background-position: center center\">\n        <div class=\"carpet\"><\/div>\n                    <div class=\"inner\">\n\t                                <h1>Natural<\/h1>\n\t            \t                        <\/div>\n        \n        \n        \n        \t<\/div>\n\t    <style>\n                    <\/style>\n    \n<div style=\"height:150px\" aria-hidden=\"true\" class=\"wp-block-spacer\"><\/div>\n\n<div class=\"wp-block-fruehwald-area container\">\n<p class=\"has-text-align-center\">Aleile din gr\u0103din\u0103 trebuie s\u0103 se integreze armonios \u00een mediul \u00eenconjur\u0103tor. Cu pavelele potrivite, acestea arat\u0103 mult mai natural \u0219i confer\u0103 gr\u0103dinii un plus de naturale\u021be.<\/p>\n<\/div>\n\n<div style=\"height:150px\" aria-hidden=\"true\" class=\"wp-block-spacer\"><\/div>\n\n<div class=\"wp-block-fruehwald-area container\">\n<div class=\"grey-bar-container grey-bar-right\"><div class=\"wp-block-media-text alignwide has-media-on-the-right is-stacked-on-mobile\"><figure class=\"wp-block-media-text__media\"><img loading=\"lazy\" width=\"640\" height=\"374\" src=\"https:\/\/fruehwald.hu\/wp-content\/uploads\/sites\/5\/2022\/11\/Tiziano_5-1.jpg\" alt=\"\" class=\"wp-image-202 size-full\"\/><\/figure><div class=\"wp-block-media-text__content\">\n<p class=\"\">Chiar \u0219i \u00eentr-o mini-gr\u0103din\u0103, pot fi create elemente de design cu ajutorul unor idei clare \u0219i a unei amenaj\u0103ri corecte a gr\u0103dinii. Utilizarea diferen\u021belor de nivel \u0219i a bordurilor create \u00een mod artificial adaug\u0103 profunzime suprafe\u021bei. <\/p>\n\n\n\n<p class=\"\"><\/p>\n\n\n\n<p class=\"\"><a href=\"https:\/\/fruehwald.hu\/termekek\/tiziano-laprendszer\/\">Tiziano <\/a>Vintage cu friz bej,<a href=\"https:\/\/fruehwald.hu\/termekek\/la-piazza-grande-hu\/\">La Piazza Grande<\/a> maroniu de Sahara<\/p>\n<\/div><\/div><div class=\"sf-grey-bar\" style=\"width:50%;height:75%;transform:translateX(150px) translateY(-50%)\"><\/div><\/div>\n<\/div>\n\n<div style=\"height:150px\" aria-hidden=\"true\" class=\"wp-block-spacer\"><\/div>\n\n<div class=\"wp-block-fruehwald-area container\">\n<div class=\"grey-bar-container grey-bar-left\"><div class=\"wp-block-media-text alignwide is-stacked-on-mobile\"><figure class=\"wp-block-media-text__media\"><img loading=\"lazy\" width=\"1278\" height=\"980\" src=\"https:\/\/fruehwald.hu\/wp-content\/uploads\/sites\/5\/2022\/11\/LungoDalmatia_silbergrau_Image-2.jpg\" alt=\"\" class=\"wp-image-204 size-full\"\/><\/figure><div class=\"wp-block-media-text__content\">\n<p class=\"\" data-aos=\"fade-up\">O modalitate excelent\u0103 de a degaja o gr\u0103din\u0103 mai mare este s\u0103 ad\u0103uga\u021bi benzi de plante \u0219i un pat de pietri\u0219 \u00eentre teras\u0103 \u0219i gazon. Sfatul nostru: Planta\u021bi lavand\u0103 l\u00e2ng\u0103 teras\u0103, pentru c\u0103 \u021bine \u021b\u00e2n\u021barii la distan\u021b\u0103. <\/p>\n\n\n\n<p class=\"\"><\/p>\n\n\n\n<p class=\"\"><a href=\"https:\/\/fruehwald.hu\/termekek\/la-piazza-grande-hu\/\">La Piazza Grande<\/a> alb-crem\u0103<\/p>\n<\/div><\/div><div class=\"sf-grey-bar\" style=\"width:50%;height:75%;transform:translateX(-150px) translateY(-50%)\"><\/div><\/div>\n<\/div>\n\n<div style=\"height:150px\" aria-hidden=\"true\" class=\"wp-block-spacer\"><\/div>\n\n<div class=\"wp-block-fruehwald-area container\">\n<div class=\"grey-bar-container grey-bar-right\"><div class=\"wp-block-media-text alignwide has-media-on-the-right is-stacked-on-mobile\"><figure class=\"wp-block-media-text__media\"><img loading=\"lazy\" width=\"1278\" height=\"980\" src=\"https:\/\/fruehwald.hu\/wp-content\/uploads\/sites\/5\/2022\/11\/S3_1_Terrasse_Baum-2-1.jpg\" alt=\"\" class=\"wp-image-206 size-full\"\/><\/figure><div class=\"wp-block-media-text__content\">\n<p class=\"\" data-aos=\"fade-up\">Aapa d\u0103 via\u021b\u0103 gr\u0103dinii mai mult dec\u00e2t orice alt element. Cascadele de ap\u0103 pot da via\u021b\u0103 gr\u0103dinii dumneavoastr\u0103, iar micile iazuri de gr\u0103din\u0103 pot crea o atmosfer\u0103 lini\u0219tit\u0103. Toate versiunile pot fi construite cu produsele noastre. <\/p>\n\n\n\n<p class=\"\"><\/p>\n\n\n\n<p class=\"\"><a href=\"https:\/\/fruehwald.hu\/termekek\/tiziano-hu\/\">Tiziano, Granit gri-alb<\/a><\/p>\n<\/div><\/div><div class=\"sf-grey-bar\" style=\"width:50%;height:75%;transform:translateX(150px) translateY(-50%)\"><\/div><\/div>\n<\/div>\n\n<div class=\"wp-block-columns\">\n<div class=\"wp-block-column\" style=\"flex-basis:100%\">\n<div style=\"height:150px\" aria-hidden=\"true\" class=\"wp-block-spacer\"><\/div>\n<\/div>\n<\/div>\n\n<div class=\"wp-block-fruehwald-area container\">\n<div class=\"grey-bar-container grey-bar-left\"><div class=\"wp-block-media-text alignwide is-stacked-on-mobile grey-bar-container grey-bar-left\"><figure class=\"wp-block-media-text__media\"><img loading=\"lazy\" width=\"1278\" height=\"980\" src=\"https:\/\/fruehwald.hu\/wp-content\/uploads\/sites\/5\/2022\/11\/AL_iStock-590280090_Primus_Macchiato.jpg\" alt=\"\" class=\"wp-image-208 size-full\"\/><\/figure><div class=\"wp-block-media-text__content\">\n<p class=\"\" data-aos=\"fade-up\">Cu combina\u021biile lor de culori naturale \u0219i discrete, pl\u0103cile de teras\u0103 confer\u0103 terasei dvs. un caracter unic. Cu protec\u021bia de suprafa\u021b\u0103 Fr\u00fchwald Protect, terasa dvs. va r\u0103m\u00e2ne frumoas\u0103 \u00een mod natural timp de mul\u021bi ani. <\/p>\n\n\n\n<div style=\"height:50px\" aria-hidden=\"true\" class=\"wp-block-spacer\"><\/div>\n\n\n\n<p class=\"\"><a href=\"https:\/\/fruehwald.hu\/termekek\/primus_colori-terko\/\">PrimusColori<\/a>, Macchiato <a href=\"https:\/\/fruehwald.hu\/alkalmazas\/fruehwald-protect\/\">Fr\u00fchwald Protect<\/a><\/p>\n<\/div><\/div><div class=\"sf-grey-bar\" style=\"width:50%;height:75%;transform:translateX(-150px) translateY(-50%)\"><\/div><\/div>\n<\/div>\n\n<div style=\"height:150px\" aria-hidden=\"true\" class=\"wp-block-spacer\"><\/div>\n","protected":false},"excerpt":{"rendered":"","protected":false},"author":7,"featured_media":0,"parent":0,"menu_order":7,"comment_status":"closed","ping_status":"closed","template":"","meta":{"inline_featured_image":false},"yoast_head":"<!-- This site is optimized with the Yoast SEO plugin v18.8 - https:\/\/yoast.com\/wordpress\/plugins\/seo\/ -->\n<title>Natural - Fr\u00fchwald HU<\/title>\n<meta name=\"robots\" content=\"index, follow, max-snippet:-1, max-image-preview:large, max-video-preview:-1\" \/>\n<link rel=\"canonical\" href=\"https:\/\/fruehwald.hu\/ro\/natural\/\" \/>\n<meta property=\"og:locale\" content=\"ro_RO\" \/>\n<meta property=\"og:type\" content=\"article\" \/>\n<meta property=\"og:title\" content=\"Natural - Fr\u00fchwald HU\" \/>\n<meta property=\"og:url\" content=\"https:\/\/fruehwald.hu\/ro\/natural\/\" \/>\n<meta property=\"og:site_name\" content=\"Fr\u00fchwald HU\" \/>\n<meta property=\"article:modified_time\" content=\"2024-03-06T13:33:12+00:00\" \/>\n<meta property=\"og:image\" content=\"http:\/\/fruehwald.hu\/wp-content\/uploads\/sites\/5\/2022\/11\/Tiziano_5-1.jpg\" \/>\n<meta name=\"twitter:card\" content=\"summary_large_image\" \/>\n<meta name=\"twitter:label1\" content=\"Timp estimat pentru citire\" \/>\n\t<meta name=\"twitter:data1\" content=\"1 minut\" \/>\n<script type=\"application\/ld+json\" class=\"yoast-schema-graph\">{\"@context\":\"https:\/\/schema.org\",\"@graph\":[{\"@type\":\"WebSite\",\"@id\":\"https:\/\/fruehwald.hu\/#website\",\"url\":\"https:\/\/fruehwald.hu\/\",\"name\":\"Fr\u00fchwald HU\",\"description\":\"Fr\u00fchwald\",\"potentialAction\":[{\"@type\":\"SearchAction\",\"target\":{\"@type\":\"EntryPoint\",\"urlTemplate\":\"https:\/\/fruehwald.hu\/?s={search_term_string}\"},\"query-input\":\"required name=search_term_string\"}],\"inLanguage\":\"ro-RO\"},{\"@type\":\"ImageObject\",\"inLanguage\":\"ro-RO\",\"@id\":\"https:\/\/fruehwald.hu\/ro\/natural\/#primaryimage\",\"url\":\"https:\/\/fruehwald.hu\/wp-content\/uploads\/sites\/5\/2022\/11\/Tiziano_5-1.jpg\",\"contentUrl\":\"https:\/\/fruehwald.hu\/wp-content\/uploads\/sites\/5\/2022\/11\/Tiziano_5-1.jpg\",\"width\":640,\"height\":374},{\"@type\":\"WebPage\",\"@id\":\"https:\/\/fruehwald.hu\/ro\/natural\/#webpage\",\"url\":\"https:\/\/fruehwald.hu\/ro\/natural\/\",\"name\":\"Natural - Fr\u00fchwald HU\",\"isPartOf\":{\"@id\":\"https:\/\/fruehwald.hu\/#website\"},\"primaryImageOfPage\":{\"@id\":\"https:\/\/fruehwald.hu\/ro\/natural\/#primaryimage\"},\"datePublished\":\"2022-11-28T13:09:02+00:00\",\"dateModified\":\"2024-03-06T13:33:12+00:00\",\"breadcrumb\":{\"@id\":\"https:\/\/fruehwald.hu\/ro\/natural\/#breadcrumb\"},\"inLanguage\":\"ro-RO\",\"potentialAction\":[{\"@type\":\"ReadAction\",\"target\":[\"https:\/\/fruehwald.hu\/ro\/natural\/\"]}]},{\"@type\":\"BreadcrumbList\",\"@id\":\"https:\/\/fruehwald.hu\/ro\/natural\/#breadcrumb\",\"itemListElement\":[{\"@type\":\"ListItem\",\"position\":1,\"name\":\"Natural\"}]}]}<\/script>\n<!-- \/ Yoast SEO plugin. -->","yoast_head_json":{"title":"Natural - Fr\u00fchwald HU","robots":{"index":"index","follow":"follow","max-snippet":"max-snippet:-1","max-image-preview":"max-image-preview:large","max-video-preview":"max-video-preview:-1"},"canonical":"https:\/\/fruehwald.hu\/ro\/natural\/","og_locale":"ro_RO","og_type":"article","og_title":"Natural - Fr\u00fchwald HU","og_url":"https:\/\/fruehwald.hu\/ro\/natural\/","og_site_name":"Fr\u00fchwald HU","article_modified_time":"2024-03-06T13:33:12+00:00","og_image":[{"url":"http:\/\/fruehwald.hu\/wp-content\/uploads\/sites\/5\/2022\/11\/Tiziano_5-1.jpg"}],"twitter_card":"summary_large_image","twitter_misc":{"Timp estimat pentru citire":"1 minut"},"schema":{"@context":"https:\/\/schema.org","@graph":[{"@type":"WebSite","@id":"https:\/\/fruehwald.hu\/#website","url":"https:\/\/fruehwald.hu\/","name":"Fr\u00fchwald HU","description":"Fr\u00fchwald","potentialAction":[{"@type":"SearchAction","target":{"@type":"EntryPoint","urlTemplate":"https:\/\/fruehwald.hu\/?s={search_term_string}"},"query-input":"required name=search_term_string"}],"inLanguage":"ro-RO"},{"@type":"ImageObject","inLanguage":"ro-RO","@id":"https:\/\/fruehwald.hu\/ro\/natural\/#primaryimage","url":"https:\/\/fruehwald.hu\/wp-content\/uploads\/sites\/5\/2022\/11\/Tiziano_5-1.jpg","contentUrl":"https:\/\/fruehwald.hu\/wp-content\/uploads\/sites\/5\/2022\/11\/Tiziano_5-1.jpg","width":640,"height":374},{"@type":"WebPage","@id":"https:\/\/fruehwald.hu\/ro\/natural\/#webpage","url":"https:\/\/fruehwald.hu\/ro\/natural\/","name":"Natural - Fr\u00fchwald HU","isPartOf":{"@id":"https:\/\/fruehwald.hu\/#website"},"primaryImageOfPage":{"@id":"https:\/\/fruehwald.hu\/ro\/natural\/#primaryimage"},"datePublished":"2022-11-28T13:09:02+00:00","dateModified":"2024-03-06T13:33:12+00:00","breadcrumb":{"@id":"https:\/\/fruehwald.hu\/ro\/natural\/#breadcrumb"},"inLanguage":"ro-RO","potentialAction":[{"@type":"ReadAction","target":["https:\/\/fruehwald.hu\/ro\/natural\/"]}]},{"@type":"BreadcrumbList","@id":"https:\/\/fruehwald.hu\/ro\/natural\/#breadcrumb","itemListElement":[{"@type":"ListItem","position":1,"name":"Natural"}]}]}},"acf":[],"_links":{"self":[{"href":"https:\/\/fruehwald.hu\/ro\/wp-json\/wp\/v2\/pages\/6665"}],"collection":[{"href":"https:\/\/fruehwald.hu\/ro\/wp-json\/wp\/v2\/pages"}],"about":[{"href":"https:\/\/fruehwald.hu\/ro\/wp-json\/wp\/v2\/types\/page"}],"author":[{"embeddable":true,"href":"https:\/\/fruehwald.hu\/ro\/wp-json\/wp\/v2\/users\/7"}],"replies":[{"embeddable":true,"href":"https:\/\/fruehwald.hu\/ro\/wp-json\/wp\/v2\/comments?post=6665"}],"version-history":[{"count":1,"href":"https:\/\/fruehwald.hu\/ro\/wp-json\/wp\/v2\/pages\/6665\/revisions"}],"predecessor-version":[{"id":6666,"href":"https:\/\/fruehwald.hu\/ro\/wp-json\/wp\/v2\/pages\/6665\/revisions\/6666"}],"wp:attachment":[{"href":"https:\/\/fruehwald.hu\/ro\/wp-json\/wp\/v2\/media?parent=6665"}],"curies":[{"name":"wp","href":"https:\/\/api.w.org\/{rel}","templated":true}]}}