{"id":6659,"date":"2022-11-28T17:17:53","date_gmt":"2022-11-28T16:17:53","guid":{"rendered":"https:\/\/fruehwald.hu\/design-de-gradina\/"},"modified":"2024-03-06T14:01:37","modified_gmt":"2024-03-06T13:01:37","slug":"design-de-gradina","status":"publish","type":"page","link":"https:\/\/fruehwald.hu\/ro\/design-de-gradina\/","title":{"rendered":"Design de gr\u0103din\u0103"},"content":{"rendered":"\n<div style=\"height:0px\" aria-hidden=\"true\" class=\"wp-block-spacer\"><\/div>\n\t<div class=\"sf-hero-image\" id=\"sf-hero-image-60a0089c9f07c81fa8cc9636bbf729cf6a8ea462d93ffee3cbef101bf6ec692c\" style=\"background-image: url(https:\/\/fruehwald.hu\/wp-content\/uploads\/sites\/5\/2022\/11\/LaPiazzaGrande_Image-Garten_Beitragsbild.jpg); background-position: center center\">\n        <div class=\"carpet\"><\/div>\n                    <div class=\"inner\">\n\t                                <h1>Design de gr\u0103din\u0103<\/h1>\n\t            \t                        <\/div>\n        \n        \n        \n        \t<\/div>\n\t    <style>\n                    <\/style>\n    \n<div class=\"wp-block-fruehwald-area container\">\n<div class=\"grey-bar-container grey-bar-right\"><div class=\"wp-block-media-text alignwide has-media-on-the-right is-stacked-on-mobile\"><figure class=\"wp-block-media-text__media\"><img loading=\"lazy\" width=\"1704\" height=\"1307\" src=\"https:\/\/fruehwald.hu\/wp-content\/uploads\/sites\/5\/2022\/11\/Titel_Piazzagrande_gross_neu-1.jpg\" alt=\"\" class=\"wp-image-433 size-full\"\/><\/figure><div class=\"wp-block-media-text__content\">\n<h1 class=\"heading-with-text-above has-medium-font-size has-font-font1 has-font-weight-5\" data-aos=\"fade-up\">OAZ\u0102 DE RELAXARE \u00ceN GR\u0102DIN\u0102<\/h1>\n\n\n\n<p class=\"has-font-font1\"><\/p>\n\n\n\n<p class=\"\">S\u0103 ne sim\u021bim confortabil acas\u0103, s\u0103 ne retragem \u0219i s\u0103 cre\u0219tem factorul de bun\u0103stare sunt toate considera\u021bii importante pentru noi to\u021bi. Gr\u0103dina privat\u0103 a devenit un loc de relaxare \u0219i de destindere. Realizarea nu a fost niciodat\u0103 mai u\u0219oar\u0103 \u0219i mai lipsit\u0103 de probleme dec\u00e2t cu gama larg\u0103 de produse Fr\u00fchwald.<\/p>\n\n\n\n<div style=\"height:35px\" aria-hidden=\"true\" class=\"wp-block-spacer\"><\/div>\n\n\n\n<p class=\"\"><a href=\"https:\/\/fruehwald.hu\/de\/produkte\/la-piazza-grande-terrassenplatte\/\"><\/a><a href=\"https:\/\/fruehwald.hu\/termekek\/la_piazza_grande\/\">La Piazza Grande<\/a>, Alb-crem\u0103<\/p>\n<\/div><\/div><div class=\"sf-grey-bar\" style=\"width:50%;height:75%;transform:translateX(150px) translateY(-50%)\"><\/div><\/div>\n<\/div>\n\n<div style=\"height:150px\" aria-hidden=\"true\" class=\"wp-block-spacer\"><\/div>\n\n<div class=\"wp-block-fruehwald-area container\">\n<div class=\"grey-bar-container grey-bar-left\"><div class=\"wp-block-media-text alignwide is-stacked-on-mobile\"><figure class=\"wp-block-media-text__media\"><img loading=\"lazy\" width=\"780\" height=\"460\" src=\"https:\/\/fruehwald.hu\/wp-content\/uploads\/sites\/5\/2022\/11\/stepstone.jpg\" alt=\"\" class=\"wp-image-435 size-full\"\/><\/figure><div class=\"wp-block-media-text__content\">\n<h1 class=\"heading-with-text-above has-medium-font-size has-font-font1 has-font-weight-5\" data-aos=\"fade-up\">GR\u0102DIN\u0102 MODERN\u0102 CU P\u0102\u0218ITORI<\/h1>\n\n\n\n<p class=\"\">Linii curate, forme geometrice, zone separate &#8211; elementele de baz\u0103 ale designului de gr\u0103din\u0103<\/p>\n\n\n\n<div style=\"height:20px\" aria-hidden=\"true\" class=\"wp-block-spacer\"><\/div>\n\n\n\n<p class=\"\"><a href=\"https:\/\/fruehwald.hu\/termekek\/la_piazza_grande\/\">La Piazza Grande, Alb-crem\u0103<\/a><\/p>\n<\/div><\/div><div class=\"sf-grey-bar\" style=\"width:50%;height:75%;transform:translateX(-150px) translateY(-50%)\"><\/div><\/div>\n<\/div>\n\n<div style=\"height:150px\" aria-hidden=\"true\" class=\"wp-block-spacer\"><\/div>\n\n<div class=\"wp-block-fruehwald-area container\">\n<div class=\"grey-bar-container grey-bar-right\"><div class=\"wp-block-media-text alignwide has-media-on-the-right is-stacked-on-mobile\"><figure class=\"wp-block-media-text__media\"><img loading=\"lazy\" width=\"1278\" height=\"980\" src=\"https:\/\/fruehwald.hu\/wp-content\/uploads\/sites\/5\/2022\/11\/Pool_Eleganzza-1.jpg\" alt=\"\" class=\"wp-image-437 size-full\"\/><\/figure><div class=\"wp-block-media-text__content\">\n<h1 class=\"heading-with-text-above has-medium-font-size has-font-font1 has-font-weight-5\" data-aos=\"fade-up\">LUX PUR, O PISCIN\u0102 PRIVAT\u0102 \u00ceN GR\u0102DINA NOASTR\u0102<\/h1>\n\n\n\n<p class=\"\">Atunci c\u00e2nd se proiecteaz\u0103 o piscin\u0103 de vis, nu trebuie s\u0103 se neglijeze marginea piscinei pentru o pl\u0103cere maxim\u0103 a sc\u0103ldatului. Pavajul nu trebuie s\u0103 aib\u0103 doar un aspect natural, ci \u0219i s\u0103 fie pl\u0103cut\u0103 \u0219i antiderapant\u0103. <\/p>\n\n\n\n<div style=\"height:20px\" aria-hidden=\"true\" class=\"wp-block-spacer\"><\/div>\n\n\n\n<p class=\"\"><a href=\"https:\/\/fruehwald.hu\/termekek\/eleganzza\/\">Eleganzza<\/a>, Alb<\/p>\n<\/div><\/div><div class=\"sf-grey-bar\" style=\"width:50%;height:75%;transform:translateX(150px) translateY(-50%)\"><\/div><\/div>\n<\/div>\n\n<div style=\"height:150px\" aria-hidden=\"true\" class=\"wp-block-spacer\"><\/div>\n\n<div class=\"wp-block-fruehwald-area container\">\n<div class=\"grey-bar-container grey-bar-left\"><div class=\"wp-block-media-text alignwide is-stacked-on-mobile\"><figure class=\"wp-block-media-text__media\"><img loading=\"lazy\" width=\"640\" height=\"427\" src=\"https:\/\/fruehwald.hu\/wp-content\/uploads\/sites\/5\/2022\/11\/Petra_Mauerstein_02_1500x1000px-5-660x440-1.jpg\" alt=\"\" class=\"wp-image-439 size-full\"\/><\/figure><div class=\"wp-block-media-text__content\">\n<h1 class=\"heading-with-text-above has-medium-font-size has-font-font1 has-font-weight-5\" data-aos=\"fade-up\">GR\u0102DIN\u0102 \u00ceNTR-O CUTIE<\/h1>\n\n\n\n<p class=\"\"><\/p>\n\n\n\n<p class=\"\">Straturile supra\u00een\u0103l\u021bate sunt foarte populare, deoarece pot fi construite oriunde \u0219i totul cre\u0219te mult mai repede \u00een ele. Multor oameni le place gr\u0103din\u0103ritul, pentru a-\u0219i cultiva propriile legume. Un strat supra\u00een\u0103l\u021bat este alegerea ideal\u0103 \u00een acest scop. Un strat supra\u00een\u0103l\u021bat ca acesta poate fi construit \u00een cel mai scurt timp, chiar \u0219i cu proprille m\u00e2ini. <\/p>\n\n\n\n<div style=\"height:20px\" aria-hidden=\"true\" class=\"wp-block-spacer\"><\/div>\n\n\n\n<p class=\"\"><a href=\"https:\/\/fruehwald.hu\/de\/produkte\/petra\/\">Petra<\/a>, Clincher belgian<\/p>\n\n\n\n<p class=\"\"><\/p>\n<\/div><\/div><div class=\"sf-grey-bar\" style=\"width:50%;height:75%;transform:translateX(-150px) translateY(-50%)\"><\/div><\/div>\n<\/div>\n\n<div style=\"height:150px\" aria-hidden=\"true\" class=\"wp-block-spacer\"><\/div>\n\n<div class=\"wp-block-fruehwald-area container\">\n<div class=\"grey-bar-container grey-bar-right\"><div class=\"wp-block-media-text alignwide has-media-on-the-right is-stacked-on-mobile\"><figure class=\"wp-block-media-text__media\"><img loading=\"lazy\" width=\"1278\" height=\"980\" src=\"https:\/\/fruehwald.hu\/wp-content\/uploads\/sites\/5\/2022\/11\/Caesar_kerti_tuzrako-2048x1486-1.jpg\" alt=\"\" class=\"wp-image-441 size-full\"\/><\/figure><div class=\"wp-block-media-text__content\">\n<h1 class=\"heading-with-text-above has-medium-font-size has-font-font1 has-font-weight-5\" data-aos=\"fade-up\">FOCARE PENTRU GR\u0102TAR \u00ceN GR\u0102DIN\u0102<\/h1>\n\n\n\n<p class=\"\"><\/p>\n\n\n\n<p class=\"\">Priveli\u0219tea sc\u00e2nteilor s\u0103rind din foc \u00een gr\u0103din\u0103 are un farmec aparte. Un focar de gr\u0103din\u0103 poate fi chiar un element decorativ \u00een ceea ce prive\u0219te designul gr\u0103dinii. V\u0103 ar\u0103t\u0103m cum pute\u021bi s\u0103-l construi\u021bi singur. <\/p>\n\n\n\n<div style=\"height:20px\" aria-hidden=\"true\" class=\"wp-block-spacer\"><\/div>\n\n\n\n<p class=\"\"><a href=\"https:\/\/fruehwald.hu\/de\/produkte\/caesar\/\">Cezar<\/a><\/p>\n<\/div><\/div><div class=\"sf-grey-bar\" style=\"width:50%;height:75%;transform:translateX(150px) translateY(-50%)\"><\/div><\/div>\n<\/div>\n\n<div style=\"height:150px\" aria-hidden=\"true\" class=\"wp-block-spacer\"><\/div>\n\n<div class=\"wp-block-fruehwald-area container\">\n<div class=\"grey-bar-container grey-bar-left\"><div class=\"wp-block-media-text alignwide is-stacked-on-mobile\"><figure class=\"wp-block-media-text__media\"><img loading=\"lazy\" width=\"1278\" height=\"980\" src=\"https:\/\/fruehwald.hu\/wp-content\/uploads\/sites\/5\/2022\/11\/FIO_image-660x440_1-1586x928-1.jpg\" alt=\"\" class=\"wp-image-443 size-full\"\/><\/figure><div class=\"wp-block-media-text__content\">\n<h1 class=\"heading-with-text-above has-medium-font-size has-font-font1 has-font-weight-5\" data-aos=\"fade-up\">ZIDURI DE SPRIJIN \u00ceNFLORITOARE<\/h1>\n\n\n\n<p class=\"\">Taluzurile acoperite de flori \u0219i zidurile de sprijin pot fi g\u0103site \u00een tot mai multe gr\u0103dini. Zidurile de sprijin sunt un loc excelent pentru a planta flori. <\/p>\n\n\n\n<div style=\"height:20px\" aria-hidden=\"true\" class=\"wp-block-spacer\"><\/div>\n\n\n\n<p class=\"\"><a href=\"https:\/\/fruehwald.hu\/de\/produkte\/fio\/\">Fio<\/a>, Gri<\/p>\n<\/div><\/div><div class=\"sf-grey-bar\" style=\"width:50%;height:75%;transform:translateX(-150px) translateY(-50%)\"><\/div><\/div>\n<\/div>\n\n<div style=\"height:100px\" aria-hidden=\"true\" class=\"wp-block-spacer\"><\/div>\n\n<p class=\"\"><\/p>\n","protected":false},"excerpt":{"rendered":"","protected":false},"author":7,"featured_media":0,"parent":0,"menu_order":4,"comment_status":"closed","ping_status":"closed","template":"","meta":{"inline_featured_image":false},"yoast_head":"<!-- This site is optimized with the Yoast SEO plugin v18.8 - https:\/\/yoast.com\/wordpress\/plugins\/seo\/ -->\n<title>Design de gr\u0103din\u0103 - Fr\u00fchwald HU<\/title>\n<meta name=\"robots\" content=\"index, follow, max-snippet:-1, max-image-preview:large, max-video-preview:-1\" \/>\n<link rel=\"canonical\" href=\"https:\/\/fruehwald.hu\/ro\/design-de-gradina\/\" \/>\n<meta property=\"og:locale\" content=\"ro_RO\" \/>\n<meta property=\"og:type\" content=\"article\" \/>\n<meta property=\"og:title\" content=\"Design de gr\u0103din\u0103 - Fr\u00fchwald HU\" \/>\n<meta property=\"og:url\" content=\"https:\/\/fruehwald.hu\/ro\/design-de-gradina\/\" \/>\n<meta property=\"og:site_name\" content=\"Fr\u00fchwald HU\" \/>\n<meta property=\"article:modified_time\" content=\"2024-03-06T13:01:37+00:00\" \/>\n<meta property=\"og:image\" content=\"https:\/\/fruehwald.hu\/wp-content\/uploads\/sites\/5\/2022\/11\/Titel_Piazzagrande_gross_neu-1.jpg\" \/>\n<meta name=\"twitter:card\" content=\"summary_large_image\" \/>\n<meta name=\"twitter:label1\" content=\"Timp estimat pentru citire\" \/>\n\t<meta name=\"twitter:data1\" content=\"2 minute\" \/>\n<script type=\"application\/ld+json\" class=\"yoast-schema-graph\">{\"@context\":\"https:\/\/schema.org\",\"@graph\":[{\"@type\":\"WebSite\",\"@id\":\"https:\/\/fruehwald.hu\/#website\",\"url\":\"https:\/\/fruehwald.hu\/\",\"name\":\"Fr\u00fchwald HU\",\"description\":\"Fr\u00fchwald\",\"potentialAction\":[{\"@type\":\"SearchAction\",\"target\":{\"@type\":\"EntryPoint\",\"urlTemplate\":\"https:\/\/fruehwald.hu\/?s={search_term_string}\"},\"query-input\":\"required name=search_term_string\"}],\"inLanguage\":\"ro-RO\"},{\"@type\":\"ImageObject\",\"inLanguage\":\"ro-RO\",\"@id\":\"https:\/\/fruehwald.hu\/ro\/design-de-gradina\/#primaryimage\",\"url\":\"https:\/\/fruehwald.hu\/wp-content\/uploads\/sites\/5\/2022\/11\/Titel_Piazzagrande_gross_neu-1.jpg\",\"contentUrl\":\"https:\/\/fruehwald.hu\/wp-content\/uploads\/sites\/5\/2022\/11\/Titel_Piazzagrande_gross_neu-1.jpg\",\"width\":1704,\"height\":1307},{\"@type\":\"WebPage\",\"@id\":\"https:\/\/fruehwald.hu\/ro\/design-de-gradina\/#webpage\",\"url\":\"https:\/\/fruehwald.hu\/ro\/design-de-gradina\/\",\"name\":\"Design de gr\u0103din\u0103 - Fr\u00fchwald HU\",\"isPartOf\":{\"@id\":\"https:\/\/fruehwald.hu\/#website\"},\"primaryImageOfPage\":{\"@id\":\"https:\/\/fruehwald.hu\/ro\/design-de-gradina\/#primaryimage\"},\"datePublished\":\"2022-11-28T16:17:53+00:00\",\"dateModified\":\"2024-03-06T13:01:37+00:00\",\"breadcrumb\":{\"@id\":\"https:\/\/fruehwald.hu\/ro\/design-de-gradina\/#breadcrumb\"},\"inLanguage\":\"ro-RO\",\"potentialAction\":[{\"@type\":\"ReadAction\",\"target\":[\"https:\/\/fruehwald.hu\/ro\/design-de-gradina\/\"]}]},{\"@type\":\"BreadcrumbList\",\"@id\":\"https:\/\/fruehwald.hu\/ro\/design-de-gradina\/#breadcrumb\",\"itemListElement\":[{\"@type\":\"ListItem\",\"position\":1,\"name\":\"Design de gr\u0103din\u0103\"}]}]}<\/script>\n<!-- \/ Yoast SEO plugin. -->","yoast_head_json":{"title":"Design de gr\u0103din\u0103 - Fr\u00fchwald HU","robots":{"index":"index","follow":"follow","max-snippet":"max-snippet:-1","max-image-preview":"max-image-preview:large","max-video-preview":"max-video-preview:-1"},"canonical":"https:\/\/fruehwald.hu\/ro\/design-de-gradina\/","og_locale":"ro_RO","og_type":"article","og_title":"Design de gr\u0103din\u0103 - Fr\u00fchwald HU","og_url":"https:\/\/fruehwald.hu\/ro\/design-de-gradina\/","og_site_name":"Fr\u00fchwald HU","article_modified_time":"2024-03-06T13:01:37+00:00","og_image":[{"url":"https:\/\/fruehwald.hu\/wp-content\/uploads\/sites\/5\/2022\/11\/Titel_Piazzagrande_gross_neu-1.jpg"}],"twitter_card":"summary_large_image","twitter_misc":{"Timp estimat pentru citire":"2 minute"},"schema":{"@context":"https:\/\/schema.org","@graph":[{"@type":"WebSite","@id":"https:\/\/fruehwald.hu\/#website","url":"https:\/\/fruehwald.hu\/","name":"Fr\u00fchwald HU","description":"Fr\u00fchwald","potentialAction":[{"@type":"SearchAction","target":{"@type":"EntryPoint","urlTemplate":"https:\/\/fruehwald.hu\/?s={search_term_string}"},"query-input":"required name=search_term_string"}],"inLanguage":"ro-RO"},{"@type":"ImageObject","inLanguage":"ro-RO","@id":"https:\/\/fruehwald.hu\/ro\/design-de-gradina\/#primaryimage","url":"https:\/\/fruehwald.hu\/wp-content\/uploads\/sites\/5\/2022\/11\/Titel_Piazzagrande_gross_neu-1.jpg","contentUrl":"https:\/\/fruehwald.hu\/wp-content\/uploads\/sites\/5\/2022\/11\/Titel_Piazzagrande_gross_neu-1.jpg","width":1704,"height":1307},{"@type":"WebPage","@id":"https:\/\/fruehwald.hu\/ro\/design-de-gradina\/#webpage","url":"https:\/\/fruehwald.hu\/ro\/design-de-gradina\/","name":"Design de gr\u0103din\u0103 - Fr\u00fchwald HU","isPartOf":{"@id":"https:\/\/fruehwald.hu\/#website"},"primaryImageOfPage":{"@id":"https:\/\/fruehwald.hu\/ro\/design-de-gradina\/#primaryimage"},"datePublished":"2022-11-28T16:17:53+00:00","dateModified":"2024-03-06T13:01:37+00:00","breadcrumb":{"@id":"https:\/\/fruehwald.hu\/ro\/design-de-gradina\/#breadcrumb"},"inLanguage":"ro-RO","potentialAction":[{"@type":"ReadAction","target":["https:\/\/fruehwald.hu\/ro\/design-de-gradina\/"]}]},{"@type":"BreadcrumbList","@id":"https:\/\/fruehwald.hu\/ro\/design-de-gradina\/#breadcrumb","itemListElement":[{"@type":"ListItem","position":1,"name":"Design de gr\u0103din\u0103"}]}]}},"acf":[],"_links":{"self":[{"href":"https:\/\/fruehwald.hu\/ro\/wp-json\/wp\/v2\/pages\/6659"}],"collection":[{"href":"https:\/\/fruehwald.hu\/ro\/wp-json\/wp\/v2\/pages"}],"about":[{"href":"https:\/\/fruehwald.hu\/ro\/wp-json\/wp\/v2\/types\/page"}],"author":[{"embeddable":true,"href":"https:\/\/fruehwald.hu\/ro\/wp-json\/wp\/v2\/users\/7"}],"replies":[{"embeddable":true,"href":"https:\/\/fruehwald.hu\/ro\/wp-json\/wp\/v2\/comments?post=6659"}],"version-history":[{"count":1,"href":"https:\/\/fruehwald.hu\/ro\/wp-json\/wp\/v2\/pages\/6659\/revisions"}],"predecessor-version":[{"id":6660,"href":"https:\/\/fruehwald.hu\/ro\/wp-json\/wp\/v2\/pages\/6659\/revisions\/6660"}],"wp:attachment":[{"href":"https:\/\/fruehwald.hu\/ro\/wp-json\/wp\/v2\/media?parent=6659"}],"curies":[{"name":"wp","href":"https:\/\/api.w.org\/{rel}","templated":true}]}}