{"id":6657,"date":"2022-11-28T17:18:49","date_gmt":"2022-11-28T16:18:49","guid":{"rendered":"https:\/\/fruehwald.hu\/case-de-familie\/"},"modified":"2024-03-06T13:56:54","modified_gmt":"2024-03-06T12:56:54","slug":"case-de-familie","status":"publish","type":"page","link":"https:\/\/fruehwald.hu\/ro\/case-de-familie\/","title":{"rendered":"Case de familie"},"content":{"rendered":"\t<div class=\"sf-hero-image\" id=\"sf-hero-image-0704a41504265ad671d96d9d1b4a7fa110a280076657ccf664076ed45cb3086c\" style=\"background-image: url(https:\/\/fruehwald.hu\/wp-content\/uploads\/sites\/5\/2022\/11\/Caesar_Modern_cozyhouse.jpg); background-position: center center\">\n        <div class=\"carpet\"><\/div>\n                    <div class=\"inner\">\n\t                                <h1>Case de familie<\/h1>\n\t            \t                        <\/div>\n        \n        \n        \n        \t<\/div>\n\t    <style>\n                    <\/style>\n    \n<div class=\"wp-block-fruehwald-area container\">\n<div class=\"grey-bar-container grey-bar-right\"><div class=\"wp-block-media-text alignwide has-media-on-the-right is-stacked-on-mobile\"><figure class=\"wp-block-media-text__media\"><img loading=\"lazy\" width=\"1278\" height=\"980\" src=\"https:\/\/fruehwald.hu\/wp-content\/uploads\/sites\/5\/2022\/11\/Rubrikseite_Tiziano-anthrazit-grau_neu.jpg\" alt=\"\" class=\"wp-image-446 size-full\"\/><\/figure><div class=\"wp-block-media-text__content\">\n<h1 class=\"heading-with-text-above has-medium-font-size has-font-font1 has-font-weight-5\" data-aos=\"fade-up\">ANTEPOR\u021aILE \u0218I TROTUARELE \u00ceN MOD UNIFORM<\/h1>\n\n\n\n<p class=\"\">Por\u021bile de acces auto \u0219i aleile pietonale pot fi proiectate cu acela\u0219i design, deoarece oferim, de asemenea, pavele stradale \u0219i dale pentru terase cu aceea\u0219i suprafa\u021b\u0103. Acest lucru va crea un mediu exterior cu adev\u0103rat coerent. <\/p>\n\n\n\n<p class=\"\"><\/p>\n\n\n\n<p class=\"\"><a href=\"https:\/\/fruehwald.hu\/termekek\/tiziano-hu\/\">Tiziano Stone<\/a> \u0219i <a href=\"https:\/\/fruehwald.hu\/termekek\/tiziano-laprendszer\/\">Tiziano Terrazzo<\/a> Granit Gri-Alb \u0219i Antracit<\/p>\n<\/div><\/div><div class=\"sf-grey-bar\" style=\"width:50%;height:75%;transform:translateX(150px) translateY(-50%)\"><\/div><\/div>\n<\/div>\n\n<div style=\"height:150px\" aria-hidden=\"true\" class=\"wp-block-spacer\"><\/div>\n\n<div class=\"wp-block-fruehwald-area container\">\n<div class=\"grey-bar-container grey-bar-left\"><div class=\"wp-block-media-text alignwide is-stacked-on-mobile\"><figure class=\"wp-block-media-text__media\"><img loading=\"lazy\" width=\"1200\" height=\"800\" src=\"https:\/\/fruehwald.hu\/wp-content\/uploads\/sites\/5\/2022\/11\/Maretimo_Image_Garten-Wohnzimmer.jpg\" alt=\"\" class=\"wp-image-448 size-full\"\/><\/figure><div class=\"wp-block-media-text__content\">\n<h1 class=\"heading-with-text-above has-medium-font-size has-font-font1 has-font-weight-5\" data-aos=\"fade-up\">TERASA &#8211; LIVINGUL EXTINS<\/h1>\n\n\n\n<p class=\"\">Terasa este din ce \u00een ce mai popular\u0103 \u0219i a devenit o caracteristic\u0103 permanent\u0103 a spa\u021biului de locuit. Astfel, pute\u021bi transfera cu u\u0219urin\u021b\u0103 stilul camerei de zi \u00een gr\u0103din\u0103 \u0219i pe teras\u0103.<\/p>\n\n\n\n<p class=\"\"><\/p>\n\n\n\n<p class=\"\"><a href=\"https:\/\/fruehwald.hu\/termekek\/maretimo-2\/\">Maretimo<\/a>, Silver Stardust<\/p>\n<\/div><\/div><div class=\"sf-grey-bar\" style=\"width:50%;height:75%;transform:translateX(-150px) translateY(-50%)\"><\/div><\/div>\n<\/div>\n\n<div style=\"height:150px\" aria-hidden=\"true\" class=\"wp-block-spacer\"><\/div>\n\n<div class=\"wp-block-fruehwald-area container\">\n<div class=\"grey-bar-container grey-bar-right\"><div class=\"wp-block-media-text alignwide has-media-on-the-right is-stacked-on-mobile\"><figure class=\"wp-block-media-text__media\"><img loading=\"lazy\" width=\"1200\" height=\"800\" src=\"https:\/\/fruehwald.hu\/wp-content\/uploads\/sites\/5\/2022\/11\/Caesar_Image_Antik-Modern.jpg\" alt=\"\" class=\"wp-image-450 size-full\"\/><\/figure><div class=\"wp-block-media-text__content\">\n<h1 class=\"heading-with-text-above has-medium-font-size has-font-font1 has-font-weight-5\" data-aos=\"fade-up\">SPA\u021aII EXTERIOARE \u00ceN STIL MODERN \u0218I RUSTIC<\/h1>\n\n\n\n<p class=\"\">Dalele antice sunt potrivite at\u00e2t pentru casele \u00een stil rustic, c\u00e2t \u0219i pentru cele moderne, cu linii drepte. Pavajul Cezar este o combina\u021bie bun\u0103 de elemente antice \u0219i moderne. <\/p>\n\n\n\n<p class=\"\">\u00cen partea st\u00e2ng\u0103 a imaginii: C\u0103r\u0103mizi demolate de tip <a href=\"https:\/\/fruehwald.hu\/termekek\/caesar-hu\/\">Caesar<\/a>,<\/p>\n\n\n\n<p class=\"\">direct pe imagine: <a href=\"https:\/\/fruehwald.hu\/termekek\/caesar-hu\/\">Caesar<\/a>, Antracit<\/p>\n<\/div><\/div><div class=\"sf-grey-bar\" style=\"width:50%;height:50%;transform:translateX(150px) translateY(-50%)\"><\/div><\/div>\n<\/div>\n\n<div style=\"height:150px\" aria-hidden=\"true\" class=\"wp-block-spacer\"><\/div>\n\n<div class=\"wp-block-fruehwald-area container\">\n<div class=\"grey-bar-container grey-bar-left\"><div class=\"wp-block-media-text alignwide is-stacked-on-mobile\"><figure class=\"wp-block-media-text__media\"><img loading=\"lazy\" width=\"1024\" height=\"683\" src=\"https:\/\/fruehwald.hu\/wp-content\/uploads\/sites\/5\/2022\/11\/Soneva_Image_3-1024x683-1.jpg\" alt=\"\" class=\"wp-image-454 size-full\"\/><\/figure><div class=\"wp-block-media-text__content\">\n<h1 class=\"heading-with-text-above has-medium-font-size has-font-font1 has-font-weight-5\" data-aos=\"fade-up\">SISTEME DE \u00ceMPREJMUIRE (GARDURI)<\/h1>\n\n\n\n<p class=\"\">Gardurile sunt un element obligatoriu pentru multe case de familie, deoarece protejeaz\u0103 sfera privat\u0103 de ochii curio\u0219i. Pute\u021bi crea o cas\u0103 idilic\u0103 cu garduri \u0219i elemente de zid\u0103rie. <\/p>\n\n\n\n<p class=\"\"><\/p>\n\n\n\n<p class=\"\"><a href=\"https:\/\/fruehwald.hu\/termekek\/keriteselemek_soneva\/\">Soneva<\/a>, Alb-crem\u0103<\/p>\n<\/div><\/div><div class=\"sf-grey-bar\" style=\"width:50%;height:75%;transform:translateX(-150px) translateY(-50%)\"><\/div><\/div>\n<\/div>\n\n<div style=\"height:100px\" aria-hidden=\"true\" class=\"wp-block-spacer\"><\/div>\n\n<p class=\"\"><\/p>\n","protected":false},"excerpt":{"rendered":"","protected":false},"author":7,"featured_media":0,"parent":0,"menu_order":3,"comment_status":"closed","ping_status":"closed","template":"","meta":{"inline_featured_image":false},"yoast_head":"<!-- This site is optimized with the Yoast SEO plugin v18.8 - https:\/\/yoast.com\/wordpress\/plugins\/seo\/ -->\n<title>Case de familie - Fr\u00fchwald HU<\/title>\n<meta name=\"robots\" content=\"index, follow, max-snippet:-1, max-image-preview:large, max-video-preview:-1\" \/>\n<link rel=\"canonical\" href=\"https:\/\/fruehwald.hu\/ro\/case-de-familie\/\" \/>\n<meta property=\"og:locale\" content=\"ro_RO\" \/>\n<meta property=\"og:type\" content=\"article\" \/>\n<meta property=\"og:title\" content=\"Case de familie - Fr\u00fchwald HU\" \/>\n<meta property=\"og:url\" content=\"https:\/\/fruehwald.hu\/ro\/case-de-familie\/\" \/>\n<meta property=\"og:site_name\" content=\"Fr\u00fchwald HU\" \/>\n<meta property=\"article:modified_time\" content=\"2024-03-06T12:56:54+00:00\" \/>\n<meta property=\"og:image\" content=\"https:\/\/fruehwald.hu\/wp-content\/uploads\/sites\/5\/2022\/11\/Rubrikseite_Tiziano-anthrazit-grau_neu.jpg\" \/>\n<meta name=\"twitter:card\" content=\"summary_large_image\" \/>\n<meta name=\"twitter:label1\" content=\"Timp estimat pentru citire\" \/>\n\t<meta name=\"twitter:data1\" content=\"1 minut\" \/>\n<script type=\"application\/ld+json\" class=\"yoast-schema-graph\">{\"@context\":\"https:\/\/schema.org\",\"@graph\":[{\"@type\":\"WebSite\",\"@id\":\"https:\/\/fruehwald.hu\/#website\",\"url\":\"https:\/\/fruehwald.hu\/\",\"name\":\"Fr\u00fchwald HU\",\"description\":\"Fr\u00fchwald\",\"potentialAction\":[{\"@type\":\"SearchAction\",\"target\":{\"@type\":\"EntryPoint\",\"urlTemplate\":\"https:\/\/fruehwald.hu\/?s={search_term_string}\"},\"query-input\":\"required name=search_term_string\"}],\"inLanguage\":\"ro-RO\"},{\"@type\":\"ImageObject\",\"inLanguage\":\"ro-RO\",\"@id\":\"https:\/\/fruehwald.hu\/ro\/case-de-familie\/#primaryimage\",\"url\":\"https:\/\/fruehwald.hu\/wp-content\/uploads\/sites\/5\/2022\/11\/Rubrikseite_Tiziano-anthrazit-grau_neu.jpg\",\"contentUrl\":\"https:\/\/fruehwald.hu\/wp-content\/uploads\/sites\/5\/2022\/11\/Rubrikseite_Tiziano-anthrazit-grau_neu.jpg\",\"width\":1278,\"height\":980},{\"@type\":\"WebPage\",\"@id\":\"https:\/\/fruehwald.hu\/ro\/case-de-familie\/#webpage\",\"url\":\"https:\/\/fruehwald.hu\/ro\/case-de-familie\/\",\"name\":\"Case de familie - Fr\u00fchwald HU\",\"isPartOf\":{\"@id\":\"https:\/\/fruehwald.hu\/#website\"},\"primaryImageOfPage\":{\"@id\":\"https:\/\/fruehwald.hu\/ro\/case-de-familie\/#primaryimage\"},\"datePublished\":\"2022-11-28T16:18:49+00:00\",\"dateModified\":\"2024-03-06T12:56:54+00:00\",\"breadcrumb\":{\"@id\":\"https:\/\/fruehwald.hu\/ro\/case-de-familie\/#breadcrumb\"},\"inLanguage\":\"ro-RO\",\"potentialAction\":[{\"@type\":\"ReadAction\",\"target\":[\"https:\/\/fruehwald.hu\/ro\/case-de-familie\/\"]}]},{\"@type\":\"BreadcrumbList\",\"@id\":\"https:\/\/fruehwald.hu\/ro\/case-de-familie\/#breadcrumb\",\"itemListElement\":[{\"@type\":\"ListItem\",\"position\":1,\"name\":\"Case de familie\"}]}]}<\/script>\n<!-- \/ Yoast SEO plugin. -->","yoast_head_json":{"title":"Case de familie - Fr\u00fchwald HU","robots":{"index":"index","follow":"follow","max-snippet":"max-snippet:-1","max-image-preview":"max-image-preview:large","max-video-preview":"max-video-preview:-1"},"canonical":"https:\/\/fruehwald.hu\/ro\/case-de-familie\/","og_locale":"ro_RO","og_type":"article","og_title":"Case de familie - Fr\u00fchwald HU","og_url":"https:\/\/fruehwald.hu\/ro\/case-de-familie\/","og_site_name":"Fr\u00fchwald HU","article_modified_time":"2024-03-06T12:56:54+00:00","og_image":[{"url":"https:\/\/fruehwald.hu\/wp-content\/uploads\/sites\/5\/2022\/11\/Rubrikseite_Tiziano-anthrazit-grau_neu.jpg"}],"twitter_card":"summary_large_image","twitter_misc":{"Timp estimat pentru citire":"1 minut"},"schema":{"@context":"https:\/\/schema.org","@graph":[{"@type":"WebSite","@id":"https:\/\/fruehwald.hu\/#website","url":"https:\/\/fruehwald.hu\/","name":"Fr\u00fchwald HU","description":"Fr\u00fchwald","potentialAction":[{"@type":"SearchAction","target":{"@type":"EntryPoint","urlTemplate":"https:\/\/fruehwald.hu\/?s={search_term_string}"},"query-input":"required name=search_term_string"}],"inLanguage":"ro-RO"},{"@type":"ImageObject","inLanguage":"ro-RO","@id":"https:\/\/fruehwald.hu\/ro\/case-de-familie\/#primaryimage","url":"https:\/\/fruehwald.hu\/wp-content\/uploads\/sites\/5\/2022\/11\/Rubrikseite_Tiziano-anthrazit-grau_neu.jpg","contentUrl":"https:\/\/fruehwald.hu\/wp-content\/uploads\/sites\/5\/2022\/11\/Rubrikseite_Tiziano-anthrazit-grau_neu.jpg","width":1278,"height":980},{"@type":"WebPage","@id":"https:\/\/fruehwald.hu\/ro\/case-de-familie\/#webpage","url":"https:\/\/fruehwald.hu\/ro\/case-de-familie\/","name":"Case de familie - Fr\u00fchwald HU","isPartOf":{"@id":"https:\/\/fruehwald.hu\/#website"},"primaryImageOfPage":{"@id":"https:\/\/fruehwald.hu\/ro\/case-de-familie\/#primaryimage"},"datePublished":"2022-11-28T16:18:49+00:00","dateModified":"2024-03-06T12:56:54+00:00","breadcrumb":{"@id":"https:\/\/fruehwald.hu\/ro\/case-de-familie\/#breadcrumb"},"inLanguage":"ro-RO","potentialAction":[{"@type":"ReadAction","target":["https:\/\/fruehwald.hu\/ro\/case-de-familie\/"]}]},{"@type":"BreadcrumbList","@id":"https:\/\/fruehwald.hu\/ro\/case-de-familie\/#breadcrumb","itemListElement":[{"@type":"ListItem","position":1,"name":"Case de familie"}]}]}},"acf":[],"_links":{"self":[{"href":"https:\/\/fruehwald.hu\/ro\/wp-json\/wp\/v2\/pages\/6657"}],"collection":[{"href":"https:\/\/fruehwald.hu\/ro\/wp-json\/wp\/v2\/pages"}],"about":[{"href":"https:\/\/fruehwald.hu\/ro\/wp-json\/wp\/v2\/types\/page"}],"author":[{"embeddable":true,"href":"https:\/\/fruehwald.hu\/ro\/wp-json\/wp\/v2\/users\/7"}],"replies":[{"embeddable":true,"href":"https:\/\/fruehwald.hu\/ro\/wp-json\/wp\/v2\/comments?post=6657"}],"version-history":[{"count":1,"href":"https:\/\/fruehwald.hu\/ro\/wp-json\/wp\/v2\/pages\/6657\/revisions"}],"predecessor-version":[{"id":6658,"href":"https:\/\/fruehwald.hu\/ro\/wp-json\/wp\/v2\/pages\/6657\/revisions\/6658"}],"wp:attachment":[{"href":"https:\/\/fruehwald.hu\/ro\/wp-json\/wp\/v2\/media?parent=6657"}],"curies":[{"name":"wp","href":"https:\/\/api.w.org\/{rel}","templated":true}]}}