{"id":6653,"date":"2022-11-30T15:35:47","date_gmt":"2022-11-30T14:35:47","guid":{"rendered":"https:\/\/fruehwald.hu\/amesteca-si-potriveste\/"},"modified":"2024-03-06T13:49:22","modified_gmt":"2024-03-06T12:49:22","slug":"amesteca-si-potriveste","status":"publish","type":"page","link":"https:\/\/fruehwald.hu\/ro\/amesteca-si-potriveste\/","title":{"rendered":"Amestec\u0103 \u0219i potrive\u0219te"},"content":{"rendered":"\t<div class=\"sf-hero-image\" id=\"sf-hero-image-712aeaa490313486856e77b3bdf87bcc28f299338c8f63cd2429a78dcf7539ca\" style=\"background-image: url(https:\/\/fruehwald.hu\/wp-content\/uploads\/sites\/5\/2022\/11\/S10_Terrasse.jpg); background-position: center center\">\n        <div class=\"carpet\"><\/div>\n                    <div class=\"inner\">\n\t                                <h1>Amestec\u0103 \u0219i potrive\u0219te<\/h1>\n\t            \t                        <\/div>\n        \n        \n        \n        \t<\/div>\n\t    <style>\n                    <\/style>\n    \n<div style=\"height:150px\" aria-hidden=\"true\" class=\"wp-block-spacer\"><\/div>\n\n<div class=\"wp-block-fruehwald-area container\">\n<div class=\"grey-bar-container grey-bar-right\"><div class=\"wp-block-media-text alignwide has-media-on-the-right is-stacked-on-mobile\"><figure class=\"wp-block-media-text__media\"><img loading=\"lazy\" width=\"1022\" height=\"784\" src=\"https:\/\/fruehwald.hu\/wp-content\/uploads\/sites\/5\/2022\/11\/Tiziano_Platte_GranitGrauWeiss_Image-2.jpg\" alt=\"\" class=\"wp-image-1133 size-full\"\/><\/figure><div class=\"wp-block-media-text__content\">\n<h1 class=\"heading-with-text-above has-medium-font-size has-font-font1 has-font-weight-5\" data-aos=\"fade-up\">\u00cencadra\u021bi-v\u0103 suprafa\u021ba<\/h1>\n\n\n\n<p class=\"\">\u00cencadrarea unei imagini o va face s\u0103 par\u0103 mai interesant\u0103. Acela\u0219i lucru este valabil \u0219i pentru suprafe\u021bele pavate, unde pute\u021bi utiliza \u00een siguran\u021b\u0103 o friz\u0103 sau un element de \u00eenchidere.<\/p>\n\n\n\n<p class=\"\"><\/p>\n\n\n\n<figure class=\"wp-block-image size-full is-resized is-style-rounded\"><img src=\"https:\/\/fruehwald.hu\/wp-content\/uploads\/sites\/5\/2022\/11\/Classic_Band_Image01.jpg\" alt=\"\" class=\"wp-image-1135\" width=\"141\"\/><\/figure>\n\n\n\n<p class=\"\"><a href=\"https:\/\/fruehwald.hu\/termekek\/tiziano-laprendszer\/\">Tiziano,<\/a> Granit gri-alb, Friz\u0103 antracit<\/p>\n\n\n\n<div style=\"height:20px\" aria-hidden=\"true\" class=\"wp-block-spacer\"><\/div>\n<\/div><\/div><div class=\"sf-grey-bar\" style=\"width:50%;height:75%;transform:translateX(150px) translateY(-50%)\"><\/div><\/div>\n<\/div>\n\n<div style=\"height:150px\" aria-hidden=\"true\" class=\"wp-block-spacer\"><\/div>\n\n<div class=\"wp-block-fruehwald-area container\">\n<div class=\"grey-bar-container grey-bar-left\"><div class=\"wp-block-media-text alignwide is-stacked-on-mobile\"><figure class=\"wp-block-media-text__media\"><img loading=\"lazy\" width=\"1278\" height=\"980\" src=\"https:\/\/fruehwald.hu\/wp-content\/uploads\/sites\/5\/2022\/11\/Finessa_weiss_03_3000x2000px-2-scaled-1-2.jpg\" alt=\"\" class=\"wp-image-1137 size-full\"\/><\/figure><div class=\"wp-block-media-text__content\">\n<h1 class=\"heading-with-text-above has-medium-font-size has-font-font1 has-font-weight-5\" data-aos=\"fade-up\">Stilul antic \u00eent\u00e2lne\u0219te cu cel modern<\/h1>\n\n\n\n<p class=\"\">Sunte\u021bi preg\u0103tit pentru efectul de contrast? Explora\u021bi diversitatea de combina\u021bii din pietre moderne \u0219i stil antic<\/p>\n\n\n\n<figure class=\"wp-block-image size-full is-resized is-style-rounded\"><img src=\"https:\/\/fruehwald.hu\/wp-content\/uploads\/sites\/5\/2022\/11\/Finessa_Kombi_Weiss-208x208-3.jpeg\" alt=\"\" class=\"wp-image-1139\" width=\"141\"\/><\/figure>\n\n\n\n<p class=\"\"><a href=\"https:\/\/fruehwald.hu\/termekek\/finessa\/\">Finessa,<\/a> Alb, <a href=\"https:\/\/fruehwald.hu\/termekek\/caesar-mauerstein-hu\/\">Caesar,<\/a> Antracit<\/p>\n\n\n\n<div style=\"height:20px\" aria-hidden=\"true\" class=\"wp-block-spacer\"><\/div>\n<\/div><\/div><div class=\"sf-grey-bar\" style=\"width:50%;height:75%;transform:translateX(-150px) translateY(-50%)\"><\/div><\/div>\n<\/div>\n\n<div style=\"height:150px\" aria-hidden=\"true\" class=\"wp-block-spacer\"><\/div>\n\n<div class=\"wp-block-fruehwald-area container\">\n<div class=\"grey-bar-container grey-bar-right\"><div class=\"wp-block-media-text alignwide has-media-on-the-right is-stacked-on-mobile\"><figure class=\"wp-block-media-text__media\"><img loading=\"lazy\" width=\"1024\" height=\"683\" src=\"https:\/\/fruehwald.hu\/wp-content\/uploads\/sites\/5\/2022\/11\/Classic_Grau-Anthrazit_02_3000x2000px-2-1024x683-1.jpg\" alt=\"\" class=\"wp-image-1141 size-full\"\/><\/figure><div class=\"wp-block-media-text__content\">\n<h1 class=\"heading-with-text-above has-medium-font-size has-font-font1 has-font-weight-5\" data-aos=\"fade-up\">Un model clasic, contrastant<\/h1>\n\n\n\n<p class=\"\">Pavelele noastre clasice confer\u0103 un aspect modern mediului dumneavoastr\u0103 \u0219i sunt cele mai u\u0219or de combinat \u0219i mai flexibile pavele de pe pia\u021b\u0103. Disponibile \u00eentr-o gam\u0103 variat\u0103 de culori \u0219i forme, pot fi utilizate \u0219i pentru a crea suprafe\u021be cu caracter deosebit.<\/p>\n\n\n\n<p class=\"\"><\/p>\n\n\n\n<figure class=\"wp-block-image is-style-rounded\"><img alt=\"\"\/><\/figure>\n\n\n\n<p class=\"\"><a href=\"https:\/\/fruehwald.hu\/termekek\/classic\/\">Classic<\/a> Gri \u0219i antracit<\/p>\n\n\n\n<div style=\"height:20px\" aria-hidden=\"true\" class=\"wp-block-spacer\"><\/div>\n<\/div><\/div><div class=\"sf-grey-bar\" style=\"width:50%;height:75%;transform:translateX(150px) translateY(-50%)\"><\/div><\/div>\n<\/div>\n\n<div style=\"height:150px\" aria-hidden=\"true\" class=\"wp-block-spacer\"><\/div>\n\n<div class=\"wp-block-fruehwald-area container\">\n<div class=\"grey-bar-container grey-bar-left\"><div class=\"wp-block-media-text alignwide is-stacked-on-mobile grey-bar-container grey-bar-left\"><figure class=\"wp-block-media-text__media\"><img loading=\"lazy\" width=\"1278\" height=\"980\" src=\"https:\/\/fruehwald.hu\/wp-content\/uploads\/sites\/5\/2022\/11\/Caesar_Maerischlehm_Szarvas_Brunnen_Lavendel.jpg\" alt=\"\" class=\"wp-image-1143 size-full\"\/><\/figure><div class=\"wp-block-media-text__content\">\n<h1 class=\"heading-with-text-above has-medium-font-size has-font-font1 has-font-weight-5\" data-aos=\"fade-up\">Culori \u0219i forme diferite<\/h1>\n\n\n\n<p class=\"\" data-aos=\"fade-up\">Combina\u021bia de culori diferite reflect\u0103 stilul nostru de via\u021b\u0103 hibrid. La fel ca \u0219i culorile, formele sunt foarte bune pentru a fi combinate \u0219i asortate. Amestecul de stiluri diferite se \u00eembin\u0103 f\u0103r\u0103 efort, pentru a crea o cale de acces relaxant\u0103 \u0219i revigorant\u0103.<\/p>\n\n\n\n<figure class=\"wp-block-image size-full is-resized is-style-rounded\"><img src=\"https:\/\/fruehwald.hu\/wp-content\/uploads\/sites\/5\/2022\/11\/Caesar_Maerischlehm_Szarvas_Brunnen_Lavendel-farbe.jpg\" alt=\"\" class=\"wp-image-1145\" width=\"141\"\/><\/figure>\n\n\n\n<p class=\"\"><a href=\"https:\/\/fruehwald.hu\/termekek\/caesar-hu\/\">Caesar<\/a>, Argil\u0103 de moravia, <a href=\"https:\/\/fruehwald.hu\/termekek\/classic\/\">Classic <\/a>ro\u0219u \u0219i gri<\/p>\n\n\n\n<div style=\"height:20px\" aria-hidden=\"true\" class=\"wp-block-spacer\"><\/div>\n<\/div><\/div><div class=\"sf-grey-bar\" style=\"width:50%;height:75%;transform:translateX(-150px) translateY(-50%)\"><\/div><\/div>\n<\/div>\n\n<div style=\"height:150px\" aria-hidden=\"true\" class=\"wp-block-spacer\"><\/div>\n","protected":false},"excerpt":{"rendered":"","protected":false},"author":7,"featured_media":0,"parent":0,"menu_order":0,"comment_status":"closed","ping_status":"closed","template":"","meta":{"inline_featured_image":false},"yoast_head":"<!-- This site is optimized with the Yoast SEO plugin v18.8 - https:\/\/yoast.com\/wordpress\/plugins\/seo\/ -->\n<title>Amestec\u0103 \u0219i potrive\u0219te - Fr\u00fchwald HU<\/title>\n<meta name=\"robots\" content=\"index, follow, max-snippet:-1, max-image-preview:large, max-video-preview:-1\" \/>\n<link rel=\"canonical\" href=\"https:\/\/fruehwald.hu\/ro\/amesteca-si-potriveste\/\" \/>\n<meta property=\"og:locale\" content=\"ro_RO\" \/>\n<meta property=\"og:type\" content=\"article\" \/>\n<meta property=\"og:title\" content=\"Amestec\u0103 \u0219i potrive\u0219te - Fr\u00fchwald HU\" \/>\n<meta property=\"og:url\" content=\"https:\/\/fruehwald.hu\/ro\/amesteca-si-potriveste\/\" \/>\n<meta property=\"og:site_name\" content=\"Fr\u00fchwald HU\" \/>\n<meta property=\"article:modified_time\" content=\"2024-03-06T12:49:22+00:00\" \/>\n<meta property=\"og:image\" content=\"http:\/\/fruehwald.hu\/wp-content\/uploads\/sites\/5\/2022\/11\/Tiziano_Platte_GranitGrauWeiss_Image-2.jpg\" \/>\n<meta name=\"twitter:card\" content=\"summary_large_image\" \/>\n<meta name=\"twitter:label1\" content=\"Timp estimat pentru citire\" \/>\n\t<meta name=\"twitter:data1\" content=\"1 minut\" \/>\n<script type=\"application\/ld+json\" class=\"yoast-schema-graph\">{\"@context\":\"https:\/\/schema.org\",\"@graph\":[{\"@type\":\"WebSite\",\"@id\":\"https:\/\/fruehwald.hu\/#website\",\"url\":\"https:\/\/fruehwald.hu\/\",\"name\":\"Fr\u00fchwald HU\",\"description\":\"Fr\u00fchwald\",\"potentialAction\":[{\"@type\":\"SearchAction\",\"target\":{\"@type\":\"EntryPoint\",\"urlTemplate\":\"https:\/\/fruehwald.hu\/?s={search_term_string}\"},\"query-input\":\"required name=search_term_string\"}],\"inLanguage\":\"ro-RO\"},{\"@type\":\"ImageObject\",\"inLanguage\":\"ro-RO\",\"@id\":\"https:\/\/fruehwald.hu\/ro\/amesteca-si-potriveste\/#primaryimage\",\"url\":\"https:\/\/fruehwald.hu\/wp-content\/uploads\/sites\/5\/2022\/11\/Tiziano_Platte_GranitGrauWeiss_Image-2.jpg\",\"contentUrl\":\"https:\/\/fruehwald.hu\/wp-content\/uploads\/sites\/5\/2022\/11\/Tiziano_Platte_GranitGrauWeiss_Image-2.jpg\",\"width\":1022,\"height\":784},{\"@type\":\"WebPage\",\"@id\":\"https:\/\/fruehwald.hu\/ro\/amesteca-si-potriveste\/#webpage\",\"url\":\"https:\/\/fruehwald.hu\/ro\/amesteca-si-potriveste\/\",\"name\":\"Amestec\u0103 \u0219i potrive\u0219te - Fr\u00fchwald HU\",\"isPartOf\":{\"@id\":\"https:\/\/fruehwald.hu\/#website\"},\"primaryImageOfPage\":{\"@id\":\"https:\/\/fruehwald.hu\/ro\/amesteca-si-potriveste\/#primaryimage\"},\"datePublished\":\"2022-11-30T14:35:47+00:00\",\"dateModified\":\"2024-03-06T12:49:22+00:00\",\"breadcrumb\":{\"@id\":\"https:\/\/fruehwald.hu\/ro\/amesteca-si-potriveste\/#breadcrumb\"},\"inLanguage\":\"ro-RO\",\"potentialAction\":[{\"@type\":\"ReadAction\",\"target\":[\"https:\/\/fruehwald.hu\/ro\/amesteca-si-potriveste\/\"]}]},{\"@type\":\"BreadcrumbList\",\"@id\":\"https:\/\/fruehwald.hu\/ro\/amesteca-si-potriveste\/#breadcrumb\",\"itemListElement\":[{\"@type\":\"ListItem\",\"position\":1,\"name\":\"Amestec\u0103 \u0219i potrive\u0219te\"}]}]}<\/script>\n<!-- \/ Yoast SEO plugin. -->","yoast_head_json":{"title":"Amestec\u0103 \u0219i potrive\u0219te - Fr\u00fchwald HU","robots":{"index":"index","follow":"follow","max-snippet":"max-snippet:-1","max-image-preview":"max-image-preview:large","max-video-preview":"max-video-preview:-1"},"canonical":"https:\/\/fruehwald.hu\/ro\/amesteca-si-potriveste\/","og_locale":"ro_RO","og_type":"article","og_title":"Amestec\u0103 \u0219i potrive\u0219te - Fr\u00fchwald HU","og_url":"https:\/\/fruehwald.hu\/ro\/amesteca-si-potriveste\/","og_site_name":"Fr\u00fchwald HU","article_modified_time":"2024-03-06T12:49:22+00:00","og_image":[{"url":"http:\/\/fruehwald.hu\/wp-content\/uploads\/sites\/5\/2022\/11\/Tiziano_Platte_GranitGrauWeiss_Image-2.jpg"}],"twitter_card":"summary_large_image","twitter_misc":{"Timp estimat pentru citire":"1 minut"},"schema":{"@context":"https:\/\/schema.org","@graph":[{"@type":"WebSite","@id":"https:\/\/fruehwald.hu\/#website","url":"https:\/\/fruehwald.hu\/","name":"Fr\u00fchwald HU","description":"Fr\u00fchwald","potentialAction":[{"@type":"SearchAction","target":{"@type":"EntryPoint","urlTemplate":"https:\/\/fruehwald.hu\/?s={search_term_string}"},"query-input":"required name=search_term_string"}],"inLanguage":"ro-RO"},{"@type":"ImageObject","inLanguage":"ro-RO","@id":"https:\/\/fruehwald.hu\/ro\/amesteca-si-potriveste\/#primaryimage","url":"https:\/\/fruehwald.hu\/wp-content\/uploads\/sites\/5\/2022\/11\/Tiziano_Platte_GranitGrauWeiss_Image-2.jpg","contentUrl":"https:\/\/fruehwald.hu\/wp-content\/uploads\/sites\/5\/2022\/11\/Tiziano_Platte_GranitGrauWeiss_Image-2.jpg","width":1022,"height":784},{"@type":"WebPage","@id":"https:\/\/fruehwald.hu\/ro\/amesteca-si-potriveste\/#webpage","url":"https:\/\/fruehwald.hu\/ro\/amesteca-si-potriveste\/","name":"Amestec\u0103 \u0219i potrive\u0219te - Fr\u00fchwald HU","isPartOf":{"@id":"https:\/\/fruehwald.hu\/#website"},"primaryImageOfPage":{"@id":"https:\/\/fruehwald.hu\/ro\/amesteca-si-potriveste\/#primaryimage"},"datePublished":"2022-11-30T14:35:47+00:00","dateModified":"2024-03-06T12:49:22+00:00","breadcrumb":{"@id":"https:\/\/fruehwald.hu\/ro\/amesteca-si-potriveste\/#breadcrumb"},"inLanguage":"ro-RO","potentialAction":[{"@type":"ReadAction","target":["https:\/\/fruehwald.hu\/ro\/amesteca-si-potriveste\/"]}]},{"@type":"BreadcrumbList","@id":"https:\/\/fruehwald.hu\/ro\/amesteca-si-potriveste\/#breadcrumb","itemListElement":[{"@type":"ListItem","position":1,"name":"Amestec\u0103 \u0219i potrive\u0219te"}]}]}},"acf":[],"_links":{"self":[{"href":"https:\/\/fruehwald.hu\/ro\/wp-json\/wp\/v2\/pages\/6653"}],"collection":[{"href":"https:\/\/fruehwald.hu\/ro\/wp-json\/wp\/v2\/pages"}],"about":[{"href":"https:\/\/fruehwald.hu\/ro\/wp-json\/wp\/v2\/types\/page"}],"author":[{"embeddable":true,"href":"https:\/\/fruehwald.hu\/ro\/wp-json\/wp\/v2\/users\/7"}],"replies":[{"embeddable":true,"href":"https:\/\/fruehwald.hu\/ro\/wp-json\/wp\/v2\/comments?post=6653"}],"version-history":[{"count":1,"href":"https:\/\/fruehwald.hu\/ro\/wp-json\/wp\/v2\/pages\/6653\/revisions"}],"predecessor-version":[{"id":6654,"href":"https:\/\/fruehwald.hu\/ro\/wp-json\/wp\/v2\/pages\/6653\/revisions\/6654"}],"wp:attachment":[{"href":"https:\/\/fruehwald.hu\/ro\/wp-json\/wp\/v2\/media?parent=6653"}],"curies":[{"name":"wp","href":"https:\/\/api.w.org\/{rel}","templated":true}]}}