{"id":6647,"date":"2022-11-28T17:21:15","date_gmt":"2022-11-28T16:21:15","guid":{"rendered":"https:\/\/fruehwald.hu\/infrastructura\/"},"modified":"2024-03-06T13:41:17","modified_gmt":"2024-03-06T12:41:17","slug":"infrastructura","status":"publish","type":"page","link":"https:\/\/fruehwald.hu\/ro\/infrastructura\/","title":{"rendered":"Infrastructur\u0103"},"content":{"rendered":"\t<div class=\"sf-hero-image\" id=\"sf-hero-image-14a689b91b1d5fee99ea1f97b79799b9b3667cc1f56d1df23a86209523c6615f\" style=\"background-image: url(https:\/\/fruehwald.hu\/wp-content\/uploads\/sites\/5\/2022\/11\/Behaton_Image-Infrstruktur_Beitragsbild.jpg); background-position: center center\">\n        <div class=\"carpet\"><\/div>\n                    <div class=\"inner\">\n\t                                <h1>Infrastructur\u0103<\/h1>\n\t            \t                        <\/div>\n        \n        \n        \n        \t<\/div>\n\t    <style>\n                    <\/style>\n    \n<div class=\"wp-container-1 wp-block-group has-background\" style=\"background-color:#f6f6f6\"><div class=\"wp-block-group__inner-container\"><\/div><\/div>\n\n<div class=\"wp-block-fruehwald-area container\">\n<div class=\"grey-bar-container grey-bar-right\"><div class=\"wp-block-media-text alignwide has-media-on-the-right is-stacked-on-mobile\"><figure class=\"wp-block-media-text__media\"><img loading=\"lazy\" width=\"1278\" height=\"980\" src=\"https:\/\/fruehwald.hu\/wp-content\/uploads\/sites\/5\/2022\/11\/behaton_sivi_crveni.jpg\" alt=\"\" class=\"wp-image-495 size-full\"\/><\/figure><div class=\"wp-block-media-text__content\">\n<h2 class=\"heading-with-text-above\" data-aos=\"fade-up\"><strong><strong>CONSTRUC\u021aIE DE DRUMURI<\/strong><\/strong><\/h2>\n\n\n\n<p class=\"\">Pavelele sunt cel mai vechi element de construc\u021bie a drumurilor din istoria omenirii \u0219i o bun\u0103 alternativ\u0103 la asfalt. Acestea sunt utilizate \u00een principal pentru a pava drumurile cu un volum redus de trafic \u0219i pentru zonele aflate sub protec\u021bia monumentelor. <\/p>\n\n\n\n<p class=\"\"><\/p>\n\n\n\n<p class=\"\"><a href=\"https:\/\/fruehwald.hu\/de\/produkte\/behaton\/\">Behaton,<\/a> Gri \u0219i ro\u0219u <\/p>\n<\/div><\/div><div class=\"sf-grey-bar\" style=\"width:50%;height:75%;transform:translateX(150px) translateY(-50%)\"><\/div><\/div>\n<\/div>\n\n<div style=\"height:150px\" aria-hidden=\"true\" class=\"wp-block-spacer\"><\/div>\n\n<div class=\"wp-block-fruehwald-area container\">\n<div class=\"grey-bar-container grey-bar-left\"><div class=\"wp-block-media-text alignwide is-stacked-on-mobile\"><figure class=\"wp-block-media-text__media\"><img loading=\"lazy\" width=\"1278\" height=\"980\" src=\"https:\/\/fruehwald.hu\/wp-content\/uploads\/sites\/5\/2022\/11\/Kiemelt-utszegelykoe_DSC07883.jpg\" alt=\"\" class=\"wp-image-497 size-full\"\/><\/figure><div class=\"wp-block-media-text__content\">\n<h2 class=\"heading-with-text-above\" data-aos=\"fade-up\"><strong><strong><strong><strong><strong><strong><strong><strong>BORDURI<\/strong><\/strong><\/strong><\/strong><\/strong><\/strong><\/strong><\/strong><\/h2>\n\n\n\n<p class=\"\">Bordurile separ\u0103 diferitele zone exterioare \u0219i, \u00een acela\u0219i timp, \u00eencadreaz\u0103 suprafa\u021ba. De asemenea, acestea au o func\u021bie important\u0103 de sprijinire a pavajului \u0219i de prevenire a alunec\u0103rii acestuia.<\/p>\n\n\n\n<p class=\"\"><\/p>\n\n\n\n<p class=\"\"><a href=\"https:\/\/fruehwald.hu\/de\/produkte\/hochbordstein-2\/\"><\/a><a href=\"https:\/\/fruehwald.hu\/termekek\/kiemelt-utszegelyko-hu\/\">\u00datszeg\u00e9ly ,<\/a> Gri<\/p>\n<\/div><\/div><div class=\"sf-grey-bar\" style=\"width:50%;height:75%;transform:translateX(-150px) translateY(-50%)\"><\/div><\/div>\n<\/div>\n\n<div style=\"height:150px\" aria-hidden=\"true\" class=\"wp-block-spacer\"><\/div>\n\n<div class=\"wp-block-fruehwald-area container\">\n<div class=\"grey-bar-container grey-bar-right\"><div class=\"wp-block-media-text alignwide has-media-on-the-right is-stacked-on-mobile\"><figure class=\"wp-block-media-text__media\"><img loading=\"lazy\" width=\"1278\" height=\"980\" src=\"https:\/\/fruehwald.hu\/wp-content\/uploads\/sites\/5\/2022\/11\/Behaton_Entwaesserung_Image.jpg\" alt=\"\" class=\"wp-image-499 size-full\"\/><\/figure><div class=\"wp-block-media-text__content\">\n<h2 class=\"heading-with-text-above\" data-aos=\"fade-up\"><strong><strong><strong><strong><strong><strong><strong><strong>DRENAJUL APEI<\/strong><\/strong><\/strong><\/strong><\/strong><\/strong><\/strong><\/strong><\/h2>\n\n\n\n<p class=\"\">Pentru a se asigura c\u0103 suprafa\u021ba pavat\u0103 \u00ee\u0219i p\u0103streaz\u0103 func\u021bionalitatea \u0219i frumuse\u021bea pentru o perioad\u0103 lung\u0103 de timp, trebuie s\u0103 se aib\u0103 grij\u0103 de solu\u021bionarea dren\u0103rii apelor pluviale. Dac\u0103 acest lucru nu se \u00eent\u00e2mpl\u0103, vor ap\u0103rea b\u0103l\u021bi, pl\u0103ci de ghea\u021b\u0103 \u0219i vor surveni daune. Canalul nostru de drenaj este proiectat pentru a-\u0219i \u00eendeplini perfect func\u021bia \u0219i pentru a se integra \u00een peisajul stradal.<\/p>\n\n\n\n<p class=\"\"><\/p>\n\n\n\n<p class=\"\"><a href=\"https:\/\/fruehwald.hu\/de\/produkte\/entwaesserungsrinne-2\/\"><\/a><a href=\"https:\/\/fruehwald.hu\/entwaesserungsrinne-2\/\">Canal de drena<\/a>, Gri<\/p>\n<\/div><\/div><div class=\"sf-grey-bar\" style=\"width:50%;height:75%;transform:translateX(150px) translateY(-50%)\"><\/div><\/div>\n<\/div>\n\n<div style=\"height:150px\" aria-hidden=\"true\" class=\"wp-block-spacer\"><\/div>\n\n<div class=\"wp-block-fruehwald-area container\">\n<div class=\"grey-bar-container grey-bar-left\"><div class=\"wp-block-media-text alignwide is-stacked-on-mobile\"><figure class=\"wp-block-media-text__media\"><img loading=\"lazy\" width=\"1278\" height=\"980\" src=\"https:\/\/fruehwald.hu\/wp-content\/uploads\/sites\/5\/2022\/11\/Bekecs_Zebrastreifen-1.jpg\" alt=\"\" class=\"wp-image-501 size-full\"\/><\/figure><div class=\"wp-block-media-text__content\">\n<h2 class=\"heading-with-text-above\" data-aos=\"fade-up\"><strong><strong><strong><strong><strong><strong><strong><strong><strong><strong>PIETRE DE MARCAJ<\/strong><\/strong><\/strong><\/strong><\/strong><\/strong><\/strong><\/strong><\/strong><\/strong><\/h2>\n\n\n\n<p class=\"\">Op\u021biunile de amplasare a pavajelor sunt vaste datorit\u0103 variet\u0103\u021bii de forme \u0219i culori. Acest lucru face posibil\u0103 separarea spa\u021biilor unele de altele. Clasic, gri \u0219i alb-crem<\/p>\n\n\n\n<p class=\"\"><\/p>\n\n\n\n<p class=\"\"><a href=\"https:\/\/fruehwald.hu\/de\/produkte\/classic-infrastruktur\/\"><\/a><a href=\"https:\/\/fruehwald.hu\/termekek\/classic-infrastruktura\/\">Classic<\/a>, Gri \u0219i alb-crem<\/p>\n<\/div><\/div><div class=\"sf-grey-bar\" style=\"width:50%;height:75%;transform:translateX(-150px) translateY(-50%)\"><\/div><\/div>\n<\/div>\n\n<div style=\"height:100px\" aria-hidden=\"true\" class=\"wp-block-spacer\"><\/div>\n\n<p class=\"\"><\/p>\n","protected":false},"excerpt":{"rendered":"","protected":false},"author":7,"featured_media":0,"parent":0,"menu_order":1,"comment_status":"closed","ping_status":"closed","template":"","meta":{"inline_featured_image":false},"yoast_head":"<!-- This site is optimized with the Yoast SEO plugin v18.8 - https:\/\/yoast.com\/wordpress\/plugins\/seo\/ -->\n<title>Infrastructur\u0103 - Fr\u00fchwald HU<\/title>\n<meta name=\"robots\" content=\"index, follow, max-snippet:-1, max-image-preview:large, max-video-preview:-1\" \/>\n<link rel=\"canonical\" href=\"https:\/\/fruehwald.hu\/ro\/infrastructura\/\" \/>\n<meta property=\"og:locale\" content=\"ro_RO\" \/>\n<meta property=\"og:type\" content=\"article\" \/>\n<meta property=\"og:title\" content=\"Infrastructur\u0103 - Fr\u00fchwald HU\" \/>\n<meta property=\"og:url\" content=\"https:\/\/fruehwald.hu\/ro\/infrastructura\/\" \/>\n<meta property=\"og:site_name\" content=\"Fr\u00fchwald HU\" \/>\n<meta property=\"article:modified_time\" content=\"2024-03-06T12:41:17+00:00\" \/>\n<meta property=\"og:image\" content=\"https:\/\/fruehwald.hu\/wp-content\/uploads\/sites\/5\/2022\/11\/behaton_sivi_crveni.jpg\" \/>\n<meta name=\"twitter:card\" content=\"summary_large_image\" \/>\n<meta name=\"twitter:label1\" content=\"Timp estimat pentru citire\" \/>\n\t<meta name=\"twitter:data1\" content=\"1 minut\" \/>\n<script type=\"application\/ld+json\" class=\"yoast-schema-graph\">{\"@context\":\"https:\/\/schema.org\",\"@graph\":[{\"@type\":\"WebSite\",\"@id\":\"https:\/\/fruehwald.hu\/#website\",\"url\":\"https:\/\/fruehwald.hu\/\",\"name\":\"Fr\u00fchwald HU\",\"description\":\"Fr\u00fchwald\",\"potentialAction\":[{\"@type\":\"SearchAction\",\"target\":{\"@type\":\"EntryPoint\",\"urlTemplate\":\"https:\/\/fruehwald.hu\/?s={search_term_string}\"},\"query-input\":\"required name=search_term_string\"}],\"inLanguage\":\"ro-RO\"},{\"@type\":\"ImageObject\",\"inLanguage\":\"ro-RO\",\"@id\":\"https:\/\/fruehwald.hu\/ro\/infrastructura\/#primaryimage\",\"url\":\"https:\/\/fruehwald.hu\/wp-content\/uploads\/sites\/5\/2022\/11\/behaton_sivi_crveni.jpg\",\"contentUrl\":\"https:\/\/fruehwald.hu\/wp-content\/uploads\/sites\/5\/2022\/11\/behaton_sivi_crveni.jpg\",\"width\":1278,\"height\":980},{\"@type\":\"WebPage\",\"@id\":\"https:\/\/fruehwald.hu\/ro\/infrastructura\/#webpage\",\"url\":\"https:\/\/fruehwald.hu\/ro\/infrastructura\/\",\"name\":\"Infrastructur\u0103 - Fr\u00fchwald HU\",\"isPartOf\":{\"@id\":\"https:\/\/fruehwald.hu\/#website\"},\"primaryImageOfPage\":{\"@id\":\"https:\/\/fruehwald.hu\/ro\/infrastructura\/#primaryimage\"},\"datePublished\":\"2022-11-28T16:21:15+00:00\",\"dateModified\":\"2024-03-06T12:41:17+00:00\",\"breadcrumb\":{\"@id\":\"https:\/\/fruehwald.hu\/ro\/infrastructura\/#breadcrumb\"},\"inLanguage\":\"ro-RO\",\"potentialAction\":[{\"@type\":\"ReadAction\",\"target\":[\"https:\/\/fruehwald.hu\/ro\/infrastructura\/\"]}]},{\"@type\":\"BreadcrumbList\",\"@id\":\"https:\/\/fruehwald.hu\/ro\/infrastructura\/#breadcrumb\",\"itemListElement\":[{\"@type\":\"ListItem\",\"position\":1,\"name\":\"Infrastructur\u0103\"}]}]}<\/script>\n<!-- \/ Yoast SEO plugin. -->","yoast_head_json":{"title":"Infrastructur\u0103 - Fr\u00fchwald HU","robots":{"index":"index","follow":"follow","max-snippet":"max-snippet:-1","max-image-preview":"max-image-preview:large","max-video-preview":"max-video-preview:-1"},"canonical":"https:\/\/fruehwald.hu\/ro\/infrastructura\/","og_locale":"ro_RO","og_type":"article","og_title":"Infrastructur\u0103 - Fr\u00fchwald HU","og_url":"https:\/\/fruehwald.hu\/ro\/infrastructura\/","og_site_name":"Fr\u00fchwald HU","article_modified_time":"2024-03-06T12:41:17+00:00","og_image":[{"url":"https:\/\/fruehwald.hu\/wp-content\/uploads\/sites\/5\/2022\/11\/behaton_sivi_crveni.jpg"}],"twitter_card":"summary_large_image","twitter_misc":{"Timp estimat pentru citire":"1 minut"},"schema":{"@context":"https:\/\/schema.org","@graph":[{"@type":"WebSite","@id":"https:\/\/fruehwald.hu\/#website","url":"https:\/\/fruehwald.hu\/","name":"Fr\u00fchwald HU","description":"Fr\u00fchwald","potentialAction":[{"@type":"SearchAction","target":{"@type":"EntryPoint","urlTemplate":"https:\/\/fruehwald.hu\/?s={search_term_string}"},"query-input":"required name=search_term_string"}],"inLanguage":"ro-RO"},{"@type":"ImageObject","inLanguage":"ro-RO","@id":"https:\/\/fruehwald.hu\/ro\/infrastructura\/#primaryimage","url":"https:\/\/fruehwald.hu\/wp-content\/uploads\/sites\/5\/2022\/11\/behaton_sivi_crveni.jpg","contentUrl":"https:\/\/fruehwald.hu\/wp-content\/uploads\/sites\/5\/2022\/11\/behaton_sivi_crveni.jpg","width":1278,"height":980},{"@type":"WebPage","@id":"https:\/\/fruehwald.hu\/ro\/infrastructura\/#webpage","url":"https:\/\/fruehwald.hu\/ro\/infrastructura\/","name":"Infrastructur\u0103 - Fr\u00fchwald HU","isPartOf":{"@id":"https:\/\/fruehwald.hu\/#website"},"primaryImageOfPage":{"@id":"https:\/\/fruehwald.hu\/ro\/infrastructura\/#primaryimage"},"datePublished":"2022-11-28T16:21:15+00:00","dateModified":"2024-03-06T12:41:17+00:00","breadcrumb":{"@id":"https:\/\/fruehwald.hu\/ro\/infrastructura\/#breadcrumb"},"inLanguage":"ro-RO","potentialAction":[{"@type":"ReadAction","target":["https:\/\/fruehwald.hu\/ro\/infrastructura\/"]}]},{"@type":"BreadcrumbList","@id":"https:\/\/fruehwald.hu\/ro\/infrastructura\/#breadcrumb","itemListElement":[{"@type":"ListItem","position":1,"name":"Infrastructur\u0103"}]}]}},"acf":[],"_links":{"self":[{"href":"https:\/\/fruehwald.hu\/ro\/wp-json\/wp\/v2\/pages\/6647"}],"collection":[{"href":"https:\/\/fruehwald.hu\/ro\/wp-json\/wp\/v2\/pages"}],"about":[{"href":"https:\/\/fruehwald.hu\/ro\/wp-json\/wp\/v2\/types\/page"}],"author":[{"embeddable":true,"href":"https:\/\/fruehwald.hu\/ro\/wp-json\/wp\/v2\/users\/7"}],"replies":[{"embeddable":true,"href":"https:\/\/fruehwald.hu\/ro\/wp-json\/wp\/v2\/comments?post=6647"}],"version-history":[{"count":1,"href":"https:\/\/fruehwald.hu\/ro\/wp-json\/wp\/v2\/pages\/6647\/revisions"}],"predecessor-version":[{"id":6648,"href":"https:\/\/fruehwald.hu\/ro\/wp-json\/wp\/v2\/pages\/6647\/revisions\/6648"}],"wp:attachment":[{"href":"https:\/\/fruehwald.hu\/ro\/wp-json\/wp\/v2\/media?parent=6647"}],"curies":[{"name":"wp","href":"https:\/\/api.w.org\/{rel}","templated":true}]}}