{"id":6644,"date":"2022-11-28T17:23:15","date_gmt":"2022-11-28T16:23:15","guid":{"rendered":"https:\/\/fruehwald.hu\/constructia-obiectului\/"},"modified":"2024-03-06T13:35:59","modified_gmt":"2024-03-06T12:35:59","slug":"constructia-obiectului","status":"publish","type":"page","link":"https:\/\/fruehwald.hu\/ro\/constructia-obiectului\/","title":{"rendered":"Construc\u021bia obiectului"},"content":{"rendered":"\t<div class=\"sf-hero-image\" id=\"sf-hero-image-b2c01c46d177e56c3ab42a644ed2902de759a3cc33deaf1a98666eefdbb749ae\" style=\"background-image: url(https:\/\/fruehwald.hu\/wp-content\/uploads\/sites\/5\/2022\/11\/LaPiazzaGrande_Image-Park_Beitragsbild.jpg); background-position: center center\">\n        <div class=\"carpet\"><\/div>\n                    <div class=\"inner\">\n\t                                <h1>Construc\u021bia obiectului<\/h1>\n\t            \t                        <\/div>\n        \n        \n        \n        \t<\/div>\n\t    <style>\n                    <\/style>\n    \n<div style=\"height:100px\" aria-hidden=\"true\" class=\"wp-block-spacer\"><\/div>\n\n<div class=\"wp-block-fruehwald-area container\">\n<div class=\"grey-bar-container grey-bar-right\"><div class=\"wp-block-media-text alignwide has-media-on-the-right is-stacked-on-mobile\"><figure class=\"wp-block-media-text__media\"><img loading=\"lazy\" width=\"1024\" height=\"785\" src=\"https:\/\/fruehwald.hu\/wp-content\/uploads\/sites\/5\/2022\/11\/\u0438\u0437\u043e\u0431\u0440\u0430\u0436\u0435\u043d\u0438\u0435_2022-11-28_192216925-1024x785.png\" alt=\"\" class=\"wp-image-506 size-full\" srcset=\"https:\/\/fruehwald.hu\/wp-content\/uploads\/sites\/5\/2022\/11\/\u0438\u0437\u043e\u0431\u0440\u0430\u0436\u0435\u043d\u0438\u0435_2022-11-28_192216925-1024x785.png 1024w, https:\/\/fruehwald.hu\/wp-content\/uploads\/sites\/5\/2022\/11\/\u0438\u0437\u043e\u0431\u0440\u0430\u0436\u0435\u043d\u0438\u0435_2022-11-28_192216925-300x230.png 300w, https:\/\/fruehwald.hu\/wp-content\/uploads\/sites\/5\/2022\/11\/\u0438\u0437\u043e\u0431\u0440\u0430\u0436\u0435\u043d\u0438\u0435_2022-11-28_192216925-768x589.png 768w, https:\/\/fruehwald.hu\/wp-content\/uploads\/sites\/5\/2022\/11\/\u0438\u0437\u043e\u0431\u0440\u0430\u0436\u0435\u043d\u0438\u0435_2022-11-28_192216925.png 1278w\" sizes=\"(max-width: 1024px) 100vw, 1024px\" \/><\/figure><div class=\"wp-block-media-text__content\">\n<p class=\"\">Planificarea construc\u021biei reprezint\u0103 baza unei construc\u021bii bine planificate. Cu produsele noastre premium, ob\u021bine\u021bi o calitate \u00eenalt\u0103 \u0219i un pachet de servicii cuprinz\u0103tor. <\/p>\n\n\n\n<p class=\"\"><\/p>\n\n\n\n<p class=\"\"><a href=\"https:\/\/fruehwald.hu\/de\/produkte\/tiziano-terrassenplatte\/\">Tiziano<\/a>, Bej (beige) de epoc\u0103<\/p>\n<\/div><\/div><div class=\"sf-grey-bar\" style=\"width:50%;height:75%;transform:translateX(150px) translateY(-50%)\"><\/div><\/div>\n<\/div>\n\n<div style=\"height:150px\" aria-hidden=\"true\" class=\"wp-block-spacer\"><\/div>\n\n<div class=\"wp-block-fruehwald-area container\">\n<div class=\"grey-bar-container grey-bar-left\"><div class=\"wp-block-media-text alignwide is-stacked-on-mobile\"><figure class=\"wp-block-media-text__media\"><img loading=\"lazy\" width=\"1278\" height=\"980\" src=\"https:\/\/fruehwald.hu\/wp-content\/uploads\/sites\/5\/2022\/11\/Terano_Cappuccino-Kroatien-pic2.jpg\" alt=\"\" class=\"wp-image-510 size-full\"\/><\/figure><div class=\"wp-block-media-text__content\">\n<p class=\"\">Atunci c\u00e2nd vine vorba de consolidarea suprafe\u021belor, \u00een special pentru gr\u0103dini, terase, \u0219coli \u0219i gr\u0103dini\u021be, este important s\u0103 se lucreze cu materiale de calitate superioar\u0103 pentru a asigura o calitate corespunz\u0103toare pe termen lung.<\/p>\n\n\n\n<p class=\"\"><\/p>\n\n\n\n<p class=\"\"><a href=\"https:\/\/fruehwald.hu\/de\/produkte\/terano\/\">Terano<\/a>, Cappuccino melir<\/p>\n<\/div><\/div><div class=\"sf-grey-bar\" style=\"width:50%;height:75%;transform:translateX(-150px) translateY(-50%)\"><\/div><\/div>\n<\/div>\n\n<div style=\"height:150px\" aria-hidden=\"true\" class=\"wp-block-spacer\"><\/div>\n\n<div class=\"wp-block-fruehwald-area container\">\n<div class=\"grey-bar-container grey-bar-right\"><div class=\"wp-block-media-text alignwide has-media-on-the-right is-stacked-on-mobile\"><figure class=\"wp-block-media-text__media\"><img loading=\"lazy\" width=\"1278\" height=\"980\" src=\"https:\/\/fruehwald.hu\/wp-content\/uploads\/sites\/5\/2022\/11\/Classic_Plodine_Kroatien_2.jpg\" alt=\"\" class=\"wp-image-514 size-full\"\/><\/figure><div class=\"wp-block-media-text__content\">\n<p class=\"\">Pavajele noastre pot rezista la traficul de ma\u0219ini \u0219i c\u0103rucioare de cump\u0103r\u0103turi. Trebuie doar s\u0103 fi\u021bi aten\u021bi la amplasarea corect\u0103 \u0219i la alegerea corect\u0103 a produselor. Dac\u0103 urma\u021bi acest sfat, ve\u021bi avea o suprafa\u021b\u0103 impecabil\u0103 \u0219i peste 20 de ani. <\/p>\n\n\n\n<p class=\"\"><\/p>\n\n\n\n<p class=\"\"><a href=\"https:\/\/fruehwald.hu\/de\/produkte\/classic-infrastruktur\/\">Classic<\/a>, Gri<\/p>\n<\/div><\/div><div class=\"sf-grey-bar\" style=\"width:50%;height:75%;transform:translateX(150px) translateY(-50%)\"><\/div><\/div>\n<\/div>\n\n<div style=\"height:150px\" aria-hidden=\"true\" class=\"wp-block-spacer\"><\/div>\n\n<div class=\"wp-block-fruehwald-area container\">\n<div class=\"grey-bar-container grey-bar-left\"><div class=\"wp-block-media-text alignwide is-stacked-on-mobile\"><figure class=\"wp-block-media-text__media\"><img loading=\"lazy\" width=\"1278\" height=\"980\" src=\"https:\/\/fruehwald.hu\/wp-content\/uploads\/sites\/5\/2022\/11\/Bekecs_Csaba_Center.jpg\" alt=\"\" class=\"wp-image-516 size-full\"\/><\/figure><div class=\"wp-block-media-text__content\">\n<p class=\"\">Provocarea pentru centrele comerciale (MALL-ri) este de a g\u0103si un echilibru \u00eentre func\u021bionalitate \u0219i un design atr\u0103g\u0103tor. <\/p>\n\n\n\n<p class=\"\">Datorit\u0103 gamei noastre largi de produse \u0219i a tratamentului de suprafa\u021b\u0103 aplicat produselor noastre, acest lucru este u\u0219or de realizat. <\/p>\n\n\n\n<p class=\"\"><\/p>\n\n\n\n<p class=\"\"><a href=\"https:\/\/fruehwald.hu\/de\/produkte\/classic-infrastruktur\/\">Classic<\/a>, Gri \u0219i ro\u0219u <\/p>\n<\/div><\/div><div class=\"sf-grey-bar\" style=\"width:50%;height:75%;transform:translateX(-150px) translateY(-50%)\"><\/div><\/div>\n<\/div>\n\n<div style=\"height:100px\" aria-hidden=\"true\" class=\"wp-block-spacer\"><\/div>\n\n<p class=\"\"><\/p>\n","protected":false},"excerpt":{"rendered":"","protected":false},"author":7,"featured_media":0,"parent":0,"menu_order":0,"comment_status":"closed","ping_status":"closed","template":"","meta":{"inline_featured_image":false},"yoast_head":"<!-- This site is optimized with the Yoast SEO plugin v18.8 - https:\/\/yoast.com\/wordpress\/plugins\/seo\/ -->\n<title>Construc\u021bia obiectului - Fr\u00fchwald HU<\/title>\n<meta name=\"robots\" content=\"index, follow, max-snippet:-1, max-image-preview:large, max-video-preview:-1\" \/>\n<link rel=\"canonical\" href=\"https:\/\/fruehwald.hu\/ro\/constructia-obiectului\/\" \/>\n<meta property=\"og:locale\" content=\"ro_RO\" \/>\n<meta property=\"og:type\" content=\"article\" \/>\n<meta property=\"og:title\" content=\"Construc\u021bia obiectului - Fr\u00fchwald HU\" \/>\n<meta property=\"og:url\" content=\"https:\/\/fruehwald.hu\/ro\/constructia-obiectului\/\" \/>\n<meta property=\"og:site_name\" content=\"Fr\u00fchwald HU\" \/>\n<meta property=\"article:modified_time\" content=\"2024-03-06T12:35:59+00:00\" \/>\n<meta property=\"og:image\" content=\"https:\/\/fruehwald.hu\/wp-content\/uploads\/sites\/5\/2022\/11\/Terano_Cappuccino-Kroatien-pic2.jpg\" \/>\n<meta name=\"twitter:card\" content=\"summary_large_image\" \/>\n<meta name=\"twitter:label1\" content=\"Timp estimat pentru citire\" \/>\n\t<meta name=\"twitter:data1\" content=\"1 minut\" \/>\n<script type=\"application\/ld+json\" class=\"yoast-schema-graph\">{\"@context\":\"https:\/\/schema.org\",\"@graph\":[{\"@type\":\"WebSite\",\"@id\":\"https:\/\/fruehwald.hu\/#website\",\"url\":\"https:\/\/fruehwald.hu\/\",\"name\":\"Fr\u00fchwald HU\",\"description\":\"Fr\u00fchwald\",\"potentialAction\":[{\"@type\":\"SearchAction\",\"target\":{\"@type\":\"EntryPoint\",\"urlTemplate\":\"https:\/\/fruehwald.hu\/?s={search_term_string}\"},\"query-input\":\"required name=search_term_string\"}],\"inLanguage\":\"ro-RO\"},{\"@type\":\"ImageObject\",\"inLanguage\":\"ro-RO\",\"@id\":\"https:\/\/fruehwald.hu\/ro\/constructia-obiectului\/#primaryimage\",\"url\":\"https:\/\/fruehwald.hu\/wp-content\/uploads\/sites\/5\/2022\/11\/Terano_Cappuccino-Kroatien-pic2.jpg\",\"contentUrl\":\"https:\/\/fruehwald.hu\/wp-content\/uploads\/sites\/5\/2022\/11\/Terano_Cappuccino-Kroatien-pic2.jpg\",\"width\":1278,\"height\":980},{\"@type\":\"WebPage\",\"@id\":\"https:\/\/fruehwald.hu\/ro\/constructia-obiectului\/#webpage\",\"url\":\"https:\/\/fruehwald.hu\/ro\/constructia-obiectului\/\",\"name\":\"Construc\u021bia obiectului - Fr\u00fchwald HU\",\"isPartOf\":{\"@id\":\"https:\/\/fruehwald.hu\/#website\"},\"primaryImageOfPage\":{\"@id\":\"https:\/\/fruehwald.hu\/ro\/constructia-obiectului\/#primaryimage\"},\"datePublished\":\"2022-11-28T16:23:15+00:00\",\"dateModified\":\"2024-03-06T12:35:59+00:00\",\"breadcrumb\":{\"@id\":\"https:\/\/fruehwald.hu\/ro\/constructia-obiectului\/#breadcrumb\"},\"inLanguage\":\"ro-RO\",\"potentialAction\":[{\"@type\":\"ReadAction\",\"target\":[\"https:\/\/fruehwald.hu\/ro\/constructia-obiectului\/\"]}]},{\"@type\":\"BreadcrumbList\",\"@id\":\"https:\/\/fruehwald.hu\/ro\/constructia-obiectului\/#breadcrumb\",\"itemListElement\":[{\"@type\":\"ListItem\",\"position\":1,\"name\":\"Construc\u021bia obiectului\"}]}]}<\/script>\n<!-- \/ Yoast SEO plugin. -->","yoast_head_json":{"title":"Construc\u021bia obiectului - Fr\u00fchwald HU","robots":{"index":"index","follow":"follow","max-snippet":"max-snippet:-1","max-image-preview":"max-image-preview:large","max-video-preview":"max-video-preview:-1"},"canonical":"https:\/\/fruehwald.hu\/ro\/constructia-obiectului\/","og_locale":"ro_RO","og_type":"article","og_title":"Construc\u021bia obiectului - Fr\u00fchwald HU","og_url":"https:\/\/fruehwald.hu\/ro\/constructia-obiectului\/","og_site_name":"Fr\u00fchwald HU","article_modified_time":"2024-03-06T12:35:59+00:00","og_image":[{"url":"https:\/\/fruehwald.hu\/wp-content\/uploads\/sites\/5\/2022\/11\/Terano_Cappuccino-Kroatien-pic2.jpg"}],"twitter_card":"summary_large_image","twitter_misc":{"Timp estimat pentru citire":"1 minut"},"schema":{"@context":"https:\/\/schema.org","@graph":[{"@type":"WebSite","@id":"https:\/\/fruehwald.hu\/#website","url":"https:\/\/fruehwald.hu\/","name":"Fr\u00fchwald HU","description":"Fr\u00fchwald","potentialAction":[{"@type":"SearchAction","target":{"@type":"EntryPoint","urlTemplate":"https:\/\/fruehwald.hu\/?s={search_term_string}"},"query-input":"required name=search_term_string"}],"inLanguage":"ro-RO"},{"@type":"ImageObject","inLanguage":"ro-RO","@id":"https:\/\/fruehwald.hu\/ro\/constructia-obiectului\/#primaryimage","url":"https:\/\/fruehwald.hu\/wp-content\/uploads\/sites\/5\/2022\/11\/Terano_Cappuccino-Kroatien-pic2.jpg","contentUrl":"https:\/\/fruehwald.hu\/wp-content\/uploads\/sites\/5\/2022\/11\/Terano_Cappuccino-Kroatien-pic2.jpg","width":1278,"height":980},{"@type":"WebPage","@id":"https:\/\/fruehwald.hu\/ro\/constructia-obiectului\/#webpage","url":"https:\/\/fruehwald.hu\/ro\/constructia-obiectului\/","name":"Construc\u021bia obiectului - Fr\u00fchwald HU","isPartOf":{"@id":"https:\/\/fruehwald.hu\/#website"},"primaryImageOfPage":{"@id":"https:\/\/fruehwald.hu\/ro\/constructia-obiectului\/#primaryimage"},"datePublished":"2022-11-28T16:23:15+00:00","dateModified":"2024-03-06T12:35:59+00:00","breadcrumb":{"@id":"https:\/\/fruehwald.hu\/ro\/constructia-obiectului\/#breadcrumb"},"inLanguage":"ro-RO","potentialAction":[{"@type":"ReadAction","target":["https:\/\/fruehwald.hu\/ro\/constructia-obiectului\/"]}]},{"@type":"BreadcrumbList","@id":"https:\/\/fruehwald.hu\/ro\/constructia-obiectului\/#breadcrumb","itemListElement":[{"@type":"ListItem","position":1,"name":"Construc\u021bia obiectului"}]}]}},"acf":[],"_links":{"self":[{"href":"https:\/\/fruehwald.hu\/ro\/wp-json\/wp\/v2\/pages\/6644"}],"collection":[{"href":"https:\/\/fruehwald.hu\/ro\/wp-json\/wp\/v2\/pages"}],"about":[{"href":"https:\/\/fruehwald.hu\/ro\/wp-json\/wp\/v2\/types\/page"}],"author":[{"embeddable":true,"href":"https:\/\/fruehwald.hu\/ro\/wp-json\/wp\/v2\/users\/7"}],"replies":[{"embeddable":true,"href":"https:\/\/fruehwald.hu\/ro\/wp-json\/wp\/v2\/comments?post=6644"}],"version-history":[{"count":1,"href":"https:\/\/fruehwald.hu\/ro\/wp-json\/wp\/v2\/pages\/6644\/revisions"}],"predecessor-version":[{"id":6645,"href":"https:\/\/fruehwald.hu\/ro\/wp-json\/wp\/v2\/pages\/6644\/revisions\/6645"}],"wp:attachment":[{"href":"https:\/\/fruehwald.hu\/ro\/wp-json\/wp\/v2\/media?parent=6644"}],"curies":[{"name":"wp","href":"https:\/\/api.w.org\/{rel}","templated":true}]}}