{"id":6641,"date":"2022-11-30T15:22:25","date_gmt":"2022-11-30T14:22:25","guid":{"rendered":"https:\/\/fruehwald.hu\/proiectare-cu-preformari\/"},"modified":"2024-03-06T13:32:17","modified_gmt":"2024-03-06T12:32:17","slug":"proiectare-cu-preformari","status":"publish","type":"page","link":"https:\/\/fruehwald.hu\/ro\/proiectare-cu-preformari\/","title":{"rendered":"Proiectare cu preform\u0103ri"},"content":{"rendered":"\t<div class=\"sf-hero-image\" id=\"sf-hero-image-60f53dd84302e074838bb8764a2da7674f6f79092e26dce315b11621f9f49b84\" style=\"background-image: url(https:\/\/fruehwald.hu\/wp-content\/uploads\/sites\/5\/2022\/11\/1_Tiziano-Pflaster-Kombi_Vintage-Beige-Terko-Referencia.jpg); background-position: center center\">\n        <div class=\"carpet\"><\/div>\n                    <div class=\"inner\">\n\t                                <h1>Proiectare cu preform\u0103ri<\/h1>\n\t            \t                        <\/div>\n        \n        \n        \n        \t<\/div>\n\t    <style>\n                    <\/style>\n    \n<div style=\"height:100px\" aria-hidden=\"true\" class=\"wp-block-spacer\"><\/div>\n\n<p class=\"has-text-align-center\"> Proiectare cu preform\u0103ri Un amestec elegant de elemente de design vechi \u0219i noi este foarte la mod\u0103 \u00een zilele noastre. Solu\u021biile arhitecturale moderne cap\u0103t\u0103, de asemenea, un farmec unic prin utilizarea de formate diferite, c\u0103i \u0219i suprafe\u021be antice.<br\/>Impresia general\u0103 modern\u0103 nu este \u00eentrerupt\u0103 de acest tip de element care atrage aten\u021bia. Mai degrab\u0103, creeaz\u0103 o imagine de ansamblu armonioas\u0103, echilibrat\u0103 \u0219i distinct\u0103.<\/p>\n\n<div style=\"height:100px\" aria-hidden=\"true\" class=\"wp-block-spacer\"><\/div>\n\n<div class=\"wp-block-fruehwald-area container\">\n<div class=\"grey-bar-container grey-bar-right\"><div class=\"wp-block-media-text alignwide has-media-on-the-right is-stacked-on-mobile\"><figure class=\"wp-block-media-text__media\"><img loading=\"lazy\" width=\"640\" height=\"374\" src=\"https:\/\/fruehwald.hu\/wp-content\/uploads\/sites\/5\/2022\/11\/Tiziano_banner_1.jpg\" alt=\"\" class=\"wp-image-1095 size-full\"\/><\/figure><div class=\"wp-block-media-text__content\">\n<p class=\"has-font-font1 has-font-weight-5\">FORME COMBI<\/p>\n\n\n\n<p class=\"\">Solu\u021biile noastre combinate pot crea o varietate infinit\u0103 de modele de depunere. \u00cen acela\u0219i timp, acestea ofer\u0103 \u00eentotdeauna solu\u021bia perfect\u0103 pentru fiecare zon\u0103 din jurul casei: \u00eencep\u00e2nd de la poart\u0103, pe teras\u0103 \u0219i p\u00e2n\u0103 la gr\u0103din\u0103.<\/p>\n\n\n\n<figure class=\"wp-block-image size-full is-resized is-style-rounded\"><img src=\"https:\/\/fruehwald.hu\/wp-content\/uploads\/sites\/5\/2022\/11\/Tiziano_Kombi_Vintage-Beige_ASM_0021-1-1.jpg\" alt=\"\" class=\"wp-image-1097\" width=\"141\"\/><\/figure>\n\n\n\n<p class=\"\"><a href=\"https:\/\/fruehwald.hu\/termekek\/tiziano-laprendszer\/\">Tiziano<\/a><a href=\"https:\/\/fruehwald.hu\/tiziano-platte-2\/\">,<\/a> Bej (beige) de epoc\u0103 <\/p>\n<\/div><\/div><div class=\"sf-grey-bar\" style=\"width:50%;height:75%;transform:translateX(150px) translateY(-50%)\"><\/div><\/div>\n<\/div>\n\n<div style=\"height:150px\" aria-hidden=\"true\" class=\"wp-block-spacer\"><\/div>\n\n<div class=\"wp-block-fruehwald-area container\">\n<div class=\"grey-bar-container grey-bar-left\"><div class=\"wp-block-media-text alignwide is-stacked-on-mobile\"><figure class=\"wp-block-media-text__media\"><img loading=\"lazy\" width=\"1278\" height=\"980\" src=\"https:\/\/fruehwald.hu\/wp-content\/uploads\/sites\/5\/2022\/11\/Caesar_1-1.jpg\" alt=\"\" class=\"wp-image-1099 size-full\"\/><\/figure><div class=\"wp-block-media-text__content\">\n<p class=\"has-medium-font-size has-font-font1 has-font-weight-5\">PIETRE CU EFECT ANTIC, CU MUCHIILE SF\u0102R\u00c2MATE, COMBINATE CU ARHITECTURA MODERN\u0102 <\/p>\n\n\n\n<p class=\"\">Atmosfera special\u0103 este creat\u0103 aici de un pavaj cu aspect antic. Amestecul elegant de elemente rustice \u0219i moderne confer\u0103 casei dvs. un farmec aparte.<\/p>\n\n\n\n<figure class=\"wp-block-image size-full is-resized is-style-rounded\"><img src=\"https:\/\/fruehwald.hu\/wp-content\/uploads\/sites\/5\/2022\/11\/caesar-pflaster-bontott-tegla-4.png\" alt=\"\" class=\"wp-image-1101\" width=\"141\" srcset=\"https:\/\/fruehwald.hu\/wp-content\/uploads\/sites\/5\/2022\/11\/caesar-pflaster-bontott-tegla-4.png 177w, https:\/\/fruehwald.hu\/wp-content\/uploads\/sites\/5\/2022\/11\/caesar-pflaster-bontott-tegla-4-150x150.png 150w\" sizes=\"(max-width: 177px) 100vw, 177px\" \/><\/figure>\n\n\n\n<p class=\"\"><a href=\"https:\/\/fruehwald.hu\/termekek\/caesar-hu\/\">C\u0103r\u0103mizi demolate de tip Cezar<\/a><\/p>\n<\/div><\/div><div class=\"sf-grey-bar\" style=\"width:50%;height:75%;transform:translateX(-150px) translateY(-50%)\"><\/div><\/div>\n<\/div>\n\n<div style=\"height:150px\" aria-hidden=\"true\" class=\"wp-block-spacer\"><\/div>\n\n<div class=\"wp-block-fruehwald-area container\">\n<div class=\"grey-bar-container grey-bar-right\"><div class=\"wp-block-media-text alignwide has-media-on-the-right is-stacked-on-mobile\"><figure class=\"wp-block-media-text__media\"><img loading=\"lazy\" width=\"1278\" height=\"980\" src=\"https:\/\/fruehwald.hu\/wp-content\/uploads\/sites\/5\/2022\/11\/Pavillion_neu.jpg\" alt=\"\" class=\"wp-image-1103 size-full\"\/><\/figure><div class=\"wp-block-media-text__content\">\n<p class=\"has-font-font1 has-font-weight-5\">FORME MARI PENTRU SPA\u021aII MICI<\/p>\n\n\n\n<p class=\"\">Utilizarea elementelor de format mare confer\u0103, de asemenea, gr\u0103dinilor mai mici o senza\u021bie de spa\u021biu \u0219i deschidere. De asemenea, noile tehnologii au f\u0103cut posibil\u0103 produc\u021bia sigur\u0103 \u0219i depozitarea formelor mari. Cu alegerea corect\u0103 a sistemelor de pavaj, chiar \u0219i suprafe\u021bele mici pot fi transformate \u00een paradis.<\/p>\n\n\n\n<figure class=\"wp-block-image size-full is-resized is-style-rounded\"><img src=\"https:\/\/fruehwald.hu\/wp-content\/uploads\/sites\/5\/2022\/11\/LaPiazzaGrande_CittaGrande_cremeweiss-208x208-2.jpeg\" alt=\"\" class=\"wp-image-1105\" width=\"141\"\/><\/figure>\n\n\n\n<p class=\"\"><a href=\"https:\/\/fruehwald.hu\/termekek\/la-piazza-grande-hu\/\">La Piazza Grande,<\/a> Alb-crem\u0103<\/p>\n<\/div><\/div><div class=\"sf-grey-bar\" style=\"width:50%;height:75%;transform:translateX(150px) translateY(-50%)\"><\/div><\/div>\n<\/div>\n\n<div style=\"height:150px\" aria-hidden=\"true\" class=\"wp-block-spacer\"><\/div>\n\n<div class=\"wp-block-fruehwald-area container\">\n<div class=\"grey-bar-container grey-bar-left\"><div class=\"wp-block-media-text alignwide is-stacked-on-mobile\"><figure class=\"wp-block-media-text__media\"><img loading=\"lazy\" width=\"1278\" height=\"980\" src=\"https:\/\/fruehwald.hu\/wp-content\/uploads\/sites\/5\/2022\/11\/Bekecs_Privat3_eingang.jpg\" alt=\"\" class=\"wp-image-1107 size-full\"\/><\/figure><div class=\"wp-block-media-text__content\">\n<p class=\"has-font-font1 has-font-weight-5\">FORME MARI PENTRU SPA\u021aII MICI<\/p>\n\n\n\n<p class=\"\">\u0218i pietrele mici pot fi folosite \u00een stil mare. Pietrele selectate cu grij\u0103 pot crea un efect general deosebit. Cu alegerea corect\u0103 a dimensiunilor, se pot crea posibilit\u0103\u021bi infinite de modele de pavare \u0219i efecte de mozaic.<\/p>\n\n\n\n<figure class=\"wp-block-image size-full is-resized is-style-rounded\"><img src=\"https:\/\/fruehwald.hu\/wp-content\/uploads\/sites\/5\/2022\/11\/classic-pflaster-braun-meliert-1-2.jpeg\" alt=\"\" class=\"wp-image-1109\" width=\"141\"\/><\/figure>\n\n\n\n<p class=\"\"><a href=\"https:\/\/fruehwald.hu\/termekek\/classic\/\">Classic<\/a>, Maroniu<\/p>\n<\/div><\/div><div class=\"sf-grey-bar\" style=\"width:50%;height:75%;transform:translateX(-150px) translateY(-50%)\"><\/div><\/div>\n\n\n\n<p class=\"\"><\/p>\n<\/div>\n\n<div style=\"height:150px\" aria-hidden=\"true\" class=\"wp-block-spacer\"><\/div>\n\n<div class=\"wp-block-fruehwald-area container\">\n<div class=\"grey-bar-container grey-bar-right\"><div class=\"wp-block-media-text alignwide has-media-on-the-right is-stacked-on-mobile\"><figure class=\"wp-block-media-text__media\"><img loading=\"lazy\" width=\"1278\" height=\"980\" src=\"https:\/\/fruehwald.hu\/wp-content\/uploads\/sites\/5\/2022\/11\/Finessa_weiss_02_3000x2000px-2-scaled-1.jpg\" alt=\"\" class=\"wp-image-1111 size-full\"\/><\/figure><div class=\"wp-block-media-text__content\">\n<p class=\"has-font-font1 has-font-weight-5\">LINIILE DREPTE CREEAZ\u0102 UN STIL CURAT \u0218I STRUCTURAT<\/p>\n\n\n\n<p class=\"\">Pentru a crea o atmosfer\u0103 structurat\u0103 \u0219i transparent\u0103 \u00een gr\u0103dina dumneavoastr\u0103, este o idee bun\u0103 s\u0103 folosi\u021bi linii drepte.<\/p>\n\n\n\n<p class=\"\">Folosirea pietrelor \u0219i a aleilor drepte ajut\u0103 la \u00eemp\u0103r\u021birea transparent\u0103 a gr\u0103dinii \u0219i la crearea unei armonii \u00eentre spa\u021bii.<\/p>\n\n\n\n<figure class=\"wp-block-image size-full is-resized is-style-rounded\"><img src=\"https:\/\/fruehwald.hu\/wp-content\/uploads\/sites\/5\/2022\/11\/Finessa_Kombi_Weiss-208x208-2.jpeg\" alt=\"\" class=\"wp-image-1113\" width=\"141\"\/><\/figure>\n\n\n\n<p class=\"has-text-align-left\"><a href=\"https:\/\/fruehwald.hu\/termekek\/finessa\/\">Finessa,<\/a> Alb<\/p>\n<\/div><\/div><div class=\"sf-grey-bar\" style=\"width:50%;height:75%;transform:translateX(150px) translateY(-50%)\"><\/div><\/div>\n<\/div>\n\n<div style=\"height:100px\" aria-hidden=\"true\" class=\"wp-block-spacer\"><\/div>\n\n<div class=\"wp-block-fruehwald-area container\">\n<div class=\"grey-bar-container grey-bar-left\"><div class=\"wp-block-media-text alignwide is-stacked-on-mobile\"><figure class=\"wp-block-media-text__media\"><img loading=\"lazy\" width=\"1278\" height=\"980\" src=\"https:\/\/fruehwald.hu\/wp-content\/uploads\/sites\/5\/2022\/11\/Parolin_DSC_2655.jpg\" alt=\"\" class=\"wp-image-1115 size-full\"\/><\/figure><div class=\"wp-block-media-text__content\">\n<p class=\"has-font-font1 has-font-weight-5\">NOI V\u0102 D\u0102M UN IMPULS VIE\u021aII DUMNEAVOASTR\u0102<\/p>\n\n\n\n<p class=\"\">Pentru ca aleile de gr\u0103din\u0103 s\u0103 se integreze armonios \u00een gr\u0103dina dumneavoastr\u0103, acestea trebuie s\u0103 se potriveasc\u0103 at\u00e2t cu casa, c\u00e2t \u0219i cu terasa. Prin urmare, alegerea materialelor \u0219i c\u0103ile de acces joac\u0103 un rol important.<\/p>\n\n\n\n<p class=\"\">Suprafe\u021bele \u0219i c\u0103ile de acces curbate au un aspect mai natural, iar posibilit\u0103\u021bile de design sunt nelimitate cu ajutorul curbelor.<\/p>\n\n\n\n<figure class=\"wp-block-image size-full is-resized is-style-rounded\"><img src=\"https:\/\/fruehwald.hu\/wp-content\/uploads\/sites\/5\/2022\/11\/parolin-pflaster-grau-2.jpeg\" alt=\"\" class=\"wp-image-1117\" width=\"141\"\/><\/figure>\n\n\n\n<p class=\"\"><a href=\"https:\/\/fruehwald.hu\/termekek\/parolin-hu\/\">Parolin<\/a>, Gri<\/p>\n<\/div><\/div><div class=\"sf-grey-bar\" style=\"width:50%;height:75%;transform:translateX(-150px) translateY(-50%)\"><\/div><\/div>\n<\/div>\n\n<div style=\"height:150px\" aria-hidden=\"true\" class=\"wp-block-spacer\"><\/div>\n","protected":false},"excerpt":{"rendered":"<p>Proiectare cu preform\u0103ri Un amestec elegant de elemente de design vechi \u0219i noi este foarte la mod\u0103 \u00een zilele noastre. Solu\u021biile arhitecturale moderne cap\u0103t\u0103, de asemenea, un farmec unic prin utilizarea de formate diferite, c\u0103i \u0219i suprafe\u021be antice.Impresia general\u0103 modern\u0103 nu este \u00eentrerupt\u0103 de acest tip de element care atrage aten\u021bia. Mai degrab\u0103, creeaz\u0103 o [&hellip;]<\/p>\n","protected":false},"author":7,"featured_media":0,"parent":0,"menu_order":0,"comment_status":"closed","ping_status":"closed","template":"","meta":{"inline_featured_image":false},"yoast_head":"<!-- This site is optimized with the Yoast SEO plugin v18.8 - https:\/\/yoast.com\/wordpress\/plugins\/seo\/ -->\n<title>Proiectare cu preform\u0103ri - Fr\u00fchwald HU<\/title>\n<meta name=\"robots\" content=\"index, follow, max-snippet:-1, max-image-preview:large, max-video-preview:-1\" \/>\n<link rel=\"canonical\" href=\"https:\/\/fruehwald.hu\/ro\/proiectare-cu-preformari\/\" \/>\n<meta property=\"og:locale\" content=\"ro_RO\" \/>\n<meta property=\"og:type\" content=\"article\" \/>\n<meta property=\"og:title\" content=\"Proiectare cu preform\u0103ri - Fr\u00fchwald HU\" \/>\n<meta property=\"og:description\" content=\"Proiectare cu preform\u0103ri Un amestec elegant de elemente de design vechi \u0219i noi este foarte la mod\u0103 \u00een zilele noastre. Solu\u021biile arhitecturale moderne cap\u0103t\u0103, de asemenea, un farmec unic prin utilizarea de formate diferite, c\u0103i \u0219i suprafe\u021be antice.Impresia general\u0103 modern\u0103 nu este \u00eentrerupt\u0103 de acest tip de element care atrage aten\u021bia. Mai degrab\u0103, creeaz\u0103 o [&hellip;]\" \/>\n<meta property=\"og:url\" content=\"https:\/\/fruehwald.hu\/ro\/proiectare-cu-preformari\/\" \/>\n<meta property=\"og:site_name\" content=\"Fr\u00fchwald HU\" \/>\n<meta property=\"article:modified_time\" content=\"2024-03-06T12:32:17+00:00\" \/>\n<meta property=\"og:image\" content=\"http:\/\/fruehwald.hu\/wp-content\/uploads\/sites\/5\/2022\/11\/Tiziano_banner_1.jpg\" \/>\n<meta name=\"twitter:card\" content=\"summary_large_image\" \/>\n<meta name=\"twitter:label1\" content=\"Timp estimat pentru citire\" \/>\n\t<meta name=\"twitter:data1\" content=\"2 minute\" \/>\n<script type=\"application\/ld+json\" class=\"yoast-schema-graph\">{\"@context\":\"https:\/\/schema.org\",\"@graph\":[{\"@type\":\"WebSite\",\"@id\":\"https:\/\/fruehwald.hu\/#website\",\"url\":\"https:\/\/fruehwald.hu\/\",\"name\":\"Fr\u00fchwald HU\",\"description\":\"Fr\u00fchwald\",\"potentialAction\":[{\"@type\":\"SearchAction\",\"target\":{\"@type\":\"EntryPoint\",\"urlTemplate\":\"https:\/\/fruehwald.hu\/?s={search_term_string}\"},\"query-input\":\"required name=search_term_string\"}],\"inLanguage\":\"ro-RO\"},{\"@type\":\"ImageObject\",\"inLanguage\":\"ro-RO\",\"@id\":\"https:\/\/fruehwald.hu\/ro\/proiectare-cu-preformari\/#primaryimage\",\"url\":\"https:\/\/fruehwald.hu\/wp-content\/uploads\/sites\/5\/2022\/11\/Tiziano_banner_1.jpg\",\"contentUrl\":\"https:\/\/fruehwald.hu\/wp-content\/uploads\/sites\/5\/2022\/11\/Tiziano_banner_1.jpg\",\"width\":640,\"height\":374},{\"@type\":\"WebPage\",\"@id\":\"https:\/\/fruehwald.hu\/ro\/proiectare-cu-preformari\/#webpage\",\"url\":\"https:\/\/fruehwald.hu\/ro\/proiectare-cu-preformari\/\",\"name\":\"Proiectare cu preform\u0103ri - Fr\u00fchwald HU\",\"isPartOf\":{\"@id\":\"https:\/\/fruehwald.hu\/#website\"},\"primaryImageOfPage\":{\"@id\":\"https:\/\/fruehwald.hu\/ro\/proiectare-cu-preformari\/#primaryimage\"},\"datePublished\":\"2022-11-30T14:22:25+00:00\",\"dateModified\":\"2024-03-06T12:32:17+00:00\",\"breadcrumb\":{\"@id\":\"https:\/\/fruehwald.hu\/ro\/proiectare-cu-preformari\/#breadcrumb\"},\"inLanguage\":\"ro-RO\",\"potentialAction\":[{\"@type\":\"ReadAction\",\"target\":[\"https:\/\/fruehwald.hu\/ro\/proiectare-cu-preformari\/\"]}]},{\"@type\":\"BreadcrumbList\",\"@id\":\"https:\/\/fruehwald.hu\/ro\/proiectare-cu-preformari\/#breadcrumb\",\"itemListElement\":[{\"@type\":\"ListItem\",\"position\":1,\"name\":\"Proiectare cu preform\u0103ri\"}]}]}<\/script>\n<!-- \/ Yoast SEO plugin. -->","yoast_head_json":{"title":"Proiectare cu preform\u0103ri - Fr\u00fchwald HU","robots":{"index":"index","follow":"follow","max-snippet":"max-snippet:-1","max-image-preview":"max-image-preview:large","max-video-preview":"max-video-preview:-1"},"canonical":"https:\/\/fruehwald.hu\/ro\/proiectare-cu-preformari\/","og_locale":"ro_RO","og_type":"article","og_title":"Proiectare cu preform\u0103ri - Fr\u00fchwald HU","og_description":"Proiectare cu preform\u0103ri Un amestec elegant de elemente de design vechi \u0219i noi este foarte la mod\u0103 \u00een zilele noastre. Solu\u021biile arhitecturale moderne cap\u0103t\u0103, de asemenea, un farmec unic prin utilizarea de formate diferite, c\u0103i \u0219i suprafe\u021be antice.Impresia general\u0103 modern\u0103 nu este \u00eentrerupt\u0103 de acest tip de element care atrage aten\u021bia. Mai degrab\u0103, creeaz\u0103 o [&hellip;]","og_url":"https:\/\/fruehwald.hu\/ro\/proiectare-cu-preformari\/","og_site_name":"Fr\u00fchwald HU","article_modified_time":"2024-03-06T12:32:17+00:00","og_image":[{"url":"http:\/\/fruehwald.hu\/wp-content\/uploads\/sites\/5\/2022\/11\/Tiziano_banner_1.jpg"}],"twitter_card":"summary_large_image","twitter_misc":{"Timp estimat pentru citire":"2 minute"},"schema":{"@context":"https:\/\/schema.org","@graph":[{"@type":"WebSite","@id":"https:\/\/fruehwald.hu\/#website","url":"https:\/\/fruehwald.hu\/","name":"Fr\u00fchwald HU","description":"Fr\u00fchwald","potentialAction":[{"@type":"SearchAction","target":{"@type":"EntryPoint","urlTemplate":"https:\/\/fruehwald.hu\/?s={search_term_string}"},"query-input":"required name=search_term_string"}],"inLanguage":"ro-RO"},{"@type":"ImageObject","inLanguage":"ro-RO","@id":"https:\/\/fruehwald.hu\/ro\/proiectare-cu-preformari\/#primaryimage","url":"https:\/\/fruehwald.hu\/wp-content\/uploads\/sites\/5\/2022\/11\/Tiziano_banner_1.jpg","contentUrl":"https:\/\/fruehwald.hu\/wp-content\/uploads\/sites\/5\/2022\/11\/Tiziano_banner_1.jpg","width":640,"height":374},{"@type":"WebPage","@id":"https:\/\/fruehwald.hu\/ro\/proiectare-cu-preformari\/#webpage","url":"https:\/\/fruehwald.hu\/ro\/proiectare-cu-preformari\/","name":"Proiectare cu preform\u0103ri - Fr\u00fchwald HU","isPartOf":{"@id":"https:\/\/fruehwald.hu\/#website"},"primaryImageOfPage":{"@id":"https:\/\/fruehwald.hu\/ro\/proiectare-cu-preformari\/#primaryimage"},"datePublished":"2022-11-30T14:22:25+00:00","dateModified":"2024-03-06T12:32:17+00:00","breadcrumb":{"@id":"https:\/\/fruehwald.hu\/ro\/proiectare-cu-preformari\/#breadcrumb"},"inLanguage":"ro-RO","potentialAction":[{"@type":"ReadAction","target":["https:\/\/fruehwald.hu\/ro\/proiectare-cu-preformari\/"]}]},{"@type":"BreadcrumbList","@id":"https:\/\/fruehwald.hu\/ro\/proiectare-cu-preformari\/#breadcrumb","itemListElement":[{"@type":"ListItem","position":1,"name":"Proiectare cu preform\u0103ri"}]}]}},"acf":[],"_links":{"self":[{"href":"https:\/\/fruehwald.hu\/ro\/wp-json\/wp\/v2\/pages\/6641"}],"collection":[{"href":"https:\/\/fruehwald.hu\/ro\/wp-json\/wp\/v2\/pages"}],"about":[{"href":"https:\/\/fruehwald.hu\/ro\/wp-json\/wp\/v2\/types\/page"}],"author":[{"embeddable":true,"href":"https:\/\/fruehwald.hu\/ro\/wp-json\/wp\/v2\/users\/7"}],"replies":[{"embeddable":true,"href":"https:\/\/fruehwald.hu\/ro\/wp-json\/wp\/v2\/comments?post=6641"}],"version-history":[{"count":1,"href":"https:\/\/fruehwald.hu\/ro\/wp-json\/wp\/v2\/pages\/6641\/revisions"}],"predecessor-version":[{"id":6642,"href":"https:\/\/fruehwald.hu\/ro\/wp-json\/wp\/v2\/pages\/6641\/revisions\/6642"}],"wp:attachment":[{"href":"https:\/\/fruehwald.hu\/ro\/wp-json\/wp\/v2\/media?parent=6641"}],"curies":[{"name":"wp","href":"https:\/\/api.w.org\/{rel}","templated":true}]}}