{"id":6634,"date":"2022-11-28T18:42:13","date_gmt":"2022-11-28T17:42:13","guid":{"rendered":"https:\/\/fruehwald.hu\/modele-de-imbinare\/"},"modified":"2024-03-06T13:25:08","modified_gmt":"2024-03-06T12:25:08","slug":"modele-de-imbinare","status":"publish","type":"page","link":"https:\/\/fruehwald.hu\/ro\/modele-de-imbinare\/","title":{"rendered":"Modele de \u00eembinare"},"content":{"rendered":"\t<div class=\"sf-hero-image\" id=\"sf-hero-image-2779139400ba7f029d42561719b0e98f4349540cfacab745e984950ffb33879a\" style=\"background-image: url(https:\/\/fruehwald.hu\/wp-content\/uploads\/sites\/5\/2022\/11\/FR_Fruhwald-Maertimo.jpg); background-position: center center\">\n        <div class=\"carpet\"><\/div>\n                    <div class=\"inner\">\n\t                                <h1>Modele de \u00eembinare<\/h1>\n\t            \t                        <\/div>\n        \n        \n        \n        \t<\/div>\n\t    <style>\n                    <\/style>\n    \n<div class=\"wp-block-fruehwald-area container\" data-aos=\"fade-up\">\n<h1 class=\"has-text-align-center\">Modelarea formelor pavajelor \u0219i a pl\u0103cilor de beton<\/h1>\n\n\n\n<p class=\"has-text-align-center\">Modelul de \u00eembinare este cel care stabile\u0219te atmosfera unei zone. Prin alegerea diferitelor forme, culori \u0219i aranjamente ale pl\u0103cilor, pute\u021bi extinde spa\u021biile. Acest lucru v\u0103 permite s\u0103 extinde\u021bi sau s\u0103 limita\u021bi zona doar prin depunerea de pietre mari sau mici.<\/p>\n\n\n\n<p class=\"has-text-align-center\">Cu toate acestea, designul nu este totul. Caracterul func\u021bional nu trebuie s\u0103 fie ignorat niciodat\u0103. Proiectarea atent\u0103 \u0219i respectarea specifica\u021biilor de montare \u00een timpul execu\u021biei se combin\u0103 pentru a asigura o durat\u0103 de via\u021b\u0103 lung\u0103 a construc\u021biei. Exemplele de aplica\u021bii practice au ar\u0103tat c\u0103 diferite materiale pot fi bine combinate. Iat\u0103 c\u00e2teva modele clasice de \u00eembinare. <\/p>\n\n\n\n<p class=\"has-text-align-center\">Pe site-ul www.fruewald.hu ve\u021bi g\u0103si, de asemenea, modele suplimentare de \u00eembinare, la care se adaug\u0103 \u0219i un <a href=\"http:\/\/Produkte\">program<\/a> pentru calculul necesarului de cantitate la materiale.<\/p>\n<\/div>\n\n<div style=\"height:100px\" aria-hidden=\"true\" class=\"wp-block-spacer\"><\/div>\n\n<div class=\"wp-block-fruehwald-area container\" data-aos=\"fade-up\">\n<div class=\"grey-bar-container grey-bar-right\"><div class=\"wp-block-media-text alignwide has-media-on-the-right is-stacked-on-mobile\"><figure class=\"wp-block-media-text__media\"><img loading=\"lazy\" width=\"2663\" height=\"2042\" src=\"https:\/\/fruehwald.hu\/wp-content\/uploads\/sites\/5\/2022\/11\/FR_Fruehwald-Verlegemuster-1.jpg\" alt=\"\" class=\"wp-image-566 size-full\"\/><\/figure><div class=\"wp-block-media-text__content\">\n<h2 class=\"\"><strong>\u00cembinare fugii \u00een cruce<\/strong><\/h2>\n\n\n\n\n\n<p class=\"\">A\u0219eza\u021bi pietrele \u00een mod regulat, una l\u00e2ng\u0103 cealalt\u0103. Acest tip de pardoseal\u0103 este cel mai potrivit pentru suprafe\u021bele cu tensiuni mai mici &#8211; cum ar fi terasele, balcoanele sau arcadele &#8211; deoarece fugile sunt paralele \u00een ambele direc\u021bii.<\/p>\n<\/div><\/div><div class=\"sf-grey-bar\" style=\"width:50%;height:75%;transform:translateX(150px) translateY(-50%)\"><\/div><\/div>\n<\/div>\n\n<div style=\"height:150px\" aria-hidden=\"true\" class=\"wp-block-spacer\"><\/div>\n\n<div class=\"wp-block-fruehwald-area container\" data-aos=\"fade-up\">\n<div class=\"grey-bar-container grey-bar-left\"><div class=\"wp-block-media-text alignwide is-stacked-on-mobile\"><figure class=\"wp-block-media-text__media\"><img loading=\"lazy\" width=\"2663\" height=\"2042\" src=\"https:\/\/fruehwald.hu\/wp-content\/uploads\/sites\/5\/2022\/11\/FR_Fruehwald-Verlegemuster2-1.jpg\" alt=\"\" class=\"wp-image-568 size-full\"\/><\/figure><div class=\"wp-block-media-text__content\">\n<h2 class=\"\"><strong>\u00cembinare cu fuga decalat\u0103<\/strong><\/h2>\n\n\n\n<p class=\"\">Pietrele sunt a\u0219ezate una l\u00e2ng\u0103 alta \u00een a\u0219a fel \u00eenc\u00e2t la fiecare al doilea r\u00e2nd, sunt amplasate cu un decalaj de 1\/3 sau 2\/3. Acest lucru rupe desenul fugii, extinz\u00e2nd spa\u021biul. Cu acest model de \u00eembinare pute\u021bi ob\u021bine o capacitate de suportare a sarcinii semnificativ mai bun\u0103 &#8211; noi folosim acest model la terase, drumuri, cur\u021bi \u0219i alei!<\/p>\n<\/div><\/div><div class=\"sf-grey-bar\" style=\"width:50%;height:75%;transform:translateX(-150px) translateY(-50%)\"><\/div><\/div>\n<\/div>\n\n<div style=\"height:150px\" aria-hidden=\"true\" class=\"wp-block-spacer\"><\/div>\n\n<div class=\"wp-block-fruehwald-area container\" data-aos=\"fade-up\">\n<div class=\"grey-bar-container grey-bar-right\"><div class=\"wp-block-media-text alignwide has-media-on-the-right is-stacked-on-mobile\"><figure class=\"wp-block-media-text__media\"><img loading=\"lazy\" width=\"2663\" height=\"2042\" src=\"https:\/\/fruehwald.hu\/wp-content\/uploads\/sites\/5\/2022\/11\/FR_Fruehwald-Verlegemuster3-1.jpg\" alt=\"\" class=\"wp-image-570 size-full\"\/><\/figure><div class=\"wp-block-media-text__content\">\n<h2 class=\"\"><strong>\u00cembinare \u00een cot<\/strong><\/h2>\n\n\n\n<p class=\"\">La acest tip de \u00eembinare, ambele linii de fug\u0103 sunt \u00eentrerupte. Pietrele sunt amplasate \u00een unghiuri drepte fa\u021b\u0103 de bordur\u0103 pentru a crea o leg\u0103tur\u0103 foarte puternic\u0103, acest tip de \u00eembinare ce este optim\u0103 \u0219i deosebit de util\u0103 pentru suprafe\u021bele supuse unei sarcini intense &#8211; terase, alei, por\u021bi de acces, etc.<\/p>\n<\/div><\/div><div class=\"sf-grey-bar\" style=\"width:50%;height:75%;transform:translateX(150px) translateY(-50%)\"><\/div><\/div>\n<\/div>\n\n<div style=\"height:150px\" aria-hidden=\"true\" class=\"wp-block-spacer\"><\/div>\n\n<div class=\"wp-block-fruehwald-area container\" data-aos=\"fade-up\">\n<div class=\"grey-bar-container grey-bar-left\"><div class=\"wp-block-media-text alignwide is-stacked-on-mobile\"><figure class=\"wp-block-media-text__media\"><img loading=\"lazy\" width=\"2663\" height=\"2042\" src=\"https:\/\/fruehwald.hu\/wp-content\/uploads\/sites\/5\/2022\/11\/FR_Fruehwald-Verlegemuster4-1.jpg\" alt=\"\" class=\"wp-image-572 size-full\"\/><\/figure><div class=\"wp-block-media-text__content\">\n<h2 class=\"\"><strong>\u00cembinare tip oase de peste<\/strong><\/h2>\n\n\n\n<p class=\"\">Pietrele sunt a\u0219ezate \u00een diagonal\u0103 una l\u00e2ng\u0103 cealalt\u0103 fa\u021b\u0103 de bordur\u0103, ceea ce creeaz\u0103 o capacitate portant\u0103 foarte puternic\u0103. Acest mod de \u00eembinare se folose\u0219te \u00een special \u00een zonele cu trafic de autovehicule.<\/p>\n<\/div><\/div><div class=\"sf-grey-bar\" style=\"width:50%;height:75%;transform:translateX(-150px) translateY(-50%)\"><\/div><\/div>\n<\/div>\n\n<div style=\"height:50px\" aria-hidden=\"true\" class=\"wp-block-spacer\"><\/div>\n\n<p class=\"\"><\/p>\n","protected":false},"excerpt":{"rendered":"","protected":false},"author":7,"featured_media":0,"parent":0,"menu_order":0,"comment_status":"closed","ping_status":"closed","template":"","meta":{"inline_featured_image":false},"yoast_head":"<!-- This site is optimized with the Yoast SEO plugin v18.8 - https:\/\/yoast.com\/wordpress\/plugins\/seo\/ -->\n<title>Modele de \u00eembinare - Fr\u00fchwald HU<\/title>\n<meta name=\"robots\" content=\"index, follow, max-snippet:-1, max-image-preview:large, max-video-preview:-1\" \/>\n<link rel=\"canonical\" href=\"https:\/\/fruehwald.hu\/ro\/modele-de-imbinare\/\" \/>\n<meta property=\"og:locale\" content=\"ro_RO\" \/>\n<meta property=\"og:type\" content=\"article\" \/>\n<meta property=\"og:title\" content=\"Modele de \u00eembinare - Fr\u00fchwald HU\" \/>\n<meta property=\"og:url\" content=\"https:\/\/fruehwald.hu\/ro\/modele-de-imbinare\/\" \/>\n<meta property=\"og:site_name\" content=\"Fr\u00fchwald HU\" \/>\n<meta property=\"article:modified_time\" content=\"2024-03-06T12:25:08+00:00\" \/>\n<meta property=\"og:image\" content=\"https:\/\/fruehwald.hu\/wp-content\/uploads\/sites\/5\/2022\/11\/FR_Fruehwald-Verlegemuster-1.jpg\" \/>\n<meta name=\"twitter:card\" content=\"summary_large_image\" \/>\n<meta name=\"twitter:label1\" content=\"Timp estimat pentru citire\" \/>\n\t<meta name=\"twitter:data1\" content=\"2 minute\" \/>\n<script type=\"application\/ld+json\" class=\"yoast-schema-graph\">{\"@context\":\"https:\/\/schema.org\",\"@graph\":[{\"@type\":\"WebSite\",\"@id\":\"https:\/\/fruehwald.hu\/#website\",\"url\":\"https:\/\/fruehwald.hu\/\",\"name\":\"Fr\u00fchwald HU\",\"description\":\"Fr\u00fchwald\",\"potentialAction\":[{\"@type\":\"SearchAction\",\"target\":{\"@type\":\"EntryPoint\",\"urlTemplate\":\"https:\/\/fruehwald.hu\/?s={search_term_string}\"},\"query-input\":\"required name=search_term_string\"}],\"inLanguage\":\"ro-RO\"},{\"@type\":\"ImageObject\",\"inLanguage\":\"ro-RO\",\"@id\":\"https:\/\/fruehwald.hu\/ro\/modele-de-imbinare\/#primaryimage\",\"url\":\"https:\/\/fruehwald.hu\/wp-content\/uploads\/sites\/5\/2022\/11\/FR_Fruehwald-Verlegemuster-1.jpg\",\"contentUrl\":\"https:\/\/fruehwald.hu\/wp-content\/uploads\/sites\/5\/2022\/11\/FR_Fruehwald-Verlegemuster-1.jpg\",\"width\":2663,\"height\":2042},{\"@type\":\"WebPage\",\"@id\":\"https:\/\/fruehwald.hu\/ro\/modele-de-imbinare\/#webpage\",\"url\":\"https:\/\/fruehwald.hu\/ro\/modele-de-imbinare\/\",\"name\":\"Modele de \u00eembinare - Fr\u00fchwald HU\",\"isPartOf\":{\"@id\":\"https:\/\/fruehwald.hu\/#website\"},\"primaryImageOfPage\":{\"@id\":\"https:\/\/fruehwald.hu\/ro\/modele-de-imbinare\/#primaryimage\"},\"datePublished\":\"2022-11-28T17:42:13+00:00\",\"dateModified\":\"2024-03-06T12:25:08+00:00\",\"breadcrumb\":{\"@id\":\"https:\/\/fruehwald.hu\/ro\/modele-de-imbinare\/#breadcrumb\"},\"inLanguage\":\"ro-RO\",\"potentialAction\":[{\"@type\":\"ReadAction\",\"target\":[\"https:\/\/fruehwald.hu\/ro\/modele-de-imbinare\/\"]}]},{\"@type\":\"BreadcrumbList\",\"@id\":\"https:\/\/fruehwald.hu\/ro\/modele-de-imbinare\/#breadcrumb\",\"itemListElement\":[{\"@type\":\"ListItem\",\"position\":1,\"name\":\"Modele de \u00eembinare\"}]}]}<\/script>\n<!-- \/ Yoast SEO plugin. -->","yoast_head_json":{"title":"Modele de \u00eembinare - Fr\u00fchwald HU","robots":{"index":"index","follow":"follow","max-snippet":"max-snippet:-1","max-image-preview":"max-image-preview:large","max-video-preview":"max-video-preview:-1"},"canonical":"https:\/\/fruehwald.hu\/ro\/modele-de-imbinare\/","og_locale":"ro_RO","og_type":"article","og_title":"Modele de \u00eembinare - Fr\u00fchwald HU","og_url":"https:\/\/fruehwald.hu\/ro\/modele-de-imbinare\/","og_site_name":"Fr\u00fchwald HU","article_modified_time":"2024-03-06T12:25:08+00:00","og_image":[{"url":"https:\/\/fruehwald.hu\/wp-content\/uploads\/sites\/5\/2022\/11\/FR_Fruehwald-Verlegemuster-1.jpg"}],"twitter_card":"summary_large_image","twitter_misc":{"Timp estimat pentru citire":"2 minute"},"schema":{"@context":"https:\/\/schema.org","@graph":[{"@type":"WebSite","@id":"https:\/\/fruehwald.hu\/#website","url":"https:\/\/fruehwald.hu\/","name":"Fr\u00fchwald HU","description":"Fr\u00fchwald","potentialAction":[{"@type":"SearchAction","target":{"@type":"EntryPoint","urlTemplate":"https:\/\/fruehwald.hu\/?s={search_term_string}"},"query-input":"required name=search_term_string"}],"inLanguage":"ro-RO"},{"@type":"ImageObject","inLanguage":"ro-RO","@id":"https:\/\/fruehwald.hu\/ro\/modele-de-imbinare\/#primaryimage","url":"https:\/\/fruehwald.hu\/wp-content\/uploads\/sites\/5\/2022\/11\/FR_Fruehwald-Verlegemuster-1.jpg","contentUrl":"https:\/\/fruehwald.hu\/wp-content\/uploads\/sites\/5\/2022\/11\/FR_Fruehwald-Verlegemuster-1.jpg","width":2663,"height":2042},{"@type":"WebPage","@id":"https:\/\/fruehwald.hu\/ro\/modele-de-imbinare\/#webpage","url":"https:\/\/fruehwald.hu\/ro\/modele-de-imbinare\/","name":"Modele de \u00eembinare - Fr\u00fchwald HU","isPartOf":{"@id":"https:\/\/fruehwald.hu\/#website"},"primaryImageOfPage":{"@id":"https:\/\/fruehwald.hu\/ro\/modele-de-imbinare\/#primaryimage"},"datePublished":"2022-11-28T17:42:13+00:00","dateModified":"2024-03-06T12:25:08+00:00","breadcrumb":{"@id":"https:\/\/fruehwald.hu\/ro\/modele-de-imbinare\/#breadcrumb"},"inLanguage":"ro-RO","potentialAction":[{"@type":"ReadAction","target":["https:\/\/fruehwald.hu\/ro\/modele-de-imbinare\/"]}]},{"@type":"BreadcrumbList","@id":"https:\/\/fruehwald.hu\/ro\/modele-de-imbinare\/#breadcrumb","itemListElement":[{"@type":"ListItem","position":1,"name":"Modele de \u00eembinare"}]}]}},"acf":[],"_links":{"self":[{"href":"https:\/\/fruehwald.hu\/ro\/wp-json\/wp\/v2\/pages\/6634"}],"collection":[{"href":"https:\/\/fruehwald.hu\/ro\/wp-json\/wp\/v2\/pages"}],"about":[{"href":"https:\/\/fruehwald.hu\/ro\/wp-json\/wp\/v2\/types\/page"}],"author":[{"embeddable":true,"href":"https:\/\/fruehwald.hu\/ro\/wp-json\/wp\/v2\/users\/7"}],"replies":[{"embeddable":true,"href":"https:\/\/fruehwald.hu\/ro\/wp-json\/wp\/v2\/comments?post=6634"}],"version-history":[{"count":1,"href":"https:\/\/fruehwald.hu\/ro\/wp-json\/wp\/v2\/pages\/6634\/revisions"}],"predecessor-version":[{"id":6635,"href":"https:\/\/fruehwald.hu\/ro\/wp-json\/wp\/v2\/pages\/6634\/revisions\/6635"}],"wp:attachment":[{"href":"https:\/\/fruehwald.hu\/ro\/wp-json\/wp\/v2\/media?parent=6634"}],"curies":[{"name":"wp","href":"https:\/\/api.w.org\/{rel}","templated":true}]}}