{"id":6626,"date":"2022-11-28T19:05:49","date_gmt":"2022-11-28T18:05:49","guid":{"rendered":"https:\/\/fruehwald.hu\/10-argumente-in-favoarea-lui-fruhwald\/"},"modified":"2024-03-06T13:18:57","modified_gmt":"2024-03-06T12:18:57","slug":"10-argumente-in-favoarea-lui-fruhwald","status":"publish","type":"page","link":"https:\/\/fruehwald.hu\/ro\/10-argumente-in-favoarea-lui-fruhwald\/","title":{"rendered":"10 argumente \u00een favoarea lui Fr\u00fchwald"},"content":{"rendered":"\t<div class=\"sf-hero-image\" id=\"sf-hero-image-827ff85cb4c26f52b4b7ec32ea19f03072d72cc632a71d6944388946d0f38b9a\" style=\"background-image: url(https:\/\/fruehwald.hu\/wp-content\/uploads\/sites\/5\/2022\/11\/Tiziano-Image-Beitragsbild-1-1.jpg); background-position: center center\">\n        <div class=\"carpet\"><\/div>\n                    <div class=\"inner\">\n\t                                <h1>10 argumente \u00een favoarea lui Fr\u00fchwald<\/h1>\n\t            \t                        <\/div>\n        \n        \n        \n        \t<\/div>\n\t    <style>\n                    <\/style>\n    \n<div style=\"height:100px\" aria-hidden=\"true\" class=\"wp-block-spacer\"><\/div>\n\n<div class=\"wp-block-fruehwald-area container\"><ul class=\"post-list\">\n\t        <li>\n            <div>\n                <aside class=\"left\">\n                                            <div class=\"image\" style=\"background-image: url(https:\/\/fruehwald.hu\/wp-content\/uploads\/sites\/5\/2022\/11\/Image_Gartenweg.jpg)\"><\/div>\n                                    <\/aside>\n                <div class=\"content\">\n                    <div class=\"inner\">\n                        <h2>1. Design care totodat\u0103 este \u0219i colorat!<\/h2>\n\t\t\t                                        <div class=\"excerpt\"><p>Solu\u021biile noastre versatile de design \u00een culori, forme \u0219i finisaje, precum \u0219i formatele noastre combinate practice, variaz\u0103 de la apari\u021bia modern\u0103 p\u00e2n\u0103 la stilul antic. V\u0103 oferim solu\u021bii de proiectare \u0219i de sistem pentru o gam\u0103 larg\u0103 de aplica\u021bii.<\/p>\n<\/div>\n\t\t\t                                <\/div>\n                <\/div>\n            <\/div>\n        <\/li>\n\t        <li>\n            <div>\n                <aside class=\"left\">\n                                            <div class=\"image\" style=\"background-image: url(https:\/\/fruehwald.hu\/wp-content\/uploads\/sites\/5\/2022\/11\/Image_Musterstaender_Ungarn.jpg)\"><\/div>\n                                    <\/aside>\n                <div class=\"content\">\n                    <div class=\"inner\">\n                        <h2>2. Inspira\u021bie, cu putere de convingere!<\/h2>\n\t\t\t                                        <div class=\"excerpt\"><p>Mul\u021bi parteneri Fr\u00fchwald dispun de un panou de prezentare, respectiv un cadru cu mostre. Vede\u021bi produsele Fr\u00fchwald pe viu la unul dintre partenerii no\u0219tri de retail \u0219i convinge\u021bi-v\u0103 de calitatea produselor Fr\u00fchwald!<\/p>\n<\/div>\n\t\t\t                                <\/div>\n                <\/div>\n            <\/div>\n        <\/li>\n\t        <li>\n            <div>\n                <aside class=\"left\">\n                                            <div class=\"image\" style=\"background-image: url(https:\/\/fruehwald.hu\/wp-content\/uploads\/sites\/5\/2022\/11\/Image_FW_Protect.jpg)\"><\/div>\n                                    <\/aside>\n                <div class=\"content\">\n                    <div class=\"inner\">\n                        <h2>3. Tehnologie inovatoare pentru o via\u021b\u0103 modern\u0103!<\/h2>\n\t\t\t                                        <div class=\"excerpt\"><p>Prin solu\u021biile noastre tehnologice \u00eembun\u0103t\u0103\u021bite continuu, suntem capabili s\u0103 producem produse inovatoare \u0219i s\u0103 v\u0103 oferim o gam\u0103 larg\u0103 de produse Fr\u00fchwald. astfel \u00eenc\u00e2t mediul dvs. exterior s\u0103 devin\u0103 o adev\u0103rat\u0103 insul\u0103 de relaxare.<\/p>\n<p>\u2022 Fr\u00fchwald Protect<br \/>\nPentru o cur\u0103\u021bare mai u\u0219oar\u0103 \u0219i mai eficient\u0103 \u0219i pentru o \u00eendep\u0103rtare mai intens\u0103 a murd\u0103riei, produsele Fr\u00fchwald sunt impregnate \u00een timpul produc\u021biei.<br \/>\n\u2022 \u00cennobilarea suprafe\u021belor<br \/>\nPrin \u00eennobilarea suprafe\u021belor, putem conferi produselor noastre o str\u0103lucire natural\u0103, putem crea modele moderne, subtil satinate sau putem oferi finisaje rustice, cu aspect antic.<br \/>\n\u2022 Lumea culorilor Fr\u00fchwald<br \/>\nSecretul lumii culorilor de la Fr\u00fchwald const\u0103 \u00een utilizarea ingredientelor naturale \u0219i a tehnologiei pentru a crea nuan\u021be interesante \u0219i la mod\u0103.<\/p>\n<\/div>\n\t\t\t                                <\/div>\n                <\/div>\n            <\/div>\n        <\/li>\n\t        <li>\n            <div>\n                <aside class=\"left\">\n                                            <div class=\"image\" style=\"background-image: url(https:\/\/fruehwald.hu\/wp-content\/uploads\/sites\/5\/2022\/11\/Rasengitter.jpg)\"><\/div>\n                                    <\/aside>\n                <div class=\"content\">\n                    <div class=\"inner\">\n                        <h2>4. Eco-Stone, un pas mare spre con\u0219tientizarea mediului!<\/h2>\n\t\t\t                                        <div class=\"excerpt\"><p>Cu Fr\u00fchwald Eco-Stone oferim o solu\u021bie pentru drenajul apelor pluviale<br \/>\n. Toate acestea reprezint\u0103 o contribu\u021bie major\u0103 la protejarea mediului \u00eenconjur\u0103tor, deoarece solul \u00ee\u0219i p\u0103streaz\u0103 con\u021binutul natural de umiditate. \u00cen func\u021bie de tipul de utilizare, putem regla gradul de scurgere a apei de ploaie prin produs \u0219i metoda de depunere. <\/p>\n<\/div>\n\t\t\t                                <\/div>\n                <\/div>\n            <\/div>\n        <\/li>\n\t        <li>\n            <div>\n                <aside class=\"left\">\n                                            <div class=\"image\" style=\"background-image: url(https:\/\/fruehwald.hu\/wp-content\/uploads\/sites\/5\/2022\/11\/Image_FW-Silo.jpg)\"><\/div>\n                                    <\/aside>\n                <div class=\"content\">\n                    <div class=\"inner\">\n                        <h2>5. Fr\u00fchwald Quality Assurance, pentru o calitate excep\u021bional\u0103!<\/h2>\n\t\t\t                                        <div class=\"excerpt\"><p>Selec\u021bia \u0219i controlul calit\u0103\u021bii materialelor \u0219i a materialelor auxiliare utilizate \u00een procesul de produc\u021bie se realizeaz\u0103 \u00een cadrul unor proceduri de control al calit\u0103\u021bii strict reglementate. Datorit\u0103 acestora, produsele Fr\u00fchwald:<\/p>\n<p>\u2022 au o durat\u0103 de via\u021b\u0103 lung\u0103<br \/>\n\u2022 men\u021bin culoarea stabil\u0103<br \/>\n\u2022 sunt rezistente la \u00eenghe\u021b \u0219i la sarea antiderapant\u0103<br \/>\n\u2022 rezisten\u021b\u0103 la abraziune \u0219i alunecare<\/p>\n<\/div>\n\t\t\t                                <\/div>\n                <\/div>\n            <\/div>\n        <\/li>\n\t        <li>\n            <div>\n                <aside class=\"left\">\n                                            <div class=\"image\" style=\"background-image: url(https:\/\/fruehwald.hu\/wp-content\/uploads\/sites\/5\/2022\/11\/Image_Verlege-Profi.jpg)\"><\/div>\n                                    <\/aside>\n                <div class=\"content\">\n                    <div class=\"inner\">\n                        <h2>6. Produsul perfect pentru cump\u0103r\u0103torii particulari \u0219i antreprenorii profesioni\u0219ti!<\/h2>\n\t\t\t                                        <div class=\"excerpt\"><p>Produsele sunt \u00een armonie unele cu altele \u0219i, prin urmare, pot fi combinate la discre\u021bie. Acesta este motivul pentru care produsele noastre sunt alegerea preferat\u0103 at\u00e2t pentru antreprenorii profesioni\u0219ti, c\u00e2t \u0219i pentru arhitec\u021bi.<\/p>\n<\/div>\n\t\t\t                                <\/div>\n                <\/div>\n            <\/div>\n        <\/li>\n\t        <li>\n            <div>\n                <aside class=\"left\">\n                                            <div class=\"image\" style=\"background-image: url(https:\/\/fruehwald.hu\/wp-content\/uploads\/sites\/5\/2022\/11\/FW_90Jahre_DE.jpg)\"><\/div>\n                                    <\/aside>\n                <div class=\"content\">\n                    <div class=\"inner\">\n                        <h2>7. de 90 de ani Fr\u00fchwald, suntem imbatabili \u00een experien\u021b\u0103!<\/h2>\n\t\t\t                                        <div class=\"excerpt\"><p>Cei 90 de ani de experien\u021b\u0103 sunt folosi\u021bi ca \u0219i un capital eficient \u00een fiecare zi, motiv pentru care le putem oferi clien\u021bilor no\u0219tri solu\u021bii de design inovatoare.<\/p>\n<\/div>\n\t\t\t                                <\/div>\n                <\/div>\n            <\/div>\n        <\/li>\n\t        <li>\n            <div>\n                <aside class=\"left\">\n                                            <div class=\"image\" style=\"background-image: url(https:\/\/fruehwald.hu\/wp-content\/uploads\/sites\/5\/2022\/11\/Image_Beratungsgespraeche_AdobeStock_100647347.jpg)\"><\/div>\n                                    <\/aside>\n                <div class=\"content\">\n                    <div class=\"inner\">\n                        <h2>8. Pentru a ob\u021bine \u0219i a men\u021bine o satisfac\u021bie maxim\u0103 a clien\u021bilor, contactul personal este deosebit de important pentru noi!<\/h2>\n\t\t\t                                        <div class=\"excerpt\"><p>Punem accent pe comunicarea cu clien\u021bii no\u0219tri. Abordarea \u00een mod profesionist al proiectelor este deosebit de important, cu scopul de a satisface c\u00e2t mai bine nevoile clien\u021bilor no\u0219tri. Acesta este modul \u00een care ob\u021binem clien\u021bi mul\u021bumi\u021bi.<\/p>\n<\/div>\n\t\t\t                                <\/div>\n                <\/div>\n            <\/div>\n        <\/li>\n\t        <li>\n            <div>\n                <aside class=\"left\">\n                                            <div class=\"image\" style=\"background-image: url(https:\/\/fruehwald.hu\/wp-content\/uploads\/sites\/5\/2022\/11\/Image_LKW_Ungarn.jpg)\"><\/div>\n                                    <\/aside>\n                <div class=\"content\">\n                    <div class=\"inner\">\n                        <h2>9. Suntem mereu al\u0103turi de Dumneavoastr\u0103, \u00een timp \u0219i spa\u021biu!<\/h2>\n\t\t\t                                        <div class=\"excerpt\"><p>Fr\u00fchwald p\u0103streaz\u0103 \u00eentotdeauna o atmosfer\u0103 de familie atunci c\u00e2nd ofer\u0103 consultan\u021b\u0103 personal\u0103. Personalul nostru v\u0103 st\u0103 la dispozi\u021bie pentru a se asigura c\u0103 mediul dvs. exterior nu este doar func\u021bional, ci \u0219i atractiv, reflect\u00e2nd stilul dvs. de via\u021b\u0103. <\/p>\n<\/div>\n\t\t\t                                <\/div>\n                <\/div>\n            <\/div>\n        <\/li>\n\t        <li>\n            <div>\n                <aside class=\"left\">\n                                            <div class=\"image\" style=\"background-image: url(https:\/\/fruehwald.hu\/wp-content\/uploads\/sites\/5\/2022\/11\/GardenCreator_Image.jpg)\"><\/div>\n                                    <\/aside>\n                <div class=\"content\">\n                    <div class=\"inner\">\n                        <h2>10. Fr\u00fchwald digital, pentru decizii corecte! <\/h2>\n\t\t\t                                        <div class=\"excerpt\"><p>Punem un mare accent pe mediile digitale pentru a satisface c\u00e2t mai mult posibil nevoile clien\u021bilor no\u0219tri.. Cu setul nostru de instrumente online, nu oferim doar procese eficiente, ci \u0219i platforme orientate spre solu\u021bii \u0219i inspira\u021bionale<\/p>\n<\/div>\n\t\t\t                                <\/div>\n                <\/div>\n            <\/div>\n        <\/li>\n\t<\/ul>\n<\/div>\n\n<div style=\"height:100px\" aria-hidden=\"true\" class=\"wp-block-spacer\"><\/div>\n\n<p class=\"\"><\/p>\n","protected":false},"excerpt":{"rendered":"","protected":false},"author":7,"featured_media":0,"parent":0,"menu_order":0,"comment_status":"closed","ping_status":"closed","template":"","meta":{"inline_featured_image":false},"yoast_head":"<!-- This site is optimized with the Yoast SEO plugin v18.8 - https:\/\/yoast.com\/wordpress\/plugins\/seo\/ -->\n<title>10 argumente \u00een favoarea lui Fr\u00fchwald - Fr\u00fchwald HU<\/title>\n<meta name=\"robots\" content=\"index, follow, max-snippet:-1, max-image-preview:large, max-video-preview:-1\" \/>\n<link rel=\"canonical\" href=\"https:\/\/fruehwald.hu\/ro\/10-argumente-in-favoarea-lui-fruhwald\/\" \/>\n<meta property=\"og:locale\" content=\"ro_RO\" \/>\n<meta property=\"og:type\" content=\"article\" \/>\n<meta property=\"og:title\" content=\"10 argumente \u00een favoarea lui Fr\u00fchwald - Fr\u00fchwald HU\" \/>\n<meta property=\"og:url\" content=\"https:\/\/fruehwald.hu\/ro\/10-argumente-in-favoarea-lui-fruhwald\/\" \/>\n<meta property=\"og:site_name\" content=\"Fr\u00fchwald HU\" \/>\n<meta property=\"article:modified_time\" content=\"2024-03-06T12:18:57+00:00\" \/>\n<meta name=\"twitter:card\" content=\"summary_large_image\" \/>\n<script type=\"application\/ld+json\" class=\"yoast-schema-graph\">{\"@context\":\"https:\/\/schema.org\",\"@graph\":[{\"@type\":\"WebSite\",\"@id\":\"https:\/\/fruehwald.hu\/#website\",\"url\":\"https:\/\/fruehwald.hu\/\",\"name\":\"Fr\u00fchwald HU\",\"description\":\"Fr\u00fchwald\",\"potentialAction\":[{\"@type\":\"SearchAction\",\"target\":{\"@type\":\"EntryPoint\",\"urlTemplate\":\"https:\/\/fruehwald.hu\/?s={search_term_string}\"},\"query-input\":\"required name=search_term_string\"}],\"inLanguage\":\"ro-RO\"},{\"@type\":\"WebPage\",\"@id\":\"https:\/\/fruehwald.hu\/ro\/10-argumente-in-favoarea-lui-fruhwald\/#webpage\",\"url\":\"https:\/\/fruehwald.hu\/ro\/10-argumente-in-favoarea-lui-fruhwald\/\",\"name\":\"10 argumente \u00een favoarea lui Fr\u00fchwald - Fr\u00fchwald HU\",\"isPartOf\":{\"@id\":\"https:\/\/fruehwald.hu\/#website\"},\"datePublished\":\"2022-11-28T18:05:49+00:00\",\"dateModified\":\"2024-03-06T12:18:57+00:00\",\"breadcrumb\":{\"@id\":\"https:\/\/fruehwald.hu\/ro\/10-argumente-in-favoarea-lui-fruhwald\/#breadcrumb\"},\"inLanguage\":\"ro-RO\",\"potentialAction\":[{\"@type\":\"ReadAction\",\"target\":[\"https:\/\/fruehwald.hu\/ro\/10-argumente-in-favoarea-lui-fruhwald\/\"]}]},{\"@type\":\"BreadcrumbList\",\"@id\":\"https:\/\/fruehwald.hu\/ro\/10-argumente-in-favoarea-lui-fruhwald\/#breadcrumb\",\"itemListElement\":[{\"@type\":\"ListItem\",\"position\":1,\"name\":\"10 argumente \u00een favoarea lui Fr\u00fchwald\"}]}]}<\/script>\n<!-- \/ Yoast SEO plugin. -->","yoast_head_json":{"title":"10 argumente \u00een favoarea lui Fr\u00fchwald - Fr\u00fchwald HU","robots":{"index":"index","follow":"follow","max-snippet":"max-snippet:-1","max-image-preview":"max-image-preview:large","max-video-preview":"max-video-preview:-1"},"canonical":"https:\/\/fruehwald.hu\/ro\/10-argumente-in-favoarea-lui-fruhwald\/","og_locale":"ro_RO","og_type":"article","og_title":"10 argumente \u00een favoarea lui Fr\u00fchwald - Fr\u00fchwald HU","og_url":"https:\/\/fruehwald.hu\/ro\/10-argumente-in-favoarea-lui-fruhwald\/","og_site_name":"Fr\u00fchwald HU","article_modified_time":"2024-03-06T12:18:57+00:00","twitter_card":"summary_large_image","schema":{"@context":"https:\/\/schema.org","@graph":[{"@type":"WebSite","@id":"https:\/\/fruehwald.hu\/#website","url":"https:\/\/fruehwald.hu\/","name":"Fr\u00fchwald HU","description":"Fr\u00fchwald","potentialAction":[{"@type":"SearchAction","target":{"@type":"EntryPoint","urlTemplate":"https:\/\/fruehwald.hu\/?s={search_term_string}"},"query-input":"required name=search_term_string"}],"inLanguage":"ro-RO"},{"@type":"WebPage","@id":"https:\/\/fruehwald.hu\/ro\/10-argumente-in-favoarea-lui-fruhwald\/#webpage","url":"https:\/\/fruehwald.hu\/ro\/10-argumente-in-favoarea-lui-fruhwald\/","name":"10 argumente \u00een favoarea lui Fr\u00fchwald - Fr\u00fchwald HU","isPartOf":{"@id":"https:\/\/fruehwald.hu\/#website"},"datePublished":"2022-11-28T18:05:49+00:00","dateModified":"2024-03-06T12:18:57+00:00","breadcrumb":{"@id":"https:\/\/fruehwald.hu\/ro\/10-argumente-in-favoarea-lui-fruhwald\/#breadcrumb"},"inLanguage":"ro-RO","potentialAction":[{"@type":"ReadAction","target":["https:\/\/fruehwald.hu\/ro\/10-argumente-in-favoarea-lui-fruhwald\/"]}]},{"@type":"BreadcrumbList","@id":"https:\/\/fruehwald.hu\/ro\/10-argumente-in-favoarea-lui-fruhwald\/#breadcrumb","itemListElement":[{"@type":"ListItem","position":1,"name":"10 argumente \u00een favoarea lui Fr\u00fchwald"}]}]}},"acf":[],"_links":{"self":[{"href":"https:\/\/fruehwald.hu\/ro\/wp-json\/wp\/v2\/pages\/6626"}],"collection":[{"href":"https:\/\/fruehwald.hu\/ro\/wp-json\/wp\/v2\/pages"}],"about":[{"href":"https:\/\/fruehwald.hu\/ro\/wp-json\/wp\/v2\/types\/page"}],"author":[{"embeddable":true,"href":"https:\/\/fruehwald.hu\/ro\/wp-json\/wp\/v2\/users\/7"}],"replies":[{"embeddable":true,"href":"https:\/\/fruehwald.hu\/ro\/wp-json\/wp\/v2\/comments?post=6626"}],"version-history":[{"count":1,"href":"https:\/\/fruehwald.hu\/ro\/wp-json\/wp\/v2\/pages\/6626\/revisions"}],"predecessor-version":[{"id":6627,"href":"https:\/\/fruehwald.hu\/ro\/wp-json\/wp\/v2\/pages\/6626\/revisions\/6627"}],"wp:attachment":[{"href":"https:\/\/fruehwald.hu\/ro\/wp-json\/wp\/v2\/media?parent=6626"}],"curies":[{"name":"wp","href":"https:\/\/api.w.org\/{rel}","templated":true}]}}