{"id":6624,"date":"2022-11-28T19:47:49","date_gmt":"2022-11-28T18:47:49","guid":{"rendered":"https:\/\/fruehwald.hu\/calitate\/"},"modified":"2024-03-06T13:10:59","modified_gmt":"2024-03-06T12:10:59","slug":"calitate","status":"publish","type":"page","link":"https:\/\/fruehwald.hu\/ro\/calitate\/","title":{"rendered":"Calitate"},"content":{"rendered":"\t<div class=\"sf-hero-image\" id=\"sf-hero-image-b3819d611f96d2df6dcb721cf6518a6fbceb0735d88c1dee534b362d1d410c76\" style=\"background-image: url(https:\/\/fruehwald.hu\/wp-content\/uploads\/sites\/5\/2022\/11\/AME-Produktion_Beitragsbild.jpg); background-position: center center\">\n        <div class=\"carpet\"><\/div>\n                    <div class=\"inner\">\n\t                                <h1>Calitate<\/h1>\n\t            \t                        <\/div>\n        \n        \n        \n        \t<\/div>\n\t    <style>\n                    <\/style>\n    \n<div style=\"height:100px\" aria-hidden=\"true\" class=\"wp-block-spacer\"><\/div>\n\n<div class=\"wp-block-columns\">\n<div class=\"wp-block-column\" style=\"flex-basis:100%\">\n<div class=\"wp-container-1 wp-block-group has-background\" style=\"background-color:#f6f6f6\"><div class=\"wp-block-group__inner-container\">\n<div style=\"height:20px\" aria-hidden=\"true\" class=\"wp-block-spacer\"><\/div>\n\n\n\n<div class=\"wp-block-fruehwald-area container\">\n<div class=\"wp-block-columns alignwide are-vertically-aligned-top\">\n<div class=\"wp-block-column\" style=\"flex-basis:100%\">\n<div class=\"heading-with-text-above has-text-align-center\" data-aos=\"fade-up\"><div class=\"text-above\">FR\u00dcHWALD<\/div><h1 class=\"has-text-align-center heading-with-text-above has-font-weight-3\" data-aos=\"fade-up\">gravat \u00een piatr\u0103<\/h1><\/div>\n\n\n\n<p class=\"has-text-align-center\" data-aos=\"fade-up\">Produsele noastre sunt fabricate sub cele mai stricte procese de control al calit\u0103\u021bii. Verific\u0103rile noastre continue ale calit\u0103\u021bii, at\u00e2t la nivel intern, c\u00e2t \u0219i de c\u0103tre companii externe, merg dincolo de verific\u0103rile standard. \u00cen plus, asigurarea noastr\u0103 de calitate garanteaz\u0103 produse finale optime.<\/p>\n<\/div>\n<\/div>\n<\/div>\n\n\n\n<div style=\"height:10px\" aria-hidden=\"true\" class=\"wp-block-spacer\"><\/div>\n<\/div><\/div>\n<\/div>\n<\/div>\n\n<div style=\"height:100px\" aria-hidden=\"true\" class=\"wp-block-spacer\"><\/div>\n\n<div class=\"wp-block-fruehwald-area container\">\n<div class=\"wp-block-columns\">\n<div class=\"wp-block-column\"><ul class=\"post-list\">\n\t        <li>\n            <div>\n                <aside class=\"left\">\n                                            <div class=\"no-image\"><\/div>\n                                    <\/aside>\n                <div class=\"content\">\n                    <div class=\"inner\">\n                        <h2>Marcaj CE<\/h2>\n\t\t\t                                        <div class=\"excerpt\"><p>Produsele noastre sunt fabricate la cele mai \u00eenalte standarde de calitate. Produsele noastre sunt testate \u00een mod constant at\u00e2t pe plan intern, c\u00e2t \u0219i extern, dep\u0103\u0219ind cu mult standardele pe care le-am stabilit.<\/p>\n<\/div>\n\t\t\t                                <\/div>\n                <\/div>\n            <\/div>\n        <\/li>\n\t        <li>\n            <div>\n                <aside class=\"left\">\n                                            <div class=\"no-image\"><\/div>\n                                    <\/aside>\n                <div class=\"content\">\n                    <div class=\"inner\">\n                        <h2>Date despre produs<\/h2>\n\t\t\t                                        <div class=\"excerpt\"><p>Toate descrierile produselor \u0219i caracteristicile testate sunt disponibile \u00een fi\u0219ele noastre tehnice, unde pute\u021bi c\u0103uta informa\u021bii specifice \u0219i recomand\u0103ri privind utilizarea acestora.<\/p>\n<\/div>\n\t\t\t                                <\/div>\n                <\/div>\n            <\/div>\n        <\/li>\n\t        <li>\n            <div>\n                <aside class=\"left\">\n                                            <div class=\"no-image\"><\/div>\n                                    <\/aside>\n                <div class=\"content\">\n                    <div class=\"inner\">\n                        <h2>Laborator<\/h2>\n\t\t\t                                        <div class=\"excerpt\"><p>Monitoriz\u0103m \u00een permanen\u021b\u0103 toate propriet\u0103\u021bile produselor noastre \u00een laboratorul propriu. \u00cen plus, un institut de testare independent \u0219i acreditat verific\u0103 caracteristicile definite. Aceast\u0103 institu\u021bie nu numai c\u0103 sprijin\u0103 procesul de produc\u021bie, dar este, de asemenea, o cheie esen\u021bial\u0103 \u00een procesul inovativ.<\/p>\n<\/div>\n\t\t\t                                <\/div>\n                <\/div>\n            <\/div>\n        <\/li>\n\t<\/ul>\n<\/div>\n\n\n\n<div class=\"wp-block-column\"><ul class=\"post-list\">\n\t        <li>\n            <div>\n                <aside class=\"left\">\n                                            <div class=\"no-image\"><\/div>\n                                    <\/aside>\n                <div class=\"content\">\n                    <div class=\"inner\">\n                        <h2>Declara\u021bie de performan\u021b\u0103<\/h2>\n\t\t\t                                        <div class=\"excerpt\"><p>O declara\u021bie de performan\u021b\u0103 cu detalii privind caracteristicile esen\u021biale ale produselor noastre poate fi g\u0103sit\u0103 pe site-ul nostru web.<\/p>\n<\/div>\n\t\t\t                                <\/div>\n                <\/div>\n            <\/div>\n        <\/li>\n\t        <li>\n            <div>\n                <aside class=\"left\">\n                                            <div class=\"no-image\"><\/div>\n                                    <\/aside>\n                <div class=\"content\">\n                    <div class=\"inner\">\n                        <h2>Metode<\/h2>\n\t\t\t                                        <div class=\"excerpt\"><p>Facilit\u0103\u021bile noastre moderne de produc\u021bie \u0219i resursele bogate de materii prime garanteaz\u0103 caracteristicile esen\u021biale ale produselor, sus\u021binute de experien\u021ba de mul\u021bi ani a personalului nostru, \u00een acest fel ob\u021binem \u00eentotdeauna rezultate de \u00eenalt\u0103 calitate.<\/p>\n<\/div>\n\t\t\t                                <\/div>\n                <\/div>\n            <\/div>\n        <\/li>\n\t        <li>\n            <div>\n                <aside class=\"left\">\n                                            <div class=\"no-image\"><\/div>\n                                    <\/aside>\n                <div class=\"content\">\n                    <div class=\"inner\">\n                        <h2>Protec\u021bia muncii<\/h2>\n\t\t\t                                        <div class=\"excerpt\"><p>Siguran\u021ba la locul de munc\u0103 joac\u0103 un rol important \u00een procesele de produc\u021bie. De aceea, acord\u0103m o aten\u021bie deosebit\u0103 celor mai \u00eenalte standarde de siguran\u021b\u0103 atunci c\u00e2nd proiect\u0103m locurile de munc\u0103.<\/p>\n<\/div>\n\t\t\t                                <\/div>\n                <\/div>\n            <\/div>\n        <\/li>\n\t<\/ul>\n<\/div>\n<\/div>\n<\/div>\n\n<div class=\"wp-block-fruehwald-area container\"><\/div>\n\n<div class=\"wp-block-fruehwald-area container\"><\/div>\n\n<div style=\"height:100px\" aria-hidden=\"true\" class=\"wp-block-spacer\"><\/div>\n","protected":false},"excerpt":{"rendered":"","protected":false},"author":7,"featured_media":0,"parent":0,"menu_order":0,"comment_status":"closed","ping_status":"closed","template":"","meta":{"inline_featured_image":false},"yoast_head":"<!-- This site is optimized with the Yoast SEO plugin v18.8 - https:\/\/yoast.com\/wordpress\/plugins\/seo\/ -->\n<title>Calitate - Fr\u00fchwald HU<\/title>\n<meta name=\"robots\" content=\"index, follow, max-snippet:-1, max-image-preview:large, max-video-preview:-1\" \/>\n<link rel=\"canonical\" href=\"https:\/\/fruehwald.hu\/ro\/calitate\/\" \/>\n<meta property=\"og:locale\" content=\"ro_RO\" \/>\n<meta property=\"og:type\" content=\"article\" \/>\n<meta property=\"og:title\" content=\"Calitate - Fr\u00fchwald HU\" \/>\n<meta property=\"og:url\" content=\"https:\/\/fruehwald.hu\/ro\/calitate\/\" \/>\n<meta property=\"og:site_name\" content=\"Fr\u00fchwald HU\" \/>\n<meta property=\"article:modified_time\" content=\"2024-03-06T12:10:59+00:00\" \/>\n<meta name=\"twitter:card\" content=\"summary_large_image\" \/>\n<script type=\"application\/ld+json\" class=\"yoast-schema-graph\">{\"@context\":\"https:\/\/schema.org\",\"@graph\":[{\"@type\":\"WebSite\",\"@id\":\"https:\/\/fruehwald.hu\/#website\",\"url\":\"https:\/\/fruehwald.hu\/\",\"name\":\"Fr\u00fchwald HU\",\"description\":\"Fr\u00fchwald\",\"potentialAction\":[{\"@type\":\"SearchAction\",\"target\":{\"@type\":\"EntryPoint\",\"urlTemplate\":\"https:\/\/fruehwald.hu\/?s={search_term_string}\"},\"query-input\":\"required name=search_term_string\"}],\"inLanguage\":\"ro-RO\"},{\"@type\":\"WebPage\",\"@id\":\"https:\/\/fruehwald.hu\/ro\/calitate\/#webpage\",\"url\":\"https:\/\/fruehwald.hu\/ro\/calitate\/\",\"name\":\"Calitate - Fr\u00fchwald HU\",\"isPartOf\":{\"@id\":\"https:\/\/fruehwald.hu\/#website\"},\"datePublished\":\"2022-11-28T18:47:49+00:00\",\"dateModified\":\"2024-03-06T12:10:59+00:00\",\"breadcrumb\":{\"@id\":\"https:\/\/fruehwald.hu\/ro\/calitate\/#breadcrumb\"},\"inLanguage\":\"ro-RO\",\"potentialAction\":[{\"@type\":\"ReadAction\",\"target\":[\"https:\/\/fruehwald.hu\/ro\/calitate\/\"]}]},{\"@type\":\"BreadcrumbList\",\"@id\":\"https:\/\/fruehwald.hu\/ro\/calitate\/#breadcrumb\",\"itemListElement\":[{\"@type\":\"ListItem\",\"position\":1,\"name\":\"Calitate\"}]}]}<\/script>\n<!-- \/ Yoast SEO plugin. -->","yoast_head_json":{"title":"Calitate - Fr\u00fchwald HU","robots":{"index":"index","follow":"follow","max-snippet":"max-snippet:-1","max-image-preview":"max-image-preview:large","max-video-preview":"max-video-preview:-1"},"canonical":"https:\/\/fruehwald.hu\/ro\/calitate\/","og_locale":"ro_RO","og_type":"article","og_title":"Calitate - Fr\u00fchwald HU","og_url":"https:\/\/fruehwald.hu\/ro\/calitate\/","og_site_name":"Fr\u00fchwald HU","article_modified_time":"2024-03-06T12:10:59+00:00","twitter_card":"summary_large_image","schema":{"@context":"https:\/\/schema.org","@graph":[{"@type":"WebSite","@id":"https:\/\/fruehwald.hu\/#website","url":"https:\/\/fruehwald.hu\/","name":"Fr\u00fchwald HU","description":"Fr\u00fchwald","potentialAction":[{"@type":"SearchAction","target":{"@type":"EntryPoint","urlTemplate":"https:\/\/fruehwald.hu\/?s={search_term_string}"},"query-input":"required name=search_term_string"}],"inLanguage":"ro-RO"},{"@type":"WebPage","@id":"https:\/\/fruehwald.hu\/ro\/calitate\/#webpage","url":"https:\/\/fruehwald.hu\/ro\/calitate\/","name":"Calitate - Fr\u00fchwald HU","isPartOf":{"@id":"https:\/\/fruehwald.hu\/#website"},"datePublished":"2022-11-28T18:47:49+00:00","dateModified":"2024-03-06T12:10:59+00:00","breadcrumb":{"@id":"https:\/\/fruehwald.hu\/ro\/calitate\/#breadcrumb"},"inLanguage":"ro-RO","potentialAction":[{"@type":"ReadAction","target":["https:\/\/fruehwald.hu\/ro\/calitate\/"]}]},{"@type":"BreadcrumbList","@id":"https:\/\/fruehwald.hu\/ro\/calitate\/#breadcrumb","itemListElement":[{"@type":"ListItem","position":1,"name":"Calitate"}]}]}},"acf":[],"_links":{"self":[{"href":"https:\/\/fruehwald.hu\/ro\/wp-json\/wp\/v2\/pages\/6624"}],"collection":[{"href":"https:\/\/fruehwald.hu\/ro\/wp-json\/wp\/v2\/pages"}],"about":[{"href":"https:\/\/fruehwald.hu\/ro\/wp-json\/wp\/v2\/types\/page"}],"author":[{"embeddable":true,"href":"https:\/\/fruehwald.hu\/ro\/wp-json\/wp\/v2\/users\/7"}],"replies":[{"embeddable":true,"href":"https:\/\/fruehwald.hu\/ro\/wp-json\/wp\/v2\/comments?post=6624"}],"version-history":[{"count":1,"href":"https:\/\/fruehwald.hu\/ro\/wp-json\/wp\/v2\/pages\/6624\/revisions"}],"predecessor-version":[{"id":6625,"href":"https:\/\/fruehwald.hu\/ro\/wp-json\/wp\/v2\/pages\/6624\/revisions\/6625"}],"wp:attachment":[{"href":"https:\/\/fruehwald.hu\/ro\/wp-json\/wp\/v2\/media?parent=6624"}],"curies":[{"name":"wp","href":"https:\/\/api.w.org\/{rel}","templated":true}]}}