{"id":6622,"date":"2022-11-30T16:17:27","date_gmt":"2022-11-30T15:17:27","guid":{"rendered":"https:\/\/fruehwald.hu\/marcaje\/"},"modified":"2024-03-06T12:55:52","modified_gmt":"2024-03-06T11:55:52","slug":"marcaje","status":"publish","type":"page","link":"https:\/\/fruehwald.hu\/ro\/marcaje\/","title":{"rendered":"Marcaje"},"content":{"rendered":"\t<div class=\"sf-hero-image\" id=\"sf-hero-image-3912c0ece2c97e2f8144351c8bd2d08ecfef148dfdda6e78504595f8094e6953\" style=\"background-image: url(https:\/\/fruehwald.hu\/wp-content\/uploads\/sites\/5\/2022\/11\/Tiz_dunkelgrau_4C_neuer_heller-header.jpg); background-position: center center\">\n        <div class=\"carpet\"><\/div>\n                    <div class=\"inner\">\n\t                                <h1>Marcaje<\/h1>\n\t            \t                        <\/div>\n        \n        \n        \n        \t<\/div>\n\t    <style>\n                    <\/style>\n    \n<div style=\"height:100px\" aria-hidden=\"true\" class=\"wp-block-spacer\"><\/div>\n\n<div class=\"wp-block-fruehwald-area container\">\n<div class=\"wp-block-columns\">\n<div class=\"wp-block-column\"><ul class=\"post-list\">\n\t        <li>\n            <div>\n                <aside class=\"left\">\n                                            <div class=\"image\" style=\"background-image: url(https:\/\/fruehwald.hu\/wp-content\/uploads\/sites\/5\/2022\/11\/Produkeigenschaften-07.svg)\"><\/div>\n                                    <\/aside>\n                <div class=\"content\">\n                    <div class=\"inner\">\n                        <h2>\u00cennobilarea suprafe\u021belor<\/h2>\n\t\t\t                                        <div class=\"excerpt\"><p>O tehnologie special\u0103 care are ca scop modificarea propriet\u0103\u021bilor decorative ale suprafe\u021bei.<\/p>\n<\/div>\n\t\t\t                                <\/div>\n                <\/div>\n            <\/div>\n        <\/li>\n\t        <li>\n            <div>\n                <aside class=\"left\">\n                                            <div class=\"image\" style=\"background-image: url(https:\/\/fruehwald.hu\/wp-content\/uploads\/sites\/5\/2022\/11\/Produkeigenschaften-04-neu.svg)\"><\/div>\n                                    <\/aside>\n                <div class=\"content\">\n                    <div class=\"inner\">\n                        <h2>Fr\u00fchwald Protect\u00ae<\/h2>\n\t\t\t                                        <div class=\"excerpt\"><p>Produsele sunt impregnate \u00een momentul fabric\u0103rii. Aceasta asigur\u0103 protec\u021bie \u00eempotriva capt\u0103rii murd\u0103riei<br \/>\n\u0219i o cur\u0103\u021bare mai u\u0219oar\u0103 a suprafe\u021bei.<\/p>\n<\/div>\n\t\t\t                                <\/div>\n                <\/div>\n            <\/div>\n        <\/li>\n\t        <li>\n            <div>\n                <aside class=\"left\">\n                                            <div class=\"image\" style=\"background-image: url(https:\/\/fruehwald.hu\/wp-content\/uploads\/sites\/5\/2022\/11\/Produkeigenschaften-03.svg)\"><\/div>\n                                    <\/aside>\n                <div class=\"content\">\n                    <div class=\"inner\">\n                        <h2>Rezisten\u021b\u0103 la sarea de dezghe\u021bat \u0219i antiderapant\u0103<\/h2>\n\t\t\t                                        <div class=\"excerpt\"><p>Cea mai mare rezisten\u021b\u0103 la \u00eenghe\u021b \u0219i la s\u0103rurile antderapante.<\/p>\n<\/div>\n\t\t\t                                <\/div>\n                <\/div>\n            <\/div>\n        <\/li>\n\t        <li>\n            <div>\n                <aside class=\"left\">\n                                            <div class=\"image\" style=\"background-image: url(https:\/\/fruehwald.hu\/wp-content\/uploads\/sites\/5\/2022\/11\/Produkeigenschaften-02.svg)\"><\/div>\n                                    <\/aside>\n                <div class=\"content\">\n                    <div class=\"inner\">\n                        <h2>Accesibil pe jos<\/h2>\n\t\t\t                                        <div class=\"excerpt\"><p>Recomand\u0103ri privind sarcina poten\u021bial\u0103 \u00een func\u021bie de construc\u021bia suprafe\u021bei pavate.<\/p>\n<\/div>\n\t\t\t                                <\/div>\n                <\/div>\n            <\/div>\n        <\/li>\n\t        <li>\n            <div>\n                <aside class=\"left\">\n                                            <div class=\"image\" style=\"background-image: url(https:\/\/fruehwald.hu\/wp-content\/uploads\/sites\/5\/2022\/11\/Produkeigenschaften-06.svg)\"><\/div>\n                                    <\/aside>\n                <div class=\"content\">\n                    <div class=\"inner\">\n                        <h2>Accesibil cu camionul<\/h2>\n\t\t\t                                        <div class=\"excerpt\"><p>Recomand\u0103ri privind sarcina poten\u021bial\u0103 \u00een func\u021bie de construc\u021bia suprafe\u021bei pavate.<\/p>\n<\/div>\n\t\t\t                                <\/div>\n                <\/div>\n            <\/div>\n        <\/li>\n\t<\/ul>\n<\/div>\n\n\n\n<div class=\"wp-block-column\"><ul class=\"post-list\">\n\t        <li>\n            <div>\n                <aside class=\"left\">\n                                            <div class=\"image\" style=\"background-image: url(https:\/\/fruehwald.hu\/wp-content\/uploads\/sites\/5\/2022\/11\/Produkeigenschaften-09.svg)\"><\/div>\n                                    <\/aside>\n                <div class=\"content\">\n                    <div class=\"inner\">\n                        <h2>Calitate de top Early Woodland<\/h2>\n\t\t\t                                        <div class=\"excerpt\"><p>Procese de fabrica\u021bie \u0219i de asigurare a calit\u0103\u021bii care respect\u0103 standardele europene de calitate, cerin\u021bele specifice fiec\u0103rei \u021b\u0103ri \u0219i standardele interne de calitate ale Fr\u00fchwald.<\/p>\n<\/div>\n\t\t\t                                <\/div>\n                <\/div>\n            <\/div>\n        <\/li>\n\t        <li>\n            <div>\n                <aside class=\"left\">\n                                            <div class=\"image\" style=\"background-image: url(https:\/\/fruehwald.hu\/wp-content\/uploads\/sites\/5\/2022\/11\/Produkeigenschaften-05.svg)\"><\/div>\n                                    <\/aside>\n                <div class=\"content\">\n                    <div class=\"inner\">\n                        <h2>Posibilitate de combina\u021bie<\/h2>\n\t\t\t                                        <div class=\"excerpt\"><p>Produsele noastre pot fi combinate \u00eentre ele.<\/p>\n<\/div>\n\t\t\t                                <\/div>\n                <\/div>\n            <\/div>\n        <\/li>\n\t        <li>\n            <div>\n                <aside class=\"left\">\n                                            <div class=\"image\" style=\"background-image: url(https:\/\/fruehwald.hu\/wp-content\/uploads\/sites\/5\/2022\/11\/Produkeigenschaften_Zeichenflaeche-1.svg)\"><\/div>\n                                    <\/aside>\n                <div class=\"content\">\n                    <div class=\"inner\">\n                        <h2>Certificare CE<\/h2>\n\t\t\t                                        <div class=\"excerpt\"><p>Produsele noastre sunt fabricate, certificate \u0219i testate \u00een conformitate cu normele CE.<\/p>\n<\/div>\n\t\t\t                                <\/div>\n                <\/div>\n            <\/div>\n        <\/li>\n\t        <li>\n            <div>\n                <aside class=\"left\">\n                                            <div class=\"image\" style=\"background-image: url(https:\/\/fruehwald.hu\/wp-content\/uploads\/sites\/5\/2022\/11\/Produkeigenschaften-08-neu.svg)\"><\/div>\n                                    <\/aside>\n                <div class=\"content\">\n                    <div class=\"inner\">\n                        <h2>Accesibil cu autoturismul<\/h2>\n\t\t\t                                        <div class=\"excerpt\"><p>Recomand\u0103ri privind sarcina poten\u021bial\u0103 \u00een func\u021bie de construc\u021bia suprafe\u021bei pavate.<\/p>\n<\/div>\n\t\t\t                                <\/div>\n                <\/div>\n            <\/div>\n        <\/li>\n\t<\/ul>\n<\/div>\n<\/div>\n<\/div>\n\n<div style=\"height:100px\" aria-hidden=\"true\" class=\"wp-block-spacer\"><\/div>\n","protected":false},"excerpt":{"rendered":"","protected":false},"author":7,"featured_media":0,"parent":0,"menu_order":0,"comment_status":"closed","ping_status":"closed","template":"","meta":{"inline_featured_image":false},"yoast_head":"<!-- This site is optimized with the Yoast SEO plugin v18.8 - https:\/\/yoast.com\/wordpress\/plugins\/seo\/ -->\n<title>Marcaje - Fr\u00fchwald HU<\/title>\n<meta name=\"robots\" content=\"index, follow, max-snippet:-1, max-image-preview:large, max-video-preview:-1\" \/>\n<link rel=\"canonical\" href=\"https:\/\/fruehwald.hu\/ro\/marcaje\/\" \/>\n<meta property=\"og:locale\" content=\"ro_RO\" \/>\n<meta property=\"og:type\" content=\"article\" \/>\n<meta property=\"og:title\" content=\"Marcaje - Fr\u00fchwald HU\" \/>\n<meta property=\"og:url\" content=\"https:\/\/fruehwald.hu\/ro\/marcaje\/\" \/>\n<meta property=\"og:site_name\" content=\"Fr\u00fchwald HU\" \/>\n<meta property=\"article:modified_time\" content=\"2024-03-06T11:55:52+00:00\" \/>\n<meta name=\"twitter:card\" content=\"summary_large_image\" \/>\n<script type=\"application\/ld+json\" class=\"yoast-schema-graph\">{\"@context\":\"https:\/\/schema.org\",\"@graph\":[{\"@type\":\"WebSite\",\"@id\":\"https:\/\/fruehwald.hu\/#website\",\"url\":\"https:\/\/fruehwald.hu\/\",\"name\":\"Fr\u00fchwald HU\",\"description\":\"Fr\u00fchwald\",\"potentialAction\":[{\"@type\":\"SearchAction\",\"target\":{\"@type\":\"EntryPoint\",\"urlTemplate\":\"https:\/\/fruehwald.hu\/?s={search_term_string}\"},\"query-input\":\"required name=search_term_string\"}],\"inLanguage\":\"ro-RO\"},{\"@type\":\"WebPage\",\"@id\":\"https:\/\/fruehwald.hu\/ro\/marcaje\/#webpage\",\"url\":\"https:\/\/fruehwald.hu\/ro\/marcaje\/\",\"name\":\"Marcaje - Fr\u00fchwald HU\",\"isPartOf\":{\"@id\":\"https:\/\/fruehwald.hu\/#website\"},\"datePublished\":\"2022-11-30T15:17:27+00:00\",\"dateModified\":\"2024-03-06T11:55:52+00:00\",\"breadcrumb\":{\"@id\":\"https:\/\/fruehwald.hu\/ro\/marcaje\/#breadcrumb\"},\"inLanguage\":\"ro-RO\",\"potentialAction\":[{\"@type\":\"ReadAction\",\"target\":[\"https:\/\/fruehwald.hu\/ro\/marcaje\/\"]}]},{\"@type\":\"BreadcrumbList\",\"@id\":\"https:\/\/fruehwald.hu\/ro\/marcaje\/#breadcrumb\",\"itemListElement\":[{\"@type\":\"ListItem\",\"position\":1,\"name\":\"Marcaje\"}]}]}<\/script>\n<!-- \/ Yoast SEO plugin. -->","yoast_head_json":{"title":"Marcaje - Fr\u00fchwald HU","robots":{"index":"index","follow":"follow","max-snippet":"max-snippet:-1","max-image-preview":"max-image-preview:large","max-video-preview":"max-video-preview:-1"},"canonical":"https:\/\/fruehwald.hu\/ro\/marcaje\/","og_locale":"ro_RO","og_type":"article","og_title":"Marcaje - Fr\u00fchwald HU","og_url":"https:\/\/fruehwald.hu\/ro\/marcaje\/","og_site_name":"Fr\u00fchwald HU","article_modified_time":"2024-03-06T11:55:52+00:00","twitter_card":"summary_large_image","schema":{"@context":"https:\/\/schema.org","@graph":[{"@type":"WebSite","@id":"https:\/\/fruehwald.hu\/#website","url":"https:\/\/fruehwald.hu\/","name":"Fr\u00fchwald HU","description":"Fr\u00fchwald","potentialAction":[{"@type":"SearchAction","target":{"@type":"EntryPoint","urlTemplate":"https:\/\/fruehwald.hu\/?s={search_term_string}"},"query-input":"required name=search_term_string"}],"inLanguage":"ro-RO"},{"@type":"WebPage","@id":"https:\/\/fruehwald.hu\/ro\/marcaje\/#webpage","url":"https:\/\/fruehwald.hu\/ro\/marcaje\/","name":"Marcaje - Fr\u00fchwald HU","isPartOf":{"@id":"https:\/\/fruehwald.hu\/#website"},"datePublished":"2022-11-30T15:17:27+00:00","dateModified":"2024-03-06T11:55:52+00:00","breadcrumb":{"@id":"https:\/\/fruehwald.hu\/ro\/marcaje\/#breadcrumb"},"inLanguage":"ro-RO","potentialAction":[{"@type":"ReadAction","target":["https:\/\/fruehwald.hu\/ro\/marcaje\/"]}]},{"@type":"BreadcrumbList","@id":"https:\/\/fruehwald.hu\/ro\/marcaje\/#breadcrumb","itemListElement":[{"@type":"ListItem","position":1,"name":"Marcaje"}]}]}},"acf":[],"_links":{"self":[{"href":"https:\/\/fruehwald.hu\/ro\/wp-json\/wp\/v2\/pages\/6622"}],"collection":[{"href":"https:\/\/fruehwald.hu\/ro\/wp-json\/wp\/v2\/pages"}],"about":[{"href":"https:\/\/fruehwald.hu\/ro\/wp-json\/wp\/v2\/types\/page"}],"author":[{"embeddable":true,"href":"https:\/\/fruehwald.hu\/ro\/wp-json\/wp\/v2\/users\/7"}],"replies":[{"embeddable":true,"href":"https:\/\/fruehwald.hu\/ro\/wp-json\/wp\/v2\/comments?post=6622"}],"version-history":[{"count":1,"href":"https:\/\/fruehwald.hu\/ro\/wp-json\/wp\/v2\/pages\/6622\/revisions"}],"predecessor-version":[{"id":6623,"href":"https:\/\/fruehwald.hu\/ro\/wp-json\/wp\/v2\/pages\/6622\/revisions\/6623"}],"wp:attachment":[{"href":"https:\/\/fruehwald.hu\/ro\/wp-json\/wp\/v2\/media?parent=6622"}],"curies":[{"name":"wp","href":"https:\/\/api.w.org\/{rel}","templated":true}]}}