{"id":6620,"date":"2022-11-28T19:56:33","date_gmt":"2022-11-28T18:56:33","guid":{"rendered":"https:\/\/fruehwald.hu\/instructiuni-de-pavare\/"},"modified":"2024-03-06T12:52:55","modified_gmt":"2024-03-06T11:52:55","slug":"instructiuni-de-pavare","status":"publish","type":"page","link":"https:\/\/fruehwald.hu\/ro\/instructiuni-de-pavare\/","title":{"rendered":"Instruc\u021biuni de pavare"},"content":{"rendered":"\t<div class=\"sf-hero-image\" id=\"sf-hero-image-9af3b1d7e12bf8a6ce1b0a1abca7687d02636df03ab30c8def0537625e59b73f\" style=\"background-image: url(https:\/\/fruehwald.hu\/wp-content\/uploads\/sites\/5\/2022\/11\/Verlegehinweise-Image-Beitragsbild-1-1.jpg); background-position: center center\">\n        <div class=\"carpet\"><\/div>\n                    <div class=\"inner\">\n\t                                <h1>Instruc\u021biuni de pavare<\/h1>\n\t            \t                        <\/div>\n        \n        \n        \n        \t<\/div>\n\t    <style>\n                    <\/style>\n    \n<div style=\"height:100px\" aria-hidden=\"true\" class=\"wp-block-spacer\"><\/div>\n\n<div class=\"wp-block-columns\">\n<div class=\"wp-block-column\" style=\"flex-basis:100%\">\n<div class=\"wp-container-1 wp-block-group has-background\" style=\"background-color:#f6f6f6\"><div class=\"wp-block-group__inner-container\">\n<div style=\"height:20px\" aria-hidden=\"true\" class=\"wp-block-spacer\"><\/div>\n\n\n\n<div class=\"wp-block-fruehwald-area container\">\n<div class=\"wp-block-columns alignwide are-vertically-aligned-top\">\n<div class=\"wp-block-column\" style=\"flex-basis:100%\">\n<div class=\"heading-with-text-above has-text-align-center\" data-aos=\"fade-up\"><div class=\"text-above\">Instruc\u021biuni generale<\/div><h1 class=\"has-text-align-center has-font-weight-3\" data-aos=\"fade-up\">despre pavaje \u0219i dale<\/h1><\/div>\n\n\n\n<p class=\"has-text-align-center\" data-aos=\"fade-up\">Posibilitatea amplas\u0103rii rapide \u0219i u\u0219oare este un aspect important la dezvoltarea produselor noastre. Cu toate acestea, merit\u0103 \u00eentotdeauna s\u0103 apela\u021bi la profesioni\u0219ti pentru a face execu\u021bia! Toate punctele din instruc\u021biunile de instalare \u0219i montare enumerate aici sunt recomand\u0103ri f\u0103r\u0103 obliga\u021bii, \u0219i nu ne asum\u0103m nici o responsabilitate pentru acestea.<\/p>\n<\/div>\n<\/div>\n<\/div>\n\n\n\n<div style=\"height:10px\" aria-hidden=\"true\" class=\"wp-block-spacer\"><\/div>\n<\/div><\/div>\n<\/div>\n<\/div>\n\n<div style=\"height:100px\" aria-hidden=\"true\" class=\"wp-block-spacer\"><\/div>\n\n<div class=\"wp-block-fruehwald-area container\">\n<div class=\"wp-block-columns\">\n<div class=\"wp-block-column\"><ul class=\"post-list\">\n\t        <li>\n            <div>\n                <aside class=\"left\">\n                                            <div class=\"no-image\"><\/div>\n                                    <\/aside>\n                <div class=\"content\">\n                    <div class=\"inner\">\n                        <h2>Diferen\u021be de culoare \u0219i de structur\u0103<\/h2>\n\t\t\t                                        <div class=\"excerpt\"><p>Produsele din beton sunt fabricate din agregate naturale. Din acest motiv, produsele noastre pot prezenta u\u0219oare diferen\u021be de culoare \u0219i textur\u0103 &#8211; chiar \u0219i din cauza culorii cimentului \u00een sine. Prin urmare, chiar \u0219i cu cea mai atent\u0103 produc\u021bie, varia\u021biile de culoare \u0219i textur\u0103 nu pot fi complet evitate. Sfatul nostru: Lucra\u021bi din mai mul\u021bi pale\u021bi \u00een acela\u0219i timp pentru a ob\u021bine un aspect uniform \u0219i natural! <\/p>\n<\/div>\n\t\t\t                                <\/div>\n                <\/div>\n            <\/div>\n        <\/li>\n\t        <li>\n            <div>\n                <aside class=\"left\">\n                                            <div class=\"no-image\"><\/div>\n                                    <\/aside>\n                <div class=\"content\">\n                    <div class=\"inner\">\n                        <h2>Toleran\u021be de dimensiuni<\/h2>\n\t\t\t                                        <div class=\"excerpt\"><p>Produsele noastre din beton sunt fabricate cu cele mai moderne echipamente de produc\u021bie. Cu toate acestea, devieri dimensionale minime pot ap\u0103rea \u00een orice moment, sunt permise de standardele europene \u0219i, de obicei, nu joac\u0103 nici un rol \u00een timpul amplas\u0103rii. Diferen\u021bele de \u00een\u0103l\u021bime a pietrelor pot fi compensate prin utilizarea unui ciocan de cauciuc \u0219i a unui vibrator de gresie la amplasarea pietrelor de c\u0103tre un profesionist, folosind patul potrivit.<\/p>\n<\/div>\n\t\t\t                                <\/div>\n                <\/div>\n            <\/div>\n        <\/li>\n\t<\/ul>\n<\/div>\n\n\n\n<div class=\"wp-block-column\"><ul class=\"post-list\">\n\t        <li>\n            <div>\n                <aside class=\"left\">\n                                            <div class=\"no-image\"><\/div>\n                                    <\/aside>\n                <div class=\"content\">\n                    <div class=\"inner\">\n                        <h2>Eflorescen\u021ba<\/h2>\n\t\t\t                                        <div class=\"excerpt\"><p>Pe m\u0103sur\u0103 ce cimentul face priz\u0103, se formeaz\u0103 var hidratat, care poate ajunge la suprafa\u021ba pietrei. Aceast\u0103 eflorescen\u021b\u0103 de var nu are absolut nici un efect negativ asupra propriet\u0103\u021bilor mecanice \u0219i al aspectului natural al produselor noastre. Efectele meteorologice, cum ar fi ploaia sau z\u0103pada \u0219i uzura complet normal\u0103, vor face ca aceast\u0103 eflorescen\u021b\u0103 de var s\u0103 dispar\u0103 dup\u0103 o anumit\u0103 perioad\u0103 de timp.<\/p>\n<\/div>\n\t\t\t                                <\/div>\n                <\/div>\n            <\/div>\n        <\/li>\n\t        <li>\n            <div>\n                <aside class=\"left\">\n                                            <div class=\"no-image\"><\/div>\n                                    <\/aside>\n                <div class=\"content\">\n                    <div class=\"inner\">\n                        <h2>Fisuri \u0219i f\u0103r\u00e2mi\u021barea marginilor<\/h2>\n\t\t\t                                        <div class=\"excerpt\"><p>Cu produsele moderne din beton se pot realiza multe idei care nu sunt posibile cu nici un alt material de construc\u021bie. Cu toate acestea, \u00een timpul utiliz\u0103rii pe termen lung, nu se poate exclude complet, \u00een cazul acestor materiale naturale, apari\u021bia unor f\u0103r\u00e2mi\u021b\u0103ri, fisuri minore pe marginea pavajelor, pl\u0103cilor de teras\u0103 \u0219i bordurilor. <\/p>\n<\/div>\n\t\t\t                                <\/div>\n                <\/div>\n            <\/div>\n        <\/li>\n\t<\/ul>\n<\/div>\n<\/div>\n<\/div>\n\n<div class=\"wp-block-fruehwald-area container\"><\/div>\n\n<div class=\"wp-block-fruehwald-area container\"><\/div>\n\n<div style=\"height:100px\" aria-hidden=\"true\" class=\"wp-block-spacer\"><\/div>\n\n<p class=\"\"><\/p>\n","protected":false},"excerpt":{"rendered":"","protected":false},"author":7,"featured_media":0,"parent":0,"menu_order":0,"comment_status":"closed","ping_status":"closed","template":"","meta":{"inline_featured_image":false},"yoast_head":"<!-- This site is optimized with the Yoast SEO plugin v18.8 - https:\/\/yoast.com\/wordpress\/plugins\/seo\/ -->\n<title>Instruc\u021biuni de pavare - Fr\u00fchwald HU<\/title>\n<meta name=\"robots\" content=\"index, follow, max-snippet:-1, max-image-preview:large, max-video-preview:-1\" \/>\n<link rel=\"canonical\" href=\"https:\/\/fruehwald.hu\/ro\/instructiuni-de-pavare\/\" \/>\n<meta property=\"og:locale\" content=\"ro_RO\" \/>\n<meta property=\"og:type\" content=\"article\" \/>\n<meta property=\"og:title\" content=\"Instruc\u021biuni de pavare - Fr\u00fchwald HU\" \/>\n<meta property=\"og:url\" content=\"https:\/\/fruehwald.hu\/ro\/instructiuni-de-pavare\/\" \/>\n<meta property=\"og:site_name\" content=\"Fr\u00fchwald HU\" \/>\n<meta property=\"article:modified_time\" content=\"2024-03-06T11:52:55+00:00\" \/>\n<meta name=\"twitter:card\" content=\"summary_large_image\" \/>\n<script type=\"application\/ld+json\" class=\"yoast-schema-graph\">{\"@context\":\"https:\/\/schema.org\",\"@graph\":[{\"@type\":\"WebSite\",\"@id\":\"https:\/\/fruehwald.hu\/#website\",\"url\":\"https:\/\/fruehwald.hu\/\",\"name\":\"Fr\u00fchwald HU\",\"description\":\"Fr\u00fchwald\",\"potentialAction\":[{\"@type\":\"SearchAction\",\"target\":{\"@type\":\"EntryPoint\",\"urlTemplate\":\"https:\/\/fruehwald.hu\/?s={search_term_string}\"},\"query-input\":\"required name=search_term_string\"}],\"inLanguage\":\"ro-RO\"},{\"@type\":\"WebPage\",\"@id\":\"https:\/\/fruehwald.hu\/ro\/instructiuni-de-pavare\/#webpage\",\"url\":\"https:\/\/fruehwald.hu\/ro\/instructiuni-de-pavare\/\",\"name\":\"Instruc\u021biuni de pavare - Fr\u00fchwald HU\",\"isPartOf\":{\"@id\":\"https:\/\/fruehwald.hu\/#website\"},\"datePublished\":\"2022-11-28T18:56:33+00:00\",\"dateModified\":\"2024-03-06T11:52:55+00:00\",\"breadcrumb\":{\"@id\":\"https:\/\/fruehwald.hu\/ro\/instructiuni-de-pavare\/#breadcrumb\"},\"inLanguage\":\"ro-RO\",\"potentialAction\":[{\"@type\":\"ReadAction\",\"target\":[\"https:\/\/fruehwald.hu\/ro\/instructiuni-de-pavare\/\"]}]},{\"@type\":\"BreadcrumbList\",\"@id\":\"https:\/\/fruehwald.hu\/ro\/instructiuni-de-pavare\/#breadcrumb\",\"itemListElement\":[{\"@type\":\"ListItem\",\"position\":1,\"name\":\"Instruc\u021biuni de pavare\"}]}]}<\/script>\n<!-- \/ Yoast SEO plugin. -->","yoast_head_json":{"title":"Instruc\u021biuni de pavare - Fr\u00fchwald HU","robots":{"index":"index","follow":"follow","max-snippet":"max-snippet:-1","max-image-preview":"max-image-preview:large","max-video-preview":"max-video-preview:-1"},"canonical":"https:\/\/fruehwald.hu\/ro\/instructiuni-de-pavare\/","og_locale":"ro_RO","og_type":"article","og_title":"Instruc\u021biuni de pavare - Fr\u00fchwald HU","og_url":"https:\/\/fruehwald.hu\/ro\/instructiuni-de-pavare\/","og_site_name":"Fr\u00fchwald HU","article_modified_time":"2024-03-06T11:52:55+00:00","twitter_card":"summary_large_image","schema":{"@context":"https:\/\/schema.org","@graph":[{"@type":"WebSite","@id":"https:\/\/fruehwald.hu\/#website","url":"https:\/\/fruehwald.hu\/","name":"Fr\u00fchwald HU","description":"Fr\u00fchwald","potentialAction":[{"@type":"SearchAction","target":{"@type":"EntryPoint","urlTemplate":"https:\/\/fruehwald.hu\/?s={search_term_string}"},"query-input":"required name=search_term_string"}],"inLanguage":"ro-RO"},{"@type":"WebPage","@id":"https:\/\/fruehwald.hu\/ro\/instructiuni-de-pavare\/#webpage","url":"https:\/\/fruehwald.hu\/ro\/instructiuni-de-pavare\/","name":"Instruc\u021biuni de pavare - Fr\u00fchwald HU","isPartOf":{"@id":"https:\/\/fruehwald.hu\/#website"},"datePublished":"2022-11-28T18:56:33+00:00","dateModified":"2024-03-06T11:52:55+00:00","breadcrumb":{"@id":"https:\/\/fruehwald.hu\/ro\/instructiuni-de-pavare\/#breadcrumb"},"inLanguage":"ro-RO","potentialAction":[{"@type":"ReadAction","target":["https:\/\/fruehwald.hu\/ro\/instructiuni-de-pavare\/"]}]},{"@type":"BreadcrumbList","@id":"https:\/\/fruehwald.hu\/ro\/instructiuni-de-pavare\/#breadcrumb","itemListElement":[{"@type":"ListItem","position":1,"name":"Instruc\u021biuni de pavare"}]}]}},"acf":[],"_links":{"self":[{"href":"https:\/\/fruehwald.hu\/ro\/wp-json\/wp\/v2\/pages\/6620"}],"collection":[{"href":"https:\/\/fruehwald.hu\/ro\/wp-json\/wp\/v2\/pages"}],"about":[{"href":"https:\/\/fruehwald.hu\/ro\/wp-json\/wp\/v2\/types\/page"}],"author":[{"embeddable":true,"href":"https:\/\/fruehwald.hu\/ro\/wp-json\/wp\/v2\/users\/7"}],"replies":[{"embeddable":true,"href":"https:\/\/fruehwald.hu\/ro\/wp-json\/wp\/v2\/comments?post=6620"}],"version-history":[{"count":1,"href":"https:\/\/fruehwald.hu\/ro\/wp-json\/wp\/v2\/pages\/6620\/revisions"}],"predecessor-version":[{"id":6621,"href":"https:\/\/fruehwald.hu\/ro\/wp-json\/wp\/v2\/pages\/6620\/revisions\/6621"}],"wp:attachment":[{"href":"https:\/\/fruehwald.hu\/ro\/wp-json\/wp\/v2\/media?parent=6620"}],"curies":[{"name":"wp","href":"https:\/\/api.w.org\/{rel}","templated":true}]}}