{"id":6616,"date":"2022-11-28T20:01:49","date_gmt":"2022-11-28T19:01:49","guid":{"rendered":"https:\/\/fruehwald.hu\/descarcare\/"},"modified":"2024-03-06T12:25:43","modified_gmt":"2024-03-06T11:25:43","slug":"descarcare","status":"publish","type":"page","link":"https:\/\/fruehwald.hu\/ro\/descarcare\/","title":{"rendered":"Desc\u0103rcare"},"content":{"rendered":"\n<div class=\"wp-block-sf-maps-block\"><div class=\"wrapper\" style=\"height:513px\"><div class=\"map\" id=\"outtake-map-324fb056-ff86-414d-8ca9-15255f824e3b\" data-map-id=\"1\"><\/div><span class=\"no-consent\"><p>Sie haben dem Nachladen externer Dateien nicht zugestimmt wodurch diese Karte nicht angezeigt werden kann<\/p><a href=\"javascript:void(0)\" id=\"reopen-maps-consent\" class=\"button sf-button sf-button-black\">Einstellungen erneut \u00f6ffnen<\/a><\/span><\/div><\/div>\n\n<div class=\"wp-block-fruehwald-area container\">\n<div class=\"wp-block-columns\">\n<div class=\"wp-block-column\" style=\"flex-basis:200px\">\n<h3 class=\"has-medium-font-size has-font-font1\">Ausztria<\/h3>\n<\/div>\n\n\n\n<div class=\"wp-block-column\" style=\"flex-basis:200px\">\n<h2 class=\"\"><strong><strong>Fr\u00fchwald Holding<\/strong><\/strong><\/h2>\n\n\n\n<p class=\"\">Tuchlauben 12\/15,<br\/>1010 Viena<\/p>\n\n\n\n<p class=\"\"><strong>T: <\/strong>+43 1 523 41 00<\/p>\n\n\n\n<p class=\"\"><strong>E: <\/strong>office@fruehwald.co.com<\/p>\n<\/div>\n\n\n\n<div class=\"wp-block-column\" style=\"flex-basis:200px\">\n<h2 class=\"\"><strong><strong><strong>Fr\u00fchwald Vertriebs<\/strong><\/strong><\/strong> <strong>GmbH<\/strong><\/h2>\n\n\n\n<p class=\"\">Tuchlauben 12\/15,<br\/>1010 Viena<\/p>\n\n\n\n<p class=\"\"><strong>T:<\/strong> +43 1 523 41 00<\/p>\n\n\n\n<p class=\"\"><strong>E: <\/strong>office@fruehwald.co.com<\/p>\n<\/div>\n<\/div>\n\n\n\n<div class=\"wp-block-columns\">\n<div class=\"wp-block-column\" style=\"flex-basis:200px\">\n<h3 class=\"has-medium-font-size\">Ungaria<\/h3>\n<\/div>\n\n\n\n<div class=\"wp-block-column\" style=\"flex-basis:200px\">\n<h2 class=\"\"><strong><strong><strong>Fr\u00fchwald Ltd.<\/strong><\/strong><\/strong><\/h2>\n\n\n\n<p class=\"\"><strong>Centru, fabricarea \u0219i v\u00e2nzarea produselor<\/strong><\/p>\n\n\n\n<p class=\"\">5600 B\u00e9k\u00e9scsaba, <br\/>Ber\u00e9nyi \u00fat 136\/1<\/p>\n\n\n\n<p class=\"\"><strong>T:<\/strong> +36 66 447-244<\/p>\n\n\n\n<p class=\"\"><strong>E: <\/strong>bekescsaba@fruhwald.hu<\/p>\n\n\n\n<p class=\"\">www.fruhwald.hu<br\/><\/p>\n<\/div>\n\n\n\n<div class=\"wp-block-column\" style=\"flex-basis:200px\">\n<h2 class=\"\"><strong><strong><strong>Fr\u00fchwald Ltd.<\/strong><\/strong><\/strong><\/h2>\n\n\n\n<p class=\"\"><strong>Produc\u021bia \u0219i v\u00e2nzarea de produse:<\/strong><\/p>\n\n\n\n<p class=\"\">2038 S\u00f3sk\u00fat, <br\/>K\u0151b\u00e1nya \u00fat<\/p>\n\n\n\n<p class=\"\"><strong>T:<\/strong> +36 23 348-370<\/p>\n\n\n\n<p class=\"\"><strong>E: <\/strong>soskut@fruhwald.hu<\/p>\n\n\n\n<p class=\"\">www.fruhwald.hu<br\/><\/p>\n<\/div>\n\n\n\n<div class=\"wp-block-column\" style=\"flex-basis:200px\">\n<h2 class=\"\"><strong><strong><strong><strong><strong><strong>Fr\u00fchwald Ltd.<\/strong><\/strong><\/strong><\/strong><\/strong><\/strong><\/h2>\n\n\n\n<p class=\"\"><strong><strong>Produc\u021bia \u0219i v\u00e2nzarea de produse:<\/strong><\/strong><\/p>\n\n\n\n<p class=\"\">4244 \u00dajfeh\u00e9rt\u00f3, <br\/>Epreskert \u00fat 2.<\/p>\n\n\n\n<p class=\"\"><strong>T:<\/strong> +36 42 291-042<\/p>\n\n\n\n<p class=\"\"><strong>E: <\/strong>ujfeherto@fruehwald.hu<\/p>\n\n\n\n<p class=\"\">www.fruhwald.hu<br\/><\/p>\n<\/div>\n<\/div>\n\n\n\n<div class=\"wp-block-columns\">\n<div class=\"wp-block-column\" style=\"flex-basis:200px\">\n<h3 class=\"has-medium-font-size\">Croa\u021bia<\/h3>\n<\/div>\n\n\n\n<div class=\"wp-block-column\" style=\"flex-basis:200px\">\n<h2 class=\"\"><strong><strong><strong><strong>Fr\u00fchwald d.o.o.<\/strong><\/strong><\/strong><\/strong><\/h2>\n\n\n\n<p class=\"\"><strong><strong>Produc\u021bia \u0219i v\u00e2nzarea de produse:<\/strong><\/strong><\/p>\n\n\n\n<p class=\"\">Prisoje 24<br\/>21232 Dicmo<\/p>\n\n\n\n<p class=\"\"><strong>T:<\/strong> +385 21 837 659<\/p>\n<\/div>\n\n\n\n<div class=\"wp-block-column\" style=\"flex-basis:200px\"><\/div>\n<\/div>\n<\/div>\n","protected":false},"excerpt":{"rendered":"","protected":false},"author":7,"featured_media":0,"parent":0,"menu_order":0,"comment_status":"closed","ping_status":"closed","template":"","meta":{"inline_featured_image":false},"yoast_head":"<!-- This site is optimized with the Yoast SEO plugin v18.8 - https:\/\/yoast.com\/wordpress\/plugins\/seo\/ -->\n<title>Desc\u0103rcare - Fr\u00fchwald HU<\/title>\n<meta name=\"robots\" content=\"index, follow, max-snippet:-1, max-image-preview:large, max-video-preview:-1\" \/>\n<link rel=\"canonical\" href=\"https:\/\/fruehwald.hu\/ro\/descarcare\/\" \/>\n<meta property=\"og:locale\" content=\"ro_RO\" \/>\n<meta property=\"og:type\" content=\"article\" \/>\n<meta property=\"og:title\" content=\"Desc\u0103rcare - Fr\u00fchwald HU\" \/>\n<meta property=\"og:url\" content=\"https:\/\/fruehwald.hu\/ro\/descarcare\/\" \/>\n<meta property=\"og:site_name\" content=\"Fr\u00fchwald HU\" \/>\n<meta property=\"article:modified_time\" content=\"2024-03-06T11:25:43+00:00\" \/>\n<meta name=\"twitter:card\" content=\"summary_large_image\" \/>\n<meta name=\"twitter:label1\" content=\"Timp estimat pentru citire\" \/>\n\t<meta name=\"twitter:data1\" content=\"1 minut\" \/>\n<script type=\"application\/ld+json\" class=\"yoast-schema-graph\">{\"@context\":\"https:\/\/schema.org\",\"@graph\":[{\"@type\":\"WebSite\",\"@id\":\"https:\/\/fruehwald.hu\/#website\",\"url\":\"https:\/\/fruehwald.hu\/\",\"name\":\"Fr\u00fchwald HU\",\"description\":\"Fr\u00fchwald\",\"potentialAction\":[{\"@type\":\"SearchAction\",\"target\":{\"@type\":\"EntryPoint\",\"urlTemplate\":\"https:\/\/fruehwald.hu\/?s={search_term_string}\"},\"query-input\":\"required name=search_term_string\"}],\"inLanguage\":\"ro-RO\"},{\"@type\":\"WebPage\",\"@id\":\"https:\/\/fruehwald.hu\/ro\/descarcare\/#webpage\",\"url\":\"https:\/\/fruehwald.hu\/ro\/descarcare\/\",\"name\":\"Desc\u0103rcare - Fr\u00fchwald HU\",\"isPartOf\":{\"@id\":\"https:\/\/fruehwald.hu\/#website\"},\"datePublished\":\"2022-11-28T19:01:49+00:00\",\"dateModified\":\"2024-03-06T11:25:43+00:00\",\"breadcrumb\":{\"@id\":\"https:\/\/fruehwald.hu\/ro\/descarcare\/#breadcrumb\"},\"inLanguage\":\"ro-RO\",\"potentialAction\":[{\"@type\":\"ReadAction\",\"target\":[\"https:\/\/fruehwald.hu\/ro\/descarcare\/\"]}]},{\"@type\":\"BreadcrumbList\",\"@id\":\"https:\/\/fruehwald.hu\/ro\/descarcare\/#breadcrumb\",\"itemListElement\":[{\"@type\":\"ListItem\",\"position\":1,\"name\":\"Desc\u0103rcare\"}]}]}<\/script>\n<!-- \/ Yoast SEO plugin. -->","yoast_head_json":{"title":"Desc\u0103rcare - Fr\u00fchwald HU","robots":{"index":"index","follow":"follow","max-snippet":"max-snippet:-1","max-image-preview":"max-image-preview:large","max-video-preview":"max-video-preview:-1"},"canonical":"https:\/\/fruehwald.hu\/ro\/descarcare\/","og_locale":"ro_RO","og_type":"article","og_title":"Desc\u0103rcare - Fr\u00fchwald HU","og_url":"https:\/\/fruehwald.hu\/ro\/descarcare\/","og_site_name":"Fr\u00fchwald HU","article_modified_time":"2024-03-06T11:25:43+00:00","twitter_card":"summary_large_image","twitter_misc":{"Timp estimat pentru citire":"1 minut"},"schema":{"@context":"https:\/\/schema.org","@graph":[{"@type":"WebSite","@id":"https:\/\/fruehwald.hu\/#website","url":"https:\/\/fruehwald.hu\/","name":"Fr\u00fchwald HU","description":"Fr\u00fchwald","potentialAction":[{"@type":"SearchAction","target":{"@type":"EntryPoint","urlTemplate":"https:\/\/fruehwald.hu\/?s={search_term_string}"},"query-input":"required name=search_term_string"}],"inLanguage":"ro-RO"},{"@type":"WebPage","@id":"https:\/\/fruehwald.hu\/ro\/descarcare\/#webpage","url":"https:\/\/fruehwald.hu\/ro\/descarcare\/","name":"Desc\u0103rcare - Fr\u00fchwald HU","isPartOf":{"@id":"https:\/\/fruehwald.hu\/#website"},"datePublished":"2022-11-28T19:01:49+00:00","dateModified":"2024-03-06T11:25:43+00:00","breadcrumb":{"@id":"https:\/\/fruehwald.hu\/ro\/descarcare\/#breadcrumb"},"inLanguage":"ro-RO","potentialAction":[{"@type":"ReadAction","target":["https:\/\/fruehwald.hu\/ro\/descarcare\/"]}]},{"@type":"BreadcrumbList","@id":"https:\/\/fruehwald.hu\/ro\/descarcare\/#breadcrumb","itemListElement":[{"@type":"ListItem","position":1,"name":"Desc\u0103rcare"}]}]}},"acf":[],"_links":{"self":[{"href":"https:\/\/fruehwald.hu\/ro\/wp-json\/wp\/v2\/pages\/6616"}],"collection":[{"href":"https:\/\/fruehwald.hu\/ro\/wp-json\/wp\/v2\/pages"}],"about":[{"href":"https:\/\/fruehwald.hu\/ro\/wp-json\/wp\/v2\/types\/page"}],"author":[{"embeddable":true,"href":"https:\/\/fruehwald.hu\/ro\/wp-json\/wp\/v2\/users\/7"}],"replies":[{"embeddable":true,"href":"https:\/\/fruehwald.hu\/ro\/wp-json\/wp\/v2\/comments?post=6616"}],"version-history":[{"count":1,"href":"https:\/\/fruehwald.hu\/ro\/wp-json\/wp\/v2\/pages\/6616\/revisions"}],"predecessor-version":[{"id":6617,"href":"https:\/\/fruehwald.hu\/ro\/wp-json\/wp\/v2\/pages\/6616\/revisions\/6617"}],"wp:attachment":[{"href":"https:\/\/fruehwald.hu\/ro\/wp-json\/wp\/v2\/media?parent=6616"}],"curies":[{"name":"wp","href":"https:\/\/api.w.org\/{rel}","templated":true}]}}