{"id":6614,"date":"2022-11-28T20:13:07","date_gmt":"2022-11-28T19:13:07","guid":{"rendered":"https:\/\/fruehwald.hu\/viziune-si-misiune\/"},"modified":"2024-03-06T12:22:27","modified_gmt":"2024-03-06T11:22:27","slug":"viziune-si-misiune","status":"publish","type":"page","link":"https:\/\/fruehwald.hu\/ro\/viziune-si-misiune\/","title":{"rendered":"Viziune \u0219i misiune"},"content":{"rendered":"\t<div class=\"sf-hero-image\" id=\"sf-hero-image-afd5ebecde810aa75eea9cf74ec96fc4ad888f956b20772c67df5004e1885fd9\" style=\"background-image: url(https:\/\/fruehwald.hu\/wp-content\/uploads\/sites\/5\/2022\/11\/suave-pflaster-barnamelir_imagepic-2-scaled-1.jpg); background-position: center center\">\n        <div class=\"carpet\"><\/div>\n                    <div class=\"inner\">\n\t                                <h1>Viziune \u0219i misiune<\/h1>\n\t            \t                        <\/div>\n        \n        \n        \n        \t<\/div>\n\t    <style>\n                    <\/style>\n    \n<div style=\"height:100px\" aria-hidden=\"true\" class=\"wp-block-spacer\"><\/div>\n\n<div class=\"wp-container-1 wp-block-group has-background\" style=\"background-color:#f6f6f6\"><div class=\"wp-block-group__inner-container\">\n<div style=\"height:100px\" aria-hidden=\"true\" class=\"wp-block-spacer\"><\/div>\n\n\n\n<blockquote class=\"wp-block-quote has-text-align-center is-style-default\" data-aos=\"fade-up\"><p>&#8222;Atunci c\u00e2nd o companie cu un palmares excelent investe\u0219te \u00een viitorul s\u0103u, va fi \u00eentotdeauna lider.&#8221;<\/p><cite><strong>Robert F. Holzer, Mag. &#8211;<br\/><\/strong>Proprietar-Director General-CEO Fr\u00fchwald Group &#8211;<\/cite><\/blockquote>\n\n\n\n<div style=\"height:100px\" aria-hidden=\"true\" class=\"wp-block-spacer\"><\/div>\n<\/div><\/div>\n\n<div style=\"height:100px\" aria-hidden=\"true\" class=\"wp-block-spacer\"><\/div>\n\n<div class=\"wp-block-fruehwald-area container\">\n<div class=\"wp-block-columns alignwide are-vertically-aligned-top\">\n<div class=\"wp-block-column\" style=\"flex-basis:100%\">\n<div class=\"heading-with-text-above has-text-align-left\" data-aos=\"fade-up\"><div class=\"text-above\">Viziune \u0219i misiune<\/div><h1 class=\"has-text-align-left has-font-weight-3\" data-aos=\"fade-up\">Cre\u0103m valoare de peste 90 de ani.<\/h1><\/div>\n\n\n\n<h4 class=\"\"><strong>CREAREA DE VALOARE DE PESTE 90 DE ANI. <\/strong><\/h4>\n\n\n\n<p class=\"\">Identificarea \u0219i satisfacerea nevoilor clien\u021bilor no\u0219tri a fost \u00eentotdeauna piatra de temelie a succesului nostru. Tr\u0103im valorile unei afaceri de familie, astfel \u00eenc\u00e2t comunicarea personal\u0103 cu toate p\u0103r\u021bile interesate, clien\u021bii \u0219i partenerii no\u0219tri de pia\u021b\u0103 este extrem de important\u0103. Ceea ce conteaz\u0103 este un management de proiect durabil \u0219i profesionist, cu scopul de a oferi excelen\u021b\u0103 pentru toate nevoile clien\u021bilor \u0219i, astfel, de a inspira pe toat\u0103 lumea. Magazinul nostru web B2B u\u0219ureaz\u0103 munca partenerilor no\u0219tri.<\/p>\n<\/div>\n<\/div>\n<\/div>\n\n<div style=\"height:100px\" aria-hidden=\"true\" class=\"wp-block-spacer\"><\/div>\n\n<div class=\"wp-container-2 wp-block-group has-background\" style=\"background-color:#f6f6f6\"><div class=\"wp-block-group__inner-container\">\n<div style=\"height:30px\" aria-hidden=\"true\" class=\"wp-block-spacer\"><\/div>\n\n\n\n<div class=\"wp-block-fruehwald-area container\">\n<div class=\"wp-block-columns\">\n<div class=\"wp-block-column\">\n<h2 class=\"\"><strong>VIZIUNEA NOASTR\u0102 DE VIITOR<\/strong><\/h2>\n\n\n\n<p class=\"\">Cu o cre\u0219tere durabil\u0103, suntem pe primul loc la alegerea clien\u021bilor \u00een ceea ce prive\u0219te pavajele premium \u00een \u021b\u0103rile din Europa Central\u0103 \u0219i de Est.<\/p>\n<\/div>\n\n\n\n<div class=\"wp-block-column\">\n<h2 class=\"\"><strong>MISIUNEA NOASTR\u0102<\/strong><\/h2>\n\n\n\n<p class=\"\">\u00cempreun\u0103 este mai bine&#8230;<br\/>&#8230;. pentru solu\u021biile excelente de pavare, \u00een colaborarea cu p\u0103r\u021bile interesate.<\/p>\n<\/div>\n<\/div>\n<\/div>\n\n\n\n<div style=\"height:10px\" aria-hidden=\"true\" class=\"wp-block-spacer\"><\/div>\n<\/div><\/div>\n\n<div style=\"height:100px\" aria-hidden=\"true\" class=\"wp-block-spacer\"><\/div>\n\n<div class=\"wp-block-fruehwald-area container\">\n<div class=\"wp-block-columns\">\n<div class=\"wp-block-column\" style=\"flex-basis:100%\">\n<div class=\"wp-container-4 wp-block-group\"><div class=\"wp-block-group__inner-container\">\n<h2 class=\"\"><strong>VALORILE NOASTRE<\/strong><\/h2>\n\n\n\n<div class=\"wp-container-3 wp-block-group\">\n<p class=\"\">&#8211; Tradi\u021bie \u0219i responsabilitate<br\/>&#8211; Apreciere<br\/>&#8211; Profesionalism<br\/>&#8211; Orientarea c\u0103tre client<br\/>&#8211; Rol de lider \u00een tehnologie \u0219i \u00een domeniul inova\u021biilor<br\/>&#8211; Ecologie<br\/>&#8211; Spirit de echip\u0103 \u0219i pasiune<br\/>&#8211; Orientarea c\u0103tre rezultate<\/p>\n<\/div>\n<\/div><\/div>\n<\/div>\n<\/div>\n<\/div>\n\n<div style=\"height:100px\" aria-hidden=\"true\" class=\"wp-block-spacer\"><\/div>\n\n<div class=\"wp-block-fruehwald-area container\">\n<p class=\"\">\u00cen prim\u0103vara anului 2022, Fr\u00fchwald a prezentat tuturor angaja\u021bilor s\u0103i trio-ul Viziune &#8211; Misiune &#8211; Valori, care a fost dezvoltat anterior cu participarea conducerii \u0219i care constituie pilonul strategiei companiei.<br\/>Dup\u0103 prezent\u0103rile de diminea\u021b\u0103, au urmat exerci\u021bii de team-building \u0219i programe de divertisment.<\/p>\n\n\n\n<div class=\"wp-block-columns\">\n<div class=\"wp-block-column\">\n<figure class=\"wp-block-embed is-type-video is-provider-youtube wp-block-embed-youtube wp-embed-aspect-16-9 wp-has-aspect-ratio\"><div class=\"wp-block-embed__wrapper\">\n<div class=\"sf-cookie-consent-blocked no-consent\" data-consent-id=\"youtube\" style=\"width: 500px; height: 281px;\">\n    <div class=\"config\" style=\"display: none\">&lt;iframe loading=&quot;lazy&quot; title=&quot;springparty5 1&quot; width=&quot;500&quot; height=&quot;281&quot; src=&quot;https:\/\/www.youtube.com\/embed\/2d1mRJYsxz0?feature=oembed&quot; frameborder=&quot;0&quot; allow=&quot;accelerometer; autoplay; clipboard-write; encrypted-media; gyroscope; picture-in-picture; web-share&quot; allowfullscreen&gt;&lt;\/iframe&gt;<\/div>\n    <div class=\"no-consent\" style=\"display: none\">\n        <p>\n            Sie haben dem Laden von Youtube-Videos nicht zugestimmt wodurch dieses Video nicht angezeigt werden kann.\n        <\/p>\n        <a href=\"javascript:void(0)\" class=\"sf-reopen-consent button sf-button sf-button-black\">Einstellungen erneut \u00f6ffnen<\/a>    \n    <\/div>\n    <div class=\"consent-container\"><\/div>\n<\/div>\n<\/div><\/figure>\n<\/div>\n\n\n\n<div class=\"wp-block-column\"><\/div>\n<\/div>\n<\/div>\n\n<div class=\"wp-block-fruehwald-area container\">\n<div class=\"wp-block-file\"><object class=\"wp-block-file__embed\" data=\"https:\/\/fruehwald.hu\/wp-content\/uploads\/sites\/5\/2022\/11\/Fruehwald_CI-Booklet_HU_Web.pdf\" type=\"application\/pdf\" style=\"width:100%;height:600px\" aria-label=\"Embed of Fruehwald_CI-Booklet_HU_Web.\"><\/object><a id=\"wp-block-file--media-03b8b634-407a-4fea-bbed-ec4e10834392\" href=\"https:\/\/fruehwald.hu\/wp-content\/uploads\/sites\/5\/2022\/11\/Fruehwald_CI-Booklet_HU_Web.pdf\">Fruehwald_CI-Booklet_HU_Web<\/a><a href=\"https:\/\/fruehwald.hu\/wp-content\/uploads\/sites\/5\/2022\/11\/Fruehwald_CI-Booklet_HU_Web.pdf\" class=\"wp-block-file__button\" download=\"\" aria-describedby=\"wp-block-file--media-03b8b634-407a-4fea-bbed-ec4e10834392\">Desc\u0103rcare<\/a><\/div>\n<\/div>\n","protected":false},"excerpt":{"rendered":"<p>&#8222;Atunci c\u00e2nd o companie cu un palmares excelent investe\u0219te \u00een viitorul s\u0103u, va fi \u00eentotdeauna lider.&#8221; Robert F. Holzer, Mag. &#8211;Proprietar-Director General-CEO Fr\u00fchwald Group &#8211;<\/p>\n","protected":false},"author":7,"featured_media":0,"parent":0,"menu_order":0,"comment_status":"closed","ping_status":"closed","template":"","meta":{"inline_featured_image":false},"yoast_head":"<!-- This site is optimized with the Yoast SEO plugin v18.8 - https:\/\/yoast.com\/wordpress\/plugins\/seo\/ -->\n<title>Viziune \u0219i misiune - Fr\u00fchwald HU<\/title>\n<meta name=\"robots\" content=\"index, follow, max-snippet:-1, max-image-preview:large, max-video-preview:-1\" \/>\n<link rel=\"canonical\" href=\"https:\/\/fruehwald.hu\/ro\/viziune-si-misiune\/\" \/>\n<meta property=\"og:locale\" content=\"ro_RO\" \/>\n<meta property=\"og:type\" content=\"article\" \/>\n<meta property=\"og:title\" content=\"Viziune \u0219i misiune - Fr\u00fchwald HU\" \/>\n<meta property=\"og:description\" content=\"&#8222;Atunci c\u00e2nd o companie cu un palmares excelent investe\u0219te \u00een viitorul s\u0103u, va fi \u00eentotdeauna lider.&#8221; Robert F. Holzer, Mag. &#8211;Proprietar-Director General-CEO Fr\u00fchwald Group &#8211;\" \/>\n<meta property=\"og:url\" content=\"https:\/\/fruehwald.hu\/ro\/viziune-si-misiune\/\" \/>\n<meta property=\"og:site_name\" content=\"Fr\u00fchwald HU\" \/>\n<meta property=\"article:modified_time\" content=\"2024-03-06T11:22:27+00:00\" \/>\n<meta name=\"twitter:card\" content=\"summary_large_image\" \/>\n<meta name=\"twitter:label1\" content=\"Timp estimat pentru citire\" \/>\n\t<meta name=\"twitter:data1\" content=\"1 minut\" \/>\n<script type=\"application\/ld+json\" class=\"yoast-schema-graph\">{\"@context\":\"https:\/\/schema.org\",\"@graph\":[{\"@type\":\"WebSite\",\"@id\":\"https:\/\/fruehwald.hu\/#website\",\"url\":\"https:\/\/fruehwald.hu\/\",\"name\":\"Fr\u00fchwald HU\",\"description\":\"Fr\u00fchwald\",\"potentialAction\":[{\"@type\":\"SearchAction\",\"target\":{\"@type\":\"EntryPoint\",\"urlTemplate\":\"https:\/\/fruehwald.hu\/?s={search_term_string}\"},\"query-input\":\"required name=search_term_string\"}],\"inLanguage\":\"ro-RO\"},{\"@type\":\"WebPage\",\"@id\":\"https:\/\/fruehwald.hu\/ro\/viziune-si-misiune\/#webpage\",\"url\":\"https:\/\/fruehwald.hu\/ro\/viziune-si-misiune\/\",\"name\":\"Viziune \u0219i misiune - Fr\u00fchwald HU\",\"isPartOf\":{\"@id\":\"https:\/\/fruehwald.hu\/#website\"},\"datePublished\":\"2022-11-28T19:13:07+00:00\",\"dateModified\":\"2024-03-06T11:22:27+00:00\",\"breadcrumb\":{\"@id\":\"https:\/\/fruehwald.hu\/ro\/viziune-si-misiune\/#breadcrumb\"},\"inLanguage\":\"ro-RO\",\"potentialAction\":[{\"@type\":\"ReadAction\",\"target\":[\"https:\/\/fruehwald.hu\/ro\/viziune-si-misiune\/\"]}]},{\"@type\":\"BreadcrumbList\",\"@id\":\"https:\/\/fruehwald.hu\/ro\/viziune-si-misiune\/#breadcrumb\",\"itemListElement\":[{\"@type\":\"ListItem\",\"position\":1,\"name\":\"Viziune \u0219i misiune\"}]}]}<\/script>\n<!-- \/ Yoast SEO plugin. -->","yoast_head_json":{"title":"Viziune \u0219i misiune - Fr\u00fchwald HU","robots":{"index":"index","follow":"follow","max-snippet":"max-snippet:-1","max-image-preview":"max-image-preview:large","max-video-preview":"max-video-preview:-1"},"canonical":"https:\/\/fruehwald.hu\/ro\/viziune-si-misiune\/","og_locale":"ro_RO","og_type":"article","og_title":"Viziune \u0219i misiune - Fr\u00fchwald HU","og_description":"&#8222;Atunci c\u00e2nd o companie cu un palmares excelent investe\u0219te \u00een viitorul s\u0103u, va fi \u00eentotdeauna lider.&#8221; Robert F. Holzer, Mag. &#8211;Proprietar-Director General-CEO Fr\u00fchwald Group &#8211;","og_url":"https:\/\/fruehwald.hu\/ro\/viziune-si-misiune\/","og_site_name":"Fr\u00fchwald HU","article_modified_time":"2024-03-06T11:22:27+00:00","twitter_card":"summary_large_image","twitter_misc":{"Timp estimat pentru citire":"1 minut"},"schema":{"@context":"https:\/\/schema.org","@graph":[{"@type":"WebSite","@id":"https:\/\/fruehwald.hu\/#website","url":"https:\/\/fruehwald.hu\/","name":"Fr\u00fchwald HU","description":"Fr\u00fchwald","potentialAction":[{"@type":"SearchAction","target":{"@type":"EntryPoint","urlTemplate":"https:\/\/fruehwald.hu\/?s={search_term_string}"},"query-input":"required name=search_term_string"}],"inLanguage":"ro-RO"},{"@type":"WebPage","@id":"https:\/\/fruehwald.hu\/ro\/viziune-si-misiune\/#webpage","url":"https:\/\/fruehwald.hu\/ro\/viziune-si-misiune\/","name":"Viziune \u0219i misiune - Fr\u00fchwald HU","isPartOf":{"@id":"https:\/\/fruehwald.hu\/#website"},"datePublished":"2022-11-28T19:13:07+00:00","dateModified":"2024-03-06T11:22:27+00:00","breadcrumb":{"@id":"https:\/\/fruehwald.hu\/ro\/viziune-si-misiune\/#breadcrumb"},"inLanguage":"ro-RO","potentialAction":[{"@type":"ReadAction","target":["https:\/\/fruehwald.hu\/ro\/viziune-si-misiune\/"]}]},{"@type":"BreadcrumbList","@id":"https:\/\/fruehwald.hu\/ro\/viziune-si-misiune\/#breadcrumb","itemListElement":[{"@type":"ListItem","position":1,"name":"Viziune \u0219i misiune"}]}]}},"acf":[],"_links":{"self":[{"href":"https:\/\/fruehwald.hu\/ro\/wp-json\/wp\/v2\/pages\/6614"}],"collection":[{"href":"https:\/\/fruehwald.hu\/ro\/wp-json\/wp\/v2\/pages"}],"about":[{"href":"https:\/\/fruehwald.hu\/ro\/wp-json\/wp\/v2\/types\/page"}],"author":[{"embeddable":true,"href":"https:\/\/fruehwald.hu\/ro\/wp-json\/wp\/v2\/users\/7"}],"replies":[{"embeddable":true,"href":"https:\/\/fruehwald.hu\/ro\/wp-json\/wp\/v2\/comments?post=6614"}],"version-history":[{"count":1,"href":"https:\/\/fruehwald.hu\/ro\/wp-json\/wp\/v2\/pages\/6614\/revisions"}],"predecessor-version":[{"id":6615,"href":"https:\/\/fruehwald.hu\/ro\/wp-json\/wp\/v2\/pages\/6614\/revisions\/6615"}],"wp:attachment":[{"href":"https:\/\/fruehwald.hu\/ro\/wp-json\/wp\/v2\/media?parent=6614"}],"curies":[{"name":"wp","href":"https:\/\/api.w.org\/{rel}","templated":true}]}}