{"id":6612,"date":"2022-12-01T09:49:54","date_gmt":"2022-12-01T08:49:54","guid":{"rendered":"https:\/\/fruehwald.hu\/declaratie-de-confidentialitate-aomm\/"},"modified":"2024-03-06T12:17:25","modified_gmt":"2024-03-06T11:17:25","slug":"declaratie-de-confidentialitate-aomm","status":"publish","type":"page","link":"https:\/\/fruehwald.hu\/ro\/declaratie-de-confidentialitate-aomm\/","title":{"rendered":"Declara\u021bie de confiden\u021bialitate A\u00f6mm"},"content":{"rendered":"\n<div class=\"wp-block-fruehwald-area container\">\n<div class=\"wp-block-columns alignwide are-vertically-aligned-top\">\n<div class=\"wp-block-column\" style=\"flex-basis:100%\">\n<div class=\"heading-with-text-above has-text-align-left\" data-aos=\"fade-up\"><div class=\"text-above\">DSGVO<\/div><h1 class=\"has-text-align-left has-font-weight-3\" data-aos=\"fade-up\">Declara\u021bie de confiden\u021bialitate<\/h1><\/div>\n\n\n\n<p class=\"\">Protec\u021bia datelor dumneavoastr\u0103 personale este foarte important\u0103 pentru Fr\u00fchwald. Datele care ne sunt \u00eencredin\u021bate sunt tratate cu strict\u0103 confiden\u021bialitate \u0219i sunt gestionate \u00een mod responsabil. \u00cen consecin\u021b\u0103, datele dumneavoastr\u0103 cu caracter personal vor fi prelucrate \u00een conformitate cu legisla\u021bia aplicabil\u0103 privind protec\u021bia datelor.<\/p>\n\n\n\n<p class=\"\">Prin urmare, dorim s\u0103 v\u0103 inform\u0103m cu privire la prelucrare, la scopul acesteia \u0219i la drepturile dumneavoastr\u0103 \u00een temeiul normelor aplicabile privind protec\u021bia datelor, \u00een special Regulamentul general privind protec\u021bia datelor (GDPR) \u0219i Legea privind protec\u021bia datelor din 2018 (DPA 2018).<br\/>Prelucrarea datelor pe urm\u0103toarele site-uri web: www.fruehwaldgroup.<br\/><a href=\"https:\/\/fruehwald.hucom.fruehwald.sftest.at\/\">www.fruehwaldgroup.com<\/a><br\/><a href=\"https:\/\/fruehwald.hu\/de\/\">www.fruehwaldgroup.at<\/a><br\/><a href=\"https:\/\/fruehwald.huhu.fruehwald.sftest.at\/\">www.fruehwald.hu<\/a><br\/><a href=\"https:\/\/fruehwald.huhr.fruehwald.sftest.at\/\">www.fruehwald.hr<\/a><\/p>\n\n\n\n<p class=\"\">GDPR 4. conform Articolului 7. cine este r\u0103spunz\u0103tor pentru prelucrarea datelor:<br\/>Fr\u00fchwald Holding GmbH<br\/>Tuchlauben 12\/15<br\/>1010 Viena<br\/>Telefon: +43 523 41 00 \u2013 0<br\/>E \u2013 Mail: <a href=\"mailto:office@fruehwaldgroup.co.com\">office@fruehwaldgroup.com<\/a><\/p>\n\n\n\n<p class=\"\">Reprezentat de c\u0103tre: Mag. Robert Holzer, CEO<\/p>\n\n\n\n<h4 class=\"\">Colectarea \u0219i prelucrarea datelor cu caracter personal:<\/h4>\n\n\n\n<p class=\"\">Prin urmare, atunci c\u00e2nd vizita\u021bi site-urile noastre web, cu excep\u021bia cazului \u00een care \u00eemi furniza\u021bi date cu caracter personal prin alte mijloace, colect\u0103m date cu caracter personal din motive tehnice care sunt transmise de browserul dvs. c\u0103tre server. Atunci c\u00e2nd vizita\u021bi site-ul nostru web, colect\u0103m urm\u0103toarele date, care sunt necesare \u00een scopuri tehnice \u0219i sunt utilizate pentru a asigura securitatea \u0219i stabilitatea (\u00een baza prevederilor DSGVO, articolul 6. punctul (1) litera (f)), iar pentru a asigura trasabilitatea \u0219i depistarea durabil\u0103 a defec\u021biunilor se va efectua un protocol despre urm\u0103toarele :<br\/>Recuperarea \u0219i \u00eentreruperea fi\u0219ierelor (numele fi\u0219ierului, data, ora, ora, cantitatea de date transferate), browsere (tip, versiune), gazd\u0103 (domeniu, adresa IP a computerului solicitant) respectiv termenii de c\u0103utare. Aceste date sunt stocate separat de orice date cu caracter personal pe care le-a\u021bi furnizat.<br\/>Pentru a face acest lucru, cre\u0103m a\u0219a-zise Fi\u0219iere de jurnal (Log Files). Datele extrase aici<\/p>\n\n\n\n<ul><li>v\u0103 ajut\u0103 s\u0103 evita\u021bi utilizarea ilegal\u0103 a con\u021binutului paginii web,<\/li><li>contribuie la \u00eembun\u0103t\u0103\u021birea site-ului \u0219i<\/li><li>sunt de ajutor pentru evalu\u0103ri statistice.<\/li><\/ul>\n\n\n\n<h5 class=\"\">Statistici web: AWStats<\/h5>\n\n\n\n<p class=\"\">Aceste statistici sunt evaluate cu ajutorul fi\u0219ierelor jurnal &#8211; a se vedea mai sus.<br\/>Fi\u0219ierele jurnal sunt suprascrise automat de c\u0103tre server, iar datele cu caracter personal r\u0103m\u00e2n \u00een fi\u0219ierele bazei de date ale programului statistic.<br\/>Datele nu sunt transferate pe servere str\u0103ine. Software-ul este instalat pe serverele noastre proprii \u0219i \u00eenchiriate \u00een Austria, astfel \u00eenc\u00e2t nu se transfer\u0103 date \u00een str\u0103in\u0103tate, \u00cen cazul \u00een care site-ul web este \u0219ters de pe serverul nostru, datele software-ului de analiz\u0103 web r\u0103mase anonime sunt \u0219terse \u00een mod automat.<\/p>\n\n\n\n<h4 class=\"\">Fi\u0219iere jurnal:<\/h4>\n\n\n\n<p class=\"\">Serverele web operate sau \u00eenchiriate de Austria4U salveaz\u0103 fi\u0219iere jurnal care documenteaz\u0103 acces\u0103rile site-urilor web individuale, inclusiv data, ora \u0219i adresa IP a vizitatorului.<\/p>\n\n\n\n<h4 class=\"\">Cookie-uri:<\/h4>\n\n\n\n<p class=\"\">Cookie-urile sunt fi\u0219iere text de mici dimensiuni, care sunt stocate \u00een memoria dispozitivului dvs. \u0219i care v\u0103 sunt atribuite de c\u0103tre browserul dvs. atunci c\u00e2nd utiliza\u021bi internetul. Pentru ca utilizarea acestui site s\u0103 fie mai eficient\u0103 \u0219i mai u\u0219or de folosit, este posibil ca, atunci c\u00e2nd vizita\u021bi site-ul meu, s\u0103 \u00eemi fie transmise informa\u021bii (\u00een func\u021bie de cookie-uri). Cu toate acestea, modulele cookie nu pot executa programe sau furniza programe malware pe dispozitivul dumneavoastr\u0103.<\/p>\n\n\n\n<h5 class=\"\">Site-ul nostru utilizeaz\u0103:<\/h5>\n\n\n\n<p class=\"\">Cookie-uri temporare, care sunt \u0219terse automat atunci c\u00e2nd \u00eenchide\u021bi browserul sau v\u0103 deconecta\u021bi. Aici apar\u021bin, \u00een special, cookie-urile de sesiune, care pot fi utilizate pentru a salva un a\u0219a-numit iD al sesiunii, \u00een acest fel se pot armoniza cererile din browsere diferite. \u00cen acest fel, dispozitivul\/calculatorul dvs. va fi recunoscut atunci c\u00e2nd cineva acceseaz\u0103 site-ul web de pe acest dispozitiv.<br\/>Se pot face modific\u0103ri \u00een set\u0103rile browserului dumneavoastr\u0103 pentru a determina utilizarea cookie-urilor. De exemplu, pute\u021bi bloca modulele cookie ale ter\u021bilor, dar pute\u021bi bloca \u0219i toate modulele cookie. \u00cens\u0103 acest lucru poate \u00eensemna, de asemenea, ca unele site-uri pot s\u0103 nu func\u021bioneze corect.<br\/>Nu vom colecta alte date cu caracter personal (numele, adresa, num\u0103rul de telefon sau adresa de e-mail) doar dac\u0103 ni le furniza\u021bi \u00een mod voluntar \u0219i activ \u00een locul potrivit (de exemplu, prin abonarea la buletinul nostru informativ (newsletter), la completarea unui formular de contact sau a altor formulare, sau completarea paginilor de \u00eenregistrare \u0219i de conectare de pe site-ul nostru web, sau altele similare). Datele cu caracter personal pe care le furniza\u021bi vor fi utilizate doar pentru a v\u0103 solu\u021biona cazul sau pentru a v\u0103 r\u0103spunde la \u00eentreb\u0103ri. Aceste date nu vor fi, \u00een principiu, transferate unor ter\u021be p\u0103r\u021bi (care nu sunt specificate aici).<\/p>\n\n\n\n<h4 class=\"\">P\u0103strarea datelor, accesul la date \u0219i securitatea datelor:<\/h4>\n\n\n\n<p class=\"\">Nicio alt\u0103 persoan\u0103 sau companie care nu este men\u021bionat\u0103 \u00een aceast\u0103 declara\u021bie de confiden\u021bialitate nu va avea acces la datele dumneavoastr\u0103.<\/p>\n\n\n\n<p class=\"\">Site-ul nostru este g\u0103zduit de o companie specializat\u0103 \u00een hosting. Deoarece \u00eenchiriem \u0219i un un server de la acest furnizor de servicii, capacitatea furnizorului de servicii de a accesa datele men\u021bionate mai sus este limitat\u0103 prin contract la un nivel minim. Furnizorul de servicii este urm\u0103torul:<\/p>\n\n\n\n<p class=\"\">Austria4U &#8211; NET POOL<br\/>New Media Management<br\/>1130 Viena, K\u00fcniglberggasse 46<\/p>\n\n\n\n<p class=\"\">Persoana dumneavoastr\u0103 de contact: Gerhard Schurz &#8211; office@austria4U.at<a href=\"mailto:office@austria4U.at\"><\/a><\/p>\n\n\n\n<p class=\"\">Astfel, ve\u021bi avea acces la datele cu caracter personal colectate \u00een m\u0103sura indicat\u0103 mai sus, nu le pute\u021bi utiliza \u00een scopuri proprii \u0219i nu le pute\u021bi dezv\u0103lui unor ter\u021be p\u0103r\u021bi<\/p>\n\n\n\n<p class=\"\">Protej\u0103m informa\u021biile cu caracter personal pe care le colect\u0103m despre dumneavoastr\u0103 sau pe care ni le furniza\u021bi \u00eempotriva accesului neautorizat prin intermediul transmiterii criptate, asigur\u00e2nd protec\u021bia \u00eempotriva accesului dinafar\u0103, \u0219i pentru protejarea fizic\u0103 a serverului. M\u0103surile de siguran\u021b\u0103 sunt revizuite \u00een mod constant \u00een func\u021bie de progresul tehnologic. Astfel de m\u0103suri includ criptarea SSL, actualiz\u0103ri regulate de software \u0219i hardware, monitorizarea continu\u0103 a serverului \u0219i gestionarea continu\u0103 a copiilor de rezerv\u0103 de c\u0103tre Austria 4U.<\/p>\n\n\n\n<p class=\"\">Securitatea fizic\u0103 a datelor este asigurat\u0103 prin intermediul Austria4U, aceste m\u0103suri pot fi vizualizate aici (URL), \u00een cazul \u00een care acestea nu trebuie s\u0103 r\u0103m\u00e2n\u0103 abstracte sau confiden\u021biale pentru sistemul utilizat din cauza unor posibile atacuri din partea unor ter\u021be p\u0103r\u021bi.<\/p>\n\n\n\n<p class=\"\">Datele pe care le salva\u021bi atunci c\u00e2nd vizita\u021bi site-ul nostru (a se vedea mai sus) vor fi stocate, suprascrise sau \u0219terse de c\u0103tre furnizorul de servicii descris mai sus, cu excep\u021bia cazului \u00een care se prevede altfel \u00een alt\u0103 parte \u00een aceast\u0103 declara\u021bie.<\/p>\n\n\n\n<h4 class=\"\">Contact prin e-mail, scrisoare, telefon sau fax:<\/h4>\n\n\n\n<p class=\"\">Dac\u0103 ne contacta\u021bi, vom salva informa\u021biile pe care ni le furniza\u021bi (nume, adres\u0103, num\u0103r de telefon, adres\u0103 de e-mail, eventual informa\u021bii specifice cazului) pentru a v\u0103 putea r\u0103spunde la \u00eentreb\u0103ri, pentru a v\u0103 procesa cazul rapid \u0219i pentru a v\u0103 contacta din nou. \u00cen acest context, vom \u0219terge datele \u00een cazul \u00een care nu se \u00eencheie niciun contract \u00eentre noi sau vom \u0219terge imediat dac\u0103 stocarea lor nu mai este necesar\u0103 \u0219i vom reduce prelucrarea datelor la minimul prev\u0103zut de lege dac\u0103 legea impune o perioad\u0103 minim\u0103 de stocare. \u00cen cazul \u00eencheierii unui contract, declara\u021bia de confiden\u021bialitate a contractului va reglementa modul de prelucrare a datelor.<\/p>\n\n\n\n<p class=\"\">\u00cen cazul<\/p>\n\n\n\n<ul><li>\u00eenregistr\u0103rii la un buletin informativ care nu ne apar\u021bine sau<\/li><li>la solicitarea unor informa\u021bii prin formular<\/li><li>sau orice alt tip de formular special sau interfa\u021b\u0103 de conectare \u0219i \u00eenregistrare a site-ului,<\/li><\/ul>\n\n\n\n<p class=\"\">datele vor fi stocate doar at\u00e2t timp c\u00e2t este necesar pentru scopul pentru care sunt stocate. Vom \u0219terge datele care apar \u00een acest context imediat ce nu mai este necesar s\u0103 le stoc\u0103m. \u00cen cazul \u00een care este necesar\u0103 o prelucrare ulterioar\u0103 a datelor, aceasta va fi limitat\u0103 la minimul necesar, iar stocarea va fi pentru perioada minim\u0103 necesar\u0103. \u00cen cazul \u00een care se \u00eencheie un contract, prelucrarea este reglementat\u0103 de declara\u021bia de protec\u021bie a datelor din contract.<\/p>\n\n\n\n<p class=\"\">\u00cen conformitate cu legea, stoc\u0103m datele necesare pentru executarea contractului cu partenerii no\u0219tri de v\u00e2nz\u0103ri. Pentru executarea contractului (de exemplu, livrarea bunurilor comandate), ne rezerv\u0103m dreptul de a transfera datele dumneavoastr\u0103 c\u0103tre ter\u021bi (furnizor, livrare, serviciu de curierat extern).<\/p>\n\n\n\n<h4 class=\"\">Conectarea la re\u021belele de socializare (plug-in-uri de socializare):<\/h4>\n\n\n\n<p class=\"\">Site-urile noastre web sunt conectate la re\u021belele de socializare cu ajutorul unor plugin-uri de socializare. Aceste plug-in-uri sunt inactive atunci c\u00e2nd sunt deschise site-urile noastre web \u0219i nu trimit date furnizorului de servicii respectiv. Noi trimitem date furnizorului de servicii doar \u00een cazul c\u00e2nd pluginul este activat prin ap\u0103sarea pictogramei corespunz\u0103toare (&#8222;solu\u021bie cu dou\u0103 clicuri&#8221;). Furnizorul de servicii selectat va primi apoi informa\u021bia c\u0103 a\u021bi vizitat site-ul nostru web cu acea adres\u0103 IP. Pute\u021bi partaja con\u021binut de pe site-urile noastre pe profilul dvs. f\u0103c\u00e2nd clic pe plugin \u00een timp ce sunte\u021bi conectat la serviciul respectiv. Acest lucru permite furnizorului de servicii s\u0103 asocieze vizita dvs. pe site-ul nostru cu profilul dvs. V\u0103 rug\u0103m s\u0103 re\u021bine\u021bi c\u0103 furnizorii de servicii al acestui site nu au cuno\u0219tin\u021b\u0103 de datele transmise sau de utilizarea acestora de c\u0103tre furnizor.<br\/>Prin activarea \u0219i utilizarea unui plugin de social media, sunte\u021bi de acord cu transferul datelor dvs. personale c\u0103tre acel furnizor de servicii. Pentru mai multe informa\u021bii despre modul \u00een care sunt utilizate datele dumneavoastr\u0103 personale, v\u0103 rug\u0103m s\u0103 consulta\u021bi declara\u021bia de confiden\u021bialitate a furnizorului de servicii.<\/p>\n\n\n\n<ul><li>Facebook Ireland Ltd., 4 Grand Canal Square, Grand Canal Harbour, Dublin 2 Irlanda &#8211; <a href=\"https:\/\/fruehwald.hude-de.facebook.com\/policy.php\">https:\/\/fruehwald.hude-de.facebook.com\/policy.php<\/a><\/li><li>Google Inc., 1600 Amphitheatre Parkway, Mountain View, CA 94043, SUA &#8211; <a href=\"https:\/\/fruehwald.huwww.google.com\/intl\/de_ALL\/policies\/privacy\">https:\/\/fruehwald.huwww.google.com\/intl\/de_ALL\/policies\/privacy<\/a><\/li><li>Twitter International Company, The Academy, 42 Pearse Street, Dublin 2, Irlanda &#8211; https:\/\/fruehwald.hutwitter.com\/privacy?lang=de<a href=\"https:\/\/fruehwald.hutwitter.com\/privacy?lang=de\"><\/a><\/li><li>Instagram LLC, 1601 Willow Rd, Menlo Park CA 94025 SUA; https:\/\/fruehwald.huhelp.instagram.com\/155833707900388<a href=\"https:\/\/fruehwald.huhelp.instagram.com\/155833707900388\"><\/a><\/li><li>YouTube LLC, 901 Cherry Ave., San Bruno CA 94066 USA, <a href=\"https:\/\/fruehwald.huwww.youtube.com\/t\/impressum\">https:\/\/fruehwald.huwww.youtube.com\/t\/impressum<\/a><\/li><\/ul>\n\n\n\n<h4 class=\"\">Utilizarea Google Analytics:<\/h4>\n\n\n\n<p class=\"\">Site-urile noastre web utilizeaz\u0103 Google Analytics, un serviciu de analiz\u0103 web furnizat de Google Inc. Google Analytics utilizeaz\u0103 cookie-uri ca parte a acestui serviciu. Cookie-urile sunt fi\u0219iere text de mici dimensiuni care sunt salvate pe computerul dvs. \u0219i sunt utilizate pentru a recunoa\u0219te dispozitivul utilizatorului. Acest lucru v\u0103 permite s\u0103 analiza\u021bi utilizarea unui site web \u0219i s\u0103 \u00eembun\u0103t\u0103\u021bi\u021bi gradul de utilizare al acestuia. Din aceste date nu este posibil s\u0103 se deduc\u0103 identitatea dumneavoastr\u0103 \u00een mod sistematic.<\/p>\n\n\n\n<p class=\"\">Informa\u021biile generate \u00een acest fel (inclusiv adresa dumneavoastr\u0103 IP) sunt transmise unui server Google. Pentru a v\u0103 proteja confiden\u021bialitatea, Google Analytics este configurat \u00een a\u0219a fel \u00eenc\u00e2t adresa dvs. de IP s\u0103 fie anonimizat\u0103 dup\u0103 ce este transmis\u0103 direct \u00een Uniunea European\u0103 sau \u00een \u021b\u0103rile asociate cu Spa\u021biul Economic European \u0219i este stocat\u0103 de Google \u00een mod anonim (anonymizeIp=true). Numai \u00een cazuri excep\u021bionale adresa IP complet\u0103 va fi transmis\u0103 serverelor Google din Statele Unite pentru a fi scurtat\u0103.<\/p>\n\n\n\n<p class=\"\">Google prelucreaz\u0103 aceste date \u00een numele nostru pentru a analiza utilizarea de c\u0103tre dvs. a site-ului nostru web \u0219i pentru a \u00eentocmi rapoarte privind activitat\u0103\u021bile de pe site-ul web. Adresa IP transmis\u0103 de browserul dvs. \u00een cadrul Google Analytics nu va fi combinat\u0103 de c\u0103tre Google cu alte date.<\/p>\n\n\n\n<p class=\"\">Prin utilizarea site-ului nostru web, sunte\u021bi de acord cu stocarea de cookie-uri, a\u0219a cum este descris mai sus, respectiv cu prelucrarea datelor dumneavoastr\u0103 personale. Pute\u021bi \u00eempiedica salvarea modulelor cookie prin selectarea set\u0103rilor corespunz\u0103toare din browserul dumneavoastr\u0103. \u00cens\u0103 \u00een acest caz, nu toate func\u021biile site-urilor web pot fi utilizate la maxim. De asemenea, pute\u021bi \u00eempiedica utilizarea Google Analytics prin desc\u0103rcarea \u0219i instalarea plugin-ului pentru browser disponibil la <a href=\"http:\/\/tools.google.com\/dlpage\/gaoptout?hl=de\">http:\/\/tools.google.com\/dlpage\/gaoptout?hl=de.<\/a> Pute\u021bi g\u0103si mai multe informa\u021bii despre Google Analytics \u0219i despre modul \u00een care acesta gestioneaz\u0103 datele dumneavoastr\u0103 personale aici: www.google.com\/intl\/de\/analytics\/privacyoverview.html.<\/p>\n\n\n\n<h4 class=\"\">\u00cenregistrarea traficului de e-mail\/webmail:<\/h4>\n\n\n\n<p class=\"\">Pentru a asigura o securitate adecvat\u0103 a informa\u021biilor \u0219i a sistemului \u0219i pentru a detecta \u0219i gestiona programele malware, serverul nostru de e-mail genereaz\u0103 date de protocol (inclusiv date \u00eenchiriate) privind traficul de e-mail pe care \u00eel prime\u0219te. Atunci c\u00e2nd trimite\u021bi un e-mail de pe, sau c\u0103tre serverul nostru, \u00eenregistr\u0103m urm\u0103toarele informa\u021bii: adresa de e-mail, adresa IP \u0219i numele de gazd\u0103 ale destinatarului, num\u0103rul de destinatari, adresa de e-mail, adresa IP \u0219i numele de gazd\u0103 ale expeditorului, subiectul, data \u0219i ora la care mesajul ajunge pe server, numele fi\u0219ierelor ata\u0219ate, dimensiunea mesajului, clasa de risc pentru calitatea spam-ului \u0219i starea de transmitere. Verificarea e-mailurilor \u0219i filtrarea spam-ului sau a malware-ului se face \u00een mod automat \u00een prima etap\u0103, doar \u00een cazurile suspecte sau dubioase e-mailurile sunt supuse unei examin\u0103ri mai am\u0103nun\u021bite, \u00eentotdeauna de comun acord cu destinatarul, unde examin\u0103rile sunt efectuate de c\u0103tre persoane responsabile \u00een mod special pentru acest lucru.<\/p>\n\n\n\n<h4 class=\"\">Protec\u021bia datelor<\/h4>\n\n\n\n<p class=\"\">Lu\u0103m toate m\u0103surile de securitate tehnice \u0219i organizatorice necesare \u0219i suficiente pentru a v\u0103 proteja datele dumneavoastr\u0103 personale \u00eempotriva pierderii sau utiliz\u0103rii abuzive. Datele Dumneavoastr\u0103 sunt stocate \u00eentr-un mediu opera\u021bional securizat, de ultim\u0103 genera\u021bie. Oferim acces la site-urile noastre web utiliz\u00e2nd HTTPS dac\u0103 browserul dvs. accept\u0103 SSL. Acest lucru \u00eenseamn\u0103 c\u0103 dispozitivul utilizatorului \u0219i serverele noastre comunic\u0103 \u00eentre ele \u00een form\u0103 criptat\u0103. \u00cen cazul \u00een care dori\u021bi s\u0103 ne contacta\u021bi pe noi sau pe personalul nostru prin e-mail, v\u0103 rug\u0103m s\u0103 re\u021bine\u021bi c\u0103 nu se poate garanta securitatea datelor transmise. Din cauza structurii tehnice a acestora, con\u021binutul e-mailurilor poate fi v\u0103zut de c\u0103tre ter\u021bi, cu excep\u021bia cazului \u00een care se iau m\u0103suri tehnice speciale. Prin urmare, v\u0103 recomand\u0103m s\u0103 ne transmite\u021bi informa\u021bii confiden\u021biale numai prin intermediul formularului de contact sau prin alte mijloace sigure.<\/p>\n\n\n\n<h4 class=\"\">Drepturile Dumneavoastr\u0103:<\/h4>\n\n\n\n<p class=\"\">\u00cen conformitate cu GDPR, Articolul 13. punctul (2) litera (b), ave\u021bi dreptul de a solicita operatorului s\u0103 acceseze, s\u0103 rectifice, s\u0103 \u0219tearg\u0103 sau s\u0103 restric\u021bioneze prelucrarea datelor cu caracter personal care v\u0103 privesc \u0219i s\u0103 v\u0103 opune\u021bi prelucr\u0103rii acestor date cu caracter personal \u0219i portabilit\u0103\u021bii acestor date.<\/p>\n\n\n\n<p class=\"\">Pe l\u00e2ng\u0103 acestea, \u00een baza Articolului 13. alineatul (2) litera (b). ave\u021bi dreptul de a depune o pl\u00e2ngere la autoritatea de supraveghere cu privire la prelucrarea datelor dumneavoastr\u0103 cu caracter personal.<\/p>\n\n\n\n<p class=\"\">\u00cen func\u021bie de natura \u0219i de domeniul de aplicare al cazului, vi se poate solicita s\u0103 prezenta\u021bi o dovad\u0103 a identit\u0103\u021bii Dumneavoastr\u0103 \u00eentr-o form\u0103 adecvat\u0103 pentru a v\u0103 exercita aceste drepturi.<\/p>\n\n\n\n<p class=\"\">Solicitarea de informa\u021bii, efectuat\u0103 \u00een baza unei cereri repetate de informa\u021bii, este reglementat\u0103 de Articolul 15 din RGPD. articolul 15 alineatul (3) din RGPD, \u00een baza c\u0103ruia dreptul de a primi o copie a datelor nu poate s\u0103 afecteze drepturile \u0219i libertatea altor persoane.<\/p>\n\n\n\n<p class=\"\">Aceast\u0103 declara\u021bie de confiden\u021bialitate se aplic\u0103 la situa\u021bia juridic\u0103 actual\u0103. Ne rezerv\u0103m \u00een mod expres dreptul de a face modific\u0103ri \u0219i corect\u0103ri \u00een viitor. Prin urmare, v\u0103 recomand\u0103m s\u0103 citi\u021bi \u00een mod regulat aceste reglement\u0103ri de confiden\u021bialitate, astfel r\u0103m\u00e2ne\u021bi informat cu privire la modul \u00een care sunt prelucrate datele dumneavoastr\u0103 personale.<\/p>\n<\/div>\n<\/div>\n<\/div>\n","protected":false},"excerpt":{"rendered":"","protected":false},"author":7,"featured_media":0,"parent":0,"menu_order":0,"comment_status":"closed","ping_status":"closed","template":"","meta":{"inline_featured_image":false},"yoast_head":"<!-- This site is optimized with the Yoast SEO plugin v18.8 - https:\/\/yoast.com\/wordpress\/plugins\/seo\/ -->\n<title>Declara\u021bie de confiden\u021bialitate A\u00f6mm - Fr\u00fchwald HU<\/title>\n<meta name=\"robots\" content=\"index, follow, max-snippet:-1, max-image-preview:large, max-video-preview:-1\" \/>\n<link rel=\"canonical\" href=\"https:\/\/fruehwald.hu\/ro\/declaratie-de-confidentialitate-aomm\/\" \/>\n<meta property=\"og:locale\" content=\"ro_RO\" \/>\n<meta property=\"og:type\" content=\"article\" \/>\n<meta property=\"og:title\" content=\"Declara\u021bie de confiden\u021bialitate A\u00f6mm - Fr\u00fchwald HU\" \/>\n<meta property=\"og:url\" content=\"https:\/\/fruehwald.hu\/ro\/declaratie-de-confidentialitate-aomm\/\" \/>\n<meta property=\"og:site_name\" content=\"Fr\u00fchwald HU\" \/>\n<meta property=\"article:modified_time\" content=\"2024-03-06T11:17:25+00:00\" \/>\n<meta name=\"twitter:card\" content=\"summary_large_image\" \/>\n<meta name=\"twitter:label1\" content=\"Timp estimat pentru citire\" \/>\n\t<meta name=\"twitter:data1\" content=\"13 minute\" \/>\n<script type=\"application\/ld+json\" class=\"yoast-schema-graph\">{\"@context\":\"https:\/\/schema.org\",\"@graph\":[{\"@type\":\"WebSite\",\"@id\":\"https:\/\/fruehwald.hu\/#website\",\"url\":\"https:\/\/fruehwald.hu\/\",\"name\":\"Fr\u00fchwald HU\",\"description\":\"Fr\u00fchwald\",\"potentialAction\":[{\"@type\":\"SearchAction\",\"target\":{\"@type\":\"EntryPoint\",\"urlTemplate\":\"https:\/\/fruehwald.hu\/?s={search_term_string}\"},\"query-input\":\"required name=search_term_string\"}],\"inLanguage\":\"ro-RO\"},{\"@type\":\"WebPage\",\"@id\":\"https:\/\/fruehwald.hu\/ro\/declaratie-de-confidentialitate-aomm\/#webpage\",\"url\":\"https:\/\/fruehwald.hu\/ro\/declaratie-de-confidentialitate-aomm\/\",\"name\":\"Declara\u021bie de confiden\u021bialitate A\u00f6mm - Fr\u00fchwald HU\",\"isPartOf\":{\"@id\":\"https:\/\/fruehwald.hu\/#website\"},\"datePublished\":\"2022-12-01T08:49:54+00:00\",\"dateModified\":\"2024-03-06T11:17:25+00:00\",\"breadcrumb\":{\"@id\":\"https:\/\/fruehwald.hu\/ro\/declaratie-de-confidentialitate-aomm\/#breadcrumb\"},\"inLanguage\":\"ro-RO\",\"potentialAction\":[{\"@type\":\"ReadAction\",\"target\":[\"https:\/\/fruehwald.hu\/ro\/declaratie-de-confidentialitate-aomm\/\"]}]},{\"@type\":\"BreadcrumbList\",\"@id\":\"https:\/\/fruehwald.hu\/ro\/declaratie-de-confidentialitate-aomm\/#breadcrumb\",\"itemListElement\":[{\"@type\":\"ListItem\",\"position\":1,\"name\":\"Declara\u021bie de confiden\u021bialitate A\u00f6mm\"}]}]}<\/script>\n<!-- \/ Yoast SEO plugin. -->","yoast_head_json":{"title":"Declara\u021bie de confiden\u021bialitate A\u00f6mm - Fr\u00fchwald HU","robots":{"index":"index","follow":"follow","max-snippet":"max-snippet:-1","max-image-preview":"max-image-preview:large","max-video-preview":"max-video-preview:-1"},"canonical":"https:\/\/fruehwald.hu\/ro\/declaratie-de-confidentialitate-aomm\/","og_locale":"ro_RO","og_type":"article","og_title":"Declara\u021bie de confiden\u021bialitate A\u00f6mm - Fr\u00fchwald HU","og_url":"https:\/\/fruehwald.hu\/ro\/declaratie-de-confidentialitate-aomm\/","og_site_name":"Fr\u00fchwald HU","article_modified_time":"2024-03-06T11:17:25+00:00","twitter_card":"summary_large_image","twitter_misc":{"Timp estimat pentru citire":"13 minute"},"schema":{"@context":"https:\/\/schema.org","@graph":[{"@type":"WebSite","@id":"https:\/\/fruehwald.hu\/#website","url":"https:\/\/fruehwald.hu\/","name":"Fr\u00fchwald HU","description":"Fr\u00fchwald","potentialAction":[{"@type":"SearchAction","target":{"@type":"EntryPoint","urlTemplate":"https:\/\/fruehwald.hu\/?s={search_term_string}"},"query-input":"required name=search_term_string"}],"inLanguage":"ro-RO"},{"@type":"WebPage","@id":"https:\/\/fruehwald.hu\/ro\/declaratie-de-confidentialitate-aomm\/#webpage","url":"https:\/\/fruehwald.hu\/ro\/declaratie-de-confidentialitate-aomm\/","name":"Declara\u021bie de confiden\u021bialitate A\u00f6mm - Fr\u00fchwald HU","isPartOf":{"@id":"https:\/\/fruehwald.hu\/#website"},"datePublished":"2022-12-01T08:49:54+00:00","dateModified":"2024-03-06T11:17:25+00:00","breadcrumb":{"@id":"https:\/\/fruehwald.hu\/ro\/declaratie-de-confidentialitate-aomm\/#breadcrumb"},"inLanguage":"ro-RO","potentialAction":[{"@type":"ReadAction","target":["https:\/\/fruehwald.hu\/ro\/declaratie-de-confidentialitate-aomm\/"]}]},{"@type":"BreadcrumbList","@id":"https:\/\/fruehwald.hu\/ro\/declaratie-de-confidentialitate-aomm\/#breadcrumb","itemListElement":[{"@type":"ListItem","position":1,"name":"Declara\u021bie de confiden\u021bialitate A\u00f6mm"}]}]}},"acf":[],"_links":{"self":[{"href":"https:\/\/fruehwald.hu\/ro\/wp-json\/wp\/v2\/pages\/6612"}],"collection":[{"href":"https:\/\/fruehwald.hu\/ro\/wp-json\/wp\/v2\/pages"}],"about":[{"href":"https:\/\/fruehwald.hu\/ro\/wp-json\/wp\/v2\/types\/page"}],"author":[{"embeddable":true,"href":"https:\/\/fruehwald.hu\/ro\/wp-json\/wp\/v2\/users\/7"}],"replies":[{"embeddable":true,"href":"https:\/\/fruehwald.hu\/ro\/wp-json\/wp\/v2\/comments?post=6612"}],"version-history":[{"count":1,"href":"https:\/\/fruehwald.hu\/ro\/wp-json\/wp\/v2\/pages\/6612\/revisions"}],"predecessor-version":[{"id":6613,"href":"https:\/\/fruehwald.hu\/ro\/wp-json\/wp\/v2\/pages\/6612\/revisions\/6613"}],"wp:attachment":[{"href":"https:\/\/fruehwald.hu\/ro\/wp-json\/wp\/v2\/media?parent=6612"}],"curies":[{"name":"wp","href":"https:\/\/api.w.org\/{rel}","templated":true}]}}