{"id":6610,"date":"2022-12-01T09:47:44","date_gmt":"2022-12-01T08:47:44","guid":{"rendered":"https:\/\/fruehwald.hu\/dispozitii-generale\/"},"modified":"2024-03-06T12:17:25","modified_gmt":"2024-03-06T11:17:25","slug":"dispozitii-generale","status":"publish","type":"page","link":"https:\/\/fruehwald.hu\/ro\/dispozitii-generale\/","title":{"rendered":"Dispozi\u021bii generale"},"content":{"rendered":"\n<div class=\"wp-block-fruehwald-area container\">\n<h1 class=\"\">Dispozi\u021bii generale<\/h1>\n\n\n\n<p class=\"has-text-align-right\"><\/p>\n\n\n\n<p class=\"\"><strong>1. \u00ceNCHEIEREA CONTRACTULUI<\/strong><\/p>\n\n\n\n<p class=\"\">Contractul este considerat ca fiind \u00eencheiat din momentul c\u00e2nd clientul face comanda c\u0103tre c\u0103tre Fr\u00fchwald Kft. (denumit \u00een continuare \u201eProduc\u0103torul\u201d), iar acesta din urm\u0103 confirm\u0103 comanda, se face plata pre\u021bului de achizi\u021bie sau se \u00eencepe livrarea.<\/p>\n\n\n\n<p class=\"\"><strong>2. VALIDITATE<\/strong><\/p>\n\n\n\n<p class=\"\">&#8222;Termenii \u0219i condi\u021biile de v\u00e2nzare \u0219i livrare&#8221; se aplic\u0103 tuturor tranzac\u021biilor, contractelor \u00eencheiate \u0219i livr\u0103rilor efectuate \u00een leg\u0103tur\u0103 cu acestea. Abaterile de la aceste prevederi pot fi f\u0103cute numai cu o declara\u021bie dat\u0103 \u00een scris din partea reprezentantului Produc\u0103torului. Condi\u021biile de achizi\u021bionare ale Cump\u0103r\u0103torului nu se aplic\u0103 chiar dac\u0103 produc\u0103torul nu le-a contrazis.<\/p>\n\n\n\n<p class=\"\"><strong>3. PRE\u021aURI, DECONTAREA OFERTELOR<\/strong><\/p>\n\n\n\n<p class=\"\">Lista actual\u0103 de pre\u021buri a Produc\u0103torului include pre\u021burile ex-works. \u00cen cazul \u00een care Fr\u00fchwald Kft. \u0219i Cump\u0103r\u0103torul convin \u00een scris, ace\u0219tia pot devia de la pre\u021bul de pe site. \u00cen cazul unei cre\u0219teri a costurilor materiilor prime, ale energiei sau transportului, Produc\u0103torul are dreptul la o ajustare a pre\u021bului (sub rezerva unei perioade de preaviz de 10 zile), pe care o va comunica Cump\u0103r\u0103torului \u00eenainte de \u00eenceperea livr\u0103rii. B\u00e9k\u00e9scsaba, S\u00f3sk\u00fat \u0219i \u00dajfeh\u00e9rt\u00f3 valorific\u0103 la acela\u0219i pre\u021b. Cu excep\u021bia cazului \u00een care Produc\u0103torul prevede altfel \u00een scris, obliga\u021bia Produc\u0103torului de a prezenta o ofert\u0103 este limitat\u0103 la 30 de zile. Pre\u021bul de list\u0103 include \u0219i costul de ridicare. Baza de decontare este Foaia de Parcurs, emis\u0103 de V\u00e2nz\u0103tor \u0219i semnat\u0103 de Cump\u0103r\u0103tor sau de reprezentantul autorizat al acestuia.<\/p>\n\n\n\n<p class=\"\"><strong>4. Con\u021binutul comenzii<\/strong><\/p>\n\n\n\n<p class=\"\">Comanda scris\u0103 a Cump\u0103r\u0103torului trebuie s\u0103 includ\u0103, pe baza bro\u0219urii de produse a Produc\u0103torului, urm\u0103toarele informa\u021bii: &#8211; denumirea \u0219i abrevierea bunurilor care urmeaz\u0103 s\u0103 fie achizi\u021bionate; &#8211; dimensiunea produsului comandat; &#8211; culoarea acestuia (pentru pavele, elemente de gr\u0103din\u0103); &#8211; cantitatea exact\u0103 (buc, m\u00b2, metru liniar, m\u00b3); &#8211; metoda de livrare (proprie, de c\u0103tre produc\u0103tor); &#8211; data de livrare solicitat\u0103; &#8211; numele \u0219i num\u0103rul de telefon al destinatarului; &#8211; adresa exact\u0103 de livrare.<\/p>\n\n\n\n<p class=\"\"><strong>5. Transport, \u00eenc\u0103rcare<\/strong><\/p>\n\n\n\n<p class=\"\">Livrarea produsului trebuie s\u0103 fie organizat\u0103 de c\u0103tre Cump\u0103r\u0103tor. Dup\u0103 \u00eenc\u0103rcare sau dup\u0103 p\u0103r\u0103sirea fabricii, responsabilitatea revine Cump\u0103r\u0103torului sau transportatorului. \u00cen cazul \u00een care exist\u0103 \u00eendoieli sau temeri cu privire la cantitatea \u0219i calitatea produsului, produsul nu poate fi instalat p\u00e2n\u0103 la clarificarea acestora. \u00cen cazul \u00een care Produc\u0103torului i se solicit\u0103 s\u0103 livreze produsul c\u0103tre Cump\u0103r\u0103tor, Cump\u0103r\u0103torul este de acord ca Produc\u0103torul s\u0103 solicite ajutorul unui subcontractant. Costul livr\u0103rilor organizate de c\u0103tre Produc\u0103tor depinde \u00een mod semnificativ de: a) \u00een cazul transportului f\u0103r\u0103 auto\u00eenc\u0103rcare: Clientul trebuie s\u0103 finalizeze desc\u0103rcarea \u00een termen de 1 or\u0103 de la sosire, dup\u0103 care se va percepe o tax\u0103 pentru timpii mor\u021bi (\u00een valoare de 1500 HUF + TVA pentru fiecare jum\u0103tate de or\u0103 \u00eenceput\u0103) \u0219i\/sau b) accesibilitate necorespunz\u0103toare a loca\u021biei; c) indicarea inexact\u0103 a \u0219antierului sau a adresei de livrare; d) taxa de macara; e) taxele de folosire a re\u021belei rutiere sau taxe suplimentare de greutate.<br\/>Reprezentantul Produc\u0103torului sau departamentul de v\u00e2nz\u0103ri de la sediul societ\u0103\u021bii poate furniza Cump\u0103r\u0103torului informa\u021bii cu privire la costul exact al livr\u0103rii.<\/p>\n\n\n\n<p class=\"\"><strong>6. Plata<\/strong><\/p>\n\n\n\n<p class=\"\">Produc\u0103torul va accepta orice reclama\u021bie privind factura trimis\u0103 \u00een termen de 8 zile de la primirea facturii. \u00cen cazul \u00een care nu se prime\u0219te nici o reclama\u021bie \u00een termenul men\u021bionat mai sus, suma din factur\u0103 va fi \u00eenregistrat\u0103 ca o crean\u021b\u0103 necontestat\u0103 \u0219i recunoscut\u0103 de c\u0103tre Client. Produc\u0103torul are dreptul de a se retrage din contractul \u00eencheiat sau de a suspenda livr\u0103rile &#8211; f\u0103r\u0103 a suporta costuri \u00een consecin\u021b\u0103 &#8211; \u00een cazul \u00een care, pe parcursul rela\u021biei contractuale a) Cump\u0103r\u0103torul nu respect\u0103 condi\u021biile de plat\u0103 convenite; sau b) devin cunoscute circumstan\u021be despre Cump\u0103r\u0103tor care pun sub semnul \u00eentreb\u0103rii solvabilitatea acestuia. Plata trebuie efectuat\u0103 la data convenit\u0103, \u00een caz contrar se va percepe o dob\u00e2nd\u0103 de \u00eent\u00e2rziere dubl\u0103 fa\u021b\u0103 de rata de baz\u0103 bancar\u0103, pe l\u00e2ng\u0103 acestea vom percepe \u0219i toate costurile aferente (taxele firmei de colectare). Pl\u0103\u021bile sunt considerate decontate atunci c\u00e2nd virarea banilor \u00een contul Produc\u0103torului a fost confirmat\u0103. Eventualele defecte sau reclama\u021bii privind calitatea care pot ap\u0103rea nu au efect suspensiv.<\/p>\n\n\n\n<p class=\"\"><strong>7. Men\u021binerea dreptului de proprietate<\/strong><\/p>\n\n\n\n<p class=\"\">Bunurile livrate r\u0103m\u00e2n \u00een proprietatea Produc\u0103torului p\u00e2n\u0103 la plata integral\u0103 a tuturor crean\u021belor (inclusiv a altor costuri). Livr\u0103rile pentru un anumit proiect de construc\u021bie sunt considerate ca o singur\u0103 comand\u0103, chiar dac\u0103 sunt comandate, livrate \u0219i facturate \u00een mai multe tran\u0219e. \u00cen acest caz, dreptul de proprietate va fi transferat Cump\u0103r\u0103torului numai dup\u0103 ce toate crean\u021bele noastre care decurg din \u00eentreaga livrare au fost achitate. \u00cen cazul unei \u00eent\u00e2rzieri la plat\u0103 mai mari de 30 de zile sau \u00een cazul unei proceduri de faliment sau de lichidare pornite \u00eempotriva Cump\u0103r\u0103torului, Produc\u0103torul are dreptul de a lua bunurile aflate \u00een posesia sa de la Cump\u0103r\u0103tor, \u0219i de a le valorifica. Cump\u0103r\u0103torul suport\u0103, de asemenea, costurile de rev\u00e2nzare mai mici \u0219i costurile de returnare \u0219i de transport ulterior.<\/p>\n\n\n\n<p class=\"\"><strong>8. Pale\u021bi<\/strong><\/p>\n\n\n\n<p class=\"\">Livrarea se face pe pale\u021bi, pentru care se va percepe tax\u0103 de returnare \u0219i tax\u0103 de utilizare. \u00cen cazul return\u0103rii la sediul nostru (al c\u0103rei cost va fi suportat de c\u0103tre Cump\u0103r\u0103tor), vom rambursa pre\u021bul minus taxa de utilizare. Se vor returna doar pale\u021bii nedeteriora\u021bi, v\u0103 rug\u0103m s\u0103 furniza\u021bi dovada de proprietate \u00eempreun\u0103 cu foaia de parcurs.<\/p>\n\n\n\n<ul><li>Taxa de returnare a pale\u021bilor Zenith: HUF 6 500 + TVA\/bucat\u0103<\/li><li>Taxa de utilizare a pale\u021bilor Zenith: HUF 1 100 + TVA\/bucat\u0103<\/li><li>Taxa de returnare pentru Europale\u021bi: HUF 6 500 + TVA\/bucat\u0103<\/li><li>Taxa de utilizare pentru Europale\u021bi: HUF 1 100 + TVA\/bucat\u0103<\/li><li>Taxa de returnare pentru pale\u021bii de tip FBH: HUF 3 900 + TVA\/bucat\u0103<\/li><li>Taxa de utilizare a pale\u021bilor de tip FBH: HUF 770 + TVA\/bucat\u0103<\/li><\/ul>\n\n\n\n<p class=\"\"><strong>9. R\u0103scump\u0103rarea de materiale<\/strong><\/p>\n\n\n\n<p class=\"\">Produc\u0103torul va prelua numai bunurile livrate \u00een plus fa\u021b\u0103 de comanda Cump\u0103r\u0103torului, dup\u0103 un acord prealabil \u0219i numai dac\u0103 bunurile sunt nedeteriorate \u0219i se afl\u0103 \u00eenc\u0103 \u00een ambalajul lor original. Produsul returnat trebuie s\u0103 fie \u00eenso\u021bit de o copie a facturii. Produc\u0103torul va percepe o tax\u0103 de manipulare de 20% din valoarea produsului \u00een momentul r\u0103scump\u0103r\u0103rii. R\u0103scump\u0103r\u0103rile pot fi efectuate \u00een termen de 6 luni de la livrare, la oricare dintre sediile Produc\u0103torului.<\/p>\n\n\n\n<p class=\"\"><strong>10. Garan\u021bie<\/strong><\/p>\n\n\n\n<p class=\"\">Garant\u0103m caracteristicile tehnice \u0219i cerin\u021bele de calitate ale produselor noastre \u00een conformitate cu cerin\u021bele legale. Din cantitatea curent\u0103 livrat\u0103 este permis\u0103 o marj\u0103 de deteriorare de 2%, \u00een conformitate cu reglement\u0103rile. M\u0103rfurile sunt c\u00e2nt\u0103rite cantitativ \u0219i inspectate calitativ \u00een momentul accept\u0103rii de c\u0103tre Cump\u0103r\u0103tor sau de c\u0103tre agentul acestuia. Dup\u0103 o astfel de inspec\u021bie, m\u0103rfurile respinse nu sunt montate, iar obiec\u021bia este notificat\u0103 \u00een scris Produc\u0103torului \u00een termen de cel mult 3 zile. Dup\u0103 acceptare, produc\u0103torul poate solu\u021biona numai reclama\u021biile care decurg din vicii ascunse (care nu sunt vizibile \u00een momentul accept\u0103rii), care pot fi atribuite unor defecte de fabrica\u021bie. \u00cen cazul unei reclama\u021bii, putem schimba doar produsele fabricate de c\u0103tre Fr\u00fchwald Kft., \u0219i \u00een baza facturii anexate. O garan\u021bie de \u00eenlocuire poate fi aplicat\u0103 doar produselor care nu au fost \u00eenc\u0103 montate, cu condi\u021bia ca reprezentantul Produc\u0103torului s\u0103 acorde \u00een prealabil o autoriza\u021bie scris\u0103. Apari\u021bia \u00eenfloririi este inevitabil\u0103 din punct de vedere tehnic, nu afecteaz\u0103 parametrii de calitate \u0219i valoarea de utilitate a produsului, prin urmare, nu constituie un defect de garan\u021bie! Folosirea \u0219i inevitabila contaminare natural\u0103 pe care o implic\u0103 acest lucru vor face ca florile s\u0103 dispar\u0103. Col\u021burile \u0219i marginile pavelelor \u0219i ale dalelor de pavaj a\u0219ezate pe o baz\u0103 insuficient compactat\u0103, se pot fisura atunci c\u00e2nd sunt tasate cu placa vibratoare. Motivele pentru aceasta sunt patul insuficient de compact, a\u0219ezarea necorespunz\u0103toare, nerespectarea distan\u021b\u0103rii rosturilor pietrelor de la baz\u0103, vibrare f\u0103r\u0103 foi de cauciuc. Materialele naturale folosite variaz\u0103 \u00een func\u021bie de culoare, chiar \u0219i cimentul. Datele diferite de produc\u021bie \u0219i diferen\u021bele dintre materialele utilizate pot cauza nuan\u021be de culoare a pietrelor normale, de \u00eenceput, de finisare \u0219i de margine, care sunt inevitabile din punct de vedere tehnic, dar care nu reduc valoarea de utilitate a produsului, care va deveni mai omogen prin intemperii \u0219i uzur\u0103. Nu exist\u0103 nicio garan\u021bie pentru varia\u021bia culorii, floarea de var \u0219i daunele elementare! \u00cen cazul \u00een care exist\u0103 \u00eendoieli sau temeri cu privire la cantitatea \u0219i calitatea produsului, produsul nu poate fi instalat p\u00e2n\u0103 la clarificarea acestora. Dac\u0103 totu\u0219i se \u00eent\u00e2mpl\u0103 acest lucru, niciun cost (de exemplu: desc\u0103rcare, ridicare) nu poate fi solicitat de la Produc\u0103tor!<\/p>\n\n\n\n<p class=\"\"><strong>11. Anulare<\/strong><\/p>\n\n\n\n<p class=\"\">\u00cen cazul \u00een care clientul se retrage din contractul scris confirmat de Fr\u00fchwald Ltd., se va percepe o penalitate de 10%. Pentru comenzi individuale, 40% din pre\u021b se pl\u0103te\u0219te \u00een avans. \u00cen cazul \u00een care clientul se retrage din contract, avansul va fi pl\u0103tit c\u0103tre Fr\u00fchwald Kft. ca penalitate.<\/p>\n\n\n\n<p class=\"\"><strong>12. Litigii<\/strong><\/p>\n\n\n\n<p class=\"\">\u00cen ceea ce prive\u0219te aspectele care nu sunt reglementate de &#8222;Termenii \u0219i condi\u021biile de v\u00e2nzare \u0219i livrare&#8221;, dispozi\u021biile Codului civil sunt aplicabile. \u00cen caz de litigiu, Tribunalul municipal din B\u00e9k\u00e9scsaba este competent pentru a solu\u021biona disputa. V\u0103 mul\u021bumim pentru \u00eencrederea acordat\u0103 \u0219i v\u0103 dorim s\u0103 folosi\u021bi \u00eenc\u0103 o perioad\u0103 lung\u0103 \u0219i cu bucurie produsele de la Fr\u00fchwald Kft. .<\/p>\n\n\n\n<p class=\"\"><strong>PARTENERI DE DISTRIBU\u021aIE:<\/strong><\/p>\n\n\n\n<p class=\"\">Produsele Fr\u00fchwald sunt disponibile la principalii comercian\u021bi cu am\u0103nuntul \u0219i distribuitori din \u00eentreaga \u021bar\u0103.<\/p>\n\n\n\n<p class=\"\"><strong>PRINCIPALELE GAME DE PRODUSE ALE FIRMEI FR\u00dcHWALD: .<\/strong><\/p>\n\n\n\n<ul><li>Elemente pentru construc\u021bii \u00eenalte<\/li><li>Elemente de pavaj, gr\u0103din\u0103 \u0219i construc\u021bii de drumuri<\/li><li>Elemente de inginerie civil\u0103 \u0219i construc\u021bii subterane pt.re\u021belele de ap\u0103 \u0219i canalizare<\/li><li>Alte servicii ale noastre:<ul><li>Valorificare beton de transport (malaxat \u00een timpul transportului)<\/li><li>V\u00e2nzarea de produse de calcar din Sorsk\u00fat &#8211; V\u00e2nzarea de pietri\u0219\/balast<\/li><li>Calcularea necesarului de materiale &#8211; Transportul produselor \u0219i servicii de macara<\/li><li>Consultan\u021b\u0103 &#8211; \u00cenchirierea \u0219i v\u00e2nzarea de accesorii, ma\u0219ini \u0219i utilaje<\/li><\/ul><\/li><\/ul>\n\n\n\n<p class=\"\"><strong>INFORMA\u021aII LEGATE DE LISTA DE PRE\u021aURI:<\/strong><\/p>\n\n\n\n<p class=\"\">Pre\u021burile din lista de pre\u021buri sunt valabile la sediu. Greutatea produselor \u0219i necesarul de materiale sunt valori rotunjite. Pre\u021burile unitare nete utilizate pentru facturare sunt metru linear, bucat\u0103 sau m\u00b2. Pre\u021burile brute sunt rotunjite \u00een conformitate cu regulile de rotunjire. Pre\u021burile includ TVA de 27%. Produsele cu pre\u021buri unitare marcate cu ro\u0219u pot fi livrate imediat din stoc, altele &#8211; dac\u0103 sunt comandate &#8211; cu termene scurte de fabricare. Ne rezerv\u0103m dreptul de a modifica con\u021binutul tehnic! Nu suntem r\u0103spunz\u0103tori pentru erori de imprimare \u0219i editare!<\/p>\n\n\n\n<p class=\"\">Valabil \u00cencep\u00e2nd de la 09.05.2022.<\/p>\n<\/div>\n","protected":false},"excerpt":{"rendered":"","protected":false},"author":7,"featured_media":0,"parent":0,"menu_order":0,"comment_status":"closed","ping_status":"closed","template":"","meta":{"inline_featured_image":false},"yoast_head":"<!-- This site is optimized with the Yoast SEO plugin v18.8 - https:\/\/yoast.com\/wordpress\/plugins\/seo\/ -->\n<title>Dispozi\u021bii generale - Fr\u00fchwald HU<\/title>\n<meta name=\"robots\" content=\"index, follow, max-snippet:-1, max-image-preview:large, max-video-preview:-1\" \/>\n<link rel=\"canonical\" href=\"https:\/\/fruehwald.hu\/ro\/dispozitii-generale\/\" \/>\n<meta property=\"og:locale\" content=\"ro_RO\" \/>\n<meta property=\"og:type\" content=\"article\" \/>\n<meta property=\"og:title\" content=\"Dispozi\u021bii generale - Fr\u00fchwald HU\" \/>\n<meta property=\"og:url\" content=\"https:\/\/fruehwald.hu\/ro\/dispozitii-generale\/\" \/>\n<meta property=\"og:site_name\" content=\"Fr\u00fchwald HU\" \/>\n<meta property=\"article:modified_time\" content=\"2024-03-06T11:17:25+00:00\" \/>\n<meta name=\"twitter:card\" content=\"summary_large_image\" \/>\n<meta name=\"twitter:label1\" content=\"Timp estimat pentru citire\" \/>\n\t<meta name=\"twitter:data1\" content=\"9 minute\" \/>\n<script type=\"application\/ld+json\" class=\"yoast-schema-graph\">{\"@context\":\"https:\/\/schema.org\",\"@graph\":[{\"@type\":\"WebSite\",\"@id\":\"https:\/\/fruehwald.hu\/#website\",\"url\":\"https:\/\/fruehwald.hu\/\",\"name\":\"Fr\u00fchwald HU\",\"description\":\"Fr\u00fchwald\",\"potentialAction\":[{\"@type\":\"SearchAction\",\"target\":{\"@type\":\"EntryPoint\",\"urlTemplate\":\"https:\/\/fruehwald.hu\/?s={search_term_string}\"},\"query-input\":\"required name=search_term_string\"}],\"inLanguage\":\"ro-RO\"},{\"@type\":\"WebPage\",\"@id\":\"https:\/\/fruehwald.hu\/ro\/dispozitii-generale\/#webpage\",\"url\":\"https:\/\/fruehwald.hu\/ro\/dispozitii-generale\/\",\"name\":\"Dispozi\u021bii generale - Fr\u00fchwald HU\",\"isPartOf\":{\"@id\":\"https:\/\/fruehwald.hu\/#website\"},\"datePublished\":\"2022-12-01T08:47:44+00:00\",\"dateModified\":\"2024-03-06T11:17:25+00:00\",\"breadcrumb\":{\"@id\":\"https:\/\/fruehwald.hu\/ro\/dispozitii-generale\/#breadcrumb\"},\"inLanguage\":\"ro-RO\",\"potentialAction\":[{\"@type\":\"ReadAction\",\"target\":[\"https:\/\/fruehwald.hu\/ro\/dispozitii-generale\/\"]}]},{\"@type\":\"BreadcrumbList\",\"@id\":\"https:\/\/fruehwald.hu\/ro\/dispozitii-generale\/#breadcrumb\",\"itemListElement\":[{\"@type\":\"ListItem\",\"position\":1,\"name\":\"Dispozi\u021bii generale\"}]}]}<\/script>\n<!-- \/ Yoast SEO plugin. -->","yoast_head_json":{"title":"Dispozi\u021bii generale - Fr\u00fchwald HU","robots":{"index":"index","follow":"follow","max-snippet":"max-snippet:-1","max-image-preview":"max-image-preview:large","max-video-preview":"max-video-preview:-1"},"canonical":"https:\/\/fruehwald.hu\/ro\/dispozitii-generale\/","og_locale":"ro_RO","og_type":"article","og_title":"Dispozi\u021bii generale - Fr\u00fchwald HU","og_url":"https:\/\/fruehwald.hu\/ro\/dispozitii-generale\/","og_site_name":"Fr\u00fchwald HU","article_modified_time":"2024-03-06T11:17:25+00:00","twitter_card":"summary_large_image","twitter_misc":{"Timp estimat pentru citire":"9 minute"},"schema":{"@context":"https:\/\/schema.org","@graph":[{"@type":"WebSite","@id":"https:\/\/fruehwald.hu\/#website","url":"https:\/\/fruehwald.hu\/","name":"Fr\u00fchwald HU","description":"Fr\u00fchwald","potentialAction":[{"@type":"SearchAction","target":{"@type":"EntryPoint","urlTemplate":"https:\/\/fruehwald.hu\/?s={search_term_string}"},"query-input":"required name=search_term_string"}],"inLanguage":"ro-RO"},{"@type":"WebPage","@id":"https:\/\/fruehwald.hu\/ro\/dispozitii-generale\/#webpage","url":"https:\/\/fruehwald.hu\/ro\/dispozitii-generale\/","name":"Dispozi\u021bii generale - Fr\u00fchwald HU","isPartOf":{"@id":"https:\/\/fruehwald.hu\/#website"},"datePublished":"2022-12-01T08:47:44+00:00","dateModified":"2024-03-06T11:17:25+00:00","breadcrumb":{"@id":"https:\/\/fruehwald.hu\/ro\/dispozitii-generale\/#breadcrumb"},"inLanguage":"ro-RO","potentialAction":[{"@type":"ReadAction","target":["https:\/\/fruehwald.hu\/ro\/dispozitii-generale\/"]}]},{"@type":"BreadcrumbList","@id":"https:\/\/fruehwald.hu\/ro\/dispozitii-generale\/#breadcrumb","itemListElement":[{"@type":"ListItem","position":1,"name":"Dispozi\u021bii generale"}]}]}},"acf":[],"_links":{"self":[{"href":"https:\/\/fruehwald.hu\/ro\/wp-json\/wp\/v2\/pages\/6610"}],"collection":[{"href":"https:\/\/fruehwald.hu\/ro\/wp-json\/wp\/v2\/pages"}],"about":[{"href":"https:\/\/fruehwald.hu\/ro\/wp-json\/wp\/v2\/types\/page"}],"author":[{"embeddable":true,"href":"https:\/\/fruehwald.hu\/ro\/wp-json\/wp\/v2\/users\/7"}],"replies":[{"embeddable":true,"href":"https:\/\/fruehwald.hu\/ro\/wp-json\/wp\/v2\/comments?post=6610"}],"version-history":[{"count":1,"href":"https:\/\/fruehwald.hu\/ro\/wp-json\/wp\/v2\/pages\/6610\/revisions"}],"predecessor-version":[{"id":6611,"href":"https:\/\/fruehwald.hu\/ro\/wp-json\/wp\/v2\/pages\/6610\/revisions\/6611"}],"wp:attachment":[{"href":"https:\/\/fruehwald.hu\/ro\/wp-json\/wp\/v2\/media?parent=6610"}],"curies":[{"name":"wp","href":"https:\/\/api.w.org\/{rel}","templated":true}]}}