{"id":6608,"date":"2022-12-01T09:40:55","date_gmt":"2022-12-01T08:40:55","guid":{"rendered":"https:\/\/fruehwald.hu\/editorial\/"},"modified":"2024-03-06T12:17:25","modified_gmt":"2024-03-06T11:17:25","slug":"editorial","status":"publish","type":"page","link":"https:\/\/fruehwald.hu\/ro\/editorial\/","title":{"rendered":"Editorial"},"content":{"rendered":"\n<div class=\"wp-block-fruehwald-area container\">\n<div class=\"wp-block-columns alignwide are-vertically-aligned-top\">\n<div class=\"wp-block-column\" style=\"flex-basis:100%\">\n<h1 class=\"has-text-align-left heading-with-text-above has-font-weight-3\" data-aos=\"fade-up\">Imprimare\/Editorial<\/h1>\n\n\n\n<h4 class=\"\"><\/h4>\n\n\n\n<p class=\"\"><strong><strong>Fr\u00fchwald Ltd.<\/strong><br\/><strong>5600 B\u00e9k\u00e9scsaba<\/strong><br\/><strong>Ber\u00e9nyi \u00fat 136\/1.<\/strong><\/strong><\/p>\n\n\n\n<p class=\"\">T: +36 66 447 244<br\/>M: +36 30 688 29 78<br\/>E-Mail: <a href=\"mailto:info@fruehwald.hu\">info@fruehwald.hu<\/a><\/p>\n\n\n\n<p class=\"\">Proprietar: Robert F. Holzer<\/p>\n\n\n\n<p class=\"\">Director executiv: Robert F. Holzer \/ Paul Sintinger \/ Hannes Holl<\/p>\n\n\n\n<p class=\"\">Num\u0103rul de \u00eenregistrare al societ\u0103\u021bii: 04 09 002081<\/p>\n\n\n\n<p class=\"\">Registrul Comer\u021bului: Registrul Comer\u021bului din Jude\u021bul B\u00e9k\u00e9s, Municipiul Gyula<\/p>\n\n\n\n<p class=\"\">Sediul: 5600 B\u00e9k\u00e9scsaba, Ber\u00e9nyi \u00fat 136\/1.<\/p>\n\n\n\n<p class=\"\">Num\u0103rul de identificare fiscal\u0103: HU11042349<\/p>\n\n\n\n<p class=\"\">Activit\u0103\u021bi principale: 2361&#8217;08 Fabricarea de produse din beton pentru construc\u021bii<\/p>\n\n\n\n<p class=\"\">Membru al Camerei de Comer\u021b: Camera Maghiar\u0103 de Comer\u021b \u0219i Industrie<\/p>\n\n\n\n<p class=\"\">Implementarea tehnic\u0103 \u0219i designul grafic al site-ului:: Agen\u021bia de publicitate M\u00f6rth &amp; M\u00f6rth<\/p>\n\n\n\n<p class=\"\"><strong>Fotografii<\/strong><\/p>\n\n\n\n<p class=\"\">Fotografii: Fr\u00fchwald, Birkenmeier, M. Kaiser <\/p>\n\n\n\n<p class=\"\"><strong>Condi\u021bii legale<\/strong><\/p>\n\n\n\n<p class=\"\">FR\u00dcHWALD verific\u0103 \u0219i actualizeaz\u0103 periodic informa\u021biile de pe site-ul s\u0103u web. \u00cen ciuda tuturor eforturilor depuse, nu se poate oferi nici o garan\u021bie \u00een ceea ce prive\u0219te acurate\u021bea, caracterul complet sau oportun al informa\u021biilor. FR\u00dcHWALD \u00ee\u0219i rezerv\u0103 dreptul de a modifica (complet\u0103ri, restric\u021bii etc.) informa\u021biile furnizate. Nu suntem r\u0103spunz\u0103tori pentru con\u021binutul site-urilor externe care sunt \u00een leg\u0103tur\u0103 direct\u0103 sau indirect\u0103 cu acest site. Numai furnizorul site-ului web extern relevant sau al informa\u021biilor externe este responsabil pentru acest lucru. FR\u00dcHWALD nu \u00ee\u0219i asum\u0103 nicio responsabilitate pentru orice erori materiale sau imateriale care rezult\u0103 din utilizarea informa\u021biilor prezentate pe acest site, chiar dac\u0103 sunt incorecte sau incomplete. Toate textele, graficele, imaginile \u0219i logo-urile de pe acest site sunt protejate prin drepturi de autor. Oricine dore\u0219te s\u0103 utilizeze (s\u0103 salveze, s\u0103 imprime, s\u0103 trimit\u0103) informa\u021biile con\u021binute pe site-ul web \u00een alte scopuri dec\u00e2t cele proprii poate face acest lucru numai cu acordul exclusiv al firmei FR\u00dcHWALD.<\/p>\n\n\n\n<p class=\"\"><strong>Protec\u021bia datelor<\/strong><\/p>\n\n\n\n<p class=\"\">Pute\u021bi utiliza site-ul web FR\u00dcHWALD f\u0103r\u0103 a furniza date cu caracter personal. \u00cen cazul \u00een care exist\u0103 o op\u021biune de a furniza date personale sau de afaceri pe acest site web (de exemplu, numele, adresa, adresa de e-mail), furnizarea \u0219i dezv\u0103luirea acestor date de c\u0103tre utilizator se face \u00een mod voluntar. Nu vom partaja datele dvs. cu ter\u021be p\u0103r\u021bi f\u0103r\u0103 consim\u021b\u0103m\u00e2ntul dvs. explicit. Datele sunt destinate exclusiv utiliz\u0103rii interne. Cu toate acestea, FR\u00dcHWALD nu va fi r\u0103spunz\u0103toare \u00een cazul accesului neautorizat la date de c\u0103tre ter\u021bi.<\/p>\n\n\n\n<p class=\"\"><strong>Drepturi de autor (Copyright)<\/strong><\/p>\n\n\n\n<p class=\"\">Cu excep\u021bia cazului \u00een care se indic\u0103 altfel, drepturile de autor pentru tot con\u021binutul acestui site web apar\u021bin exclusiv Fr\u00fchwald Kft.<\/p>\n\n\n\n<p class=\"\"><strong>E-Mail<\/strong><\/p>\n\n\n\n<p class=\"\">Dorim s\u0103 v\u0103 atragem aten\u021bia asupra faptului c\u0103 e-mailurile trimise c\u0103tre noi vor fi procesate numai \u00een timpul orelor de func\u021bionare.<\/p>\n\n\n\n<p class=\"\"><strong>Termeni legali Google Analytics<\/strong><\/p>\n\n\n\n<p class=\"\">Acest site este operat de serviciul de analiz\u0103 a internetului, furnizat de Google Inc. (&#8222;Google&#8221;). Google Analytics utilizeaz\u0103 a\u0219a-numitele &#8222;cookie-uri&#8221; care permit o analiz\u0103 a utiliz\u0103rii site-ului web. Informa\u021biile generate de cookie despre utilizarea de c\u0103tre dvs. a acestui site web (inclusiv adresa dvs. IP) vor fi transmise \u0219i stocate de Google pe serverele din Statele Unite ale Americii. Google va utiliza aceste informa\u021bii \u00een scopul de a evalua utilizarea de c\u0103tre dvs. a site-ului web, de a compila rapoarte privind activitatea site-ului web pentru operatorii site-ului web \u0219i de a furniza alte servicii legate de activitatea site-ului web \u0219i de utilizarea internetului. De asemenea, Google poate transfera aceste informa\u021bii c\u0103tre ter\u021bi \u00een cazul \u00een care acest lucru este impus de lege sau \u00een cazul \u00een care ace\u0219ti ter\u021bi prelucreaz\u0103 informa\u021biile \u00een numele Google. Google nu va asocia niciodat\u0103 adresa dumneavoastr\u0103 IP cu alte date Google. Pute\u021bi \u00eempiedica func\u021bionarea software-ului de browser prin setarea corespunz\u0103toare a cookie-urilor. Cu toate acestea, v\u0103 rug\u0103m s\u0103 re\u021bine\u021bi c\u0103, dac\u0103 face\u021bi acest lucru, este posibil s\u0103 nu pute\u021bi utiliza toate caracteristicile site-ului web. Prin utilizarea acestui site web, sunte\u021bi de acord cu prelucrarea datelor dumneavoastr\u0103 de c\u0103tre Google, a\u0219a cum este descris mai sus<\/p>\n<\/div>\n<\/div>\n<\/div>\n","protected":false},"excerpt":{"rendered":"","protected":false},"author":7,"featured_media":0,"parent":0,"menu_order":0,"comment_status":"closed","ping_status":"closed","template":"","meta":{"inline_featured_image":false},"yoast_head":"<!-- This site is optimized with the Yoast SEO plugin v18.8 - https:\/\/yoast.com\/wordpress\/plugins\/seo\/ -->\n<title>Editorial - Fr\u00fchwald HU<\/title>\n<meta name=\"robots\" content=\"index, follow, max-snippet:-1, max-image-preview:large, max-video-preview:-1\" \/>\n<link rel=\"canonical\" href=\"https:\/\/fruehwald.hu\/ro\/editorial\/\" \/>\n<meta property=\"og:locale\" content=\"ro_RO\" \/>\n<meta property=\"og:type\" content=\"article\" \/>\n<meta property=\"og:title\" content=\"Editorial - Fr\u00fchwald HU\" \/>\n<meta property=\"og:url\" content=\"https:\/\/fruehwald.hu\/ro\/editorial\/\" \/>\n<meta property=\"og:site_name\" content=\"Fr\u00fchwald HU\" \/>\n<meta property=\"article:modified_time\" content=\"2024-03-06T11:17:25+00:00\" \/>\n<meta name=\"twitter:card\" content=\"summary_large_image\" \/>\n<meta name=\"twitter:label1\" content=\"Timp estimat pentru citire\" \/>\n\t<meta name=\"twitter:data1\" content=\"3 minute\" \/>\n<script type=\"application\/ld+json\" class=\"yoast-schema-graph\">{\"@context\":\"https:\/\/schema.org\",\"@graph\":[{\"@type\":\"WebSite\",\"@id\":\"https:\/\/fruehwald.hu\/#website\",\"url\":\"https:\/\/fruehwald.hu\/\",\"name\":\"Fr\u00fchwald HU\",\"description\":\"Fr\u00fchwald\",\"potentialAction\":[{\"@type\":\"SearchAction\",\"target\":{\"@type\":\"EntryPoint\",\"urlTemplate\":\"https:\/\/fruehwald.hu\/?s={search_term_string}\"},\"query-input\":\"required name=search_term_string\"}],\"inLanguage\":\"ro-RO\"},{\"@type\":\"WebPage\",\"@id\":\"https:\/\/fruehwald.hu\/ro\/editorial\/#webpage\",\"url\":\"https:\/\/fruehwald.hu\/ro\/editorial\/\",\"name\":\"Editorial - Fr\u00fchwald HU\",\"isPartOf\":{\"@id\":\"https:\/\/fruehwald.hu\/#website\"},\"datePublished\":\"2022-12-01T08:40:55+00:00\",\"dateModified\":\"2024-03-06T11:17:25+00:00\",\"breadcrumb\":{\"@id\":\"https:\/\/fruehwald.hu\/ro\/editorial\/#breadcrumb\"},\"inLanguage\":\"ro-RO\",\"potentialAction\":[{\"@type\":\"ReadAction\",\"target\":[\"https:\/\/fruehwald.hu\/ro\/editorial\/\"]}]},{\"@type\":\"BreadcrumbList\",\"@id\":\"https:\/\/fruehwald.hu\/ro\/editorial\/#breadcrumb\",\"itemListElement\":[{\"@type\":\"ListItem\",\"position\":1,\"name\":\"Editorial\"}]}]}<\/script>\n<!-- \/ Yoast SEO plugin. -->","yoast_head_json":{"title":"Editorial - Fr\u00fchwald HU","robots":{"index":"index","follow":"follow","max-snippet":"max-snippet:-1","max-image-preview":"max-image-preview:large","max-video-preview":"max-video-preview:-1"},"canonical":"https:\/\/fruehwald.hu\/ro\/editorial\/","og_locale":"ro_RO","og_type":"article","og_title":"Editorial - Fr\u00fchwald HU","og_url":"https:\/\/fruehwald.hu\/ro\/editorial\/","og_site_name":"Fr\u00fchwald HU","article_modified_time":"2024-03-06T11:17:25+00:00","twitter_card":"summary_large_image","twitter_misc":{"Timp estimat pentru citire":"3 minute"},"schema":{"@context":"https:\/\/schema.org","@graph":[{"@type":"WebSite","@id":"https:\/\/fruehwald.hu\/#website","url":"https:\/\/fruehwald.hu\/","name":"Fr\u00fchwald HU","description":"Fr\u00fchwald","potentialAction":[{"@type":"SearchAction","target":{"@type":"EntryPoint","urlTemplate":"https:\/\/fruehwald.hu\/?s={search_term_string}"},"query-input":"required name=search_term_string"}],"inLanguage":"ro-RO"},{"@type":"WebPage","@id":"https:\/\/fruehwald.hu\/ro\/editorial\/#webpage","url":"https:\/\/fruehwald.hu\/ro\/editorial\/","name":"Editorial - Fr\u00fchwald HU","isPartOf":{"@id":"https:\/\/fruehwald.hu\/#website"},"datePublished":"2022-12-01T08:40:55+00:00","dateModified":"2024-03-06T11:17:25+00:00","breadcrumb":{"@id":"https:\/\/fruehwald.hu\/ro\/editorial\/#breadcrumb"},"inLanguage":"ro-RO","potentialAction":[{"@type":"ReadAction","target":["https:\/\/fruehwald.hu\/ro\/editorial\/"]}]},{"@type":"BreadcrumbList","@id":"https:\/\/fruehwald.hu\/ro\/editorial\/#breadcrumb","itemListElement":[{"@type":"ListItem","position":1,"name":"Editorial"}]}]}},"acf":[],"_links":{"self":[{"href":"https:\/\/fruehwald.hu\/ro\/wp-json\/wp\/v2\/pages\/6608"}],"collection":[{"href":"https:\/\/fruehwald.hu\/ro\/wp-json\/wp\/v2\/pages"}],"about":[{"href":"https:\/\/fruehwald.hu\/ro\/wp-json\/wp\/v2\/types\/page"}],"author":[{"embeddable":true,"href":"https:\/\/fruehwald.hu\/ro\/wp-json\/wp\/v2\/users\/7"}],"replies":[{"embeddable":true,"href":"https:\/\/fruehwald.hu\/ro\/wp-json\/wp\/v2\/comments?post=6608"}],"version-history":[{"count":1,"href":"https:\/\/fruehwald.hu\/ro\/wp-json\/wp\/v2\/pages\/6608\/revisions"}],"predecessor-version":[{"id":6609,"href":"https:\/\/fruehwald.hu\/ro\/wp-json\/wp\/v2\/pages\/6608\/revisions\/6609"}],"wp:attachment":[{"href":"https:\/\/fruehwald.hu\/ro\/wp-json\/wp\/v2\/media?parent=6608"}],"curies":[{"name":"wp","href":"https:\/\/api.w.org\/{rel}","templated":true}]}}