{"id":6600,"date":"2022-11-28T20:27:07","date_gmt":"2022-11-28T19:27:07","guid":{"rendered":"https:\/\/fruehwald.hu\/despre-fruhwald-fruhwald-ltd\/"},"modified":"2024-03-06T12:08:24","modified_gmt":"2024-03-06T11:08:24","slug":"despre-fruhwald-fruhwald-ltd","status":"publish","type":"page","link":"https:\/\/fruehwald.hu\/ro\/despre-fruhwald-fruhwald-ltd\/","title":{"rendered":"Despre Fr\u00fchwald Fr\u00fchwald Ltd."},"content":{"rendered":"\t<div class=\"sf-hero-image\" id=\"sf-hero-image-3609db90c3378325b0d24f387b4845f936aec117a72e5457ad73632f4656acf5\" style=\"background-image: url(https:\/\/fruehwald.hu\/wp-content\/uploads\/sites\/5\/2022\/11\/Tiziano-Platte-3000x2000px-2880x1080-1-1.jpg); background-position: center center\">\n        <div class=\"carpet\"><\/div>\n                    <div class=\"inner\">\n\t                                <h1>Despre Fr\u00fchwald<\/h1>\n\t            \t                        <\/div>\n        \n        \n        \n        \t<\/div>\n\t    <style>\n                    <\/style>\n    \n<div class=\"wp-block-fruehwald-area container\">\n<div class=\"wp-block-columns\">\n<div class=\"wp-block-column\" style=\"flex-basis:66.66%\">\n<h1 class=\"\">Unde m\u0103 simt ca acas\u0103<\/h1>\n\n\n\n<p class=\"\">Cu r\u0103d\u0103cini regionale Activ la nivel interna\u021bional<\/p>\n\n\n\n<p class=\"\">Ceea ce a f\u0103cut din Fr\u00fchwald o companie de succes este efectul de ansamblu a mai mul\u021bi factori. A contribuit la acest lucru pe l\u00e2ng\u0103 un angajament regional puternic, o cultur\u0103 corporativ\u0103 bazat\u0103 pe transparen\u021b\u0103, flexibilitate \u0219i colaborare. \u00cen plus, succesul nostru se bazeaz\u0103 pe spiritul de echip\u0103, pe o competen\u021b\u0103 peste medie \u0219i pe o for\u021b\u0103 de munc\u0103 cu preponderen\u021b\u0103 local\u0103. <\/p>\n\n\n\n<p class=\"\">Fie c\u0103 este vorba de un client, un partener sau un coleg, oamenii sunt \u00een centrul a tot ceea ce facem. Doar \u00een acest fel, mica fabric\u0103 de beton fondat\u0103 de Anton Fr\u00fchwald a putut deveni, zeci de ani mai t\u00e2rziu, o companie de succes interna\u021bional. <\/p>\n\n\n\n<p class=\"\">Grupul Fr\u00fchwald va continua s\u0103 depun\u0103 eforturi pentru o cre\u0219tere s\u0103n\u0103toas\u0103 \u0219i \u00een viitor. Investi\u021biile pot fi fructuoase doar acolo unde exist\u0103 cre\u0219tere economic\u0103. Astfel ne putem asigura c\u0103 suntem lideri pe pia\u021ba pavajelor \u0219i a pl\u0103cilor de teras\u0103 prin utilizarea celor mai recente tehnologii de produc\u021bie, a designului contemporan \u0219i a standardelor \u00eenalte de calitate \u00een ceea ce prive\u0219te produsele \u0219i serviciile noastre. Ast\u0103zi \u0219i \u00een viitor. Ast\u0103zi \u0219i \u00een viitor.<\/p>\n\n\n\n<div style=\"height:20px\" aria-hidden=\"true\" class=\"wp-block-spacer\"><\/div>\n\n\n\n<h1 class=\"\"><\/h1>\n\n\n\n<div style=\"height:90px\" aria-hidden=\"true\" class=\"wp-block-spacer\"><\/div>\n\n\n\n<p class=\"\">GRUPUL FR\u00dcHWALD &#8211; O AFACERE DE FAMILIE INTERNA\u021aIONAL\u0102<\/p>\n\n\n\n<p class=\"\">Un consor\u021biu de companii, prezent \u00een trei \u021b\u0103ri: \u00cen Austria, Ungaria \u0219i Croa\u021bia. Angaja\u021bi de succes \u0219i extrem de motiva\u021bi \u00een fiecare \u021bar\u0103 &#8211; acesta este ast\u0103zi Grupul Fr\u00fchwald. O companie interna\u021bional\u0103 care combin\u0103 colaborarea \u00eentre \u021b\u0103ri, dezvoltarea de produse inovatoare \u0219i crearea de valoare local\u0103. <\/p>\n\n\n\n<p class=\"\">Fr\u00fchwald produce pavele \u0219i dale pentru toate aplica\u021biile posibile. Piatra de temelie a consor\u021biului de companii de succes a fost pus\u0103 acum mai bine de 90 de ani, sub forma unei mici fabrici de beton. \u00cen prezent, sistemele de pavaje \u0219i terase Fr\u00fchwald pot fi g\u0103site \u00een multe \u021b\u0103ri din Europa: \u00een gr\u0103dini, terase \u0219i por\u021bi de acces; pe drumuri, str\u0103zi, spa\u021bii publice \u0219i suprafe\u021be de instala\u021bii centrale. De asemenea, \u00een multe gr\u0103dini\u021be, \u0219coli \u0219i universit\u0103\u021bi. Oriunde este necesar\u0103 consolidarea profesional\u0103 a suprafe\u021bei.<\/p>\n<\/div>\n\n\n\n<div class=\"wp-block-column\" style=\"flex-basis:33.33%\">\n<div style=\"height:100px\" aria-hidden=\"true\" class=\"wp-block-spacer\"><\/div>\n\n\n\n<div class=\"wp-block-image is-style-rounded\"><figure class=\"aligncenter size-full\"><img loading=\"lazy\" width=\"236\" height=\"236\" src=\"https:\/\/fruehwald.hu\/wp-content\/uploads\/sites\/5\/2022\/11\/Portrait_Holzer.jpeg\" alt=\"\" class=\"wp-image-730\"\/><\/figure><\/div>\n\n\n\n<p class=\"has-text-align-center\"><strong>Mag.<\/strong> <strong>Robert F. Holzer<\/strong><br\/>CEO Fr\u00fchwald Group<\/p>\n\n\n\n<div style=\"height:100px\" aria-hidden=\"true\" class=\"wp-block-spacer\"><\/div>\n\n\n\n<div class=\"wp-block-image is-style-rounded\"><figure class=\"aligncenter size-full\"><img loading=\"lazy\" width=\"247\" height=\"247\" src=\"https:\/\/fruehwald.hu\/wp-content\/uploads\/sites\/5\/2023\/07\/Janos_3.jpg\" alt=\"\" class=\"wp-image-5808\" srcset=\"https:\/\/fruehwald.hu\/wp-content\/uploads\/sites\/5\/2023\/07\/Janos_3.jpg 247w, https:\/\/fruehwald.hu\/wp-content\/uploads\/sites\/5\/2023\/07\/Janos_3-150x150.jpg 150w\" sizes=\"(max-width: 247px) 100vw, 247px\" \/><\/figure><\/div>\n\n\n\n<p class=\"has-text-align-center\"><strong>J\u00e1nos R\u00e1kovics<\/strong><\/p>\n\n\n\n<p class=\"has-text-align-center\">Director executiv al Fr\u00fchwald Kft.<\/p>\n\n\n\n<div class=\"wp-block-image is-style-rounded\"><figure class=\"aligncenter size-full\"><img loading=\"lazy\" width=\"247\" height=\"247\" src=\"https:\/\/fruehwald.hu\/wp-content\/uploads\/sites\/5\/2022\/11\/Portrait_Hannes_holl.jpeg\" alt=\"\" class=\"wp-image-734\"\/><\/figure><\/div>\n\n\n\n<p class=\"has-text-align-center\"><strong>Hannes Holl <\/strong><br\/>Director executiv al Fr\u00fchwald Kft<\/p>\n<\/div>\n<\/div>\n<\/div>\n","protected":false},"excerpt":{"rendered":"","protected":false},"author":7,"featured_media":0,"parent":0,"menu_order":0,"comment_status":"closed","ping_status":"closed","template":"","meta":{"inline_featured_image":false},"yoast_head":"<!-- This site is optimized with the Yoast SEO plugin v18.8 - https:\/\/yoast.com\/wordpress\/plugins\/seo\/ -->\n<title>Despre Fr\u00fchwald Fr\u00fchwald Ltd. - Fr\u00fchwald HU<\/title>\n<meta name=\"robots\" content=\"index, follow, max-snippet:-1, max-image-preview:large, max-video-preview:-1\" \/>\n<link rel=\"canonical\" href=\"https:\/\/fruehwald.hu\/ro\/despre-fruhwald-fruhwald-ltd\/\" \/>\n<meta property=\"og:locale\" content=\"ro_RO\" \/>\n<meta property=\"og:type\" content=\"article\" \/>\n<meta property=\"og:title\" content=\"Despre Fr\u00fchwald Fr\u00fchwald Ltd. - Fr\u00fchwald HU\" \/>\n<meta property=\"og:url\" content=\"https:\/\/fruehwald.hu\/ro\/despre-fruhwald-fruhwald-ltd\/\" \/>\n<meta property=\"og:site_name\" content=\"Fr\u00fchwald HU\" \/>\n<meta property=\"article:modified_time\" content=\"2024-03-06T11:08:24+00:00\" \/>\n<meta property=\"og:image\" content=\"https:\/\/fruehwald.hu\/wp-content\/uploads\/sites\/5\/2022\/11\/Portrait_Holzer.jpeg\" \/>\n<meta name=\"twitter:card\" content=\"summary_large_image\" \/>\n<meta name=\"twitter:label1\" content=\"Timp estimat pentru citire\" \/>\n\t<meta name=\"twitter:data1\" content=\"2 minute\" \/>\n<script type=\"application\/ld+json\" class=\"yoast-schema-graph\">{\"@context\":\"https:\/\/schema.org\",\"@graph\":[{\"@type\":\"WebSite\",\"@id\":\"https:\/\/fruehwald.hu\/#website\",\"url\":\"https:\/\/fruehwald.hu\/\",\"name\":\"Fr\u00fchwald HU\",\"description\":\"Fr\u00fchwald\",\"potentialAction\":[{\"@type\":\"SearchAction\",\"target\":{\"@type\":\"EntryPoint\",\"urlTemplate\":\"https:\/\/fruehwald.hu\/?s={search_term_string}\"},\"query-input\":\"required name=search_term_string\"}],\"inLanguage\":\"ro-RO\"},{\"@type\":\"ImageObject\",\"inLanguage\":\"ro-RO\",\"@id\":\"https:\/\/fruehwald.hu\/ro\/despre-fruhwald-fruhwald-ltd\/#primaryimage\",\"url\":\"https:\/\/fruehwald.hu\/wp-content\/uploads\/sites\/5\/2022\/11\/Portrait_Holzer.jpeg\",\"contentUrl\":\"https:\/\/fruehwald.hu\/wp-content\/uploads\/sites\/5\/2022\/11\/Portrait_Holzer.jpeg\",\"width\":236,\"height\":236},{\"@type\":\"WebPage\",\"@id\":\"https:\/\/fruehwald.hu\/ro\/despre-fruhwald-fruhwald-ltd\/#webpage\",\"url\":\"https:\/\/fruehwald.hu\/ro\/despre-fruhwald-fruhwald-ltd\/\",\"name\":\"Despre Fr\u00fchwald Fr\u00fchwald Ltd. - Fr\u00fchwald HU\",\"isPartOf\":{\"@id\":\"https:\/\/fruehwald.hu\/#website\"},\"primaryImageOfPage\":{\"@id\":\"https:\/\/fruehwald.hu\/ro\/despre-fruhwald-fruhwald-ltd\/#primaryimage\"},\"datePublished\":\"2022-11-28T19:27:07+00:00\",\"dateModified\":\"2024-03-06T11:08:24+00:00\",\"breadcrumb\":{\"@id\":\"https:\/\/fruehwald.hu\/ro\/despre-fruhwald-fruhwald-ltd\/#breadcrumb\"},\"inLanguage\":\"ro-RO\",\"potentialAction\":[{\"@type\":\"ReadAction\",\"target\":[\"https:\/\/fruehwald.hu\/ro\/despre-fruhwald-fruhwald-ltd\/\"]}]},{\"@type\":\"BreadcrumbList\",\"@id\":\"https:\/\/fruehwald.hu\/ro\/despre-fruhwald-fruhwald-ltd\/#breadcrumb\",\"itemListElement\":[{\"@type\":\"ListItem\",\"position\":1,\"name\":\"Despre Fr\u00fchwald Fr\u00fchwald Ltd.\"}]}]}<\/script>\n<!-- \/ Yoast SEO plugin. -->","yoast_head_json":{"title":"Despre Fr\u00fchwald Fr\u00fchwald Ltd. - Fr\u00fchwald HU","robots":{"index":"index","follow":"follow","max-snippet":"max-snippet:-1","max-image-preview":"max-image-preview:large","max-video-preview":"max-video-preview:-1"},"canonical":"https:\/\/fruehwald.hu\/ro\/despre-fruhwald-fruhwald-ltd\/","og_locale":"ro_RO","og_type":"article","og_title":"Despre Fr\u00fchwald Fr\u00fchwald Ltd. - Fr\u00fchwald HU","og_url":"https:\/\/fruehwald.hu\/ro\/despre-fruhwald-fruhwald-ltd\/","og_site_name":"Fr\u00fchwald HU","article_modified_time":"2024-03-06T11:08:24+00:00","og_image":[{"url":"https:\/\/fruehwald.hu\/wp-content\/uploads\/sites\/5\/2022\/11\/Portrait_Holzer.jpeg"}],"twitter_card":"summary_large_image","twitter_misc":{"Timp estimat pentru citire":"2 minute"},"schema":{"@context":"https:\/\/schema.org","@graph":[{"@type":"WebSite","@id":"https:\/\/fruehwald.hu\/#website","url":"https:\/\/fruehwald.hu\/","name":"Fr\u00fchwald HU","description":"Fr\u00fchwald","potentialAction":[{"@type":"SearchAction","target":{"@type":"EntryPoint","urlTemplate":"https:\/\/fruehwald.hu\/?s={search_term_string}"},"query-input":"required name=search_term_string"}],"inLanguage":"ro-RO"},{"@type":"ImageObject","inLanguage":"ro-RO","@id":"https:\/\/fruehwald.hu\/ro\/despre-fruhwald-fruhwald-ltd\/#primaryimage","url":"https:\/\/fruehwald.hu\/wp-content\/uploads\/sites\/5\/2022\/11\/Portrait_Holzer.jpeg","contentUrl":"https:\/\/fruehwald.hu\/wp-content\/uploads\/sites\/5\/2022\/11\/Portrait_Holzer.jpeg","width":236,"height":236},{"@type":"WebPage","@id":"https:\/\/fruehwald.hu\/ro\/despre-fruhwald-fruhwald-ltd\/#webpage","url":"https:\/\/fruehwald.hu\/ro\/despre-fruhwald-fruhwald-ltd\/","name":"Despre Fr\u00fchwald Fr\u00fchwald Ltd. - Fr\u00fchwald HU","isPartOf":{"@id":"https:\/\/fruehwald.hu\/#website"},"primaryImageOfPage":{"@id":"https:\/\/fruehwald.hu\/ro\/despre-fruhwald-fruhwald-ltd\/#primaryimage"},"datePublished":"2022-11-28T19:27:07+00:00","dateModified":"2024-03-06T11:08:24+00:00","breadcrumb":{"@id":"https:\/\/fruehwald.hu\/ro\/despre-fruhwald-fruhwald-ltd\/#breadcrumb"},"inLanguage":"ro-RO","potentialAction":[{"@type":"ReadAction","target":["https:\/\/fruehwald.hu\/ro\/despre-fruhwald-fruhwald-ltd\/"]}]},{"@type":"BreadcrumbList","@id":"https:\/\/fruehwald.hu\/ro\/despre-fruhwald-fruhwald-ltd\/#breadcrumb","itemListElement":[{"@type":"ListItem","position":1,"name":"Despre Fr\u00fchwald Fr\u00fchwald Ltd."}]}]}},"acf":[],"_links":{"self":[{"href":"https:\/\/fruehwald.hu\/ro\/wp-json\/wp\/v2\/pages\/6600"}],"collection":[{"href":"https:\/\/fruehwald.hu\/ro\/wp-json\/wp\/v2\/pages"}],"about":[{"href":"https:\/\/fruehwald.hu\/ro\/wp-json\/wp\/v2\/types\/page"}],"author":[{"embeddable":true,"href":"https:\/\/fruehwald.hu\/ro\/wp-json\/wp\/v2\/users\/7"}],"replies":[{"embeddable":true,"href":"https:\/\/fruehwald.hu\/ro\/wp-json\/wp\/v2\/comments?post=6600"}],"version-history":[{"count":1,"href":"https:\/\/fruehwald.hu\/ro\/wp-json\/wp\/v2\/pages\/6600\/revisions"}],"predecessor-version":[{"id":6601,"href":"https:\/\/fruehwald.hu\/ro\/wp-json\/wp\/v2\/pages\/6600\/revisions\/6601"}],"wp:attachment":[{"href":"https:\/\/fruehwald.hu\/ro\/wp-json\/wp\/v2\/media?parent=6600"}],"curies":[{"name":"wp","href":"https:\/\/api.w.org\/{rel}","templated":true}]}}