{"id":6559,"date":"2022-11-28T20:24:46","date_gmt":"2022-11-28T19:24:46","guid":{"rendered":"https:\/\/fruehwald.hu\/povestea\/"},"modified":"2024-03-06T12:13:23","modified_gmt":"2024-03-06T11:13:23","slug":"povestea","status":"publish","type":"page","link":"https:\/\/fruehwald.hu\/ro\/povestea\/","title":{"rendered":"Povestea"},"content":{"rendered":"\n<div style=\"height:100px\" aria-hidden=\"true\" class=\"wp-block-spacer\"><\/div>\n\n<div class=\"wp-block-fruehwald-area container\">\n<div class=\"wp-block-columns\">\n<div class=\"wp-block-column\"><ul class=\"post-list\">\n\t        <li>\n            <div>\n                <aside class=\"left\">\n                                            <div class=\"image\" style=\"background-image: url(https:\/\/fruehwald.hu\/wp-content\/uploads\/sites\/5\/2022\/11\/Zahl_Zeichenflaeche-1.png)\"><\/div>\n                                    <\/aside>\n                <div class=\"content\">\n                    <div class=\"inner\">\n                        <h2>\u00cenceputul istoriei companiei<\/h2>\n\t\t\t                                        <div class=\"excerpt\"><p>Anton Fr\u00fchwald scrie istorie: \u00cen Badendorf (Styria), \u00eenfiin\u021beaz\u0103 o fabric\u0103 de beton mic\u0103, dar inovatoare.<\/p>\n<\/div>\n\t\t\t                                <\/div>\n                <\/div>\n            <\/div>\n        <\/li>\n\t        <li>\n            <div>\n                <aside class=\"left\">\n                                            <div class=\"image\" style=\"background-image: url(https:\/\/fruehwald.hu\/wp-content\/uploads\/sites\/5\/2022\/11\/Zahl-02.png)\"><\/div>\n                                    <\/aside>\n                <div class=\"content\">\n                    <div class=\"inner\">\n                        <h2>Anton Fr\u00fchwald<\/h2>\n\t\t\t                                        <div class=\"excerpt\"><p>\u00eel \u00eentreab\u0103 fiul pe s\u0103u: &#8222;Fiule! Ce vrei, o pres\u0103 pentru struguri sau un utilaj de fabricat elemente de beton?&#8221; Friedrich Fr\u00fchwald, pe atunci \u00een v\u00e2rst\u0103 de 16 ani, a r\u0103spuns imediat c\u0103 utilajul de fabricat elemente de beton. \u0218i cu asta a \u00eenceput povestea.<\/p>\n<\/div>\n\t\t\t                                <\/div>\n                <\/div>\n            <\/div>\n        <\/li>\n\t        <li>\n            <div>\n                <aside class=\"left\">\n                                            <div class=\"image\" style=\"background-image: url(https:\/\/fruehwald.hu\/wp-content\/uploads\/sites\/5\/2022\/11\/Zahl-03.png)\"><\/div>\n                                    <\/aside>\n                <div class=\"content\">\n                    <div class=\"inner\">\n                        <h2>Dezvoltarea ulterioar\u0103 a fabricii austriece Tillmitsch.<\/h2>\n\t\t\t                                        <div class=\"excerpt\"><p>\u00een 1972, \u00eencepe produc\u021bia de elemente prefabricate din beton. Sub noul logo Fr\u00fchwald, cre\u0103m o nou\u0103 er\u0103 de dezvoltare \u0219i v\u00e2nz\u0103ri<\/p>\n<\/div>\n\t\t\t                                <\/div>\n                <\/div>\n            <\/div>\n        <\/li>\n\t        <li>\n            <div>\n                <aside class=\"left\">\n                                            <div class=\"image\" style=\"background-image: url(https:\/\/fruehwald.hu\/wp-content\/uploads\/sites\/5\/2022\/11\/Zahl-04.png)\"><\/div>\n                                    <\/aside>\n                <div class=\"content\">\n                    <div class=\"inner\">\n                        <h2>Lansarea departamentului de fabricare elemente de pavare.<\/h2>\n\t\t\t                                        <div class=\"excerpt\"><p>Pietrele de pavaj \u0219i dalele completeaz\u0103 gama de produse existent\u0103, care ofer\u0103 produse de calitate la construc\u021bia de case \u0219i gr\u0103dini. Motto-ul lui Friedrich Fr\u00fchwald: &#8222;O cas\u0103 de la cei mai buni&#8221;.<\/p>\n<\/div>\n\t\t\t                                <\/div>\n                <\/div>\n            <\/div>\n        <\/li>\n\t        <li>\n            <div>\n                <aside class=\"left\">\n                                            <div class=\"image\" style=\"background-image: url(https:\/\/fruehwald.hu\/wp-content\/uploads\/sites\/5\/2022\/11\/Zahl-05.png)\"><\/div>\n                                    <\/aside>\n                <div class=\"content\">\n                    <div class=\"inner\">\n                        <h2>Extinderea, intrarea pe pia\u021ba din Ungaria.<\/h2>\n\t\t\t                                        <div class=\"excerpt\"><p>Compania investe\u0219te \u00een B\u00e9k\u00e9scsaba, \u00een principal \u00een construc\u021bia de cl\u0103diri \u00eenalte \u0219i \u00een produc\u021bia de elemente de pavaj. Sediul central din Ungaria \u0219i sediul central din B\u00e9k\u00e9scsaba sunt finalizate.<\/p>\n<\/div>\n\t\t\t                                <\/div>\n                <\/div>\n            <\/div>\n        <\/li>\n\t        <li>\n            <div>\n                <aside class=\"left\">\n                                            <div class=\"image\" style=\"background-image: url(https:\/\/fruehwald.hu\/wp-content\/uploads\/sites\/5\/2022\/11\/Zahl-06.png)\"><\/div>\n                                    <\/aside>\n                <div class=\"content\">\n                    <div class=\"inner\">\n                        <h2>A doua fabric\u0103 din Ungaria este \u00eenfiin\u021bat\u0103 la \u00dajfeh\u00e9rt\u00f3,<\/h2>\n\t\t\t                                        <div class=\"excerpt\"><p>unde producem elemente de construc\u021bie de \u00eenalt\u0103 calitate, pavele, dale de pavaj \u0219i elemente pentru construc\u021bii rutiere.<\/p>\n<\/div>\n\t\t\t                                <\/div>\n                <\/div>\n            <\/div>\n        <\/li>\n\t        <li>\n            <div>\n                <aside class=\"left\">\n                                            <div class=\"image\" style=\"background-image: url(https:\/\/fruehwald.hu\/wp-content\/uploads\/sites\/5\/2022\/11\/Zahl-07.png)\"><\/div>\n                                    <\/aside>\n                <div class=\"content\">\n                    <div class=\"inner\">\n                        <h2>Cea de-a treia fabric\u0103 din Ungaria este construit\u0103 la S\u00f3sk\u00fat, l\u00e2ng\u0103 Budapesta.<\/h2>\n\t\t\t                                        <div class=\"excerpt\"><p>Noua loca\u021bie va asigura servicii de aprovizionare mai bune \u00een Budapesta \u0219i \u00een \u00eemprejurimi, consolid\u00e2nd astfel pozi\u021bia pe pia\u021b\u0103 a companiei.<\/p>\n<\/div>\n\t\t\t                                <\/div>\n                <\/div>\n            <\/div>\n        <\/li>\n\t<\/ul>\n<\/div>\n\n\n\n<div class=\"wp-block-column\"><ul class=\"post-list\">\n\t        <li>\n            <div>\n                <aside class=\"left\">\n                                            <div class=\"image\" style=\"background-image: url(https:\/\/fruehwald.hu\/wp-content\/uploads\/sites\/5\/2022\/11\/Zahl-08.png)\"><\/div>\n                                    <\/aside>\n                <div class=\"content\">\n                    <div class=\"inner\">\n                        <h2>Intrarea pe pia\u021ba croat\u0103, achizi\u021bionarea unei fabrici \u00een Dicmo,<\/h2>\n\t\t\t                                        <div class=\"excerpt\"><p>\u00cen apropiere de Split. La scurt timp dup\u0103 aceea (\u00een 2008), compania achizi\u021bioneaz\u0103 un teren \u00een zona Bucure\u0219ti (Rom\u00e2nia).<\/p>\n<\/div>\n\t\t\t                                <\/div>\n                <\/div>\n            <\/div>\n        <\/li>\n\t        <li>\n            <div>\n                <aside class=\"left\">\n                                            <div class=\"image\" style=\"background-image: url(https:\/\/fruehwald.hu\/wp-content\/uploads\/sites\/5\/2022\/11\/Zahl-09.png)\"><\/div>\n                                    <\/aside>\n                <div class=\"content\">\n                    <div class=\"inner\">\n                        <h2>Achizi\u021bionarea grupului Fr\u00fchwald<\/h2>\n\t\t\t                                        <div class=\"excerpt\"><p>\u00cenfiin\u021barea companiei Austrian Sales Ltd. . \u00cencepe o nou\u0103 poveste de succes.<\/p>\n<\/div>\n\t\t\t                                <\/div>\n                <\/div>\n            <\/div>\n        <\/li>\n\t        <li>\n            <div>\n                <aside class=\"left\">\n                                            <div class=\"image\" style=\"background-image: url(https:\/\/fruehwald.hu\/wp-content\/uploads\/sites\/5\/2022\/11\/Zahl-09.png)\"><\/div>\n                                    <\/aside>\n                <div class=\"content\">\n                    <div class=\"inner\">\n                        <h2>Achizi\u021bionarea unei noi linii de produc\u021bie<\/h2>\n\t\t\t                                        <div class=\"excerpt\"><p>la S\u00f3sk\u00fat (HU) \u0219i Dicmo (HR) pentru produc\u021bia de produse Fr\u00fchwald Premium.<\/p>\n<\/div>\n\t\t\t                                <\/div>\n                <\/div>\n            <\/div>\n        <\/li>\n\t        <li>\n            <div>\n                <aside class=\"left\">\n                                            <div class=\"image\" style=\"background-image: url(https:\/\/fruehwald.hu\/wp-content\/uploads\/sites\/5\/2022\/11\/Zahl-10.png)\"><\/div>\n                                    <\/aside>\n                <div class=\"content\">\n                    <div class=\"inner\">\n                        <h2>\u00cennobilarea suprafe\u021belor<\/h2>\n\t\t\t                                        <div class=\"excerpt\"><p>Introducerea pe pia\u021b\u0103 a unor noi produse bazate pe noi tehnologii de finisare a suprafe\u021belor. Dezvoltarea unui sistem de asigurare a calit\u0103\u021bii.<\/p>\n<\/div>\n\t\t\t                                <\/div>\n                <\/div>\n            <\/div>\n        <\/li>\n\t        <li>\n            <div>\n                <aside class=\"left\">\n                                            <div class=\"image\" style=\"background-image: url(https:\/\/fruehwald.hu\/wp-content\/uploads\/sites\/5\/2022\/11\/Zahl-11.png)\"><\/div>\n                                    <\/aside>\n                <div class=\"content\">\n                    <div class=\"inner\">\n                        <h2>90 de ani Fr\u00fchwald<\/h2>\n\t\t\t                                        <div class=\"excerpt\"><p>cea de-a 90-a aniversare a noastr\u0103 &#8211; o piatr\u0103 de hotar de care suntem foarte m\u00e2ndri.<\/p>\n<\/div>\n\t\t\t                                <\/div>\n                <\/div>\n            <\/div>\n        <\/li>\n\t        <li>\n            <div>\n                <aside class=\"left\">\n                                            <div class=\"no-image\"><\/div>\n                                    <\/aside>\n                <div class=\"content\">\n                    <div class=\"inner\">\n                        <h2>Obiective noi<\/h2>\n\t\t\t                                        <div class=\"excerpt\"><p>Obiectivul nostru este de a optimiza mai profund toate procesele \u0219i furnizarea de servicii.<\/p>\n<\/div>\n\t\t\t                                <\/div>\n                <\/div>\n            <\/div>\n        <\/li>\n\t<\/ul>\n<\/div>\n<\/div>\n<\/div>\n","protected":false},"excerpt":{"rendered":"","protected":false},"author":7,"featured_media":0,"parent":0,"menu_order":0,"comment_status":"closed","ping_status":"closed","template":"","meta":{"inline_featured_image":false},"yoast_head":"<!-- This site is optimized with the Yoast SEO plugin v18.8 - https:\/\/yoast.com\/wordpress\/plugins\/seo\/ -->\n<title>Povestea - Fr\u00fchwald HU<\/title>\n<meta name=\"robots\" content=\"index, follow, max-snippet:-1, max-image-preview:large, max-video-preview:-1\" \/>\n<link rel=\"canonical\" href=\"https:\/\/fruehwald.hu\/ro\/povestea\/\" \/>\n<meta property=\"og:locale\" content=\"ro_RO\" \/>\n<meta property=\"og:type\" content=\"article\" \/>\n<meta property=\"og:title\" content=\"Povestea - Fr\u00fchwald HU\" \/>\n<meta property=\"og:url\" content=\"https:\/\/fruehwald.hu\/ro\/povestea\/\" \/>\n<meta property=\"og:site_name\" content=\"Fr\u00fchwald HU\" \/>\n<meta property=\"article:modified_time\" content=\"2024-03-06T11:13:23+00:00\" \/>\n<meta name=\"twitter:card\" content=\"summary_large_image\" \/>\n<script type=\"application\/ld+json\" class=\"yoast-schema-graph\">{\"@context\":\"https:\/\/schema.org\",\"@graph\":[{\"@type\":\"WebSite\",\"@id\":\"https:\/\/fruehwald.hu\/#website\",\"url\":\"https:\/\/fruehwald.hu\/\",\"name\":\"Fr\u00fchwald HU\",\"description\":\"Fr\u00fchwald\",\"potentialAction\":[{\"@type\":\"SearchAction\",\"target\":{\"@type\":\"EntryPoint\",\"urlTemplate\":\"https:\/\/fruehwald.hu\/?s={search_term_string}\"},\"query-input\":\"required name=search_term_string\"}],\"inLanguage\":\"ro-RO\"},{\"@type\":\"WebPage\",\"@id\":\"https:\/\/fruehwald.hu\/ro\/povestea\/#webpage\",\"url\":\"https:\/\/fruehwald.hu\/ro\/povestea\/\",\"name\":\"Povestea - Fr\u00fchwald HU\",\"isPartOf\":{\"@id\":\"https:\/\/fruehwald.hu\/#website\"},\"datePublished\":\"2022-11-28T19:24:46+00:00\",\"dateModified\":\"2024-03-06T11:13:23+00:00\",\"breadcrumb\":{\"@id\":\"https:\/\/fruehwald.hu\/ro\/povestea\/#breadcrumb\"},\"inLanguage\":\"ro-RO\",\"potentialAction\":[{\"@type\":\"ReadAction\",\"target\":[\"https:\/\/fruehwald.hu\/ro\/povestea\/\"]}]},{\"@type\":\"BreadcrumbList\",\"@id\":\"https:\/\/fruehwald.hu\/ro\/povestea\/#breadcrumb\",\"itemListElement\":[{\"@type\":\"ListItem\",\"position\":1,\"name\":\"Povestea\"}]}]}<\/script>\n<!-- \/ Yoast SEO plugin. -->","yoast_head_json":{"title":"Povestea - Fr\u00fchwald HU","robots":{"index":"index","follow":"follow","max-snippet":"max-snippet:-1","max-image-preview":"max-image-preview:large","max-video-preview":"max-video-preview:-1"},"canonical":"https:\/\/fruehwald.hu\/ro\/povestea\/","og_locale":"ro_RO","og_type":"article","og_title":"Povestea - Fr\u00fchwald HU","og_url":"https:\/\/fruehwald.hu\/ro\/povestea\/","og_site_name":"Fr\u00fchwald HU","article_modified_time":"2024-03-06T11:13:23+00:00","twitter_card":"summary_large_image","schema":{"@context":"https:\/\/schema.org","@graph":[{"@type":"WebSite","@id":"https:\/\/fruehwald.hu\/#website","url":"https:\/\/fruehwald.hu\/","name":"Fr\u00fchwald HU","description":"Fr\u00fchwald","potentialAction":[{"@type":"SearchAction","target":{"@type":"EntryPoint","urlTemplate":"https:\/\/fruehwald.hu\/?s={search_term_string}"},"query-input":"required name=search_term_string"}],"inLanguage":"ro-RO"},{"@type":"WebPage","@id":"https:\/\/fruehwald.hu\/ro\/povestea\/#webpage","url":"https:\/\/fruehwald.hu\/ro\/povestea\/","name":"Povestea - Fr\u00fchwald HU","isPartOf":{"@id":"https:\/\/fruehwald.hu\/#website"},"datePublished":"2022-11-28T19:24:46+00:00","dateModified":"2024-03-06T11:13:23+00:00","breadcrumb":{"@id":"https:\/\/fruehwald.hu\/ro\/povestea\/#breadcrumb"},"inLanguage":"ro-RO","potentialAction":[{"@type":"ReadAction","target":["https:\/\/fruehwald.hu\/ro\/povestea\/"]}]},{"@type":"BreadcrumbList","@id":"https:\/\/fruehwald.hu\/ro\/povestea\/#breadcrumb","itemListElement":[{"@type":"ListItem","position":1,"name":"Povestea"}]}]}},"acf":[],"_links":{"self":[{"href":"https:\/\/fruehwald.hu\/ro\/wp-json\/wp\/v2\/pages\/6559"}],"collection":[{"href":"https:\/\/fruehwald.hu\/ro\/wp-json\/wp\/v2\/pages"}],"about":[{"href":"https:\/\/fruehwald.hu\/ro\/wp-json\/wp\/v2\/types\/page"}],"author":[{"embeddable":true,"href":"https:\/\/fruehwald.hu\/ro\/wp-json\/wp\/v2\/users\/7"}],"replies":[{"embeddable":true,"href":"https:\/\/fruehwald.hu\/ro\/wp-json\/wp\/v2\/comments?post=6559"}],"version-history":[{"count":43,"href":"https:\/\/fruehwald.hu\/ro\/wp-json\/wp\/v2\/pages\/6559\/revisions"}],"predecessor-version":[{"id":6607,"href":"https:\/\/fruehwald.hu\/ro\/wp-json\/wp\/v2\/pages\/6559\/revisions\/6607"}],"wp:attachment":[{"href":"https:\/\/fruehwald.hu\/ro\/wp-json\/wp\/v2\/media?parent=6559"}],"curies":[{"name":"wp","href":"https:\/\/api.w.org\/{rel}","templated":true}]}}